{"id":5932,"date":"2025-04-14T14:27:03","date_gmt":"2025-04-14T12:27:03","guid":{"rendered":"https:\/\/www.impera.cat\/obra-nova\/"},"modified":"2023-07-18T17:01:54","modified_gmt":"2023-07-18T15:01:54","slug":"%d0%bd%d0%be%d0%b2%d0%b0%d1%8f-%d1%80%d0%b0%d0%b1%d0%be%d1%82%d0%b0","status":"publish","type":"page","link":"https:\/\/impera.cat\/ru\/%d0%bd%d0%be%d0%b2%d0%b0%d1%8f-%d1%80%d0%b0%d0%b1%d0%be%d1%82%d0%b0\/","title":{"rendered":"\u043d\u043e\u0432\u0430\u044f \u0440\u0430\u0431\u043e\u0442\u0430"},"content":{"rendered":"\t\t<div data-elementor-type=\"wp-page\" data-elementor-id=\"5932\" class=\"elementor elementor-5932 elementor-3862\">\n\t\t\t\t\t\t<section class=\" elementor-section elementor-top-section elementor-element elementor-element-92bfba0 elementor-section-boxed elementor-section-height-default elementor-section-height-default\" data-id=\"92bfba0\" data-element_type=\"section\" data-e-type=\"section\">\r\n\t\t\t\t\t\t\t\t<div class=\"elementor-container elementor-column-gap-default\">\r\n\t\t\t\t\r\n\t\t\t\t\t\t\t\t<div class=\" elementor-column elementor-col-33 elementor-top-column elementor-element elementor-element-e29953e \" data-id=\"e29953e\" data-element_type=\"column\" data-e-type=\"column\">\r\n\r\n\t\t\t\t\r\n\t\t\t\t<div class=\"elementor-widget-wrap elementor-element-populated\">\r\n\t\t\t\t\t\t\t\t\t\t\r\n\t\t\t\t\t\t<div class=\"elementor-element elementor-element-d9a8475 animated-slow elementor-invisible elementor-widget elementor-widget-udesign_widget_menu\" data-id=\"d9a8475\" data-element_type=\"widget\" data-e-type=\"widget\" data-settings=\"{&quot;_animation&quot;:&quot;fadeIn&quot;}\" data-widget_type=\"udesign_widget_menu.default\">\n\t\t\t\t<div class=\"elementor-widget-container\">\n\t\t\t\t\t<nav class=\" obra-nova-menu\"><ul id=\"menu-obra-nova-menu-russian\" class=\"menu  vertical-menu lazy-menu menu-active-underline\"><li id=\"menu-item-6423\" class=\"menu-item menu-item-type-post_type menu-item-object-page menu-item-6423\"><a rel=\"nofollow\" href=\"https:\/\/impera.cat\/ru\/%d0%bd%d0%be%d0%b2%d0%b0%d1%8f-%d1%80%d0%b0%d0%b1%d0%be%d1%82%d0%b0\/formacio-de-pendents-amb-formigo-cellular\/\">\u0424\u043e\u0440\u043c\u0438\u0440\u043e\u0432\u0430\u043d\u0438\u0435 \u043e\u0442\u043a\u043e\u0441\u043e\u0432 \u044f\u0447\u0435\u0438\u0441\u0442\u044b\u043c \u0431\u0435\u0442\u043e\u043d\u043e\u043c<\/a><\/li>\n<li id=\"menu-item-6424\" class=\"menu-item menu-item-type-post_type menu-item-object-page menu-item-6424\"><a rel=\"nofollow\" href=\"https:\/\/impera.cat\/ru\/%d0%bd%d0%be%d0%b2%d0%b0%d1%8f-%d1%80%d0%b0%d0%b1%d0%be%d1%82%d0%b0\/%d0%b3%d0%b8%d0%b4%d1%80%d0%be%d0%b8%d0%b7%d0%be%d0%bb%d1%8f%d1%86%d0%b8%d1%8f-%d0%bb%d0%b8%d1%81%d1%82%d0%be%d0%b2%d0%be%d0%b3%d0%be-%d0%b0%d1%81%d1%84%d0%b0%d0%bb%d1%8c%d1%82%d0%b0\/\">\u0413\u0438\u0434\u0440\u043e\u0438\u0437\u043e\u043b\u044f\u0446\u0438\u044f \u043b\u0438\u0441\u0442\u043e\u0432\u043e\u0433\u043e \u0430\u0441\u0444\u0430\u043b\u044c\u0442\u0430<\/a><\/li>\n<li id=\"menu-item-6425\" class=\"menu-item menu-item-type-post_type menu-item-object-page menu-item-6425\"><a rel=\"nofollow\" href=\"https:\/\/impera.cat\/ru\/%d0%bd%d0%be%d0%b2%d0%b0%d1%8f-%d1%80%d0%b0%d0%b1%d0%be%d1%82%d0%b0\/%d1%81%d0%b8%d0%bd%d1%82%d0%b5%d1%82%d0%b8%d1%87%d0%b5%d1%81%d0%ba%d0%b0%d1%8f-%d0%bb%d0%b8%d1%81%d1%82%d0%be%d0%b2%d0%b0%d1%8f-%d0%b3%d0%b8%d0%b4%d1%80%d0%be%d0%b8%d0%b7%d0%be%d0%bb%d1%8f%d1%86%d0%b8\/\">\u0421\u0438\u043d\u0442\u0435\u0442\u0438\u0447\u0435\u0441\u043a\u0430\u044f \u043b\u0438\u0441\u0442\u043e\u0432\u0430\u044f \u0433\u0438\u0434\u0440\u043e\u0438\u0437\u043e\u043b\u044f\u0446\u0438\u044f<\/a><\/li>\n<li id=\"menu-item-6431\" class=\"menu-item menu-item-type-post_type menu-item-object-page menu-item-6431\"><a rel=\"nofollow\" href=\"https:\/\/impera.cat\/ru\/%d0%bd%d0%be%d0%b2%d0%b0%d1%8f-%d1%80%d0%b0%d0%b1%d0%be%d1%82%d0%b0\/%d1%81%d0%bf%d0%bb%d0%be%d1%88%d0%bd%d0%b0%d1%8f-%d0%b3%d0%b8%d0%b4%d1%80%d0%be%d0%b8%d0%b7%d0%be%d0%bb%d1%8f%d1%86%d0%b8%d1%8f\/\">\u0421\u043f\u043b\u043e\u0448\u043d\u0430\u044f \u0433\u0438\u0434\u0440\u043e\u0438\u0437\u043e\u043b\u044f\u0446\u0438\u044f<\/a><\/li>\n<li id=\"menu-item-6432\" class=\"menu-item menu-item-type-post_type menu-item-object-page menu-item-6432\"><a rel=\"nofollow\" href=\"https:\/\/impera.cat\/ru\/%d0%bd%d0%be%d0%b2%d0%b0%d1%8f-%d1%80%d0%b0%d0%b1%d0%be%d1%82%d0%b0\/%d0%b3%d0%b5%d0%be%d1%82%d0%b5%d0%ba%d1%81%d1%82%d0%b8%d0%bb%d1%8c-%d0%b8-%d1%80%d0%b0%d0%b7%d0%b4%d0%b5%d0%bb%d0%b8%d1%82%d0%b5%d0%bb%d1%8c%d0%bd%d1%8b%d0%b5-%d1%81%d0%bb%d0%be%d0%b8\/\">\u0413\u0435\u043e\u0442\u0435\u043a\u0441\u0442\u0438\u043b\u044c \u0438 \u0440\u0430\u0437\u0434\u0435\u043b\u0438\u0442\u0435\u043b\u044c\u043d\u044b\u0435 \u0441\u043b\u043e\u0438<\/a><\/li>\n<li id=\"menu-item-6433\" class=\"menu-item menu-item-type-post_type menu-item-object-page menu-item-6433\"><a rel=\"nofollow\" href=\"https:\/\/impera.cat\/ru\/%d0%bd%d0%be%d0%b2%d0%b0%d1%8f-%d1%80%d0%b0%d0%b1%d0%be%d1%82%d0%b0\/%d0%be%d1%82%d0%b4%d0%b5%d0%bb%d0%ba%d0%b0-%d0%ba%d1%80%d1%8b%d1%88%d0%b8-%d0%b3%d1%80%d0%b0%d0%b2%d0%b8%d1%80%d0%be%d0%b2%d0%ba%d0%b0-%d1%87%d0%b5%d1%80%d0%b5%d0%bf%d0%b8%d1%86%d0%b0-%d0%bb%d0%b0\/\">\u041e\u0442\u0434\u0435\u043b\u043a\u0430 \u043a\u0440\u044b\u0448\u0438 (\u0433\u0440\u0430\u0432\u0438\u0440\u043e\u0432\u043a\u0430, \u0447\u0435\u0440\u0435\u043f\u0438\u0446\u0430, \u043b\u0430\u043d\u0434\u0448\u0430\u0444\u0442\u043d\u044b\u0439 \u0434\u0438\u0437\u0430\u0439\u043d)<\/a><\/li>\n<li id=\"menu-item-6434\" class=\"menu-item menu-item-type-post_type menu-item-object-page menu-item-6434\"><a rel=\"nofollow\" href=\"https:\/\/impera.cat\/ru\/%d0%bd%d0%be%d0%b2%d0%b0%d1%8f-%d1%80%d0%b0%d0%b1%d0%be%d1%82%d0%b0\/%d1%82%d0%b5%d0%bf%d0%bb%d0%be%d0%b8%d0%b7%d0%be%d0%bb%d1%8f%d1%86%d0%b8%d1%8f\/\">\u0422\u0435\u043f\u043b\u043e\u0438\u0437\u043e\u043b\u044f\u0446\u0438\u044f<\/a><\/li>\n<li id=\"menu-item-6435\" class=\"menu-item menu-item-type-post_type menu-item-object-page menu-item-6435\"><a rel=\"nofollow\" href=\"https:\/\/impera.cat\/ru\/%d0%bd%d0%be%d0%b2%d0%b0%d1%8f-%d1%80%d0%b0%d0%b1%d0%be%d1%82%d0%b0\/%d0%b8%d1%81%d0%bf%d1%8b%d1%82%d0%b0%d0%bd%d0%b8%d1%8f-%d0%bd%d0%b0-%d0%b3%d0%b5%d1%80%d0%bc%d0%b5%d1%82%d0%b8%d1%87%d0%bd%d0%be%d1%81%d1%82%d1%8c\/\">\u0418\u0441\u043f\u044b\u0442\u0430\u043d\u0438\u044f \u043d\u0430 \u0433\u0435\u0440\u043c\u0435\u0442\u0438\u0447\u043d\u043e\u0441\u0442\u044c<\/a><\/li>\n<\/ul><\/nav>\t\t\t\t<\/div>\n\t\t\t\t<\/div>\n\t\t\t\t\t\t<\/div>\r\n\t\t\t\t<\/div>\r\n\t\t\t\t\t\t\t\t\t<div class=\" elementor-column elementor-col-66 elementor-top-column elementor-element elementor-element-d6fad7d \" data-id=\"d6fad7d\" data-element_type=\"column\" data-e-type=\"column\">\r\n\r\n\t\t\t\t\r\n\t\t\t\t<div class=\"elementor-widget-wrap elementor-element-populated\">\r\n\t\t\t\t\t\t\t\t\t\t\r\n\t\t\t\t\t\t<div class=\"elementor-element elementor-element-5c1f00a elementor-widget elementor-widget-heading\" data-id=\"5c1f00a\" data-element_type=\"widget\" data-e-type=\"widget\" data-widget_type=\"heading.default\">\n\t\t\t\t<div class=\"elementor-widget-container\">\n\t\t\t\t\t<h2 class=\"elementor-heading-title elementor-size-default\">\u043d\u043e\u0432\u0430\u044f \u0440\u0430\u0431\u043e\u0442\u0430<\/h2>\t\t\t\t<\/div>\n\t\t\t\t<\/div>\n\t\t\t\t<div class=\"elementor-element elementor-element-2b37bd4 elementor-widget elementor-widget-text-editor\" data-id=\"2b37bd4\" data-element_type=\"widget\" data-e-type=\"widget\" data-widget_type=\"text-editor.default\">\n\t\t\t\t<div class=\"elementor-widget-container\">\n\t\t\t\t\t\t\t\t\t<p style=\"text-align: justify;\">\u0411\u043e\u043b\u044c\u0448\u0438\u043d\u0441\u0442\u0432\u043e \u043a\u0440\u0443\u043f\u043d\u044b\u0445 \u0438\u0441\u043f\u0430\u043d\u0441\u043a\u0438\u0445 \u0441\u0442\u0440\u043e\u0438\u0442\u0435\u043b\u044c\u043d\u044b\u0445 \u043a\u043e\u043c\u043f\u0430\u043d\u0438\u0439 \u0432 \u043a\u0430\u043a\u043e\u0439-\u0442\u043e \u043c\u043e\u043c\u0435\u043d\u0442 \u0432 \u0442\u0435\u0447\u0435\u043d\u0438\u0435 \u043c\u043d\u043e\u0433\u0438\u0445 \u043b\u0435\u0442 \u0434\u043e\u0432\u0435\u0440\u0438\u043b\u0438 IMPERA Impermeabilizaciones \u043a\u0440\u043e\u0432\u043b\u044e \u0438\u043b\u0438 \u0433\u0438\u0434\u0440\u043e\u0438\u0437\u043e\u043b\u044f\u0446\u0438\u044e \u043c\u043d\u043e\u0433\u0438\u0445 \u0441\u0432\u043e\u0438\u0445 \u043a\u0440\u0443\u043f\u043d\u044b\u0445 \u0440\u0430\u0431\u043e\u0442.<\/p>\n<p style=\"text-align: justify;\">\u0412 \u0442\u0435\u0447\u0435\u043d\u0438\u0435 \u0434\u043e\u043b\u0433\u043e\u0433\u043e \u0432\u0440\u0435\u043c\u0435\u043d\u0438, \u0432\u044b\u043f\u043e\u043b\u043d\u044f\u044f \u0432\u0441\u0435 \u0432\u0438\u0434\u044b \u0432\u043c\u0435\u0448\u0430\u0442\u0435\u043b\u044c\u0441\u0442\u0432 \u0432 \u044d\u0442\u0438 \u043f\u0440\u043e\u0435\u043a\u0442\u044b, \u043d\u0430\u0448\u0430 \u043a\u043e\u043c\u043f\u0430\u043d\u0438\u044f \u043f\u043e\u0437\u0438\u0446\u0438\u043e\u043d\u0438\u0440\u0443\u0435\u0442 \u0441\u0435\u0431\u044f \u043a\u0430\u043a \u0432\u0435\u0434\u0443\u0449\u0430\u044f \u043a\u043e\u043c\u043f\u0430\u043d\u0438\u044f \u0432 \u044d\u0442\u043e\u043c \u0441\u0435\u043a\u0442\u043e\u0440\u0435 \u0431\u043b\u0430\u0433\u043e\u0434\u0430\u0440\u044f \u0441\u0432\u043e\u0435\u043c\u0443 \u043e\u043f\u044b\u0442\u0443, \u043a\u0430\u0447\u0435\u0441\u0442\u0432\u0443 \u0438 \u043f\u0440\u043e\u0444\u0435\u0441\u0441\u0438\u043e\u043d\u0430\u043b\u0438\u0437\u043c\u0443.<\/p>\n<p style=\"text-align: justify;\">\u041f\u043e\u044d\u0442\u043e\u043c\u0443, \u0438 \u0432 \u0441\u043b\u0443\u0447\u0430\u0435 \u043d\u0435\u043e\u0431\u0445\u043e\u0434\u0438\u043c\u043e\u0441\u0442\u0438, \u043c\u044b \u0432 \u0432\u0430\u0448\u0435\u043c \u0440\u0430\u0441\u043f\u043e\u0440\u044f\u0436\u0435\u043d\u0438\u0438, \u0447\u0442\u043e\u0431\u044b \u043e\u0446\u0435\u043d\u0438\u0442\u044c \u0432\u0430\u0448\u0438 \u0433\u0438\u0434\u0440\u043e\u0438\u0437\u043e\u043b\u044f\u0446\u0438\u043e\u043d\u043d\u044b\u0435 \u044d\u043b\u0435\u043c\u0435\u043d\u0442\u044b \u0432 \u043b\u044e\u0431\u043e\u043c \u0440\u0430\u0431\u043e\u0447\u0435\u043c \u043f\u0440\u043e\u0435\u043a\u0442\u0435, \u043a\u043e\u0442\u043e\u0440\u044b\u0439 \u0432\u044b \u0432\u044b\u043f\u043e\u043b\u043d\u044f\u0435\u0442\u0435. \u041f\u0440\u0435\u0434\u043b\u043e\u0436\u0438\u0442\u044c \u0430\u043b\u044c\u0442\u0435\u0440\u043d\u0430\u0442\u0438\u0432\u043d\u044b\u0435 \u0432\u0430\u0440\u0438\u0430\u043d\u0442\u044b \u043f\u043e \u0441\u0440\u0430\u0432\u043d\u0435\u043d\u0438\u044e \u0441 \u043f\u0440\u043e\u0435\u043a\u0442\u043e\u043c, \u0447\u0442\u043e\u0431\u044b, \u0435\u0441\u043b\u0438 \u0432\u043e\u0437\u043c\u043e\u0436\u043d\u043e, \u0443\u043b\u0443\u0447\u0448\u0438\u0442\u044c \u043e\u043a\u043e\u043d\u0447\u0430\u0442\u0435\u043b\u044c\u043d\u044b\u0435 \u0441\u0438\u0441\u0442\u0435\u043c\u044b, \u0430\u0434\u0430\u043f\u0442\u0438\u0440\u043e\u0432\u0430\u0442\u044c \u0438\u0445 \u043a \u0445\u043e\u0440\u043e\u0448\u0435\u043c\u0443 \u0438\u0441\u043f\u043e\u043b\u043d\u0435\u043d\u0438\u044e \u043d\u0430 \u043c\u0435\u0441\u0442\u0435 \u0438 \u0443\u043b\u0443\u0447\u0448\u0438\u0442\u044c, \u0435\u0441\u043b\u0438 \u0432\u043e\u0437\u043c\u043e\u0436\u043d\u043e, \u0441\u043e\u043e\u0442\u043d\u043e\u0448\u0435\u043d\u0438\u0435 \u0446\u0435\u043d\u044b \u0438 \u043a\u0430\u0447\u0435\u0441\u0442\u0432\u0430.<\/p>\n<p style=\"text-align: justify;\">\u0412 IMPERA Impermeabilizaciones \u043c\u044b \u0437\u043d\u0430\u0435\u043c \u0432\u0441\u0435 \u0441\u0438\u0441\u0442\u0435\u043c\u044b \u0438 \u0440\u0435\u0448\u0435\u043d\u0438\u044f, \u043a\u043e\u0442\u043e\u0440\u044b\u0435 \u043f\u0440\u0435\u0434\u043b\u0430\u0433\u0430\u0435\u0442 \u0440\u044b\u043d\u043e\u043a, \u0438 \u043f\u043e\u044d\u0442\u043e\u043c\u0443 \u043c\u044b \u043c\u043e\u0436\u0435\u043c \u043f\u0440\u0435\u0434\u043e\u0441\u0442\u0430\u0432\u0438\u0442\u044c \u043d\u0430\u0438\u0431\u043e\u043b\u0435\u0435 \u043f\u043e\u0434\u0445\u043e\u0434\u044f\u0449\u0435\u0435 \u043f\u0440\u0435\u0434\u043b\u043e\u0436\u0435\u043d\u0438\u0435 \u0432 \u043b\u044e\u0431\u043e\u0439 \u043c\u043e\u043c\u0435\u043d\u0442.<\/p>\t\t\t\t\t\t\t\t<\/div>\n\t\t\t\t<\/div>\n\t\t\t\t\t\t<\/div>\r\n\t\t\t\t<\/div>\r\n\t\t\t\t\t\t\t\t<\/div>\r\n\t\t\t<\/section>\r\n\t\t\t\t\t<\/div>\n\t\t","protected":false},"excerpt":{"rendered":"<p>Formaci\u00f3 de pendents amb formig\u00f3 cel\u2022lular Impermeabilitzacions amb l\u00e0mina asf\u00e0ltica Impermeabilitzacions amb l\u00e0mina sint\u00e8tica Impermeabilitzacions continues Geot\u00e8xtils i capes separadores Acabats de coberta (graves, rajola, enjardinada) A\u00efllaments t\u00e8rmics Proves d\u2019estanque\u00eftat \u043d\u043e\u0432\u0430\u044f \u0440\u0430\u0431\u043e\u0442\u0430 \u0411\u043e\u043b\u044c\u0448\u0438\u043d\u0441\u0442\u0432\u043e \u043a\u0440\u0443\u043f\u043d\u044b\u0445 \u0438\u0441\u043f\u0430\u043d\u0441\u043a\u0438\u0445 \u0441\u0442\u0440\u043e\u0438\u0442\u0435\u043b\u044c\u043d\u044b\u0445 \u043a\u043e\u043c\u043f\u0430\u043d\u0438\u0439 \u0432 \u043a\u0430\u043a\u043e\u0439-\u0442\u043e \u043c\u043e\u043c\u0435\u043d\u0442 \u0432 \u0442\u0435\u0447\u0435\u043d\u0438\u0435 \u043c\u043d\u043e\u0433\u0438\u0445 \u043b\u0435\u0442 \u0434\u043e\u0432\u0435\u0440\u0438\u043b\u0438 IMPERA Impermeabilizaciones \u043a\u0440\u043e\u0432\u043b\u044e \u0438\u043b\u0438 \u0433\u0438\u0434\u0440\u043e\u0438\u0437\u043e\u043b\u044f\u0446\u0438\u044e \u043c\u043d\u043e\u0433\u0438\u0445 \u0441\u0432\u043e\u0438\u0445 \u043a\u0440\u0443\u043f\u043d\u044b\u0445 \u0440\u0430\u0431\u043e\u0442. \u0412 [&hellip;]<\/p>\n","protected":false},"author":1,"featured_media":0,"parent":0,"menu_order":0,"comment_status":"closed","ping_status":"closed","template":"","meta":{"_acf_changed":false,"footnotes":""},"class_list":["post-5932","page","type-page","status-publish","hentry"],"acf":[],"yoast_head":"<!-- This site is optimized with the Yoast SEO plugin v27.3 - https:\/\/yoast.com\/product\/yoast-seo-wordpress\/ -->\n<title>\u043d\u043e\u0432\u0430\u044f \u0440\u0430\u0431\u043e\u0442\u0430 - IMPERA - Impermeabilitzacions i a\u00efllaments d&#039;obra nova, Rehabilitacions<\/title>\n<meta name=\"robots\" content=\"index, follow, max-snippet:-1, max-image-preview:large, max-video-preview:-1\" \/>\n<link rel=\"canonical\" href=\"https:\/\/impera.cat\/ru\/%d0%bd%d0%be%d0%b2%d0%b0%d1%8f-%d1%80%d0%b0%d0%b1%d0%be%d1%82%d0%b0\/\" \/>\n<meta property=\"og:locale\" content=\"ru_RU\" \/>\n<meta property=\"og:type\" content=\"article\" \/>\n<meta property=\"og:title\" content=\"\u043d\u043e\u0432\u0430\u044f \u0440\u0430\u0431\u043e\u0442\u0430 - IMPERA - Impermeabilitzacions i a\u00efllaments d&#039;obra nova, Rehabilitacions\" \/>\n<meta property=\"og:description\" content=\"Formaci\u00f3 de pendents amb formig\u00f3 cel\u2022lular Impermeabilitzacions amb l\u00e0mina asf\u00e0ltica Impermeabilitzacions amb l\u00e0mina sint\u00e8tica Impermeabilitzacions continues Geot\u00e8xtils i capes separadores Acabats de coberta (graves, rajola, enjardinada) A\u00efllaments t\u00e8rmics Proves d\u2019estanque\u00eftat \u043d\u043e\u0432\u0430\u044f \u0440\u0430\u0431\u043e\u0442\u0430 \u0411\u043e\u043b\u044c\u0448\u0438\u043d\u0441\u0442\u0432\u043e \u043a\u0440\u0443\u043f\u043d\u044b\u0445 \u0438\u0441\u043f\u0430\u043d\u0441\u043a\u0438\u0445 \u0441\u0442\u0440\u043e\u0438\u0442\u0435\u043b\u044c\u043d\u044b\u0445 \u043a\u043e\u043c\u043f\u0430\u043d\u0438\u0439 \u0432 \u043a\u0430\u043a\u043e\u0439-\u0442\u043e \u043c\u043e\u043c\u0435\u043d\u0442 \u0432 \u0442\u0435\u0447\u0435\u043d\u0438\u0435 \u043c\u043d\u043e\u0433\u0438\u0445 \u043b\u0435\u0442 \u0434\u043e\u0432\u0435\u0440\u0438\u043b\u0438 IMPERA Impermeabilizaciones \u043a\u0440\u043e\u0432\u043b\u044e \u0438\u043b\u0438 \u0433\u0438\u0434\u0440\u043e\u0438\u0437\u043e\u043b\u044f\u0446\u0438\u044e \u043c\u043d\u043e\u0433\u0438\u0445 \u0441\u0432\u043e\u0438\u0445 \u043a\u0440\u0443\u043f\u043d\u044b\u0445 \u0440\u0430\u0431\u043e\u0442. \u0412 [&hellip;]\" \/>\n<meta property=\"og:url\" content=\"https:\/\/impera.cat\/ru\/%d0%bd%d0%be%d0%b2%d0%b0%d1%8f-%d1%80%d0%b0%d0%b1%d0%be%d1%82%d0%b0\/\" \/>\n<meta property=\"og:site_name\" content=\"IMPERA - Impermeabilitzacions i a\u00efllaments d&#039;obra nova, Rehabilitacions\" \/>\n<meta property=\"article:publisher\" content=\"https:\/\/www.facebook.com\/profile.php?id=100063922969722\" \/>\n<meta name=\"twitter:card\" content=\"summary_large_image\" \/>\n<meta name=\"twitter:site\" content=\"@impera_cat\" \/>\n<script type=\"application\/ld+json\" class=\"yoast-schema-graph\">{\"@context\":\"https:\\\/\\\/schema.org\",\"@graph\":[{\"@type\":\"WebPage\",\"@id\":\"https:\\\/\\\/impera.cat\\\/ru\\\/%d0%bd%d0%be%d0%b2%d0%b0%d1%8f-%d1%80%d0%b0%d0%b1%d0%be%d1%82%d0%b0\\\/\",\"url\":\"https:\\\/\\\/impera.cat\\\/ru\\\/%d0%bd%d0%be%d0%b2%d0%b0%d1%8f-%d1%80%d0%b0%d0%b1%d0%be%d1%82%d0%b0\\\/\",\"name\":\"\u043d\u043e\u0432\u0430\u044f \u0440\u0430\u0431\u043e\u0442\u0430 - IMPERA - Impermeabilitzacions i a\u00efllaments d&#039;obra nova, Rehabilitacions\",\"isPartOf\":{\"@id\":\"https:\\\/\\\/impera.cat\\\/ru\\\/#website\"},\"datePublished\":\"2025-04-14T12:27:03+00:00\",\"breadcrumb\":{\"@id\":\"https:\\\/\\\/impera.cat\\\/ru\\\/%d0%bd%d0%be%d0%b2%d0%b0%d1%8f-%d1%80%d0%b0%d0%b1%d0%be%d1%82%d0%b0\\\/#breadcrumb\"},\"inLanguage\":\"ru-RU\",\"potentialAction\":[{\"@type\":\"ReadAction\",\"target\":[\"https:\\\/\\\/impera.cat\\\/ru\\\/%d0%bd%d0%be%d0%b2%d0%b0%d1%8f-%d1%80%d0%b0%d0%b1%d0%be%d1%82%d0%b0\\\/\"]}]},{\"@type\":\"BreadcrumbList\",\"@id\":\"https:\\\/\\\/impera.cat\\\/ru\\\/%d0%bd%d0%be%d0%b2%d0%b0%d1%8f-%d1%80%d0%b0%d0%b1%d0%be%d1%82%d0%b0\\\/#breadcrumb\",\"itemListElement\":[{\"@type\":\"ListItem\",\"position\":1,\"name\":\"Inici\",\"item\":\"https:\\\/\\\/impera.cat\\\/ru\\\/\"},{\"@type\":\"ListItem\",\"position\":2,\"name\":\"\u043d\u043e\u0432\u0430\u044f \u0440\u0430\u0431\u043e\u0442\u0430\"}]},{\"@type\":\"WebSite\",\"@id\":\"https:\\\/\\\/impera.cat\\\/ru\\\/#website\",\"url\":\"https:\\\/\\\/impera.cat\\\/ru\\\/\",\"name\":\"IMPERA - Impermeabilitzacions i a\u00efllaments d'obra nova, Rehabilitacions\",\"description\":\"Impermeabilitzacions i a\u00efllaments d&#039;obra nova, Rehabilitacions\",\"publisher\":{\"@id\":\"https:\\\/\\\/impera.cat\\\/ru\\\/#organization\"},\"potentialAction\":[{\"@type\":\"SearchAction\",\"target\":{\"@type\":\"EntryPoint\",\"urlTemplate\":\"https:\\\/\\\/impera.cat\\\/ru\\\/?s={search_term_string}\"},\"query-input\":{\"@type\":\"PropertyValueSpecification\",\"valueRequired\":true,\"valueName\":\"search_term_string\"}}],\"inLanguage\":\"ru-RU\"},{\"@type\":\"Organization\",\"@id\":\"https:\\\/\\\/impera.cat\\\/ru\\\/#organization\",\"name\":\"IMPERA - Impermeabilitzacions i a\u00efllaments d'obra nova, Rehabilitacions\",\"url\":\"https:\\\/\\\/impera.cat\\\/ru\\\/\",\"logo\":{\"@type\":\"ImageObject\",\"inLanguage\":\"ru-RU\",\"@id\":\"https:\\\/\\\/impera.cat\\\/ru\\\/#\\\/schema\\\/logo\\\/image\\\/\",\"url\":\"https:\\\/\\\/impera.cat\\\/wp-content\\\/uploads\\\/2021\\\/10\\\/cropped-IMPERA-LOGO1-260x108-1.png\",\"contentUrl\":\"https:\\\/\\\/impera.cat\\\/wp-content\\\/uploads\\\/2021\\\/10\\\/cropped-IMPERA-LOGO1-260x108-1.png\",\"width\":260,\"height\":108,\"caption\":\"IMPERA - Impermeabilitzacions i a\u00efllaments d'obra nova, Rehabilitacions\"},\"image\":{\"@id\":\"https:\\\/\\\/impera.cat\\\/ru\\\/#\\\/schema\\\/logo\\\/image\\\/\"},\"sameAs\":[\"https:\\\/\\\/www.facebook.com\\\/profile.php?id=100063922969722\",\"https:\\\/\\\/x.com\\\/impera_cat\",\"https:\\\/\\\/www.instagram.com\\\/impera.cat\\\/\",\"https:\\\/\\\/www.linkedin.com\\\/company\\\/impera-cat\\\/\"]}]}<\/script>\n<!-- \/ Yoast SEO plugin. -->","yoast_head_json":{"title":"\u043d\u043e\u0432\u0430\u044f \u0440\u0430\u0431\u043e\u0442\u0430 - IMPERA - Impermeabilitzacions i a\u00efllaments d&#039;obra nova, Rehabilitacions","robots":{"index":"index","follow":"follow","max-snippet":"max-snippet:-1","max-image-preview":"max-image-preview:large","max-video-preview":"max-video-preview:-1"},"canonical":"https:\/\/impera.cat\/ru\/%d0%bd%d0%be%d0%b2%d0%b0%d1%8f-%d1%80%d0%b0%d0%b1%d0%be%d1%82%d0%b0\/","og_locale":"ru_RU","og_type":"article","og_title":"\u043d\u043e\u0432\u0430\u044f \u0440\u0430\u0431\u043e\u0442\u0430 - IMPERA - Impermeabilitzacions i a\u00efllaments d&#039;obra nova, Rehabilitacions","og_description":"Formaci\u00f3 de pendents amb formig\u00f3 cel\u2022lular Impermeabilitzacions amb l\u00e0mina asf\u00e0ltica Impermeabilitzacions amb l\u00e0mina sint\u00e8tica Impermeabilitzacions continues Geot\u00e8xtils i capes separadores Acabats de coberta (graves, rajola, enjardinada) A\u00efllaments t\u00e8rmics Proves d\u2019estanque\u00eftat \u043d\u043e\u0432\u0430\u044f \u0440\u0430\u0431\u043e\u0442\u0430 \u0411\u043e\u043b\u044c\u0448\u0438\u043d\u0441\u0442\u0432\u043e \u043a\u0440\u0443\u043f\u043d\u044b\u0445 \u0438\u0441\u043f\u0430\u043d\u0441\u043a\u0438\u0445 \u0441\u0442\u0440\u043e\u0438\u0442\u0435\u043b\u044c\u043d\u044b\u0445 \u043a\u043e\u043c\u043f\u0430\u043d\u0438\u0439 \u0432 \u043a\u0430\u043a\u043e\u0439-\u0442\u043e \u043c\u043e\u043c\u0435\u043d\u0442 \u0432 \u0442\u0435\u0447\u0435\u043d\u0438\u0435 \u043c\u043d\u043e\u0433\u0438\u0445 \u043b\u0435\u0442 \u0434\u043e\u0432\u0435\u0440\u0438\u043b\u0438 IMPERA Impermeabilizaciones \u043a\u0440\u043e\u0432\u043b\u044e \u0438\u043b\u0438 \u0433\u0438\u0434\u0440\u043e\u0438\u0437\u043e\u043b\u044f\u0446\u0438\u044e \u043c\u043d\u043e\u0433\u0438\u0445 \u0441\u0432\u043e\u0438\u0445 \u043a\u0440\u0443\u043f\u043d\u044b\u0445 \u0440\u0430\u0431\u043e\u0442. \u0412 [&hellip;]","og_url":"https:\/\/impera.cat\/ru\/%d0%bd%d0%be%d0%b2%d0%b0%d1%8f-%d1%80%d0%b0%d0%b1%d0%be%d1%82%d0%b0\/","og_site_name":"IMPERA - Impermeabilitzacions i a\u00efllaments d&#039;obra nova, Rehabilitacions","article_publisher":"https:\/\/www.facebook.com\/profile.php?id=100063922969722","twitter_card":"summary_large_image","twitter_site":"@impera_cat","schema":{"@context":"https:\/\/schema.org","@graph":[{"@type":"WebPage","@id":"https:\/\/impera.cat\/ru\/%d0%bd%d0%be%d0%b2%d0%b0%d1%8f-%d1%80%d0%b0%d0%b1%d0%be%d1%82%d0%b0\/","url":"https:\/\/impera.cat\/ru\/%d0%bd%d0%be%d0%b2%d0%b0%d1%8f-%d1%80%d0%b0%d0%b1%d0%be%d1%82%d0%b0\/","name":"\u043d\u043e\u0432\u0430\u044f \u0440\u0430\u0431\u043e\u0442\u0430 - IMPERA - Impermeabilitzacions i a\u00efllaments d&#039;obra nova, Rehabilitacions","isPartOf":{"@id":"https:\/\/impera.cat\/ru\/#website"},"datePublished":"2025-04-14T12:27:03+00:00","breadcrumb":{"@id":"https:\/\/impera.cat\/ru\/%d0%bd%d0%be%d0%b2%d0%b0%d1%8f-%d1%80%d0%b0%d0%b1%d0%be%d1%82%d0%b0\/#breadcrumb"},"inLanguage":"ru-RU","potentialAction":[{"@type":"ReadAction","target":["https:\/\/impera.cat\/ru\/%d0%bd%d0%be%d0%b2%d0%b0%d1%8f-%d1%80%d0%b0%d0%b1%d0%be%d1%82%d0%b0\/"]}]},{"@type":"BreadcrumbList","@id":"https:\/\/impera.cat\/ru\/%d0%bd%d0%be%d0%b2%d0%b0%d1%8f-%d1%80%d0%b0%d0%b1%d0%be%d1%82%d0%b0\/#breadcrumb","itemListElement":[{"@type":"ListItem","position":1,"name":"Inici","item":"https:\/\/impera.cat\/ru\/"},{"@type":"ListItem","position":2,"name":"\u043d\u043e\u0432\u0430\u044f \u0440\u0430\u0431\u043e\u0442\u0430"}]},{"@type":"WebSite","@id":"https:\/\/impera.cat\/ru\/#website","url":"https:\/\/impera.cat\/ru\/","name":"IMPERA - Impermeabilitzacions i a\u00efllaments d'obra nova, Rehabilitacions","description":"Impermeabilitzacions i a\u00efllaments d&#039;obra nova, Rehabilitacions","publisher":{"@id":"https:\/\/impera.cat\/ru\/#organization"},"potentialAction":[{"@type":"SearchAction","target":{"@type":"EntryPoint","urlTemplate":"https:\/\/impera.cat\/ru\/?s={search_term_string}"},"query-input":{"@type":"PropertyValueSpecification","valueRequired":true,"valueName":"search_term_string"}}],"inLanguage":"ru-RU"},{"@type":"Organization","@id":"https:\/\/impera.cat\/ru\/#organization","name":"IMPERA - Impermeabilitzacions i a\u00efllaments d'obra nova, Rehabilitacions","url":"https:\/\/impera.cat\/ru\/","logo":{"@type":"ImageObject","inLanguage":"ru-RU","@id":"https:\/\/impera.cat\/ru\/#\/schema\/logo\/image\/","url":"https:\/\/impera.cat\/wp-content\/uploads\/2021\/10\/cropped-IMPERA-LOGO1-260x108-1.png","contentUrl":"https:\/\/impera.cat\/wp-content\/uploads\/2021\/10\/cropped-IMPERA-LOGO1-260x108-1.png","width":260,"height":108,"caption":"IMPERA - Impermeabilitzacions i a\u00efllaments d'obra nova, Rehabilitacions"},"image":{"@id":"https:\/\/impera.cat\/ru\/#\/schema\/logo\/image\/"},"sameAs":["https:\/\/www.facebook.com\/profile.php?id=100063922969722","https:\/\/x.com\/impera_cat","https:\/\/www.instagram.com\/impera.cat\/","https:\/\/www.linkedin.com\/company\/impera-cat\/"]}]}},"_links":{"self":[{"href":"https:\/\/impera.cat\/ru\/wp-json\/wp\/v2\/pages\/5932","targetHints":{"allow":["GET"]}}],"collection":[{"href":"https:\/\/impera.cat\/ru\/wp-json\/wp\/v2\/pages"}],"about":[{"href":"https:\/\/impera.cat\/ru\/wp-json\/wp\/v2\/types\/page"}],"author":[{"embeddable":true,"href":"https:\/\/impera.cat\/ru\/wp-json\/wp\/v2\/users\/1"}],"replies":[{"embeddable":true,"href":"https:\/\/impera.cat\/ru\/wp-json\/wp\/v2\/comments?post=5932"}],"version-history":[{"count":5,"href":"https:\/\/impera.cat\/ru\/wp-json\/wp\/v2\/pages\/5932\/revisions"}],"predecessor-version":[{"id":6487,"href":"https:\/\/impera.cat\/ru\/wp-json\/wp\/v2\/pages\/5932\/revisions\/6487"}],"wp:attachment":[{"href":"https:\/\/impera.cat\/ru\/wp-json\/wp\/v2\/media?parent=5932"}],"curies":[{"name":"wp","href":"https:\/\/api.w.org\/{rel}","templated":true}]}}