{"id":9032,"date":"2026-04-29T14:40:33","date_gmt":"2026-04-29T12:40:33","guid":{"rendered":"https:\/\/impera.cat\/toits-en-pente\/"},"modified":"2026-04-29T17:00:09","modified_gmt":"2026-04-29T15:00:09","slug":"toits-en-pente","status":"publish","type":"page","link":"https:\/\/impera.cat\/fr\/toits-en-pente\/","title":{"rendered":"Toits en pente"},"content":{"rendered":"\t\t<div data-elementor-type=\"wp-page\" data-elementor-id=\"9032\" class=\"elementor elementor-9032 elementor-8993\">\n\t\t\t\t\t\t<section class=\" elementor-section elementor-top-section elementor-element elementor-element-6d5d38a elementor-section-boxed elementor-section-height-default elementor-section-height-default\" data-id=\"6d5d38a\" data-element_type=\"section\" data-e-type=\"section\">\r\n\t\t\t\t\t\t\t\t<div class=\"elementor-container elementor-column-gap-default\">\r\n\t\t\t\t\r\n\t\t\t\t\t\t\t\t<div class=\" elementor-column elementor-col-100 elementor-top-column elementor-element elementor-element-b235d36 \" data-id=\"b235d36\" data-element_type=\"column\" data-e-type=\"column\">\r\n\r\n\t\t\t\t\r\n\t\t\t\t<div class=\"elementor-widget-wrap elementor-element-populated\">\r\n\t\t\t\t\t\t\t\t\t\t\r\n\t\t\t\t\t\t<div class=\"elementor-element elementor-element-41191f7 elementor-widget elementor-widget-text-editor\" data-id=\"41191f7\" data-element_type=\"widget\" data-e-type=\"widget\" data-widget_type=\"text-editor.default\">\n\t\t\t\t<div class=\"elementor-widget-container\">\n\t\t\t\t\t\t\t\t\t<p class=\"p1\"><span class=\"s1\"><b>Les toits en pente<\/b><\/span> constituent une solution pratique et efficace pour prot\u00e9ger tout b\u00e2timent de la pluie et de l&rsquo;humidit\u00e9. Gr\u00e2ce \u00e0 leur inclinaison, elles permettent \u00e0 l&rsquo;eau de s&rsquo;\u00e9couler naturellement, r\u00e9duisant ainsi le risque de fuites.<\/p><p class=\"p1\">Chez <span class=\"s1\"><b>IMPERA<\/b><\/span> , nous proposons des solutions adapt\u00e9es \u00e0 chaque projet, qu&rsquo;il s&rsquo;agisse de construction neuve ou de r\u00e9novation, dans le but de garantir une toiture s\u00fbre, durable et bien r\u00e9alis\u00e9e.<\/p><h3><span class=\"s1\"><b>Une solution s\u00fbre et durable<\/b><\/span><\/h3><p class=\"p1\">Chaque toiture est diff\u00e9rente, c&rsquo;est pourquoi nous analysons les caract\u00e9ristiques du b\u00e2timent et proposons la meilleure option en fonction des besoins.<\/p><p class=\"p3\">Nous travaillons avec des syst\u00e8mes qui garantissent :<\/p><ul><li>Bon drainage de l&rsquo;eau<\/li><li>Protection contre les fuites et l&rsquo;humidit\u00e9<\/li><li>mat\u00e9riaux durables et de qualit\u00e9<\/li><li>Adopter une conduite responsable face au changement climatique<\/li><\/ul><h3><span class=\"s1\"><b>Adapt\u00e9 \u00e0 chaque projet<\/b><\/span><\/h3><p class=\"p1\">Que ce soit pour une maison individuelle, un ensemble immobilier ou un b\u00e2timent industriel, chez <span class=\"s1\"><b>IMPERA<\/b><\/span> , nous nous adaptons \u00e0 chaque situation pour offrir une solution fiable et efficace.<\/p><p class=\"p1\">Notre objectif est que la toiture fonctionne correctement d\u00e8s le d\u00e9part et \u00e9vite tout probl\u00e8me ult\u00e9rieur.<\/p><h3><span class=\"s1\"><b>Conseils professionnels<\/b><\/span><\/h3><p class=\"p1\">Notre \u00e9quipe vous accompagne tout au long du processus, de l&rsquo;\u00e9tude initiale \u00e0 l&rsquo;ex\u00e9cution des travaux, afin de garantir un r\u00e9sultat optimal.<\/p><p class=\"p4\">Si vous envisagez une toiture en pente, nous vous fournirons des conseils clairs et personnalis\u00e9s.<\/p>\t\t\t\t\t\t\t\t<\/div>\n\t\t\t\t<\/div>\n\t\t\t\t\t\t<\/div>\r\n\t\t\t\t<\/div>\r\n\t\t\t\t\t\t\t\t<\/div>\r\n\t\t\t<\/section>\r\n\t\t\t\t\t<section class=\" elementor-section elementor-top-section elementor-element elementor-element-1c9d8c6 elementor-section-boxed elementor-section-height-default elementor-section-height-default\" data-id=\"1c9d8c6\" data-element_type=\"section\" data-e-type=\"section\">\r\n\t\t\t\t\t\t\t\t<div class=\"elementor-container elementor-column-gap-default\">\r\n\t\t\t\t\r\n\t\t\t\t\t\t\t\t<div class=\" elementor-column elementor-col-100 elementor-top-column elementor-element elementor-element-0af3eee \" data-id=\"0af3eee\" data-element_type=\"column\" data-e-type=\"column\">\r\n\r\n\t\t\t\t\r\n\t\t\t\t<div class=\"elementor-widget-wrap elementor-element-populated\">\r\n\t\t\t\t\t\t\t\t\t\t\r\n\t\t\t\t\t\t<div class=\"elementor-element elementor-element-e14ab8f elementor-widget elementor-widget-udesign_widget_button\" data-id=\"e14ab8f\" data-element_type=\"widget\" data-e-type=\"widget\" data-widget_type=\"udesign_widget_button.default\">\n\t\t\t\t<div class=\"elementor-widget-container\">\n\t\t\t\t\t<a class=\"btn btn-lg btn-primary\" href=\"https:\/\/impera.cat\/wp-content\/uploads\/2026\/04\/010_Cuadriptico_cubierta_inclinada_ES-1.pdf\" ><span >T\u00e9l\u00e9charger le quadriptyque<\/span><\/a>\t\t\t\t<\/div>\n\t\t\t\t<\/div>\n\t\t\t\t<div class=\"elementor-element elementor-element-4b39a95 elementor-widget elementor-widget-spacer\" data-id=\"4b39a95\" data-element_type=\"widget\" data-e-type=\"widget\" data-widget_type=\"spacer.default\">\n\t\t\t\t<div class=\"elementor-widget-container\">\n\t\t\t\t\t\t\t<div class=\"elementor-spacer\">\n\t\t\t<div class=\"elementor-spacer-inner\"><\/div>\n\t\t<\/div>\n\t\t\t\t\t\t<\/div>\n\t\t\t\t<\/div>\n\t\t\t\t<div class=\"elementor-element elementor-element-c546bbc elementor-widget elementor-widget-udesign_widget_button\" data-id=\"c546bbc\" data-element_type=\"widget\" data-e-type=\"widget\" data-widget_type=\"udesign_widget_button.default\">\n\t\t\t\t<div class=\"elementor-widget-container\">\n\t\t\t\t\t<a class=\"btn btn-lg btn-primary\" href=\"https:\/\/impera.cat\/wp-content\/uploads\/2026\/04\/Triptico_Sistemas_tecnicos_Tectum-1.pdf\" ><span >T\u00e9l\u00e9charger la fiche technique<\/span><\/a>\t\t\t\t<\/div>\n\t\t\t\t<\/div>\n\t\t\t\t\t\t<\/div>\r\n\t\t\t\t<\/div>\r\n\t\t\t\t\t\t\t\t<\/div>\r\n\t\t\t<\/section>\r\n\t\t\t\t\t<section class=\" elementor-section elementor-top-section elementor-element elementor-element-5dbf0ac elementor-section-boxed elementor-section-height-default elementor-section-height-default\" data-id=\"5dbf0ac\" data-element_type=\"section\" data-e-type=\"section\">\r\n\t\t\t\t\t\t\t\t<div class=\"elementor-container elementor-column-gap-default\">\r\n\t\t\t\t\r\n\t\t\t\t\t\t\t\t<div class=\" elementor-column elementor-col-100 elementor-top-column elementor-element elementor-element-417078b \" data-id=\"417078b\" data-element_type=\"column\" data-e-type=\"column\">\r\n\r\n\t\t\t\t\r\n\t\t\t\t<div class=\"elementor-widget-wrap\">\r\n\t\t\t\t\t\t\t\t\t\t\r\n\t\t\t\t\t\t\t\t<\/div>\r\n\t\t\t\t<\/div>\r\n\t\t\t\t\t\t\t\t<\/div>\r\n\t\t\t<\/section>\r\n\t\t\t\t\t<section class=\" elementor-section elementor-top-section elementor-element elementor-element-51a5bcb elementor-section-boxed elementor-section-height-default elementor-section-height-default\" data-id=\"51a5bcb\" data-element_type=\"section\" data-e-type=\"section\">\r\n\t\t\t\t\t\t\t\t<div class=\"elementor-container elementor-column-gap-default\">\r\n\t\t\t\t\r\n\t\t\t\t\t\t\t\t<div class=\" elementor-column elementor-col-100 elementor-top-column elementor-element elementor-element-427f525 \" data-id=\"427f525\" data-element_type=\"column\" data-e-type=\"column\">\r\n\r\n\t\t\t\t\r\n\t\t\t\t<div class=\"elementor-widget-wrap elementor-element-populated\">\r\n\t\t\t\t\t\t\t\t\t\t\r\n\t\t\t\t\t\t<div class=\"elementor-element elementor-element-033f4cf elementor-widget elementor-widget-spacer\" data-id=\"033f4cf\" data-element_type=\"widget\" data-e-type=\"widget\" data-widget_type=\"spacer.default\">\n\t\t\t\t<div class=\"elementor-widget-container\">\n\t\t\t\t\t\t\t<div class=\"elementor-spacer\">\n\t\t\t<div class=\"elementor-spacer-inner\"><\/div>\n\t\t<\/div>\n\t\t\t\t\t\t<\/div>\n\t\t\t\t<\/div>\n\t\t\t\t\t\t<\/div>\r\n\t\t\t\t<\/div>\r\n\t\t\t\t\t\t\t\t<\/div>\r\n\t\t\t<\/section>\r\n\t\t\t\t\t<section class=\" elementor-section elementor-top-section elementor-element elementor-element-aabe213 elementor-section-boxed elementor-section-height-default elementor-section-height-default\" data-id=\"aabe213\" data-element_type=\"section\" data-e-type=\"section\">\r\n\t\t\t\t\t\t\t\t<div class=\"elementor-container elementor-column-gap-default\">\r\n\t\t\t\t\r\n\t\t\t\t\t\t\t\t<div class=\" elementor-column elementor-col-100 elementor-top-column elementor-element elementor-element-2312b7b \" data-id=\"2312b7b\" data-element_type=\"column\" data-e-type=\"column\">\r\n\r\n\t\t\t\t\r\n\t\t\t\t<div class=\"elementor-widget-wrap\">\r\n\t\t\t\t\t\t\t\t\t\t\r\n\t\t\t\t\t\t\t\t<\/div>\r\n\t\t\t\t<\/div>\r\n\t\t\t\t\t\t\t\t<\/div>\r\n\t\t\t<\/section>\r\n\t\t\t\t\t<section class=\" elementor-section elementor-top-section elementor-element elementor-element-01e3547 elementor-section-boxed elementor-section-height-default elementor-section-height-default\" data-id=\"01e3547\" data-element_type=\"section\" data-e-type=\"section\">\r\n\t\t\t\t\t\t\t\t<div class=\"elementor-container elementor-column-gap-default\">\r\n\t\t\t\t\r\n\t\t\t\t\t\t\t\t<div class=\" elementor-column elementor-col-100 elementor-top-column elementor-element elementor-element-861c76e \" data-id=\"861c76e\" data-element_type=\"column\" data-e-type=\"column\">\r\n\r\n\t\t\t\t\r\n\t\t\t\t<div class=\"elementor-widget-wrap elementor-element-populated\">\r\n\t\t\t\t\t\t\t\t\t\t\r\n\t\t\t\t\t\t<div class=\"elementor-element elementor-element-48e0ed3 elementor-widget elementor-widget-spacer\" data-id=\"48e0ed3\" data-element_type=\"widget\" data-e-type=\"widget\" data-widget_type=\"spacer.default\">\n\t\t\t\t<div class=\"elementor-widget-container\">\n\t\t\t\t\t\t\t<div class=\"elementor-spacer\">\n\t\t\t<div class=\"elementor-spacer-inner\"><\/div>\n\t\t<\/div>\n\t\t\t\t\t\t<\/div>\n\t\t\t\t<\/div>\n\t\t\t\t\t\t<\/div>\r\n\t\t\t\t<\/div>\r\n\t\t\t\t\t\t\t\t<\/div>\r\n\t\t\t<\/section>\r\n\t\t\t\t\t<\/div>\n\t\t","protected":false},"excerpt":{"rendered":"<p>Les toits en pente constituent une solution pratique et efficace pour prot\u00e9ger tout b\u00e2timent de la pluie et de l&rsquo;humidit\u00e9. Gr\u00e2ce \u00e0 leur inclinaison, elles permettent \u00e0 l&rsquo;eau de s&rsquo;\u00e9couler naturellement, r\u00e9duisant ainsi le risque de fuites. Chez IMPERA , nous proposons des solutions adapt\u00e9es \u00e0 chaque projet, qu&rsquo;il s&rsquo;agisse de construction neuve ou de [&hellip;]<\/p>\n","protected":false},"author":1,"featured_media":0,"parent":0,"menu_order":0,"comment_status":"closed","ping_status":"closed","template":"","meta":{"_acf_changed":false,"footnotes":""},"class_list":["post-9032","page","type-page","status-publish","hentry"],"acf":[],"yoast_head":"<!-- This site is optimized with the Yoast SEO plugin v27.3 - https:\/\/yoast.com\/product\/yoast-seo-wordpress\/ -->\n<title>Toits en pente - IMPERA - Impermeabilitzacions i a\u00efllaments d&#039;obra nova, Rehabilitacions<\/title>\n<meta name=\"robots\" content=\"index, follow, max-snippet:-1, max-image-preview:large, max-video-preview:-1\" \/>\n<link rel=\"canonical\" href=\"https:\/\/impera.cat\/fr\/toits-en-pente\/\" \/>\n<meta property=\"og:locale\" content=\"fr_FR\" \/>\n<meta property=\"og:type\" content=\"article\" \/>\n<meta property=\"og:title\" content=\"Toits en pente - IMPERA - Impermeabilitzacions i a\u00efllaments d&#039;obra nova, Rehabilitacions\" \/>\n<meta property=\"og:description\" content=\"Les toits en pente constituent une solution pratique et efficace pour prot\u00e9ger tout b\u00e2timent de la pluie et de l&rsquo;humidit\u00e9. Gr\u00e2ce \u00e0 leur inclinaison, elles permettent \u00e0 l&rsquo;eau de s&rsquo;\u00e9couler naturellement, r\u00e9duisant ainsi le risque de fuites. Chez IMPERA , nous proposons des solutions adapt\u00e9es \u00e0 chaque projet, qu&rsquo;il s&rsquo;agisse de construction neuve ou de [&hellip;]\" \/>\n<meta property=\"og:url\" content=\"https:\/\/impera.cat\/fr\/toits-en-pente\/\" \/>\n<meta property=\"og:site_name\" content=\"IMPERA - Impermeabilitzacions i a\u00efllaments d&#039;obra nova, Rehabilitacions\" \/>\n<meta property=\"article:publisher\" content=\"https:\/\/www.facebook.com\/profile.php?id=100063922969722\" \/>\n<meta property=\"article:modified_time\" content=\"2026-04-29T15:00:09+00:00\" \/>\n<meta name=\"twitter:card\" content=\"summary_large_image\" \/>\n<meta name=\"twitter:site\" content=\"@impera_cat\" \/>\n<meta name=\"twitter:label1\" content=\"Dur\u00e9e de lecture estim\u00e9e\" \/>\n\t<meta name=\"twitter:data1\" content=\"1 minute\" \/>\n<script type=\"application\/ld+json\" class=\"yoast-schema-graph\">{\"@context\":\"https:\\\/\\\/schema.org\",\"@graph\":[{\"@type\":\"WebPage\",\"@id\":\"https:\\\/\\\/impera.cat\\\/fr\\\/toits-en-pente\\\/\",\"url\":\"https:\\\/\\\/impera.cat\\\/fr\\\/toits-en-pente\\\/\",\"name\":\"Toits en pente - IMPERA - Impermeabilitzacions i a\u00efllaments d&#039;obra nova, Rehabilitacions\",\"isPartOf\":{\"@id\":\"https:\\\/\\\/impera.cat\\\/fr\\\/#website\"},\"datePublished\":\"2026-04-29T12:40:33+00:00\",\"dateModified\":\"2026-04-29T15:00:09+00:00\",\"breadcrumb\":{\"@id\":\"https:\\\/\\\/impera.cat\\\/fr\\\/toits-en-pente\\\/#breadcrumb\"},\"inLanguage\":\"fr-FR\",\"potentialAction\":[{\"@type\":\"ReadAction\",\"target\":[\"https:\\\/\\\/impera.cat\\\/fr\\\/toits-en-pente\\\/\"]}]},{\"@type\":\"BreadcrumbList\",\"@id\":\"https:\\\/\\\/impera.cat\\\/fr\\\/toits-en-pente\\\/#breadcrumb\",\"itemListElement\":[{\"@type\":\"ListItem\",\"position\":1,\"name\":\"Inici\",\"item\":\"https:\\\/\\\/impera.cat\\\/fr\\\/\"},{\"@type\":\"ListItem\",\"position\":2,\"name\":\"Toits en pente\"}]},{\"@type\":\"WebSite\",\"@id\":\"https:\\\/\\\/impera.cat\\\/fr\\\/#website\",\"url\":\"https:\\\/\\\/impera.cat\\\/fr\\\/\",\"name\":\"IMPERA - Impermeabilitzacions i a\u00efllaments d'obra nova, Rehabilitacions\",\"description\":\"Impermeabilitzacions i a\u00efllaments d&#039;obra nova, Rehabilitacions\",\"publisher\":{\"@id\":\"https:\\\/\\\/impera.cat\\\/fr\\\/#organization\"},\"potentialAction\":[{\"@type\":\"SearchAction\",\"target\":{\"@type\":\"EntryPoint\",\"urlTemplate\":\"https:\\\/\\\/impera.cat\\\/fr\\\/?s={search_term_string}\"},\"query-input\":{\"@type\":\"PropertyValueSpecification\",\"valueRequired\":true,\"valueName\":\"search_term_string\"}}],\"inLanguage\":\"fr-FR\"},{\"@type\":\"Organization\",\"@id\":\"https:\\\/\\\/impera.cat\\\/fr\\\/#organization\",\"name\":\"IMPERA - Impermeabilitzacions i a\u00efllaments d'obra nova, Rehabilitacions\",\"url\":\"https:\\\/\\\/impera.cat\\\/fr\\\/\",\"logo\":{\"@type\":\"ImageObject\",\"inLanguage\":\"fr-FR\",\"@id\":\"https:\\\/\\\/impera.cat\\\/fr\\\/#\\\/schema\\\/logo\\\/image\\\/\",\"url\":\"https:\\\/\\\/impera.cat\\\/wp-content\\\/uploads\\\/2021\\\/10\\\/cropped-IMPERA-LOGO1-260x108-1.png\",\"contentUrl\":\"https:\\\/\\\/impera.cat\\\/wp-content\\\/uploads\\\/2021\\\/10\\\/cropped-IMPERA-LOGO1-260x108-1.png\",\"width\":260,\"height\":108,\"caption\":\"IMPERA - Impermeabilitzacions i a\u00efllaments d'obra nova, Rehabilitacions\"},\"image\":{\"@id\":\"https:\\\/\\\/impera.cat\\\/fr\\\/#\\\/schema\\\/logo\\\/image\\\/\"},\"sameAs\":[\"https:\\\/\\\/www.facebook.com\\\/profile.php?id=100063922969722\",\"https:\\\/\\\/x.com\\\/impera_cat\",\"https:\\\/\\\/www.instagram.com\\\/impera.cat\\\/\",\"https:\\\/\\\/www.linkedin.com\\\/company\\\/impera-cat\\\/\"]}]}<\/script>\n<!-- \/ Yoast SEO plugin. -->","yoast_head_json":{"title":"Toits en pente - IMPERA - Impermeabilitzacions i a\u00efllaments d&#039;obra nova, Rehabilitacions","robots":{"index":"index","follow":"follow","max-snippet":"max-snippet:-1","max-image-preview":"max-image-preview:large","max-video-preview":"max-video-preview:-1"},"canonical":"https:\/\/impera.cat\/fr\/toits-en-pente\/","og_locale":"fr_FR","og_type":"article","og_title":"Toits en pente - IMPERA - Impermeabilitzacions i a\u00efllaments d&#039;obra nova, Rehabilitacions","og_description":"Les toits en pente constituent une solution pratique et efficace pour prot\u00e9ger tout b\u00e2timent de la pluie et de l&rsquo;humidit\u00e9. Gr\u00e2ce \u00e0 leur inclinaison, elles permettent \u00e0 l&rsquo;eau de s&rsquo;\u00e9couler naturellement, r\u00e9duisant ainsi le risque de fuites. Chez IMPERA , nous proposons des solutions adapt\u00e9es \u00e0 chaque projet, qu&rsquo;il s&rsquo;agisse de construction neuve ou de [&hellip;]","og_url":"https:\/\/impera.cat\/fr\/toits-en-pente\/","og_site_name":"IMPERA - Impermeabilitzacions i a\u00efllaments d&#039;obra nova, Rehabilitacions","article_publisher":"https:\/\/www.facebook.com\/profile.php?id=100063922969722","article_modified_time":"2026-04-29T15:00:09+00:00","twitter_card":"summary_large_image","twitter_site":"@impera_cat","twitter_misc":{"Dur\u00e9e de lecture estim\u00e9e":"1 minute"},"schema":{"@context":"https:\/\/schema.org","@graph":[{"@type":"WebPage","@id":"https:\/\/impera.cat\/fr\/toits-en-pente\/","url":"https:\/\/impera.cat\/fr\/toits-en-pente\/","name":"Toits en pente - IMPERA - Impermeabilitzacions i a\u00efllaments d&#039;obra nova, Rehabilitacions","isPartOf":{"@id":"https:\/\/impera.cat\/fr\/#website"},"datePublished":"2026-04-29T12:40:33+00:00","dateModified":"2026-04-29T15:00:09+00:00","breadcrumb":{"@id":"https:\/\/impera.cat\/fr\/toits-en-pente\/#breadcrumb"},"inLanguage":"fr-FR","potentialAction":[{"@type":"ReadAction","target":["https:\/\/impera.cat\/fr\/toits-en-pente\/"]}]},{"@type":"BreadcrumbList","@id":"https:\/\/impera.cat\/fr\/toits-en-pente\/#breadcrumb","itemListElement":[{"@type":"ListItem","position":1,"name":"Inici","item":"https:\/\/impera.cat\/fr\/"},{"@type":"ListItem","position":2,"name":"Toits en pente"}]},{"@type":"WebSite","@id":"https:\/\/impera.cat\/fr\/#website","url":"https:\/\/impera.cat\/fr\/","name":"IMPERA - Impermeabilitzacions i a\u00efllaments d'obra nova, Rehabilitacions","description":"Impermeabilitzacions i a\u00efllaments d&#039;obra nova, Rehabilitacions","publisher":{"@id":"https:\/\/impera.cat\/fr\/#organization"},"potentialAction":[{"@type":"SearchAction","target":{"@type":"EntryPoint","urlTemplate":"https:\/\/impera.cat\/fr\/?s={search_term_string}"},"query-input":{"@type":"PropertyValueSpecification","valueRequired":true,"valueName":"search_term_string"}}],"inLanguage":"fr-FR"},{"@type":"Organization","@id":"https:\/\/impera.cat\/fr\/#organization","name":"IMPERA - Impermeabilitzacions i a\u00efllaments d'obra nova, Rehabilitacions","url":"https:\/\/impera.cat\/fr\/","logo":{"@type":"ImageObject","inLanguage":"fr-FR","@id":"https:\/\/impera.cat\/fr\/#\/schema\/logo\/image\/","url":"https:\/\/impera.cat\/wp-content\/uploads\/2021\/10\/cropped-IMPERA-LOGO1-260x108-1.png","contentUrl":"https:\/\/impera.cat\/wp-content\/uploads\/2021\/10\/cropped-IMPERA-LOGO1-260x108-1.png","width":260,"height":108,"caption":"IMPERA - Impermeabilitzacions i a\u00efllaments d'obra nova, Rehabilitacions"},"image":{"@id":"https:\/\/impera.cat\/fr\/#\/schema\/logo\/image\/"},"sameAs":["https:\/\/www.facebook.com\/profile.php?id=100063922969722","https:\/\/x.com\/impera_cat","https:\/\/www.instagram.com\/impera.cat\/","https:\/\/www.linkedin.com\/company\/impera-cat\/"]}]}},"_links":{"self":[{"href":"https:\/\/impera.cat\/fr\/wp-json\/wp\/v2\/pages\/9032","targetHints":{"allow":["GET"]}}],"collection":[{"href":"https:\/\/impera.cat\/fr\/wp-json\/wp\/v2\/pages"}],"about":[{"href":"https:\/\/impera.cat\/fr\/wp-json\/wp\/v2\/types\/page"}],"author":[{"embeddable":true,"href":"https:\/\/impera.cat\/fr\/wp-json\/wp\/v2\/users\/1"}],"replies":[{"embeddable":true,"href":"https:\/\/impera.cat\/fr\/wp-json\/wp\/v2\/comments?post=9032"}],"version-history":[{"count":1,"href":"https:\/\/impera.cat\/fr\/wp-json\/wp\/v2\/pages\/9032\/revisions"}],"predecessor-version":[{"id":9033,"href":"https:\/\/impera.cat\/fr\/wp-json\/wp\/v2\/pages\/9032\/revisions\/9033"}],"wp:attachment":[{"href":"https:\/\/impera.cat\/fr\/wp-json\/wp\/v2\/media?parent=9032"}],"curies":[{"name":"wp","href":"https:\/\/api.w.org\/{rel}","templated":true}]}}