{"id":6075,"date":"2025-04-14T11:09:45","date_gmt":"2025-04-14T09:09:45","guid":{"rendered":"https:\/\/www.impera.cat\/avis-legal\/"},"modified":"2023-07-18T16:59:19","modified_gmt":"2023-07-18T14:59:19","slug":"avertissement-legal","status":"publish","type":"page","link":"https:\/\/impera.cat\/fr\/avertissement-legal\/","title":{"rendered":"Avertissement l\u00e9gal"},"content":{"rendered":"\t\t<div data-elementor-type=\"wp-page\" data-elementor-id=\"6075\" class=\"elementor elementor-6075 elementor-4858\">\n\t\t\t\t\t\t<section class=\" elementor-section elementor-top-section elementor-element elementor-element-99b86af elementor-section-boxed elementor-section-height-default elementor-section-height-default\" data-id=\"99b86af\" data-element_type=\"section\" data-e-type=\"section\">\r\n\t\t\t\t\t\t\t\t<div class=\"elementor-container elementor-column-gap-default\">\r\n\t\t\t\t\r\n\t\t\t\t\t\t\t\t<div class=\" elementor-column elementor-col-100 elementor-top-column elementor-element elementor-element-fdb8e0d \" data-id=\"fdb8e0d\" data-element_type=\"column\" data-e-type=\"column\">\r\n\r\n\t\t\t\t\r\n\t\t\t\t<div class=\"elementor-widget-wrap elementor-element-populated\">\r\n\t\t\t\t\t\t\t\t\t\t\r\n\t\t\t\t\t\t<div class=\"elementor-element elementor-element-62dc2a0 elementor-widget elementor-widget-text-editor\" data-id=\"62dc2a0\" data-element_type=\"widget\" data-e-type=\"widget\" data-widget_type=\"text-editor.default\">\n\t\t\t\t<div class=\"elementor-widget-container\">\n\t\t\t\t\t\t\t\t\t<p>1. OBJET<\/p><p>Les pr\u00e9sentes mentions l\u00e9gales r\u00e9glementent l&rsquo;utilisation et l&rsquo;utilisation du site Web www.impera.cat, propri\u00e9t\u00e9 de IMPERA IMPERMEABILITZACIONS SL (ci-apr\u00e8s, LE PROPRI\u00c9TAIRE DU SITE).<\/p><p>La navigation sur le site Web du PROPRI\u00c9TAIRE DU SITE WEB vous attribue la condition d&rsquo;UTILISATEUR de celui-ci et implique votre acceptation pleine et enti\u00e8re de chacune des conditions publi\u00e9es dans le pr\u00e9sent avis l\u00e9gal, avertissant que ces conditions peuvent \u00eatre modifi\u00e9es sans notification pr\u00e9alable. avis par le PROPRI\u00c9TAIRE DU SITE WEB, et dans ce cas, il sera publi\u00e9 et notifi\u00e9 dans les meilleurs d\u00e9lais.<\/p><p>Pour cette raison, il est conseill\u00e9 de lire attentivement son contenu si vous souhaitez acc\u00e9der et utiliser les informations et services propos\u00e9s \u00e0 partir de ce site.<\/p><p>L&rsquo;utilisateur, en outre, s&rsquo;engage \u00e0 faire un usage correct du site Web conform\u00e9ment aux lois, \u00e0 la bonne foi, \u00e0 l&rsquo;ordre public, aux usages du trafic et aux pr\u00e9sentes mentions l\u00e9gales, et r\u00e9pondra devant le PROPRI\u00c9TAIRE DU WEB ou contre des tiers, de tout dommages qui pourraient r\u00e9sulter du non-respect de cette obligation.<\/p><p>Toute utilisation autre que celle autoris\u00e9e est express\u00e9ment interdite et LE PROPRI\u00c9TAIRE DU SITE WEB peut refuser ou retirer l&rsquo;acc\u00e8s et l&rsquo;utilisation \u00e0 tout moment.<\/p><p>2. IDENTIFICATION<\/p><p>LE PROPRI\u00c9TAIRE DU SITE, conform\u00e9ment \u00e0 la loi 34\/2002 du 11 juillet sur les services de la soci\u00e9t\u00e9 de l&rsquo;information et du commerce \u00e9lectronique, vous informe que\u00a0:<\/p><p>Sa d\u00e9nomination sociale est : Impera 2010 S.L. Son CIF est : B55068233<\/p><p>Son si\u00e8ge social est situ\u00e9 : Av. Vinyers, 8, Nau 8 Calonge, 17251<\/p><p>Soci\u00e9t\u00e9 inscrite au Registre du Commerce de G\u00e9rone, Tome : 2775, Folio : 207, Section : 8, Feuille d&rsquo;immatriculation : 49883, Inscription : 3<\/p><p>3. COMMUNICATION<\/p><p>Pour communiquer avec nous, nous mettons \u00e0 votre disposition diff\u00e9rents moyens de contact qui sont d\u00e9taill\u00e9s ci-dessous :<\/p><p>T\u00e9l. : (+34) 607.761.677<\/p><p>Courriel : info@impera.cat<\/p><p>Toutes les notifications et communications entre les utilisateurs et le PROPRI\u00c9TAIRE DU SITE WEB seront consid\u00e9r\u00e9es comme effectives, en g\u00e9n\u00e9ral, lorsqu&rsquo;elles sont effectu\u00e9es par l&rsquo;un des moyens d\u00e9crits ci-dessus.<\/p><p>4. CONDITIONS D&rsquo;ACCES ET D&rsquo;UTILISATION<\/p><p>Le site Internet et ses services sont librement accessibles et gratuits. Toutefois, le PROPRI\u00c9TAIRE DU SITE INTERNET peut conditionner l&rsquo;utilisation de certains des services propos\u00e9s sur son site Internet au remplissage pr\u00e9alable du formulaire correspondant.<\/p><p>L&rsquo;utilisateur garantit l&rsquo;authenticit\u00e9 et l&rsquo;actualit\u00e9 de toutes les donn\u00e9es qu&rsquo;il communique au PROPRI\u00c9TAIRE DU SITE et sera seul responsable des d\u00e9clarations fausses ou inexactes qu&rsquo;il fera.<\/p><p>L&rsquo;utilisateur s&rsquo;engage express\u00e9ment \u00e0 faire un usage appropri\u00e9 des contenus et des services du PROPRI\u00c9TAIRE DU SITE WEB et \u00e0 ne pas les utiliser pour, entre autres :<\/p><p>a) Diffuser des contenus criminels, violents, pornographiques, racistes, x\u00e9nophobes, offensants, faisant l&rsquo;apologie du terrorisme ou, de mani\u00e8re g\u00e9n\u00e9rale, contraires \u00e0 la loi ou \u00e0 l&rsquo;ordre public.<br \/>b) Introduire des virus informatiques dans le r\u00e9seau ou effectuer des actions susceptibles d&rsquo;alt\u00e9rer, d&rsquo;alt\u00e9rer, d&rsquo;interrompre ou de g\u00e9n\u00e9rer des erreurs ou des dommages aux documents \u00e9lectroniques, aux donn\u00e9es ou aux syst\u00e8mes physiques et logiques du PROPRI\u00c9TAIRE DU SITE WEB ou de tiers\u00a0; ainsi que d&rsquo;entraver l&rsquo;acc\u00e8s d&rsquo;autres utilisateurs au site Web et \u00e0 ses services par la consommation massive des ressources informatiques \u00e0 travers lesquelles le PROPRI\u00c9TAIRE DU SITE WEB fournit ses services.<br \/>c) Tenter d&rsquo;acc\u00e9der aux comptes de messagerie d&rsquo;autres utilisateurs ou \u00e0 des zones restreintes des syst\u00e8mes informatiques du PROPRI\u00c9TAIRE DU SITE WEB ou de tiers et, le cas \u00e9ch\u00e9ant, extraire des informations.<br \/>d) Violation des droits de propri\u00e9t\u00e9 intellectuelle ou industrielle, ainsi que violation de la confidentialit\u00e9 des informations du PROPRI\u00c9TAIRE DU SITE WEB ou de tiers.<br \/>e) Usurper l&rsquo;identit\u00e9 de tout autre utilisateur.<br \/>f) Reproduire, copier, distribuer, mettre \u00e0 disposition ou toute autre forme de communication publique, transformer ou modifier le contenu, sauf si vous avez l&rsquo;autorisation du titulaire des droits correspondants ou si cela est l\u00e9galement autoris\u00e9.<br \/>g) Collecter des donn\u00e9es \u00e0 des fins publicitaires et envoyer des publicit\u00e9s de toute nature et des communications \u00e0 des fins de vente ou autres de nature commerciale sans leur demande ou consentement pr\u00e9alable.<br \/>Tous les contenus du site Web, tels que textes, photographies, graphiques, images, ic\u00f4nes, technologie, logiciels, ainsi que sa conception graphique et ses codes sources, constituent une \u0153uvre dont la propri\u00e9t\u00e9 appartient au PROPRI\u00c9TAIRE DU SITE, sans que l&rsquo;on puisse en d\u00e9duire ne soient c\u00e9d\u00e9s \u00e0 l&rsquo;utilisateur aucun des droits d&rsquo;exploitation sur ceux-ci au-del\u00e0 de ce qui est strictement n\u00e9cessaire \u00e0 la bonne utilisation du site.<\/p><p>En bref, les utilisateurs qui acc\u00e8dent \u00e0 ce site peuvent en visualiser le contenu et, le cas \u00e9ch\u00e9ant, en faire des copies priv\u00e9es autoris\u00e9es tant que les \u00e9l\u00e9ments reproduits ne sont pas ult\u00e9rieurement c\u00e9d\u00e9s \u00e0 des tiers, ni install\u00e9s sur des serveurs connect\u00e9s \u00e0 des r\u00e9seaux, ni ne font l&rsquo;objet de tout type d&rsquo;exploitation.<\/p><p>De m\u00eame, toutes marques, noms commerciaux ou signes distinctifs de<\/p><p>toutes les classes qui apparaissent sur le site Web sont la propri\u00e9t\u00e9 du PROPRI\u00c9TAIRE DU SITE WEB, sans qu&rsquo;il soit entendu que leur utilisation ou leur acc\u00e8s conf\u00e8re \u00e0 l&rsquo;utilisateur un droit sur celles-ci.<\/p><p>La distribution, la modification, la cession ou la communication publique du contenu et tout autre acte non express\u00e9ment autoris\u00e9 par le titulaire des droits d&rsquo;exploitation sont interdits.<\/p><p>L&rsquo;\u00e9tablissement d&rsquo;un lien n&rsquo;implique en aucun cas l&rsquo;existence de relations entre le PROPRI\u00c9TAIRE DU WEB et le propri\u00e9taire du site Web sur lequel il est \u00e9tabli, ni l&rsquo;acceptation et l&rsquo;approbation par le PROPRI\u00c9TAIRE DU WEB de ses contenus ou services.<\/p><p>Le PROPRI\u00c9TAIRE DU SITE WEB n&rsquo;est pas responsable de l&rsquo;utilisation que chaque utilisateur fait du mat\u00e9riel mis \u00e0 disposition sur ce site Web ou des actions men\u00e9es sur la base de celui-ci.<\/p><p>4.1 EXCLUSION DE GARANTIES ET RESPONSABILIT\u00c9 D&rsquo;ACC\u00c8S ET D&rsquo;UTILISATION<\/p><p>Le contenu de ce site Web est de nature g\u00e9n\u00e9rale et a un but purement informatif, sans garantir pleinement l&rsquo;acc\u00e8s \u00e0 tout le contenu, ni son exhaustivit\u00e9, son exactitude, sa validit\u00e9 ou son actualit\u00e9, ni son ad\u00e9quation ou son utilit\u00e9 pour un objectif sp\u00e9cifique.<\/p><p>Le PROPRI\u00c9TAIRE DU SITE WEB exclut, dans la mesure permise par le syst\u00e8me juridique, toute responsabilit\u00e9 pour les dommages de toute nature r\u00e9sultant de\u00a0:<\/p><p>a) L&rsquo;impossibilit\u00e9 d&rsquo;acc\u00e9der au site Web ou le manque de v\u00e9racit\u00e9, d&rsquo;exactitude, d&rsquo;exhaustivit\u00e9 et\/ou d&rsquo;actualit\u00e9 des contenus, ainsi que l&rsquo;existence de vices et de d\u00e9fauts de toutes sortes dans les contenus transmis, diffus\u00e9s, stock\u00e9s, mis \u00e0 disposition, qui ont \u00e9t\u00e9 consult\u00e9s via le site Web ou les services propos\u00e9s.<br \/>b) La pr\u00e9sence de virus ou d&rsquo;autres \u00e9l\u00e9ments dans les contenus susceptibles d&rsquo;alt\u00e9rer les syst\u00e8mes informatiques, les documents \u00e9lectroniques ou les donn\u00e9es des utilisateurs.<br \/>c) Violation des lois, de la bonne foi, de l&rsquo;ordre public, de l&rsquo;utilisation du trafic et de la pr\u00e9sente notice l\u00e9gale suite \u00e0 une utilisation incorrecte du site Web. En particulier, et de mani\u00e8re exemplaire, le PROPRI\u00c9TAIRE DU SITE WEB n&rsquo;est pas responsable des actions de tiers qui violent les droits de propri\u00e9t\u00e9 intellectuelle et industrielle, les secrets d&rsquo;affaires, les droits \u00e0 l&rsquo;honneur, la vie priv\u00e9e et familiale et l&rsquo;image de soi , ainsi que le r\u00e9glementation sur la concurrence d\u00e9loyale et la publicit\u00e9 ill\u00e9gale.<\/p><p>En outre, le PROPRI\u00c9TAIRE DU SITE d\u00e9cline toute responsabilit\u00e9 concernant les informations trouv\u00e9es en dehors de ce site Web et non g\u00e9r\u00e9es directement par notre webmaster. La fonction des liens qui apparaissent sur ce site est exclusivement d&rsquo;informer l&rsquo;utilisateur de l&rsquo;existence d&rsquo;autres sources capables d&rsquo;\u00e9largir le contenu offert par ce site. LE PROPRI\u00c9TAIRE DU WEB ne garantit ni n&rsquo;assume la responsabilit\u00e9 du fonctionnement ou de l&rsquo;accessibilit\u00e9 des sites li\u00e9s\u00a0; il ne sugg\u00e8re, n&rsquo;invite ou ne recommande de les visiter, il ne sera donc pas responsable du r\u00e9sultat obtenu. Le PROPRI\u00c9TAIRE DU SITE WEB n&rsquo;est pas responsable de l&rsquo;\u00e9tablissement de liens par des tiers.<\/p><p>4.2 PROC\u00c9DURE EN CAS D&rsquo;ACTIVIT\u00c9S ILL\u00c9GALES<\/p><p>Dans le cas o\u00f9 un utilisateur ou un tiers estimerait qu&rsquo;il existe des faits ou des circonstances r\u00e9v\u00e9lant le caract\u00e8re ill\u00e9gal de l&rsquo;utilisation de tout contenu et\/ou de la r\u00e9alisation de toute activit\u00e9 sur les pages Web incluses ou accessibles via le site Web, devra envoyer une notification au PROPRI\u00c9TAIRE DU WEB en s&rsquo;identifiant correctement et en pr\u00e9cisant les violations all\u00e9gu\u00e9es.<\/p><p>4.3 PUBLICATIONS<\/p><p>Les informations administratives fournies via le site Web ne remplacent pas la publication l\u00e9gale des lois, r\u00e8glements, plans, dispositions g\u00e9n\u00e9rales et actes qui doivent \u00eatre formellement publi\u00e9s dans les journaux officiels des administrations publiques, qui constituent le seul instrument qui atteste de son authenticit\u00e9 et contenu. Les informations disponibles sur ce site doivent \u00eatre comprises comme un guide sans but<\/p><p>de validit\u00e9 juridique.<\/p><p>5. L\u00c9GISLATION APPLICABLE<br \/>Les pr\u00e9sentes conditions seront r\u00e9gies par la l\u00e9gislation espagnole en vigueur. La langue utilis\u00e9e sera le catalan.<\/p>\t\t\t\t\t\t\t\t<\/div>\n\t\t\t\t<\/div>\n\t\t\t\t\t\t<\/div>\r\n\t\t\t\t<\/div>\r\n\t\t\t\t\t\t\t\t<\/div>\r\n\t\t\t<\/section>\r\n\t\t\t\t\t<\/div>\n\t\t","protected":false},"excerpt":{"rendered":"<p>1. OBJET Les pr\u00e9sentes mentions l\u00e9gales r\u00e9glementent l&rsquo;utilisation et l&rsquo;utilisation du site Web www.impera.cat, propri\u00e9t\u00e9 de IMPERA IMPERMEABILITZACIONS SL (ci-apr\u00e8s, LE PROPRI\u00c9TAIRE DU SITE). La navigation sur le site Web du PROPRI\u00c9TAIRE DU SITE WEB vous attribue la condition d&rsquo;UTILISATEUR de celui-ci et implique votre acceptation pleine et enti\u00e8re de chacune des conditions publi\u00e9es dans [&hellip;]<\/p>\n","protected":false},"author":1,"featured_media":0,"parent":0,"menu_order":0,"comment_status":"closed","ping_status":"closed","template":"","meta":{"_acf_changed":false,"footnotes":""},"class_list":["post-6075","page","type-page","status-publish","hentry"],"acf":[],"yoast_head":"<!-- This site is optimized with the Yoast SEO plugin v27.3 - https:\/\/yoast.com\/product\/yoast-seo-wordpress\/ -->\n<title>Avertissement l\u00e9gal - IMPERA - Impermeabilitzacions i a\u00efllaments d&#039;obra nova, Rehabilitacions<\/title>\n<meta name=\"robots\" content=\"index, follow, max-snippet:-1, max-image-preview:large, max-video-preview:-1\" \/>\n<link rel=\"canonical\" href=\"https:\/\/impera.cat\/fr\/avertissement-legal\/\" \/>\n<meta property=\"og:locale\" content=\"fr_FR\" \/>\n<meta property=\"og:type\" content=\"article\" \/>\n<meta property=\"og:title\" content=\"Avertissement l\u00e9gal - IMPERA - Impermeabilitzacions i a\u00efllaments d&#039;obra nova, Rehabilitacions\" \/>\n<meta property=\"og:description\" content=\"1. OBJET Les pr\u00e9sentes mentions l\u00e9gales r\u00e9glementent l&rsquo;utilisation et l&rsquo;utilisation du site Web www.impera.cat, propri\u00e9t\u00e9 de IMPERA IMPERMEABILITZACIONS SL (ci-apr\u00e8s, LE PROPRI\u00c9TAIRE DU SITE). La navigation sur le site Web du PROPRI\u00c9TAIRE DU SITE WEB vous attribue la condition d&rsquo;UTILISATEUR de celui-ci et implique votre acceptation pleine et enti\u00e8re de chacune des conditions publi\u00e9es dans [&hellip;]\" \/>\n<meta property=\"og:url\" content=\"https:\/\/impera.cat\/fr\/avertissement-legal\/\" \/>\n<meta property=\"og:site_name\" content=\"IMPERA - Impermeabilitzacions i a\u00efllaments d&#039;obra nova, Rehabilitacions\" \/>\n<meta property=\"article:publisher\" content=\"https:\/\/www.facebook.com\/profile.php?id=100063922969722\" \/>\n<meta name=\"twitter:card\" content=\"summary_large_image\" \/>\n<meta name=\"twitter:site\" content=\"@impera_cat\" \/>\n<meta name=\"twitter:label1\" content=\"Dur\u00e9e de lecture estim\u00e9e\" \/>\n\t<meta name=\"twitter:data1\" content=\"8 minutes\" \/>\n<script type=\"application\/ld+json\" class=\"yoast-schema-graph\">{\"@context\":\"https:\\\/\\\/schema.org\",\"@graph\":[{\"@type\":\"WebPage\",\"@id\":\"https:\\\/\\\/impera.cat\\\/fr\\\/avertissement-legal\\\/\",\"url\":\"https:\\\/\\\/impera.cat\\\/fr\\\/avertissement-legal\\\/\",\"name\":\"Avertissement l\u00e9gal - IMPERA - Impermeabilitzacions i a\u00efllaments d&#039;obra nova, Rehabilitacions\",\"isPartOf\":{\"@id\":\"https:\\\/\\\/impera.cat\\\/fr\\\/#website\"},\"datePublished\":\"2025-04-14T09:09:45+00:00\",\"breadcrumb\":{\"@id\":\"https:\\\/\\\/impera.cat\\\/fr\\\/avertissement-legal\\\/#breadcrumb\"},\"inLanguage\":\"fr-FR\",\"potentialAction\":[{\"@type\":\"ReadAction\",\"target\":[\"https:\\\/\\\/impera.cat\\\/fr\\\/avertissement-legal\\\/\"]}]},{\"@type\":\"BreadcrumbList\",\"@id\":\"https:\\\/\\\/impera.cat\\\/fr\\\/avertissement-legal\\\/#breadcrumb\",\"itemListElement\":[{\"@type\":\"ListItem\",\"position\":1,\"name\":\"Inici\",\"item\":\"https:\\\/\\\/impera.cat\\\/fr\\\/\"},{\"@type\":\"ListItem\",\"position\":2,\"name\":\"Avertissement l\u00e9gal\"}]},{\"@type\":\"WebSite\",\"@id\":\"https:\\\/\\\/impera.cat\\\/fr\\\/#website\",\"url\":\"https:\\\/\\\/impera.cat\\\/fr\\\/\",\"name\":\"IMPERA - Impermeabilitzacions i a\u00efllaments d'obra nova, Rehabilitacions\",\"description\":\"Impermeabilitzacions i a\u00efllaments d&#039;obra nova, Rehabilitacions\",\"publisher\":{\"@id\":\"https:\\\/\\\/impera.cat\\\/fr\\\/#organization\"},\"potentialAction\":[{\"@type\":\"SearchAction\",\"target\":{\"@type\":\"EntryPoint\",\"urlTemplate\":\"https:\\\/\\\/impera.cat\\\/fr\\\/?s={search_term_string}\"},\"query-input\":{\"@type\":\"PropertyValueSpecification\",\"valueRequired\":true,\"valueName\":\"search_term_string\"}}],\"inLanguage\":\"fr-FR\"},{\"@type\":\"Organization\",\"@id\":\"https:\\\/\\\/impera.cat\\\/fr\\\/#organization\",\"name\":\"IMPERA - Impermeabilitzacions i a\u00efllaments d'obra nova, Rehabilitacions\",\"url\":\"https:\\\/\\\/impera.cat\\\/fr\\\/\",\"logo\":{\"@type\":\"ImageObject\",\"inLanguage\":\"fr-FR\",\"@id\":\"https:\\\/\\\/impera.cat\\\/fr\\\/#\\\/schema\\\/logo\\\/image\\\/\",\"url\":\"https:\\\/\\\/impera.cat\\\/wp-content\\\/uploads\\\/2021\\\/10\\\/cropped-IMPERA-LOGO1-260x108-1.png\",\"contentUrl\":\"https:\\\/\\\/impera.cat\\\/wp-content\\\/uploads\\\/2021\\\/10\\\/cropped-IMPERA-LOGO1-260x108-1.png\",\"width\":260,\"height\":108,\"caption\":\"IMPERA - Impermeabilitzacions i a\u00efllaments d'obra nova, Rehabilitacions\"},\"image\":{\"@id\":\"https:\\\/\\\/impera.cat\\\/fr\\\/#\\\/schema\\\/logo\\\/image\\\/\"},\"sameAs\":[\"https:\\\/\\\/www.facebook.com\\\/profile.php?id=100063922969722\",\"https:\\\/\\\/x.com\\\/impera_cat\",\"https:\\\/\\\/www.instagram.com\\\/impera.cat\\\/\",\"https:\\\/\\\/www.linkedin.com\\\/company\\\/impera-cat\\\/\"]}]}<\/script>\n<!-- \/ Yoast SEO plugin. -->","yoast_head_json":{"title":"Avertissement l\u00e9gal - IMPERA - Impermeabilitzacions i a\u00efllaments d&#039;obra nova, Rehabilitacions","robots":{"index":"index","follow":"follow","max-snippet":"max-snippet:-1","max-image-preview":"max-image-preview:large","max-video-preview":"max-video-preview:-1"},"canonical":"https:\/\/impera.cat\/fr\/avertissement-legal\/","og_locale":"fr_FR","og_type":"article","og_title":"Avertissement l\u00e9gal - IMPERA - Impermeabilitzacions i a\u00efllaments d&#039;obra nova, Rehabilitacions","og_description":"1. OBJET Les pr\u00e9sentes mentions l\u00e9gales r\u00e9glementent l&rsquo;utilisation et l&rsquo;utilisation du site Web www.impera.cat, propri\u00e9t\u00e9 de IMPERA IMPERMEABILITZACIONS SL (ci-apr\u00e8s, LE PROPRI\u00c9TAIRE DU SITE). La navigation sur le site Web du PROPRI\u00c9TAIRE DU SITE WEB vous attribue la condition d&rsquo;UTILISATEUR de celui-ci et implique votre acceptation pleine et enti\u00e8re de chacune des conditions publi\u00e9es dans [&hellip;]","og_url":"https:\/\/impera.cat\/fr\/avertissement-legal\/","og_site_name":"IMPERA - Impermeabilitzacions i a\u00efllaments d&#039;obra nova, Rehabilitacions","article_publisher":"https:\/\/www.facebook.com\/profile.php?id=100063922969722","twitter_card":"summary_large_image","twitter_site":"@impera_cat","twitter_misc":{"Dur\u00e9e de lecture estim\u00e9e":"8 minutes"},"schema":{"@context":"https:\/\/schema.org","@graph":[{"@type":"WebPage","@id":"https:\/\/impera.cat\/fr\/avertissement-legal\/","url":"https:\/\/impera.cat\/fr\/avertissement-legal\/","name":"Avertissement l\u00e9gal - IMPERA - Impermeabilitzacions i a\u00efllaments d&#039;obra nova, Rehabilitacions","isPartOf":{"@id":"https:\/\/impera.cat\/fr\/#website"},"datePublished":"2025-04-14T09:09:45+00:00","breadcrumb":{"@id":"https:\/\/impera.cat\/fr\/avertissement-legal\/#breadcrumb"},"inLanguage":"fr-FR","potentialAction":[{"@type":"ReadAction","target":["https:\/\/impera.cat\/fr\/avertissement-legal\/"]}]},{"@type":"BreadcrumbList","@id":"https:\/\/impera.cat\/fr\/avertissement-legal\/#breadcrumb","itemListElement":[{"@type":"ListItem","position":1,"name":"Inici","item":"https:\/\/impera.cat\/fr\/"},{"@type":"ListItem","position":2,"name":"Avertissement l\u00e9gal"}]},{"@type":"WebSite","@id":"https:\/\/impera.cat\/fr\/#website","url":"https:\/\/impera.cat\/fr\/","name":"IMPERA - Impermeabilitzacions i a\u00efllaments d'obra nova, Rehabilitacions","description":"Impermeabilitzacions i a\u00efllaments d&#039;obra nova, Rehabilitacions","publisher":{"@id":"https:\/\/impera.cat\/fr\/#organization"},"potentialAction":[{"@type":"SearchAction","target":{"@type":"EntryPoint","urlTemplate":"https:\/\/impera.cat\/fr\/?s={search_term_string}"},"query-input":{"@type":"PropertyValueSpecification","valueRequired":true,"valueName":"search_term_string"}}],"inLanguage":"fr-FR"},{"@type":"Organization","@id":"https:\/\/impera.cat\/fr\/#organization","name":"IMPERA - Impermeabilitzacions i a\u00efllaments d'obra nova, Rehabilitacions","url":"https:\/\/impera.cat\/fr\/","logo":{"@type":"ImageObject","inLanguage":"fr-FR","@id":"https:\/\/impera.cat\/fr\/#\/schema\/logo\/image\/","url":"https:\/\/impera.cat\/wp-content\/uploads\/2021\/10\/cropped-IMPERA-LOGO1-260x108-1.png","contentUrl":"https:\/\/impera.cat\/wp-content\/uploads\/2021\/10\/cropped-IMPERA-LOGO1-260x108-1.png","width":260,"height":108,"caption":"IMPERA - Impermeabilitzacions i a\u00efllaments d'obra nova, Rehabilitacions"},"image":{"@id":"https:\/\/impera.cat\/fr\/#\/schema\/logo\/image\/"},"sameAs":["https:\/\/www.facebook.com\/profile.php?id=100063922969722","https:\/\/x.com\/impera_cat","https:\/\/www.instagram.com\/impera.cat\/","https:\/\/www.linkedin.com\/company\/impera-cat\/"]}]}},"_links":{"self":[{"href":"https:\/\/impera.cat\/fr\/wp-json\/wp\/v2\/pages\/6075","targetHints":{"allow":["GET"]}}],"collection":[{"href":"https:\/\/impera.cat\/fr\/wp-json\/wp\/v2\/pages"}],"about":[{"href":"https:\/\/impera.cat\/fr\/wp-json\/wp\/v2\/types\/page"}],"author":[{"embeddable":true,"href":"https:\/\/impera.cat\/fr\/wp-json\/wp\/v2\/users\/1"}],"replies":[{"embeddable":true,"href":"https:\/\/impera.cat\/fr\/wp-json\/wp\/v2\/comments?post=6075"}],"version-history":[{"count":9,"href":"https:\/\/impera.cat\/fr\/wp-json\/wp\/v2\/pages\/6075\/revisions"}],"predecessor-version":[{"id":6091,"href":"https:\/\/impera.cat\/fr\/wp-json\/wp\/v2\/pages\/6075\/revisions\/6091"}],"wp:attachment":[{"href":"https:\/\/impera.cat\/fr\/wp-json\/wp\/v2\/media?parent=6075"}],"curies":[{"name":"wp","href":"https:\/\/api.w.org\/{rel}","templated":true}]}}