{"id":6059,"date":"2025-04-16T09:32:01","date_gmt":"2025-04-16T07:32:01","guid":{"rendered":"https:\/\/www.impera.cat\/qui-sommes-nous\/"},"modified":"2023-07-20T16:50:38","modified_gmt":"2023-07-20T14:50:38","slug":"qui-sommes-nous","status":"publish","type":"page","link":"https:\/\/impera.cat\/fr\/qui-sommes-nous\/","title":{"rendered":"Qui sommes nous"},"content":{"rendered":"\t\t<div data-elementor-type=\"wp-page\" data-elementor-id=\"6059\" class=\"elementor elementor-6059 elementor-3730\">\n\t\t\t\t\t\t<section class=\" elementor-section elementor-top-section elementor-element elementor-element-e2c38c9 elementor-section-boxed elementor-section-height-default elementor-section-height-default\" data-id=\"e2c38c9\" data-element_type=\"section\" data-e-type=\"section\">\r\n\t\t\t\t\t\t\t\t<div class=\"elementor-container elementor-column-gap-default\">\r\n\t\t\t\t\r\n\t\t\t\t\t\t\t\t<div class=\" elementor-column elementor-col-100 elementor-top-column elementor-element elementor-element-341be5e \" data-id=\"341be5e\" data-element_type=\"column\" data-e-type=\"column\">\r\n\r\n\t\t\t\t\r\n\t\t\t\t<div class=\"elementor-widget-wrap elementor-element-populated\">\r\n\t\t\t\t\t\t\t\t\t\t\r\n\t\t\t\t\t\t<div class=\"elementor-element elementor-element-6b571ee elementor-widget elementor-widget-heading\" data-id=\"6b571ee\" data-element_type=\"widget\" data-e-type=\"widget\" data-widget_type=\"heading.default\">\n\t\t\t\t<div class=\"elementor-widget-container\">\n\t\t\t\t\t<h1 class=\"elementor-heading-title elementor-size-default\">Impera Imperm\u00e9abilisation<\/h1>\t\t\t\t<\/div>\n\t\t\t\t<\/div>\n\t\t\t\t\t\t<\/div>\r\n\t\t\t\t<\/div>\r\n\t\t\t\t\t\t\t\t<\/div>\r\n\t\t\t<\/section>\r\n\t\t\t\t\t<section class=\" elementor-section elementor-top-section elementor-element elementor-element-81bb188 elementor-section-boxed elementor-section-height-default elementor-section-height-default\" data-id=\"81bb188\" data-element_type=\"section\" data-e-type=\"section\">\r\n\t\t\t\t\t\t\t\t<div class=\"elementor-container elementor-column-gap-default\">\r\n\t\t\t\t\r\n\t\t\t\t\t\t\t\t<div class=\" elementor-column elementor-col-50 elementor-top-column elementor-element elementor-element-180fcfd \" data-id=\"180fcfd\" data-element_type=\"column\" data-e-type=\"column\">\r\n\r\n\t\t\t\t\r\n\t\t\t\t<div class=\"elementor-widget-wrap elementor-element-populated\">\r\n\t\t\t\t\t\t\t\t\t\t\r\n\t\t\t\t\t\t<div class=\"elementor-element elementor-element-be3b222 elementor-widget elementor-widget-image-gallery\" data-id=\"be3b222\" data-element_type=\"widget\" data-e-type=\"widget\" data-widget_type=\"image-gallery.default\">\n\t\t\t\t<div class=\"elementor-widget-container\">\n\t\t\t\t\t\t\t<div class=\"elementor-image-gallery\">\n\t\t\t<div id='gallery-1' class='gallery galleryid-6059 gallery-columns-2 gallery-size-alpha-thumb-custom-1'><figure class='gallery-item'>\n\t\t\t<div class='gallery-icon landscape'>\n\t\t\t\t<a data-elementor-open-lightbox=\"yes\" data-elementor-lightbox-slideshow=\"be3b222\" data-elementor-lightbox-title=\"oficina-impera-1\" data-e-action-hash=\"#elementor-action%3Aaction%3Dlightbox%26settings%3DeyJpZCI6NDkzNywidXJsIjoiaHR0cHM6XC9cL2ltcGVyYS5jYXRcL3dwLWNvbnRlbnRcL3VwbG9hZHNcLzIwMjJcLzA2XC9vZmljaW5hLWltcGVyYS0xLmpwZyIsInNsaWRlc2hvdyI6ImJlM2IyMjIifQ%3D%3D\" href='https:\/\/impera.cat\/wp-content\/uploads\/2022\/06\/oficina-impera-1.jpg'><img fetchpriority=\"high\" decoding=\"async\" width=\"780\" height=\"408\" src=\"https:\/\/impera.cat\/wp-content\/uploads\/2022\/06\/oficina-impera-1-780x408.jpg\" class=\"attachment-alpha-thumb-custom-1 size-alpha-thumb-custom-1\" alt=\"\" \/><\/a>\n\t\t\t<\/div><\/figure><figure class='gallery-item'>\n\t\t\t<div class='gallery-icon landscape'>\n\t\t\t\t<a data-elementor-open-lightbox=\"yes\" data-elementor-lightbox-slideshow=\"be3b222\" data-elementor-lightbox-title=\"oficina-impera-2\" data-e-action-hash=\"#elementor-action%3Aaction%3Dlightbox%26settings%3DeyJpZCI6NDk0MSwidXJsIjoiaHR0cHM6XC9cL2ltcGVyYS5jYXRcL3dwLWNvbnRlbnRcL3VwbG9hZHNcLzIwMjJcLzA2XC9vZmljaW5hLWltcGVyYS0yLmpwZyIsInNsaWRlc2hvdyI6ImJlM2IyMjIifQ%3D%3D\" href='https:\/\/impera.cat\/wp-content\/uploads\/2022\/06\/oficina-impera-2.jpg'><img decoding=\"async\" width=\"780\" height=\"408\" src=\"https:\/\/impera.cat\/wp-content\/uploads\/2022\/06\/oficina-impera-2-780x408.jpg\" class=\"attachment-alpha-thumb-custom-1 size-alpha-thumb-custom-1\" alt=\"\" \/><\/a>\n\t\t\t<\/div><\/figure>\n\t\t<\/div>\n\t\t<\/div>\n\t\t\t\t\t\t<\/div>\n\t\t\t\t<\/div>\n\t\t\t\t\t\t<\/div>\r\n\t\t\t\t<\/div>\r\n\t\t\t\t\t\t\t\t\t<div class=\" elementor-column elementor-col-50 elementor-top-column elementor-element elementor-element-042a8d3 \" data-id=\"042a8d3\" data-element_type=\"column\" data-e-type=\"column\">\r\n\r\n\t\t\t\t\r\n\t\t\t\t<div class=\"elementor-widget-wrap elementor-element-populated\">\r\n\t\t\t\t\t\t\t\t\t\t\r\n\t\t\t\t\t\t<div class=\"elementor-element elementor-element-461b2921 elementor-widget elementor-widget-text-editor\" data-id=\"461b2921\" data-element_type=\"widget\" data-e-type=\"widget\" data-widget_type=\"text-editor.default\">\n\t\t\t\t<div class=\"elementor-widget-container\">\n\t\t\t\t\t\t\t\t\t<p><strong>\u00c9tanch\u00e9it\u00e9 et isolation thermique et acoustique<\/strong> depuis 1997 avec une couverture dans toute la Catalogne, et sporadiquement dans l&rsquo;\u00c9tat espagnol et en France, r\u00e9alisant des travaux de construction neuve, des travaux publics ainsi que des r\u00e9habilitations de toutes sortes, car nous avons des collaborateurs et notre propre personnel de pleine confiance pour mener \u00e0 bien les travaux de du d\u00e9but \u00e0 la fin (Paleter\u00eda, plomberie, peinture&#8230;) afin de minimiser les inconv\u00e9nients pour le client.<\/p>\n\t\t\t\t\t\t\t\t<\/div>\n\t\t\t\t<\/div>\n\t\t\t\t\t\t<\/div>\r\n\t\t\t\t<\/div>\r\n\t\t\t\t\t\t\t\t<\/div>\r\n\t\t\t<\/section>\r\n\t\t\t\t\t<\/div>\n\t\t","protected":false},"excerpt":{"rendered":"<p>Impera Imperm\u00e9abilisation \u00c9tanch\u00e9it\u00e9 et isolation thermique et acoustique depuis 1997 avec une couverture dans toute la Catalogne, et sporadiquement dans l&rsquo;\u00c9tat espagnol et en France, r\u00e9alisant des travaux de construction neuve, des travaux publics ainsi que des r\u00e9habilitations de toutes sortes, car nous avons des collaborateurs et notre propre personnel de pleine confiance pour mener [&hellip;]<\/p>\n","protected":false},"author":1,"featured_media":0,"parent":0,"menu_order":0,"comment_status":"closed","ping_status":"closed","template":"","meta":{"_acf_changed":false,"footnotes":""},"class_list":["post-6059","page","type-page","status-publish","hentry"],"acf":[],"yoast_head":"<!-- This site is optimized with the Yoast SEO plugin v27.3 - https:\/\/yoast.com\/product\/yoast-seo-wordpress\/ -->\n<title>Qui sommes nous - IMPERA - Impermeabilitzacions i a\u00efllaments d&#039;obra nova, Rehabilitacions<\/title>\n<meta name=\"robots\" content=\"index, follow, max-snippet:-1, max-image-preview:large, max-video-preview:-1\" \/>\n<link rel=\"canonical\" href=\"https:\/\/impera.cat\/fr\/qui-sommes-nous\/\" \/>\n<meta property=\"og:locale\" content=\"fr_FR\" \/>\n<meta property=\"og:type\" content=\"article\" \/>\n<meta property=\"og:title\" content=\"Qui sommes nous - IMPERA - Impermeabilitzacions i a\u00efllaments d&#039;obra nova, Rehabilitacions\" \/>\n<meta property=\"og:description\" content=\"Impera Imperm\u00e9abilisation \u00c9tanch\u00e9it\u00e9 et isolation thermique et acoustique depuis 1997 avec une couverture dans toute la Catalogne, et sporadiquement dans l&rsquo;\u00c9tat espagnol et en France, r\u00e9alisant des travaux de construction neuve, des travaux publics ainsi que des r\u00e9habilitations de toutes sortes, car nous avons des collaborateurs et notre propre personnel de pleine confiance pour mener [&hellip;]\" \/>\n<meta property=\"og:url\" content=\"https:\/\/impera.cat\/fr\/qui-sommes-nous\/\" \/>\n<meta property=\"og:site_name\" content=\"IMPERA - Impermeabilitzacions i a\u00efllaments d&#039;obra nova, Rehabilitacions\" \/>\n<meta property=\"article:publisher\" content=\"https:\/\/www.facebook.com\/profile.php?id=100063922969722\" \/>\n<meta property=\"og:image\" content=\"https:\/\/impera.cat\/wp-content\/uploads\/2022\/06\/oficina-impera-1-780x408.jpg\" \/>\n<meta name=\"twitter:card\" content=\"summary_large_image\" \/>\n<meta name=\"twitter:site\" content=\"@impera_cat\" \/>\n<script type=\"application\/ld+json\" class=\"yoast-schema-graph\">{\"@context\":\"https:\\\/\\\/schema.org\",\"@graph\":[{\"@type\":\"WebPage\",\"@id\":\"https:\\\/\\\/impera.cat\\\/fr\\\/qui-sommes-nous\\\/\",\"url\":\"https:\\\/\\\/impera.cat\\\/fr\\\/qui-sommes-nous\\\/\",\"name\":\"Qui sommes nous - IMPERA - Impermeabilitzacions i a\u00efllaments d&#039;obra nova, Rehabilitacions\",\"isPartOf\":{\"@id\":\"https:\\\/\\\/impera.cat\\\/fr\\\/#website\"},\"primaryImageOfPage\":{\"@id\":\"https:\\\/\\\/impera.cat\\\/fr\\\/qui-sommes-nous\\\/#primaryimage\"},\"image\":{\"@id\":\"https:\\\/\\\/impera.cat\\\/fr\\\/qui-sommes-nous\\\/#primaryimage\"},\"thumbnailUrl\":\"https:\\\/\\\/impera.cat\\\/wp-content\\\/uploads\\\/2022\\\/06\\\/oficina-impera-1-780x408.jpg\",\"datePublished\":\"2025-04-16T07:32:01+00:00\",\"breadcrumb\":{\"@id\":\"https:\\\/\\\/impera.cat\\\/fr\\\/qui-sommes-nous\\\/#breadcrumb\"},\"inLanguage\":\"fr-FR\",\"potentialAction\":[{\"@type\":\"ReadAction\",\"target\":[\"https:\\\/\\\/impera.cat\\\/fr\\\/qui-sommes-nous\\\/\"]}]},{\"@type\":\"ImageObject\",\"inLanguage\":\"fr-FR\",\"@id\":\"https:\\\/\\\/impera.cat\\\/fr\\\/qui-sommes-nous\\\/#primaryimage\",\"url\":\"https:\\\/\\\/impera.cat\\\/wp-content\\\/uploads\\\/2022\\\/06\\\/oficina-impera-1-780x408.jpg\",\"contentUrl\":\"https:\\\/\\\/impera.cat\\\/wp-content\\\/uploads\\\/2022\\\/06\\\/oficina-impera-1-780x408.jpg\"},{\"@type\":\"BreadcrumbList\",\"@id\":\"https:\\\/\\\/impera.cat\\\/fr\\\/qui-sommes-nous\\\/#breadcrumb\",\"itemListElement\":[{\"@type\":\"ListItem\",\"position\":1,\"name\":\"Inici\",\"item\":\"https:\\\/\\\/impera.cat\\\/fr\\\/\"},{\"@type\":\"ListItem\",\"position\":2,\"name\":\"Qui sommes nous\"}]},{\"@type\":\"WebSite\",\"@id\":\"https:\\\/\\\/impera.cat\\\/fr\\\/#website\",\"url\":\"https:\\\/\\\/impera.cat\\\/fr\\\/\",\"name\":\"IMPERA - Impermeabilitzacions i a\u00efllaments d'obra nova, Rehabilitacions\",\"description\":\"Impermeabilitzacions i a\u00efllaments d&#039;obra nova, Rehabilitacions\",\"publisher\":{\"@id\":\"https:\\\/\\\/impera.cat\\\/fr\\\/#organization\"},\"potentialAction\":[{\"@type\":\"SearchAction\",\"target\":{\"@type\":\"EntryPoint\",\"urlTemplate\":\"https:\\\/\\\/impera.cat\\\/fr\\\/?s={search_term_string}\"},\"query-input\":{\"@type\":\"PropertyValueSpecification\",\"valueRequired\":true,\"valueName\":\"search_term_string\"}}],\"inLanguage\":\"fr-FR\"},{\"@type\":\"Organization\",\"@id\":\"https:\\\/\\\/impera.cat\\\/fr\\\/#organization\",\"name\":\"IMPERA - Impermeabilitzacions i a\u00efllaments d'obra nova, Rehabilitacions\",\"url\":\"https:\\\/\\\/impera.cat\\\/fr\\\/\",\"logo\":{\"@type\":\"ImageObject\",\"inLanguage\":\"fr-FR\",\"@id\":\"https:\\\/\\\/impera.cat\\\/fr\\\/#\\\/schema\\\/logo\\\/image\\\/\",\"url\":\"https:\\\/\\\/impera.cat\\\/wp-content\\\/uploads\\\/2021\\\/10\\\/cropped-IMPERA-LOGO1-260x108-1.png\",\"contentUrl\":\"https:\\\/\\\/impera.cat\\\/wp-content\\\/uploads\\\/2021\\\/10\\\/cropped-IMPERA-LOGO1-260x108-1.png\",\"width\":260,\"height\":108,\"caption\":\"IMPERA - Impermeabilitzacions i a\u00efllaments d'obra nova, Rehabilitacions\"},\"image\":{\"@id\":\"https:\\\/\\\/impera.cat\\\/fr\\\/#\\\/schema\\\/logo\\\/image\\\/\"},\"sameAs\":[\"https:\\\/\\\/www.facebook.com\\\/profile.php?id=100063922969722\",\"https:\\\/\\\/x.com\\\/impera_cat\",\"https:\\\/\\\/www.instagram.com\\\/impera.cat\\\/\",\"https:\\\/\\\/www.linkedin.com\\\/company\\\/impera-cat\\\/\"]}]}<\/script>\n<!-- \/ Yoast SEO plugin. -->","yoast_head_json":{"title":"Qui sommes nous - IMPERA - Impermeabilitzacions i a\u00efllaments d&#039;obra nova, Rehabilitacions","robots":{"index":"index","follow":"follow","max-snippet":"max-snippet:-1","max-image-preview":"max-image-preview:large","max-video-preview":"max-video-preview:-1"},"canonical":"https:\/\/impera.cat\/fr\/qui-sommes-nous\/","og_locale":"fr_FR","og_type":"article","og_title":"Qui sommes nous - IMPERA - Impermeabilitzacions i a\u00efllaments d&#039;obra nova, Rehabilitacions","og_description":"Impera Imperm\u00e9abilisation \u00c9tanch\u00e9it\u00e9 et isolation thermique et acoustique depuis 1997 avec une couverture dans toute la Catalogne, et sporadiquement dans l&rsquo;\u00c9tat espagnol et en France, r\u00e9alisant des travaux de construction neuve, des travaux publics ainsi que des r\u00e9habilitations de toutes sortes, car nous avons des collaborateurs et notre propre personnel de pleine confiance pour mener [&hellip;]","og_url":"https:\/\/impera.cat\/fr\/qui-sommes-nous\/","og_site_name":"IMPERA - Impermeabilitzacions i a\u00efllaments d&#039;obra nova, Rehabilitacions","article_publisher":"https:\/\/www.facebook.com\/profile.php?id=100063922969722","og_image":[{"url":"https:\/\/impera.cat\/wp-content\/uploads\/2022\/06\/oficina-impera-1-780x408.jpg","type":"","width":"","height":""}],"twitter_card":"summary_large_image","twitter_site":"@impera_cat","schema":{"@context":"https:\/\/schema.org","@graph":[{"@type":"WebPage","@id":"https:\/\/impera.cat\/fr\/qui-sommes-nous\/","url":"https:\/\/impera.cat\/fr\/qui-sommes-nous\/","name":"Qui sommes nous - IMPERA - Impermeabilitzacions i a\u00efllaments d&#039;obra nova, Rehabilitacions","isPartOf":{"@id":"https:\/\/impera.cat\/fr\/#website"},"primaryImageOfPage":{"@id":"https:\/\/impera.cat\/fr\/qui-sommes-nous\/#primaryimage"},"image":{"@id":"https:\/\/impera.cat\/fr\/qui-sommes-nous\/#primaryimage"},"thumbnailUrl":"https:\/\/impera.cat\/wp-content\/uploads\/2022\/06\/oficina-impera-1-780x408.jpg","datePublished":"2025-04-16T07:32:01+00:00","breadcrumb":{"@id":"https:\/\/impera.cat\/fr\/qui-sommes-nous\/#breadcrumb"},"inLanguage":"fr-FR","potentialAction":[{"@type":"ReadAction","target":["https:\/\/impera.cat\/fr\/qui-sommes-nous\/"]}]},{"@type":"ImageObject","inLanguage":"fr-FR","@id":"https:\/\/impera.cat\/fr\/qui-sommes-nous\/#primaryimage","url":"https:\/\/impera.cat\/wp-content\/uploads\/2022\/06\/oficina-impera-1-780x408.jpg","contentUrl":"https:\/\/impera.cat\/wp-content\/uploads\/2022\/06\/oficina-impera-1-780x408.jpg"},{"@type":"BreadcrumbList","@id":"https:\/\/impera.cat\/fr\/qui-sommes-nous\/#breadcrumb","itemListElement":[{"@type":"ListItem","position":1,"name":"Inici","item":"https:\/\/impera.cat\/fr\/"},{"@type":"ListItem","position":2,"name":"Qui sommes nous"}]},{"@type":"WebSite","@id":"https:\/\/impera.cat\/fr\/#website","url":"https:\/\/impera.cat\/fr\/","name":"IMPERA - Impermeabilitzacions i a\u00efllaments d'obra nova, Rehabilitacions","description":"Impermeabilitzacions i a\u00efllaments d&#039;obra nova, Rehabilitacions","publisher":{"@id":"https:\/\/impera.cat\/fr\/#organization"},"potentialAction":[{"@type":"SearchAction","target":{"@type":"EntryPoint","urlTemplate":"https:\/\/impera.cat\/fr\/?s={search_term_string}"},"query-input":{"@type":"PropertyValueSpecification","valueRequired":true,"valueName":"search_term_string"}}],"inLanguage":"fr-FR"},{"@type":"Organization","@id":"https:\/\/impera.cat\/fr\/#organization","name":"IMPERA - Impermeabilitzacions i a\u00efllaments d'obra nova, Rehabilitacions","url":"https:\/\/impera.cat\/fr\/","logo":{"@type":"ImageObject","inLanguage":"fr-FR","@id":"https:\/\/impera.cat\/fr\/#\/schema\/logo\/image\/","url":"https:\/\/impera.cat\/wp-content\/uploads\/2021\/10\/cropped-IMPERA-LOGO1-260x108-1.png","contentUrl":"https:\/\/impera.cat\/wp-content\/uploads\/2021\/10\/cropped-IMPERA-LOGO1-260x108-1.png","width":260,"height":108,"caption":"IMPERA - Impermeabilitzacions i a\u00efllaments d'obra nova, Rehabilitacions"},"image":{"@id":"https:\/\/impera.cat\/fr\/#\/schema\/logo\/image\/"},"sameAs":["https:\/\/www.facebook.com\/profile.php?id=100063922969722","https:\/\/x.com\/impera_cat","https:\/\/www.instagram.com\/impera.cat\/","https:\/\/www.linkedin.com\/company\/impera-cat\/"]}]}},"_links":{"self":[{"href":"https:\/\/impera.cat\/fr\/wp-json\/wp\/v2\/pages\/6059","targetHints":{"allow":["GET"]}}],"collection":[{"href":"https:\/\/impera.cat\/fr\/wp-json\/wp\/v2\/pages"}],"about":[{"href":"https:\/\/impera.cat\/fr\/wp-json\/wp\/v2\/types\/page"}],"author":[{"embeddable":true,"href":"https:\/\/impera.cat\/fr\/wp-json\/wp\/v2\/users\/1"}],"replies":[{"embeddable":true,"href":"https:\/\/impera.cat\/fr\/wp-json\/wp\/v2\/comments?post=6059"}],"version-history":[{"count":3,"href":"https:\/\/impera.cat\/fr\/wp-json\/wp\/v2\/pages\/6059\/revisions"}],"predecessor-version":[{"id":6645,"href":"https:\/\/impera.cat\/fr\/wp-json\/wp\/v2\/pages\/6059\/revisions\/6645"}],"wp:attachment":[{"href":"https:\/\/impera.cat\/fr\/wp-json\/wp\/v2\/media?parent=6059"}],"curies":[{"name":"wp","href":"https:\/\/api.w.org\/{rel}","templated":true}]}}