{"id":6050,"date":"2025-04-14T10:26:57","date_gmt":"2025-04-14T08:26:57","guid":{"rendered":"https:\/\/www.impera.cat\/politique-de-cookies\/"},"modified":"2023-07-17T11:43:16","modified_gmt":"2023-07-17T09:43:16","slug":"politique-de-cookies","status":"publish","type":"page","link":"https:\/\/impera.cat\/fr\/politique-de-cookies\/","title":{"rendered":"Politique de cookies"},"content":{"rendered":"\t\t<div data-elementor-type=\"wp-page\" data-elementor-id=\"6050\" class=\"elementor elementor-6050 elementor-4870\">\n\t\t\t\t\t\t<section class=\" elementor-section elementor-top-section elementor-element elementor-element-0b5ae41 elementor-section-boxed elementor-section-height-default elementor-section-height-default\" data-id=\"0b5ae41\" data-element_type=\"section\" data-e-type=\"section\">\r\n\t\t\t\t\t\t\t\t<div class=\"elementor-container elementor-column-gap-default\">\r\n\t\t\t\t\r\n\t\t\t\t\t\t\t\t<div class=\" elementor-column elementor-col-100 elementor-top-column elementor-element elementor-element-458b3da \" data-id=\"458b3da\" data-element_type=\"column\" data-e-type=\"column\">\r\n\r\n\t\t\t\t\r\n\t\t\t\t<div class=\"elementor-widget-wrap elementor-element-populated\">\r\n\t\t\t\t\t\t\t\t\t\t\r\n\t\t\t\t\t\t<div class=\"elementor-element elementor-element-0f5eac8 elementor-widget elementor-widget-text-editor\" data-id=\"0f5eac8\" data-element_type=\"widget\" data-e-type=\"widget\" data-widget_type=\"text-editor.default\">\n\t\t\t\t<div class=\"elementor-widget-container\">\n\t\t\t\t\t\t\t\t\t<p>Nous utilisons des cookies pour faciliter l&rsquo;utilisation de notre site Web. Les cookies sont de petits fichiers d&rsquo;informations qui nous permettent de comparer et de comprendre comment nos utilisateurs naviguent sur notre site Web, et ainsi de pouvoir am\u00e9liorer en cons\u00e9quence le processus de navigation. <br>Les cookies que nous utilisons ne stockent aucune donn\u00e9e personnelle, ni aucune information permettant de vous identifier. Si vous ne souhaitez pas recevoir de cookies, veuillez configurer votre navigateur Internet pour les supprimer du disque dur de votre ordinateur, les bloquer ou vous avertir lors de leur installation. Pour continuer sans modifier la configuration des cookies, il vous suffit de continuer sur la page Web.  <\/p>\n<p>Vous pouvez obtenir plus d&rsquo;informations sur les cookies et leur utilisation sur www.aboutcookies.org.<\/p>\n<p>Les types de cookies que nous utilisons :<\/p>\n<p><b>Cookies strictement n\u00e9cessaires :<\/b><\/p>\n<p>Ces cookies sont n\u00e9cessaires \u00e0 l&rsquo;utilisation correcte de la page Web, permettant l&rsquo;acc\u00e8s aux sections dot\u00e9es de filtres de s\u00e9curit\u00e9. Sans ces cookies, de nombreux services disponibles ne seraient pas op\u00e9rationnels. <\/p>\n<p><b>Cookies de navigation :<\/b><\/p>\n<p>Ces cookies recueillent des informations sur l&rsquo;utilisation que les visiteurs font du site Web, par exemple les pages consult\u00e9es, les erreurs de chargement&#8230; Il s&rsquo;agit d&rsquo;informations g\u00e9n\u00e9riques et anonymes, o\u00f9 aucune donn\u00e9e n&rsquo;est incluse.<br>des informations personnelles, ni des informations collect\u00e9es permettant d&rsquo;identifier les visiteurs ; le but ultime \u00e9tant d&rsquo;am\u00e9liorer le fonctionnement du web.<br>En visitant notre site internet, vous acceptez l&rsquo;installation de ces cookies sur votre terminal.<\/p>\n<p><b>Cookies fonctionnels :<\/b><\/p>\n<p>Ces cookies permettent de m\u00e9moriser des informations (telles que votre nom d&rsquo;utilisateur, votre langue ou la r\u00e9gion dans laquelle vous vous trouvez) et des caract\u00e9ristiques plus personnelles. Par exemple, la possibilit\u00e9 de proposer un contenu personnalis\u00e9 en fonction d&rsquo;informations et de crit\u00e8res que vous avez volontairement fournis. Ces cookies peuvent \u00e9galement \u00eatre utilis\u00e9s pour m\u00e9moriser les modifications apport\u00e9es \u00e0 la taille du texte, aux polices et \u00e0 d&rsquo;autres parties personnalisables de la page Web. Ils sont \u00e9galement utilis\u00e9s pour fournir certains services demand\u00e9s, comme regarder une vid\u00e9o ou commenter un blog. Les informations collect\u00e9es par ces cookies peuvent \u00eatre anonymes et votre activit\u00e9 sur d&rsquo;autres pages Web ne peut pas \u00eatre suivie.    <br>En visitant notre site internet, vous acceptez l&rsquo;installation de ces cookies sur votre terminal.<\/p>\t\t\t\t\t\t\t\t<\/div>\n\t\t\t\t<\/div>\n\t\t\t\t\t\t<\/div>\r\n\t\t\t\t<\/div>\r\n\t\t\t\t\t\t\t\t<\/div>\r\n\t\t\t<\/section>\r\n\t\t\t\t\t<\/div>\n\t\t","protected":false},"excerpt":{"rendered":"<p>Nous utilisons des cookies pour faciliter l&rsquo;utilisation de notre site Web. Les cookies sont de petits fichiers d&rsquo;informations qui nous permettent de comparer et de comprendre comment nos utilisateurs naviguent sur notre site Web, et ainsi de pouvoir am\u00e9liorer en cons\u00e9quence le processus de navigation. Les cookies que nous utilisons ne stockent aucune donn\u00e9e personnelle, [&hellip;]<\/p>\n","protected":false},"author":1,"featured_media":0,"parent":0,"menu_order":0,"comment_status":"closed","ping_status":"closed","template":"","meta":{"_acf_changed":false,"footnotes":""},"class_list":["post-6050","page","type-page","status-publish","hentry"],"acf":[],"yoast_head":"<!-- This site is optimized with the Yoast SEO plugin v27.3 - https:\/\/yoast.com\/product\/yoast-seo-wordpress\/ -->\n<title>Politique de cookies - IMPERA - Impermeabilitzacions i a\u00efllaments d&#039;obra nova, Rehabilitacions<\/title>\n<meta name=\"robots\" content=\"index, follow, max-snippet:-1, max-image-preview:large, max-video-preview:-1\" \/>\n<link rel=\"canonical\" href=\"https:\/\/impera.cat\/fr\/politique-de-cookies\/\" \/>\n<meta property=\"og:locale\" content=\"fr_FR\" \/>\n<meta property=\"og:type\" content=\"article\" \/>\n<meta property=\"og:title\" content=\"Politique de cookies - IMPERA - Impermeabilitzacions i a\u00efllaments d&#039;obra nova, Rehabilitacions\" \/>\n<meta property=\"og:description\" content=\"Nous utilisons des cookies pour faciliter l&rsquo;utilisation de notre site Web. Les cookies sont de petits fichiers d&rsquo;informations qui nous permettent de comparer et de comprendre comment nos utilisateurs naviguent sur notre site Web, et ainsi de pouvoir am\u00e9liorer en cons\u00e9quence le processus de navigation. Les cookies que nous utilisons ne stockent aucune donn\u00e9e personnelle, [&hellip;]\" \/>\n<meta property=\"og:url\" content=\"https:\/\/impera.cat\/fr\/politique-de-cookies\/\" \/>\n<meta property=\"og:site_name\" content=\"IMPERA - Impermeabilitzacions i a\u00efllaments d&#039;obra nova, Rehabilitacions\" \/>\n<meta property=\"article:publisher\" content=\"https:\/\/www.facebook.com\/profile.php?id=100063922969722\" \/>\n<meta name=\"twitter:card\" content=\"summary_large_image\" \/>\n<meta name=\"twitter:site\" content=\"@impera_cat\" \/>\n<meta name=\"twitter:label1\" content=\"Dur\u00e9e de lecture estim\u00e9e\" \/>\n\t<meta name=\"twitter:data1\" content=\"2 minutes\" \/>\n<script type=\"application\/ld+json\" class=\"yoast-schema-graph\">{\"@context\":\"https:\\\/\\\/schema.org\",\"@graph\":[{\"@type\":\"WebPage\",\"@id\":\"https:\\\/\\\/impera.cat\\\/fr\\\/politique-de-cookies\\\/\",\"url\":\"https:\\\/\\\/impera.cat\\\/fr\\\/politique-de-cookies\\\/\",\"name\":\"Politique de cookies - IMPERA - Impermeabilitzacions i a\u00efllaments d&#039;obra nova, Rehabilitacions\",\"isPartOf\":{\"@id\":\"https:\\\/\\\/impera.cat\\\/fr\\\/#website\"},\"datePublished\":\"2025-04-14T08:26:57+00:00\",\"breadcrumb\":{\"@id\":\"https:\\\/\\\/impera.cat\\\/fr\\\/politique-de-cookies\\\/#breadcrumb\"},\"inLanguage\":\"fr-FR\",\"potentialAction\":[{\"@type\":\"ReadAction\",\"target\":[\"https:\\\/\\\/impera.cat\\\/fr\\\/politique-de-cookies\\\/\"]}]},{\"@type\":\"BreadcrumbList\",\"@id\":\"https:\\\/\\\/impera.cat\\\/fr\\\/politique-de-cookies\\\/#breadcrumb\",\"itemListElement\":[{\"@type\":\"ListItem\",\"position\":1,\"name\":\"Inici\",\"item\":\"https:\\\/\\\/impera.cat\\\/fr\\\/\"},{\"@type\":\"ListItem\",\"position\":2,\"name\":\"Politique de cookies\"}]},{\"@type\":\"WebSite\",\"@id\":\"https:\\\/\\\/impera.cat\\\/fr\\\/#website\",\"url\":\"https:\\\/\\\/impera.cat\\\/fr\\\/\",\"name\":\"IMPERA - Impermeabilitzacions i a\u00efllaments d'obra nova, Rehabilitacions\",\"description\":\"Impermeabilitzacions i a\u00efllaments d&#039;obra nova, Rehabilitacions\",\"publisher\":{\"@id\":\"https:\\\/\\\/impera.cat\\\/fr\\\/#organization\"},\"potentialAction\":[{\"@type\":\"SearchAction\",\"target\":{\"@type\":\"EntryPoint\",\"urlTemplate\":\"https:\\\/\\\/impera.cat\\\/fr\\\/?s={search_term_string}\"},\"query-input\":{\"@type\":\"PropertyValueSpecification\",\"valueRequired\":true,\"valueName\":\"search_term_string\"}}],\"inLanguage\":\"fr-FR\"},{\"@type\":\"Organization\",\"@id\":\"https:\\\/\\\/impera.cat\\\/fr\\\/#organization\",\"name\":\"IMPERA - Impermeabilitzacions i a\u00efllaments d'obra nova, Rehabilitacions\",\"url\":\"https:\\\/\\\/impera.cat\\\/fr\\\/\",\"logo\":{\"@type\":\"ImageObject\",\"inLanguage\":\"fr-FR\",\"@id\":\"https:\\\/\\\/impera.cat\\\/fr\\\/#\\\/schema\\\/logo\\\/image\\\/\",\"url\":\"https:\\\/\\\/impera.cat\\\/wp-content\\\/uploads\\\/2021\\\/10\\\/cropped-IMPERA-LOGO1-260x108-1.png\",\"contentUrl\":\"https:\\\/\\\/impera.cat\\\/wp-content\\\/uploads\\\/2021\\\/10\\\/cropped-IMPERA-LOGO1-260x108-1.png\",\"width\":260,\"height\":108,\"caption\":\"IMPERA - Impermeabilitzacions i a\u00efllaments d'obra nova, Rehabilitacions\"},\"image\":{\"@id\":\"https:\\\/\\\/impera.cat\\\/fr\\\/#\\\/schema\\\/logo\\\/image\\\/\"},\"sameAs\":[\"https:\\\/\\\/www.facebook.com\\\/profile.php?id=100063922969722\",\"https:\\\/\\\/x.com\\\/impera_cat\",\"https:\\\/\\\/www.instagram.com\\\/impera.cat\\\/\",\"https:\\\/\\\/www.linkedin.com\\\/company\\\/impera-cat\\\/\"]}]}<\/script>\n<!-- \/ Yoast SEO plugin. -->","yoast_head_json":{"title":"Politique de cookies - IMPERA - Impermeabilitzacions i a\u00efllaments d&#039;obra nova, Rehabilitacions","robots":{"index":"index","follow":"follow","max-snippet":"max-snippet:-1","max-image-preview":"max-image-preview:large","max-video-preview":"max-video-preview:-1"},"canonical":"https:\/\/impera.cat\/fr\/politique-de-cookies\/","og_locale":"fr_FR","og_type":"article","og_title":"Politique de cookies - IMPERA - Impermeabilitzacions i a\u00efllaments d&#039;obra nova, Rehabilitacions","og_description":"Nous utilisons des cookies pour faciliter l&rsquo;utilisation de notre site Web. Les cookies sont de petits fichiers d&rsquo;informations qui nous permettent de comparer et de comprendre comment nos utilisateurs naviguent sur notre site Web, et ainsi de pouvoir am\u00e9liorer en cons\u00e9quence le processus de navigation. Les cookies que nous utilisons ne stockent aucune donn\u00e9e personnelle, [&hellip;]","og_url":"https:\/\/impera.cat\/fr\/politique-de-cookies\/","og_site_name":"IMPERA - Impermeabilitzacions i a\u00efllaments d&#039;obra nova, Rehabilitacions","article_publisher":"https:\/\/www.facebook.com\/profile.php?id=100063922969722","twitter_card":"summary_large_image","twitter_site":"@impera_cat","twitter_misc":{"Dur\u00e9e de lecture estim\u00e9e":"2 minutes"},"schema":{"@context":"https:\/\/schema.org","@graph":[{"@type":"WebPage","@id":"https:\/\/impera.cat\/fr\/politique-de-cookies\/","url":"https:\/\/impera.cat\/fr\/politique-de-cookies\/","name":"Politique de cookies - IMPERA - Impermeabilitzacions i a\u00efllaments d&#039;obra nova, Rehabilitacions","isPartOf":{"@id":"https:\/\/impera.cat\/fr\/#website"},"datePublished":"2025-04-14T08:26:57+00:00","breadcrumb":{"@id":"https:\/\/impera.cat\/fr\/politique-de-cookies\/#breadcrumb"},"inLanguage":"fr-FR","potentialAction":[{"@type":"ReadAction","target":["https:\/\/impera.cat\/fr\/politique-de-cookies\/"]}]},{"@type":"BreadcrumbList","@id":"https:\/\/impera.cat\/fr\/politique-de-cookies\/#breadcrumb","itemListElement":[{"@type":"ListItem","position":1,"name":"Inici","item":"https:\/\/impera.cat\/fr\/"},{"@type":"ListItem","position":2,"name":"Politique de cookies"}]},{"@type":"WebSite","@id":"https:\/\/impera.cat\/fr\/#website","url":"https:\/\/impera.cat\/fr\/","name":"IMPERA - Impermeabilitzacions i a\u00efllaments d'obra nova, Rehabilitacions","description":"Impermeabilitzacions i a\u00efllaments d&#039;obra nova, Rehabilitacions","publisher":{"@id":"https:\/\/impera.cat\/fr\/#organization"},"potentialAction":[{"@type":"SearchAction","target":{"@type":"EntryPoint","urlTemplate":"https:\/\/impera.cat\/fr\/?s={search_term_string}"},"query-input":{"@type":"PropertyValueSpecification","valueRequired":true,"valueName":"search_term_string"}}],"inLanguage":"fr-FR"},{"@type":"Organization","@id":"https:\/\/impera.cat\/fr\/#organization","name":"IMPERA - Impermeabilitzacions i a\u00efllaments d'obra nova, Rehabilitacions","url":"https:\/\/impera.cat\/fr\/","logo":{"@type":"ImageObject","inLanguage":"fr-FR","@id":"https:\/\/impera.cat\/fr\/#\/schema\/logo\/image\/","url":"https:\/\/impera.cat\/wp-content\/uploads\/2021\/10\/cropped-IMPERA-LOGO1-260x108-1.png","contentUrl":"https:\/\/impera.cat\/wp-content\/uploads\/2021\/10\/cropped-IMPERA-LOGO1-260x108-1.png","width":260,"height":108,"caption":"IMPERA - Impermeabilitzacions i a\u00efllaments d'obra nova, Rehabilitacions"},"image":{"@id":"https:\/\/impera.cat\/fr\/#\/schema\/logo\/image\/"},"sameAs":["https:\/\/www.facebook.com\/profile.php?id=100063922969722","https:\/\/x.com\/impera_cat","https:\/\/www.instagram.com\/impera.cat\/","https:\/\/www.linkedin.com\/company\/impera-cat\/"]}]}},"_links":{"self":[{"href":"https:\/\/impera.cat\/fr\/wp-json\/wp\/v2\/pages\/6050","targetHints":{"allow":["GET"]}}],"collection":[{"href":"https:\/\/impera.cat\/fr\/wp-json\/wp\/v2\/pages"}],"about":[{"href":"https:\/\/impera.cat\/fr\/wp-json\/wp\/v2\/types\/page"}],"author":[{"embeddable":true,"href":"https:\/\/impera.cat\/fr\/wp-json\/wp\/v2\/users\/1"}],"replies":[{"embeddable":true,"href":"https:\/\/impera.cat\/fr\/wp-json\/wp\/v2\/comments?post=6050"}],"version-history":[{"count":1,"href":"https:\/\/impera.cat\/fr\/wp-json\/wp\/v2\/pages\/6050\/revisions"}],"predecessor-version":[{"id":6051,"href":"https:\/\/impera.cat\/fr\/wp-json\/wp\/v2\/pages\/6050\/revisions\/6051"}],"wp:attachment":[{"href":"https:\/\/impera.cat\/fr\/wp-json\/wp\/v2\/media?parent=6050"}],"curies":[{"name":"wp","href":"https:\/\/api.w.org\/{rel}","templated":true}]}}