{"id":6031,"date":"2025-04-27T10:24:19","date_gmt":"2025-04-27T08:24:19","guid":{"rendered":"https:\/\/www.impera.cat\/rehabilitation\/systemes-de-detection-de-fuites\/"},"modified":"2023-07-14T16:47:00","modified_gmt":"2023-07-14T14:47:00","slug":"systemes-de-detection-de-fuites","status":"publish","type":"page","link":"https:\/\/impera.cat\/fr\/rehabilitation\/systemes-de-detection-de-fuites\/","title":{"rendered":"Syst\u00e8mes de d\u00e9tection de fuites"},"content":{"rendered":"\t\t<div data-elementor-type=\"wp-page\" data-elementor-id=\"6031\" class=\"elementor elementor-6031 elementor-3994\">\n\t\t\t\t\t\t<section class=\" elementor-section elementor-top-section elementor-element elementor-element-8ebba3c elementor-section-boxed elementor-section-height-default elementor-section-height-default\" data-id=\"8ebba3c\" data-element_type=\"section\" data-e-type=\"section\">\r\n\t\t\t\t\t\t\t\t<div class=\"elementor-container elementor-column-gap-default\">\r\n\t\t\t\t\r\n\t\t\t\t\t\t\t\t<div class=\" elementor-column elementor-col-33 elementor-top-column elementor-element elementor-element-dd463d0 \" data-id=\"dd463d0\" data-element_type=\"column\" data-e-type=\"column\">\r\n\r\n\t\t\t\t\r\n\t\t\t\t<div class=\"elementor-widget-wrap elementor-element-populated\">\r\n\t\t\t\t\t\t\t\t\t\t\r\n\t\t\t\t\t\t<div class=\"elementor-element elementor-element-a5938be animated-slow elementor-invisible elementor-widget elementor-widget-udesign_widget_menu\" data-id=\"a5938be\" data-element_type=\"widget\" data-e-type=\"widget\" data-settings=\"{&quot;_animation&quot;:&quot;fadeIn&quot;}\" data-widget_type=\"udesign_widget_menu.default\">\n\t\t\t\t<div class=\"elementor-widget-container\">\n\t\t\t\t\t<nav class=\" rehabilitacio-menu\"><ul id=\"menu-rehabilitacio-menu-french\" class=\"menu  vertical-menu lazy-menu\"><li id=\"menu-item-6414\" class=\"menu-item menu-item-type-post_type menu-item-object-page menu-item-6414\"><a rel=\"nofollow\" href=\"https:\/\/impera.cat\/fr\/rehabilitation\/systemes-de-detection-de-fuites\/\">Syst\u00e8mes de d\u00e9tection de fuites<\/a><\/li>\n<\/ul><\/nav>\t\t\t\t<\/div>\n\t\t\t\t<\/div>\n\t\t\t\t\t\t<\/div>\r\n\t\t\t\t<\/div>\r\n\t\t\t\t\t\t\t\t\t<div class=\" elementor-column elementor-col-66 elementor-top-column elementor-element elementor-element-4e844c6 \" data-id=\"4e844c6\" data-element_type=\"column\" data-e-type=\"column\">\r\n\r\n\t\t\t\t\r\n\t\t\t\t<div class=\"elementor-widget-wrap elementor-element-populated\">\r\n\t\t\t\t\t\t\t\t\t\t\r\n\t\t\t\t\t\t<div class=\"elementor-element elementor-element-30d5c7b elementor-widget elementor-widget-heading\" data-id=\"30d5c7b\" data-element_type=\"widget\" data-e-type=\"widget\" data-widget_type=\"heading.default\">\n\t\t\t\t<div class=\"elementor-widget-container\">\n\t\t\t\t\t<h2 class=\"elementor-heading-title elementor-size-default\">Syst\u00e8mes de d\u00e9tection de fuites<\/h2>\t\t\t\t<\/div>\n\t\t\t\t<\/div>\n\t\t\t\t<div class=\"elementor-element elementor-element-34a0009 elementor-widget elementor-widget-text-editor\" data-id=\"34a0009\" data-element_type=\"widget\" data-e-type=\"widget\" data-widget_type=\"text-editor.default\">\n\t\t\t\t<div class=\"elementor-widget-container\">\n\t\t\t\t\t\t\t\t\t<p style=\"text-align: justify;\">Des fuites peuvent survenir pour diverses raisons, mais elles peuvent se r\u00e9sumer \u00e0 une mauvaise installation ou application de mat\u00e9riaux (tr\u00e8s fr\u00e9quent), \u00e0 un mat\u00e9riau ou syst\u00e8me inadapt\u00e9, \u00e0 un suremballage du produit ou simplement \u00e0 une erreur constructive. L\u2019intervention d\u2019un technicien expert, qualifi\u00e9 et sp\u00e9cialis\u00e9 est le meilleur moyen de d\u00e9tecter une fuite, \u00e9tonnamment ce type de professionnel n\u2019est pas abondant.<\/p>\n<p style=\"text-align: justify;\">Le Technicien devra inspecter minutieusement et sur place tous les points et causes possibles qui ont caus\u00e9 ces fuites. Vous collecterez des informations \u00e0 la fois du toit et des zones touch\u00e9es et vous devez prendre en compte plusieurs facteurs, \u00e0 partir de l\u00e0, vous ne pouvez utiliser que votre exp\u00e9rience et votre expertise pour parvenir \u00e0 une conclusion et \u00eatre en mesure de fournir la solution la plus appropri\u00e9e dans chaque cas.<\/p>\t\t\t\t\t\t\t\t<\/div>\n\t\t\t\t<\/div>\n\t\t\t\t\t\t<\/div>\r\n\t\t\t\t<\/div>\r\n\t\t\t\t\t\t\t\t<\/div>\r\n\t\t\t<\/section>\r\n\t\t\t\t\t<\/div>\n\t\t","protected":false},"excerpt":{"rendered":"<p>Sistemes de detecci\u00f3 de goteres Syst\u00e8mes de d\u00e9tection de fuites Des fuites peuvent survenir pour diverses raisons, mais elles peuvent se r\u00e9sumer \u00e0 une mauvaise installation ou application de mat\u00e9riaux (tr\u00e8s fr\u00e9quent), \u00e0 un mat\u00e9riau ou syst\u00e8me inadapt\u00e9, \u00e0 un suremballage du produit ou simplement \u00e0 une erreur constructive. L\u2019intervention d\u2019un technicien expert, qualifi\u00e9 et [&hellip;]<\/p>\n","protected":false},"author":1,"featured_media":0,"parent":6023,"menu_order":10,"comment_status":"closed","ping_status":"closed","template":"","meta":{"_acf_changed":false,"footnotes":""},"class_list":["post-6031","page","type-page","status-publish","hentry"],"acf":[],"yoast_head":"<!-- This site is optimized with the Yoast SEO plugin v27.3 - https:\/\/yoast.com\/product\/yoast-seo-wordpress\/ -->\n<title>Syst\u00e8mes de d\u00e9tection de fuites - IMPERA - Impermeabilitzacions i a\u00efllaments d&#039;obra nova, Rehabilitacions<\/title>\n<meta name=\"robots\" content=\"index, follow, max-snippet:-1, max-image-preview:large, max-video-preview:-1\" \/>\n<link rel=\"canonical\" href=\"https:\/\/impera.cat\/fr\/rehabilitation\/systemes-de-detection-de-fuites\/\" \/>\n<meta property=\"og:locale\" content=\"fr_FR\" \/>\n<meta property=\"og:type\" content=\"article\" \/>\n<meta property=\"og:title\" content=\"Syst\u00e8mes de d\u00e9tection de fuites - IMPERA - Impermeabilitzacions i a\u00efllaments d&#039;obra nova, Rehabilitacions\" \/>\n<meta property=\"og:description\" content=\"Sistemes de detecci\u00f3 de goteres Syst\u00e8mes de d\u00e9tection de fuites Des fuites peuvent survenir pour diverses raisons, mais elles peuvent se r\u00e9sumer \u00e0 une mauvaise installation ou application de mat\u00e9riaux (tr\u00e8s fr\u00e9quent), \u00e0 un mat\u00e9riau ou syst\u00e8me inadapt\u00e9, \u00e0 un suremballage du produit ou simplement \u00e0 une erreur constructive. L\u2019intervention d\u2019un technicien expert, qualifi\u00e9 et [&hellip;]\" \/>\n<meta property=\"og:url\" content=\"https:\/\/impera.cat\/fr\/rehabilitation\/systemes-de-detection-de-fuites\/\" \/>\n<meta property=\"og:site_name\" content=\"IMPERA - Impermeabilitzacions i a\u00efllaments d&#039;obra nova, Rehabilitacions\" \/>\n<meta property=\"article:publisher\" content=\"https:\/\/www.facebook.com\/profile.php?id=100063922969722\" \/>\n<meta name=\"twitter:card\" content=\"summary_large_image\" \/>\n<meta name=\"twitter:site\" content=\"@impera_cat\" \/>\n<meta name=\"twitter:label1\" content=\"Dur\u00e9e de lecture estim\u00e9e\" \/>\n\t<meta name=\"twitter:data1\" content=\"1 minute\" \/>\n<script type=\"application\/ld+json\" class=\"yoast-schema-graph\">{\"@context\":\"https:\\\/\\\/schema.org\",\"@graph\":[{\"@type\":\"WebPage\",\"@id\":\"https:\\\/\\\/impera.cat\\\/fr\\\/rehabilitation\\\/systemes-de-detection-de-fuites\\\/\",\"url\":\"https:\\\/\\\/impera.cat\\\/fr\\\/rehabilitation\\\/systemes-de-detection-de-fuites\\\/\",\"name\":\"Syst\u00e8mes de d\u00e9tection de fuites - IMPERA - Impermeabilitzacions i a\u00efllaments d&#039;obra nova, Rehabilitacions\",\"isPartOf\":{\"@id\":\"https:\\\/\\\/impera.cat\\\/fr\\\/#website\"},\"datePublished\":\"2025-04-27T08:24:19+00:00\",\"breadcrumb\":{\"@id\":\"https:\\\/\\\/impera.cat\\\/fr\\\/rehabilitation\\\/systemes-de-detection-de-fuites\\\/#breadcrumb\"},\"inLanguage\":\"fr-FR\",\"potentialAction\":[{\"@type\":\"ReadAction\",\"target\":[\"https:\\\/\\\/impera.cat\\\/fr\\\/rehabilitation\\\/systemes-de-detection-de-fuites\\\/\"]}]},{\"@type\":\"BreadcrumbList\",\"@id\":\"https:\\\/\\\/impera.cat\\\/fr\\\/rehabilitation\\\/systemes-de-detection-de-fuites\\\/#breadcrumb\",\"itemListElement\":[{\"@type\":\"ListItem\",\"position\":1,\"name\":\"Inici\",\"item\":\"https:\\\/\\\/impera.cat\\\/fr\\\/\"},{\"@type\":\"ListItem\",\"position\":2,\"name\":\"R\u00e9habilitation\",\"item\":\"https:\\\/\\\/impera.cat\\\/fr\\\/rehabilitacio\\\/\"},{\"@type\":\"ListItem\",\"position\":3,\"name\":\"Syst\u00e8mes de d\u00e9tection de fuites\"}]},{\"@type\":\"WebSite\",\"@id\":\"https:\\\/\\\/impera.cat\\\/fr\\\/#website\",\"url\":\"https:\\\/\\\/impera.cat\\\/fr\\\/\",\"name\":\"IMPERA - Impermeabilitzacions i a\u00efllaments d'obra nova, Rehabilitacions\",\"description\":\"Impermeabilitzacions i a\u00efllaments d&#039;obra nova, Rehabilitacions\",\"publisher\":{\"@id\":\"https:\\\/\\\/impera.cat\\\/fr\\\/#organization\"},\"potentialAction\":[{\"@type\":\"SearchAction\",\"target\":{\"@type\":\"EntryPoint\",\"urlTemplate\":\"https:\\\/\\\/impera.cat\\\/fr\\\/?s={search_term_string}\"},\"query-input\":{\"@type\":\"PropertyValueSpecification\",\"valueRequired\":true,\"valueName\":\"search_term_string\"}}],\"inLanguage\":\"fr-FR\"},{\"@type\":\"Organization\",\"@id\":\"https:\\\/\\\/impera.cat\\\/fr\\\/#organization\",\"name\":\"IMPERA - Impermeabilitzacions i a\u00efllaments d'obra nova, Rehabilitacions\",\"url\":\"https:\\\/\\\/impera.cat\\\/fr\\\/\",\"logo\":{\"@type\":\"ImageObject\",\"inLanguage\":\"fr-FR\",\"@id\":\"https:\\\/\\\/impera.cat\\\/fr\\\/#\\\/schema\\\/logo\\\/image\\\/\",\"url\":\"https:\\\/\\\/impera.cat\\\/wp-content\\\/uploads\\\/2021\\\/10\\\/cropped-IMPERA-LOGO1-260x108-1.png\",\"contentUrl\":\"https:\\\/\\\/impera.cat\\\/wp-content\\\/uploads\\\/2021\\\/10\\\/cropped-IMPERA-LOGO1-260x108-1.png\",\"width\":260,\"height\":108,\"caption\":\"IMPERA - Impermeabilitzacions i a\u00efllaments d'obra nova, Rehabilitacions\"},\"image\":{\"@id\":\"https:\\\/\\\/impera.cat\\\/fr\\\/#\\\/schema\\\/logo\\\/image\\\/\"},\"sameAs\":[\"https:\\\/\\\/www.facebook.com\\\/profile.php?id=100063922969722\",\"https:\\\/\\\/x.com\\\/impera_cat\",\"https:\\\/\\\/www.instagram.com\\\/impera.cat\\\/\",\"https:\\\/\\\/www.linkedin.com\\\/company\\\/impera-cat\\\/\"]}]}<\/script>\n<!-- \/ Yoast SEO plugin. -->","yoast_head_json":{"title":"Syst\u00e8mes de d\u00e9tection de fuites - IMPERA - Impermeabilitzacions i a\u00efllaments d&#039;obra nova, Rehabilitacions","robots":{"index":"index","follow":"follow","max-snippet":"max-snippet:-1","max-image-preview":"max-image-preview:large","max-video-preview":"max-video-preview:-1"},"canonical":"https:\/\/impera.cat\/fr\/rehabilitation\/systemes-de-detection-de-fuites\/","og_locale":"fr_FR","og_type":"article","og_title":"Syst\u00e8mes de d\u00e9tection de fuites - IMPERA - Impermeabilitzacions i a\u00efllaments d&#039;obra nova, Rehabilitacions","og_description":"Sistemes de detecci\u00f3 de goteres Syst\u00e8mes de d\u00e9tection de fuites Des fuites peuvent survenir pour diverses raisons, mais elles peuvent se r\u00e9sumer \u00e0 une mauvaise installation ou application de mat\u00e9riaux (tr\u00e8s fr\u00e9quent), \u00e0 un mat\u00e9riau ou syst\u00e8me inadapt\u00e9, \u00e0 un suremballage du produit ou simplement \u00e0 une erreur constructive. L\u2019intervention d\u2019un technicien expert, qualifi\u00e9 et [&hellip;]","og_url":"https:\/\/impera.cat\/fr\/rehabilitation\/systemes-de-detection-de-fuites\/","og_site_name":"IMPERA - Impermeabilitzacions i a\u00efllaments d&#039;obra nova, Rehabilitacions","article_publisher":"https:\/\/www.facebook.com\/profile.php?id=100063922969722","twitter_card":"summary_large_image","twitter_site":"@impera_cat","twitter_misc":{"Dur\u00e9e de lecture estim\u00e9e":"1 minute"},"schema":{"@context":"https:\/\/schema.org","@graph":[{"@type":"WebPage","@id":"https:\/\/impera.cat\/fr\/rehabilitation\/systemes-de-detection-de-fuites\/","url":"https:\/\/impera.cat\/fr\/rehabilitation\/systemes-de-detection-de-fuites\/","name":"Syst\u00e8mes de d\u00e9tection de fuites - IMPERA - Impermeabilitzacions i a\u00efllaments d&#039;obra nova, Rehabilitacions","isPartOf":{"@id":"https:\/\/impera.cat\/fr\/#website"},"datePublished":"2025-04-27T08:24:19+00:00","breadcrumb":{"@id":"https:\/\/impera.cat\/fr\/rehabilitation\/systemes-de-detection-de-fuites\/#breadcrumb"},"inLanguage":"fr-FR","potentialAction":[{"@type":"ReadAction","target":["https:\/\/impera.cat\/fr\/rehabilitation\/systemes-de-detection-de-fuites\/"]}]},{"@type":"BreadcrumbList","@id":"https:\/\/impera.cat\/fr\/rehabilitation\/systemes-de-detection-de-fuites\/#breadcrumb","itemListElement":[{"@type":"ListItem","position":1,"name":"Inici","item":"https:\/\/impera.cat\/fr\/"},{"@type":"ListItem","position":2,"name":"R\u00e9habilitation","item":"https:\/\/impera.cat\/fr\/rehabilitacio\/"},{"@type":"ListItem","position":3,"name":"Syst\u00e8mes de d\u00e9tection de fuites"}]},{"@type":"WebSite","@id":"https:\/\/impera.cat\/fr\/#website","url":"https:\/\/impera.cat\/fr\/","name":"IMPERA - Impermeabilitzacions i a\u00efllaments d'obra nova, Rehabilitacions","description":"Impermeabilitzacions i a\u00efllaments d&#039;obra nova, Rehabilitacions","publisher":{"@id":"https:\/\/impera.cat\/fr\/#organization"},"potentialAction":[{"@type":"SearchAction","target":{"@type":"EntryPoint","urlTemplate":"https:\/\/impera.cat\/fr\/?s={search_term_string}"},"query-input":{"@type":"PropertyValueSpecification","valueRequired":true,"valueName":"search_term_string"}}],"inLanguage":"fr-FR"},{"@type":"Organization","@id":"https:\/\/impera.cat\/fr\/#organization","name":"IMPERA - Impermeabilitzacions i a\u00efllaments d'obra nova, Rehabilitacions","url":"https:\/\/impera.cat\/fr\/","logo":{"@type":"ImageObject","inLanguage":"fr-FR","@id":"https:\/\/impera.cat\/fr\/#\/schema\/logo\/image\/","url":"https:\/\/impera.cat\/wp-content\/uploads\/2021\/10\/cropped-IMPERA-LOGO1-260x108-1.png","contentUrl":"https:\/\/impera.cat\/wp-content\/uploads\/2021\/10\/cropped-IMPERA-LOGO1-260x108-1.png","width":260,"height":108,"caption":"IMPERA - Impermeabilitzacions i a\u00efllaments d'obra nova, Rehabilitacions"},"image":{"@id":"https:\/\/impera.cat\/fr\/#\/schema\/logo\/image\/"},"sameAs":["https:\/\/www.facebook.com\/profile.php?id=100063922969722","https:\/\/x.com\/impera_cat","https:\/\/www.instagram.com\/impera.cat\/","https:\/\/www.linkedin.com\/company\/impera-cat\/"]}]}},"_links":{"self":[{"href":"https:\/\/impera.cat\/fr\/wp-json\/wp\/v2\/pages\/6031","targetHints":{"allow":["GET"]}}],"collection":[{"href":"https:\/\/impera.cat\/fr\/wp-json\/wp\/v2\/pages"}],"about":[{"href":"https:\/\/impera.cat\/fr\/wp-json\/wp\/v2\/types\/page"}],"author":[{"embeddable":true,"href":"https:\/\/impera.cat\/fr\/wp-json\/wp\/v2\/users\/1"}],"replies":[{"embeddable":true,"href":"https:\/\/impera.cat\/fr\/wp-json\/wp\/v2\/comments?post=6031"}],"version-history":[{"count":1,"href":"https:\/\/impera.cat\/fr\/wp-json\/wp\/v2\/pages\/6031\/revisions"}],"predecessor-version":[{"id":6032,"href":"https:\/\/impera.cat\/fr\/wp-json\/wp\/v2\/pages\/6031\/revisions\/6032"}],"up":[{"embeddable":true,"href":"https:\/\/impera.cat\/fr\/wp-json\/wp\/v2\/pages\/6023"}],"wp:attachment":[{"href":"https:\/\/impera.cat\/fr\/wp-json\/wp\/v2\/media?parent=6031"}],"curies":[{"name":"wp","href":"https:\/\/api.w.org\/{rel}","templated":true}]}}