{"id":6004,"date":"2025-06-16T15:32:35","date_gmt":"2025-06-16T13:32:35","guid":{"rendered":"https:\/\/www.impera.cat\/nouvelle-construction\/finitions-de-toiture-gravures-tuiles-paysager\/"},"modified":"2023-07-14T16:34:09","modified_gmt":"2023-07-14T14:34:09","slug":"finitions-de-toiture-gravures-tuiles-paysager","status":"publish","type":"page","link":"https:\/\/impera.cat\/fr\/nouvelle-construction\/finitions-de-toiture-gravures-tuiles-paysager\/","title":{"rendered":"Finitions de toiture (gravures, tuiles, paysager)"},"content":{"rendered":"\t\t<div data-elementor-type=\"wp-page\" data-elementor-id=\"6004\" class=\"elementor elementor-6004 elementor-3944\">\n\t\t\t\t\t\t<section class=\" elementor-section elementor-top-section elementor-element elementor-element-3a862f6 elementor-section-boxed elementor-section-height-default elementor-section-height-default\" data-id=\"3a862f6\" data-element_type=\"section\" data-e-type=\"section\">\r\n\t\t\t\t\t\t\t\t<div class=\"elementor-container elementor-column-gap-default\">\r\n\t\t\t\t\r\n\t\t\t\t\t\t\t\t<div class=\" elementor-column elementor-col-33 elementor-top-column elementor-element elementor-element-be8877e \" data-id=\"be8877e\" data-element_type=\"column\" data-e-type=\"column\">\r\n\r\n\t\t\t\t\r\n\t\t\t\t<div class=\"elementor-widget-wrap elementor-element-populated\">\r\n\t\t\t\t\t\t\t\t\t\t\r\n\t\t\t\t\t\t<div class=\"elementor-element elementor-element-cabeda9 animated-slow elementor-invisible elementor-widget elementor-widget-udesign_widget_menu\" data-id=\"cabeda9\" data-element_type=\"widget\" data-e-type=\"widget\" data-settings=\"{&quot;_animation&quot;:&quot;fadeIn&quot;}\" data-widget_type=\"udesign_widget_menu.default\">\n\t\t\t\t<div class=\"elementor-widget-container\">\n\t\t\t\t\t<nav class=\" obra-nova-menu\"><ul id=\"menu-obra-nova-menu-french\" class=\"menu  vertical-menu lazy-menu menu-active-underline\"><li id=\"menu-item-6420\" class=\"menu-item menu-item-type-post_type menu-item-object-page menu-item-6420\"><a rel=\"nofollow\" href=\"https:\/\/impera.cat\/fr\/nouvelle-construction\/formation-de-pentes-avec-du-beton-cellulaire\/\">Formation de pentes avec du b\u00e9ton cellulaire<\/a><\/li>\n<li id=\"menu-item-6421\" class=\"menu-item menu-item-type-post_type menu-item-object-page menu-item-6421\"><a rel=\"nofollow\" href=\"https:\/\/impera.cat\/fr\/nouvelle-construction\/impermeabilisation-de-la-feuille-dasphalte\/\">Imperm\u00e9abilisation de la feuille d\u2019asphalte<\/a><\/li>\n<li id=\"menu-item-6422\" class=\"menu-item menu-item-type-post_type menu-item-object-page menu-item-6422\"><a rel=\"nofollow\" href=\"https:\/\/impera.cat\/fr\/nouvelle-construction\/impermeabilisation-en-feuille-synthetique\/\">Imperm\u00e9abilisation en feuille synth\u00e9tique<\/a><\/li>\n<li id=\"menu-item-6426\" class=\"menu-item menu-item-type-post_type menu-item-object-page menu-item-6426\"><a rel=\"nofollow\" href=\"https:\/\/impera.cat\/fr\/nouvelle-construction\/impermeabilisation-continue\/\">Imperm\u00e9abilisation continue<\/a><\/li>\n<li id=\"menu-item-6427\" class=\"menu-item menu-item-type-post_type menu-item-object-page menu-item-6427\"><a rel=\"nofollow\" href=\"https:\/\/impera.cat\/fr\/nouvelle-construction\/geotextiles-et-couches-de-separation\/\">G\u00e9otextiles et couches de s\u00e9paration<\/a><\/li>\n<li id=\"menu-item-6428\" class=\"menu-item menu-item-type-post_type menu-item-object-page menu-item-6428\"><a rel=\"nofollow\" href=\"https:\/\/impera.cat\/fr\/nouvelle-construction\/finitions-de-toiture-gravures-tuiles-paysager\/\">Finitions de toiture (gravures, tuiles, paysager)<\/a><\/li>\n<li id=\"menu-item-6429\" class=\"menu-item menu-item-type-post_type menu-item-object-page menu-item-6429\"><a rel=\"nofollow\" href=\"https:\/\/impera.cat\/fr\/nouvelle-construction\/isolation-thermique\/\">Isolation thermique<\/a><\/li>\n<li id=\"menu-item-6430\" class=\"menu-item menu-item-type-post_type menu-item-object-page menu-item-6430\"><a rel=\"nofollow\" href=\"https:\/\/impera.cat\/fr\/nouvelle-construction\/tests-detancheite\/\">Tests d\u2019\u00e9tanch\u00e9it\u00e9<\/a><\/li>\n<\/ul><\/nav>\t\t\t\t<\/div>\n\t\t\t\t<\/div>\n\t\t\t\t\t\t<\/div>\r\n\t\t\t\t<\/div>\r\n\t\t\t\t\t\t\t\t\t<div class=\" elementor-column elementor-col-66 elementor-top-column elementor-element elementor-element-ec8a713 \" data-id=\"ec8a713\" data-element_type=\"column\" data-e-type=\"column\">\r\n\r\n\t\t\t\t\r\n\t\t\t\t<div class=\"elementor-widget-wrap elementor-element-populated\">\r\n\t\t\t\t\t\t\t\t\t\t\r\n\t\t\t\t\t\t<div class=\"elementor-element elementor-element-f56b73a elementor-widget elementor-widget-heading\" data-id=\"f56b73a\" data-element_type=\"widget\" data-e-type=\"widget\" data-widget_type=\"heading.default\">\n\t\t\t\t<div class=\"elementor-widget-container\">\n\t\t\t\t\t<h2 class=\"elementor-heading-title elementor-size-default\">Finitions de toiture (gravures, tuiles, paysager)<\/h2>\t\t\t\t<\/div>\n\t\t\t\t<\/div>\n\t\t\t\t<div class=\"elementor-element elementor-element-ef1b9be elementor-widget elementor-widget-text-editor\" data-id=\"ef1b9be\" data-element_type=\"widget\" data-e-type=\"widget\" data-widget_type=\"text-editor.default\">\n\t\t\t\t<div class=\"elementor-widget-container\">\n\t\t\t\t\t\t\t\t\t<p style=\"text-align: justify;\">Si un syst\u00e8me d\u2019\u00e9tanch\u00e9it\u00e9 est visible, il doit avoir une sorte d\u2019autoprotection contre le soleil et la grande majorit\u00e9 sera consid\u00e9r\u00e9e comme impraticable \/ visitable. Le reste des syst\u00e8mes doit \u00eatre prot\u00e9g\u00e9 ou lest\u00e9, comme c\u2019est le cas avec les toits invers\u00e9s. Pour la protection et la finition, divers types de mat\u00e9riaux de construction sont normalement utilis\u00e9s, carreaux de c\u00e9ramique, gr\u00e8s, dalles, b\u00e9ton, etc., pour lester les toits invers\u00e9s, la gravure sur bord roulant est la plus courante, bien qu\u2019il existe \u00e9galement d\u2019autres mat\u00e9riaux, comme le volcanique rock.<\/p>\n<p style=\"text-align: justify;\">Le toit de jardin, \u00e9galement appel\u00e9 toit \u00e9cologique ou simplement jardini\u00e8re, est une \u00e9tanch\u00e9it\u00e9 qui retient en permanence l\u2019eau est particuli\u00e8rement d\u00e9licate. Pour \u00e9viter les probl\u00e8mes, vous devrez prendre en compte et respecter plusieurs points et probl\u00e9matiques, tant dans son approche que dans son ex\u00e9cution et sa finition, contactez-nous toujours.<\/p>\n<p style=\"text-align: justify;\">En tant que sp\u00e9cialistes de la r\u00e9alisation de ce type de Toiture, chez IMPERA Imperm\u00e9abilisation, nous orientons toutes nos ressources techniques et humaines pour fournir un service personnalis\u00e9 \u00e0 nos\nclients, en maintenant une relation ouverte et constructive \u00e0 tout moment, bas\u00e9e sur la confiance et une communication constante, pour d\u00e9finir les meilleures solutions et appliquer les syst\u00e8mes les plus appropri\u00e9s pour chaque cas.<\/p>\n<p style=\"text-align: justify;\">Chaque projet est diff\u00e9rent et nous leur fournissons et les informons de la solution la plus adapt\u00e9e tant dans le choix des diff\u00e9rents produits propos\u00e9s par le secteur, que dans la coordination et l\u2019ex\u00e9cution du travailler, afin que vous puissiez prendre une bonne d\u00e9cision sur ce probl\u00e8me.<\/p>\t\t\t\t\t\t\t\t<\/div>\n\t\t\t\t<\/div>\n\t\t\t\t\t\t<\/div>\r\n\t\t\t\t<\/div>\r\n\t\t\t\t\t\t\t\t<\/div>\r\n\t\t\t<\/section>\r\n\t\t\t\t\t<\/div>\n\t\t","protected":false},"excerpt":{"rendered":"<p>Formaci\u00f3 de pendents amb formig\u00f3 cel\u2022lular Impermeabilitzacions amb l\u00e0mina asf\u00e0ltica Impermeabilitzacions amb l\u00e0mina sint\u00e8tica Impermeabilitzacions continues Geot\u00e8xtils i capes separadores Acabats de coberta (graves, rajola, enjardinada) A\u00efllaments t\u00e8rmics Proves d\u2019estanque\u00eftat Finitions de toiture (gravures, tuiles, paysager) Si un syst\u00e8me d\u2019\u00e9tanch\u00e9it\u00e9 est visible, il doit avoir une sorte d\u2019autoprotection contre le soleil et la grande majorit\u00e9 [&hellip;]<\/p>\n","protected":false},"author":1,"featured_media":0,"parent":5936,"menu_order":60,"comment_status":"closed","ping_status":"closed","template":"","meta":{"_acf_changed":false,"footnotes":""},"class_list":["post-6004","page","type-page","status-publish","hentry"],"acf":[],"yoast_head":"<!-- This site is optimized with the Yoast SEO plugin v27.3 - https:\/\/yoast.com\/product\/yoast-seo-wordpress\/ -->\n<title>Finitions de toiture (gravures, tuiles, paysager) - IMPERA - Impermeabilitzacions i a\u00efllaments d&#039;obra nova, Rehabilitacions<\/title>\n<meta name=\"robots\" content=\"index, follow, max-snippet:-1, max-image-preview:large, max-video-preview:-1\" \/>\n<link rel=\"canonical\" href=\"https:\/\/impera.cat\/fr\/nouvelle-construction\/finitions-de-toiture-gravures-tuiles-paysager\/\" \/>\n<meta property=\"og:locale\" content=\"fr_FR\" \/>\n<meta property=\"og:type\" content=\"article\" \/>\n<meta property=\"og:title\" content=\"Finitions de toiture (gravures, tuiles, paysager) - IMPERA - Impermeabilitzacions i a\u00efllaments d&#039;obra nova, Rehabilitacions\" \/>\n<meta property=\"og:description\" content=\"Formaci\u00f3 de pendents amb formig\u00f3 cel\u2022lular Impermeabilitzacions amb l\u00e0mina asf\u00e0ltica Impermeabilitzacions amb l\u00e0mina sint\u00e8tica Impermeabilitzacions continues Geot\u00e8xtils i capes separadores Acabats de coberta (graves, rajola, enjardinada) A\u00efllaments t\u00e8rmics Proves d\u2019estanque\u00eftat Finitions de toiture (gravures, tuiles, paysager) Si un syst\u00e8me d\u2019\u00e9tanch\u00e9it\u00e9 est visible, il doit avoir une sorte d\u2019autoprotection contre le soleil et la grande majorit\u00e9 [&hellip;]\" \/>\n<meta property=\"og:url\" content=\"https:\/\/impera.cat\/fr\/nouvelle-construction\/finitions-de-toiture-gravures-tuiles-paysager\/\" \/>\n<meta property=\"og:site_name\" content=\"IMPERA - Impermeabilitzacions i a\u00efllaments d&#039;obra nova, Rehabilitacions\" \/>\n<meta property=\"article:publisher\" content=\"https:\/\/www.facebook.com\/profile.php?id=100063922969722\" \/>\n<meta name=\"twitter:card\" content=\"summary_large_image\" \/>\n<meta name=\"twitter:site\" content=\"@impera_cat\" \/>\n<meta name=\"twitter:label1\" content=\"Dur\u00e9e de lecture estim\u00e9e\" \/>\n\t<meta name=\"twitter:data1\" content=\"2 minutes\" \/>\n<script type=\"application\/ld+json\" class=\"yoast-schema-graph\">{\"@context\":\"https:\\\/\\\/schema.org\",\"@graph\":[{\"@type\":\"WebPage\",\"@id\":\"https:\\\/\\\/impera.cat\\\/fr\\\/nouvelle-construction\\\/finitions-de-toiture-gravures-tuiles-paysager\\\/\",\"url\":\"https:\\\/\\\/impera.cat\\\/fr\\\/nouvelle-construction\\\/finitions-de-toiture-gravures-tuiles-paysager\\\/\",\"name\":\"Finitions de toiture (gravures, tuiles, paysager) - IMPERA - Impermeabilitzacions i a\u00efllaments d&#039;obra nova, Rehabilitacions\",\"isPartOf\":{\"@id\":\"https:\\\/\\\/impera.cat\\\/fr\\\/#website\"},\"datePublished\":\"2025-06-16T13:32:35+00:00\",\"breadcrumb\":{\"@id\":\"https:\\\/\\\/impera.cat\\\/fr\\\/nouvelle-construction\\\/finitions-de-toiture-gravures-tuiles-paysager\\\/#breadcrumb\"},\"inLanguage\":\"fr-FR\",\"potentialAction\":[{\"@type\":\"ReadAction\",\"target\":[\"https:\\\/\\\/impera.cat\\\/fr\\\/nouvelle-construction\\\/finitions-de-toiture-gravures-tuiles-paysager\\\/\"]}]},{\"@type\":\"BreadcrumbList\",\"@id\":\"https:\\\/\\\/impera.cat\\\/fr\\\/nouvelle-construction\\\/finitions-de-toiture-gravures-tuiles-paysager\\\/#breadcrumb\",\"itemListElement\":[{\"@type\":\"ListItem\",\"position\":1,\"name\":\"Inici\",\"item\":\"https:\\\/\\\/impera.cat\\\/fr\\\/\"},{\"@type\":\"ListItem\",\"position\":2,\"name\":\"Nouvelle construction\",\"item\":\"https:\\\/\\\/impera.cat\\\/fr\\\/obra-nova\\\/\"},{\"@type\":\"ListItem\",\"position\":3,\"name\":\"Finitions de toiture (gravures, tuiles, paysager)\"}]},{\"@type\":\"WebSite\",\"@id\":\"https:\\\/\\\/impera.cat\\\/fr\\\/#website\",\"url\":\"https:\\\/\\\/impera.cat\\\/fr\\\/\",\"name\":\"IMPERA - Impermeabilitzacions i a\u00efllaments d'obra nova, Rehabilitacions\",\"description\":\"Impermeabilitzacions i a\u00efllaments d&#039;obra nova, Rehabilitacions\",\"publisher\":{\"@id\":\"https:\\\/\\\/impera.cat\\\/fr\\\/#organization\"},\"potentialAction\":[{\"@type\":\"SearchAction\",\"target\":{\"@type\":\"EntryPoint\",\"urlTemplate\":\"https:\\\/\\\/impera.cat\\\/fr\\\/?s={search_term_string}\"},\"query-input\":{\"@type\":\"PropertyValueSpecification\",\"valueRequired\":true,\"valueName\":\"search_term_string\"}}],\"inLanguage\":\"fr-FR\"},{\"@type\":\"Organization\",\"@id\":\"https:\\\/\\\/impera.cat\\\/fr\\\/#organization\",\"name\":\"IMPERA - Impermeabilitzacions i a\u00efllaments d'obra nova, Rehabilitacions\",\"url\":\"https:\\\/\\\/impera.cat\\\/fr\\\/\",\"logo\":{\"@type\":\"ImageObject\",\"inLanguage\":\"fr-FR\",\"@id\":\"https:\\\/\\\/impera.cat\\\/fr\\\/#\\\/schema\\\/logo\\\/image\\\/\",\"url\":\"https:\\\/\\\/impera.cat\\\/wp-content\\\/uploads\\\/2021\\\/10\\\/cropped-IMPERA-LOGO1-260x108-1.png\",\"contentUrl\":\"https:\\\/\\\/impera.cat\\\/wp-content\\\/uploads\\\/2021\\\/10\\\/cropped-IMPERA-LOGO1-260x108-1.png\",\"width\":260,\"height\":108,\"caption\":\"IMPERA - Impermeabilitzacions i a\u00efllaments d'obra nova, Rehabilitacions\"},\"image\":{\"@id\":\"https:\\\/\\\/impera.cat\\\/fr\\\/#\\\/schema\\\/logo\\\/image\\\/\"},\"sameAs\":[\"https:\\\/\\\/www.facebook.com\\\/profile.php?id=100063922969722\",\"https:\\\/\\\/x.com\\\/impera_cat\",\"https:\\\/\\\/www.instagram.com\\\/impera.cat\\\/\",\"https:\\\/\\\/www.linkedin.com\\\/company\\\/impera-cat\\\/\"]}]}<\/script>\n<!-- \/ Yoast SEO plugin. -->","yoast_head_json":{"title":"Finitions de toiture (gravures, tuiles, paysager) - IMPERA - Impermeabilitzacions i a\u00efllaments d&#039;obra nova, Rehabilitacions","robots":{"index":"index","follow":"follow","max-snippet":"max-snippet:-1","max-image-preview":"max-image-preview:large","max-video-preview":"max-video-preview:-1"},"canonical":"https:\/\/impera.cat\/fr\/nouvelle-construction\/finitions-de-toiture-gravures-tuiles-paysager\/","og_locale":"fr_FR","og_type":"article","og_title":"Finitions de toiture (gravures, tuiles, paysager) - IMPERA - Impermeabilitzacions i a\u00efllaments d&#039;obra nova, Rehabilitacions","og_description":"Formaci\u00f3 de pendents amb formig\u00f3 cel\u2022lular Impermeabilitzacions amb l\u00e0mina asf\u00e0ltica Impermeabilitzacions amb l\u00e0mina sint\u00e8tica Impermeabilitzacions continues Geot\u00e8xtils i capes separadores Acabats de coberta (graves, rajola, enjardinada) A\u00efllaments t\u00e8rmics Proves d\u2019estanque\u00eftat Finitions de toiture (gravures, tuiles, paysager) Si un syst\u00e8me d\u2019\u00e9tanch\u00e9it\u00e9 est visible, il doit avoir une sorte d\u2019autoprotection contre le soleil et la grande majorit\u00e9 [&hellip;]","og_url":"https:\/\/impera.cat\/fr\/nouvelle-construction\/finitions-de-toiture-gravures-tuiles-paysager\/","og_site_name":"IMPERA - Impermeabilitzacions i a\u00efllaments d&#039;obra nova, Rehabilitacions","article_publisher":"https:\/\/www.facebook.com\/profile.php?id=100063922969722","twitter_card":"summary_large_image","twitter_site":"@impera_cat","twitter_misc":{"Dur\u00e9e de lecture estim\u00e9e":"2 minutes"},"schema":{"@context":"https:\/\/schema.org","@graph":[{"@type":"WebPage","@id":"https:\/\/impera.cat\/fr\/nouvelle-construction\/finitions-de-toiture-gravures-tuiles-paysager\/","url":"https:\/\/impera.cat\/fr\/nouvelle-construction\/finitions-de-toiture-gravures-tuiles-paysager\/","name":"Finitions de toiture (gravures, tuiles, paysager) - IMPERA - Impermeabilitzacions i a\u00efllaments d&#039;obra nova, Rehabilitacions","isPartOf":{"@id":"https:\/\/impera.cat\/fr\/#website"},"datePublished":"2025-06-16T13:32:35+00:00","breadcrumb":{"@id":"https:\/\/impera.cat\/fr\/nouvelle-construction\/finitions-de-toiture-gravures-tuiles-paysager\/#breadcrumb"},"inLanguage":"fr-FR","potentialAction":[{"@type":"ReadAction","target":["https:\/\/impera.cat\/fr\/nouvelle-construction\/finitions-de-toiture-gravures-tuiles-paysager\/"]}]},{"@type":"BreadcrumbList","@id":"https:\/\/impera.cat\/fr\/nouvelle-construction\/finitions-de-toiture-gravures-tuiles-paysager\/#breadcrumb","itemListElement":[{"@type":"ListItem","position":1,"name":"Inici","item":"https:\/\/impera.cat\/fr\/"},{"@type":"ListItem","position":2,"name":"Nouvelle construction","item":"https:\/\/impera.cat\/fr\/obra-nova\/"},{"@type":"ListItem","position":3,"name":"Finitions de toiture (gravures, tuiles, paysager)"}]},{"@type":"WebSite","@id":"https:\/\/impera.cat\/fr\/#website","url":"https:\/\/impera.cat\/fr\/","name":"IMPERA - Impermeabilitzacions i a\u00efllaments d'obra nova, Rehabilitacions","description":"Impermeabilitzacions i a\u00efllaments d&#039;obra nova, Rehabilitacions","publisher":{"@id":"https:\/\/impera.cat\/fr\/#organization"},"potentialAction":[{"@type":"SearchAction","target":{"@type":"EntryPoint","urlTemplate":"https:\/\/impera.cat\/fr\/?s={search_term_string}"},"query-input":{"@type":"PropertyValueSpecification","valueRequired":true,"valueName":"search_term_string"}}],"inLanguage":"fr-FR"},{"@type":"Organization","@id":"https:\/\/impera.cat\/fr\/#organization","name":"IMPERA - Impermeabilitzacions i a\u00efllaments d'obra nova, Rehabilitacions","url":"https:\/\/impera.cat\/fr\/","logo":{"@type":"ImageObject","inLanguage":"fr-FR","@id":"https:\/\/impera.cat\/fr\/#\/schema\/logo\/image\/","url":"https:\/\/impera.cat\/wp-content\/uploads\/2021\/10\/cropped-IMPERA-LOGO1-260x108-1.png","contentUrl":"https:\/\/impera.cat\/wp-content\/uploads\/2021\/10\/cropped-IMPERA-LOGO1-260x108-1.png","width":260,"height":108,"caption":"IMPERA - Impermeabilitzacions i a\u00efllaments d'obra nova, Rehabilitacions"},"image":{"@id":"https:\/\/impera.cat\/fr\/#\/schema\/logo\/image\/"},"sameAs":["https:\/\/www.facebook.com\/profile.php?id=100063922969722","https:\/\/x.com\/impera_cat","https:\/\/www.instagram.com\/impera.cat\/","https:\/\/www.linkedin.com\/company\/impera-cat\/"]}]}},"_links":{"self":[{"href":"https:\/\/impera.cat\/fr\/wp-json\/wp\/v2\/pages\/6004","targetHints":{"allow":["GET"]}}],"collection":[{"href":"https:\/\/impera.cat\/fr\/wp-json\/wp\/v2\/pages"}],"about":[{"href":"https:\/\/impera.cat\/fr\/wp-json\/wp\/v2\/types\/page"}],"author":[{"embeddable":true,"href":"https:\/\/impera.cat\/fr\/wp-json\/wp\/v2\/users\/1"}],"replies":[{"embeddable":true,"href":"https:\/\/impera.cat\/fr\/wp-json\/wp\/v2\/comments?post=6004"}],"version-history":[{"count":1,"href":"https:\/\/impera.cat\/fr\/wp-json\/wp\/v2\/pages\/6004\/revisions"}],"predecessor-version":[{"id":6005,"href":"https:\/\/impera.cat\/fr\/wp-json\/wp\/v2\/pages\/6004\/revisions\/6005"}],"up":[{"embeddable":true,"href":"https:\/\/impera.cat\/fr\/wp-json\/wp\/v2\/pages\/5936"}],"wp:attachment":[{"href":"https:\/\/impera.cat\/fr\/wp-json\/wp\/v2\/media?parent=6004"}],"curies":[{"name":"wp","href":"https:\/\/api.w.org\/{rel}","templated":true}]}}