{"id":6000,"date":"2025-05-16T15:31:05","date_gmt":"2025-05-16T13:31:05","guid":{"rendered":"https:\/\/www.impera.cat\/nouvelle-construction\/geotextiles-et-couches-de-separation\/"},"modified":"2023-07-14T16:32:35","modified_gmt":"2023-07-14T14:32:35","slug":"geotextiles-et-couches-de-separation","status":"publish","type":"page","link":"https:\/\/impera.cat\/fr\/nouvelle-construction\/geotextiles-et-couches-de-separation\/","title":{"rendered":"G\u00e9otextiles et couches de s\u00e9paration"},"content":{"rendered":"\t\t<div data-elementor-type=\"wp-page\" data-elementor-id=\"6000\" class=\"elementor elementor-6000 elementor-3936\">\n\t\t\t\t\t\t<section class=\" elementor-section elementor-top-section elementor-element elementor-element-8e71838 elementor-section-boxed elementor-section-height-default elementor-section-height-default\" data-id=\"8e71838\" data-element_type=\"section\" data-e-type=\"section\">\r\n\t\t\t\t\t\t\t\t<div class=\"elementor-container elementor-column-gap-default\">\r\n\t\t\t\t\r\n\t\t\t\t\t\t\t\t<div class=\" elementor-column elementor-col-33 elementor-top-column elementor-element elementor-element-cc8c5e8 \" data-id=\"cc8c5e8\" data-element_type=\"column\" data-e-type=\"column\">\r\n\r\n\t\t\t\t\r\n\t\t\t\t<div class=\"elementor-widget-wrap elementor-element-populated\">\r\n\t\t\t\t\t\t\t\t\t\t\r\n\t\t\t\t\t\t<div class=\"elementor-element elementor-element-7520146 animated-slow elementor-invisible elementor-widget elementor-widget-udesign_widget_menu\" data-id=\"7520146\" data-element_type=\"widget\" data-e-type=\"widget\" data-settings=\"{&quot;_animation&quot;:&quot;fadeIn&quot;}\" data-widget_type=\"udesign_widget_menu.default\">\n\t\t\t\t<div class=\"elementor-widget-container\">\n\t\t\t\t\t<nav class=\" obra-nova-menu\"><ul id=\"menu-obra-nova-menu-french\" class=\"menu  vertical-menu lazy-menu menu-active-underline\"><li id=\"menu-item-6420\" class=\"menu-item menu-item-type-post_type menu-item-object-page menu-item-6420\"><a rel=\"nofollow\" href=\"https:\/\/impera.cat\/fr\/nouvelle-construction\/formation-de-pentes-avec-du-beton-cellulaire\/\">Formation de pentes avec du b\u00e9ton cellulaire<\/a><\/li>\n<li id=\"menu-item-6421\" class=\"menu-item menu-item-type-post_type menu-item-object-page menu-item-6421\"><a rel=\"nofollow\" href=\"https:\/\/impera.cat\/fr\/nouvelle-construction\/impermeabilisation-de-la-feuille-dasphalte\/\">Imperm\u00e9abilisation de la feuille d\u2019asphalte<\/a><\/li>\n<li id=\"menu-item-6422\" class=\"menu-item menu-item-type-post_type menu-item-object-page menu-item-6422\"><a rel=\"nofollow\" href=\"https:\/\/impera.cat\/fr\/nouvelle-construction\/impermeabilisation-en-feuille-synthetique\/\">Imperm\u00e9abilisation en feuille synth\u00e9tique<\/a><\/li>\n<li id=\"menu-item-6426\" class=\"menu-item menu-item-type-post_type menu-item-object-page menu-item-6426\"><a rel=\"nofollow\" href=\"https:\/\/impera.cat\/fr\/nouvelle-construction\/impermeabilisation-continue\/\">Imperm\u00e9abilisation continue<\/a><\/li>\n<li id=\"menu-item-6427\" class=\"menu-item menu-item-type-post_type menu-item-object-page menu-item-6427\"><a rel=\"nofollow\" href=\"https:\/\/impera.cat\/fr\/nouvelle-construction\/geotextiles-et-couches-de-separation\/\">G\u00e9otextiles et couches de s\u00e9paration<\/a><\/li>\n<li id=\"menu-item-6428\" class=\"menu-item menu-item-type-post_type menu-item-object-page menu-item-6428\"><a rel=\"nofollow\" href=\"https:\/\/impera.cat\/fr\/nouvelle-construction\/finitions-de-toiture-gravures-tuiles-paysager\/\">Finitions de toiture (gravures, tuiles, paysager)<\/a><\/li>\n<li id=\"menu-item-6429\" class=\"menu-item menu-item-type-post_type menu-item-object-page menu-item-6429\"><a rel=\"nofollow\" href=\"https:\/\/impera.cat\/fr\/nouvelle-construction\/isolation-thermique\/\">Isolation thermique<\/a><\/li>\n<li id=\"menu-item-6430\" class=\"menu-item menu-item-type-post_type menu-item-object-page menu-item-6430\"><a rel=\"nofollow\" href=\"https:\/\/impera.cat\/fr\/nouvelle-construction\/tests-detancheite\/\">Tests d\u2019\u00e9tanch\u00e9it\u00e9<\/a><\/li>\n<\/ul><\/nav>\t\t\t\t<\/div>\n\t\t\t\t<\/div>\n\t\t\t\t\t\t<\/div>\r\n\t\t\t\t<\/div>\r\n\t\t\t\t\t\t\t\t\t<div class=\" elementor-column elementor-col-66 elementor-top-column elementor-element elementor-element-b39eec1 \" data-id=\"b39eec1\" data-element_type=\"column\" data-e-type=\"column\">\r\n\r\n\t\t\t\t\r\n\t\t\t\t<div class=\"elementor-widget-wrap elementor-element-populated\">\r\n\t\t\t\t\t\t\t\t\t\t\r\n\t\t\t\t\t\t<div class=\"elementor-element elementor-element-86b2568 elementor-widget elementor-widget-heading\" data-id=\"86b2568\" data-element_type=\"widget\" data-e-type=\"widget\" data-widget_type=\"heading.default\">\n\t\t\t\t<div class=\"elementor-widget-container\">\n\t\t\t\t\t<h2 class=\"elementor-heading-title elementor-size-default\">G\u00e9otextiles et couches de s\u00e9paration\n<\/h2>\t\t\t\t<\/div>\n\t\t\t\t<\/div>\n\t\t\t\t\t\t<\/div>\r\n\t\t\t\t<\/div>\r\n\t\t\t\t\t\t\t\t<\/div>\r\n\t\t\t<\/section>\r\n\t\t\t\t\t<\/div>\n\t\t","protected":false},"excerpt":{"rendered":"<p>Formaci\u00f3 de pendents amb formig\u00f3 cel\u2022lular Impermeabilitzacions amb l\u00e0mina asf\u00e0ltica Impermeabilitzacions amb l\u00e0mina sint\u00e8tica Impermeabilitzacions continues Geot\u00e8xtils i capes separadores Acabats de coberta (graves, rajola, enjardinada) A\u00efllaments t\u00e8rmics Proves d\u2019estanque\u00eftat G\u00e9otextiles et couches de s\u00e9paration<\/p>\n","protected":false},"author":1,"featured_media":0,"parent":5936,"menu_order":50,"comment_status":"closed","ping_status":"closed","template":"","meta":{"_acf_changed":false,"footnotes":""},"class_list":["post-6000","page","type-page","status-publish","hentry"],"acf":[],"yoast_head":"<!-- This site is optimized with the Yoast SEO plugin v27.3 - https:\/\/yoast.com\/product\/yoast-seo-wordpress\/ -->\n<title>G\u00e9otextiles et couches de s\u00e9paration - IMPERA - Impermeabilitzacions i a\u00efllaments d&#039;obra nova, Rehabilitacions<\/title>\n<meta name=\"robots\" content=\"index, follow, max-snippet:-1, max-image-preview:large, max-video-preview:-1\" \/>\n<link rel=\"canonical\" href=\"https:\/\/impera.cat\/fr\/nouvelle-construction\/geotextiles-et-couches-de-separation\/\" \/>\n<meta property=\"og:locale\" content=\"fr_FR\" \/>\n<meta property=\"og:type\" content=\"article\" \/>\n<meta property=\"og:title\" content=\"G\u00e9otextiles et couches de s\u00e9paration - IMPERA - Impermeabilitzacions i a\u00efllaments d&#039;obra nova, Rehabilitacions\" \/>\n<meta property=\"og:description\" content=\"Formaci\u00f3 de pendents amb formig\u00f3 cel\u2022lular Impermeabilitzacions amb l\u00e0mina asf\u00e0ltica Impermeabilitzacions amb l\u00e0mina sint\u00e8tica Impermeabilitzacions continues Geot\u00e8xtils i capes separadores Acabats de coberta (graves, rajola, enjardinada) A\u00efllaments t\u00e8rmics Proves d\u2019estanque\u00eftat G\u00e9otextiles et couches de s\u00e9paration\" \/>\n<meta property=\"og:url\" content=\"https:\/\/impera.cat\/fr\/nouvelle-construction\/geotextiles-et-couches-de-separation\/\" \/>\n<meta property=\"og:site_name\" content=\"IMPERA - Impermeabilitzacions i a\u00efllaments d&#039;obra nova, Rehabilitacions\" \/>\n<meta property=\"article:publisher\" content=\"https:\/\/www.facebook.com\/profile.php?id=100063922969722\" \/>\n<meta name=\"twitter:card\" content=\"summary_large_image\" \/>\n<meta name=\"twitter:site\" content=\"@impera_cat\" \/>\n<script type=\"application\/ld+json\" class=\"yoast-schema-graph\">{\"@context\":\"https:\\\/\\\/schema.org\",\"@graph\":[{\"@type\":\"WebPage\",\"@id\":\"https:\\\/\\\/impera.cat\\\/fr\\\/nouvelle-construction\\\/geotextiles-et-couches-de-separation\\\/\",\"url\":\"https:\\\/\\\/impera.cat\\\/fr\\\/nouvelle-construction\\\/geotextiles-et-couches-de-separation\\\/\",\"name\":\"G\u00e9otextiles et couches de s\u00e9paration - IMPERA - Impermeabilitzacions i a\u00efllaments d&#039;obra nova, Rehabilitacions\",\"isPartOf\":{\"@id\":\"https:\\\/\\\/impera.cat\\\/fr\\\/#website\"},\"datePublished\":\"2025-05-16T13:31:05+00:00\",\"breadcrumb\":{\"@id\":\"https:\\\/\\\/impera.cat\\\/fr\\\/nouvelle-construction\\\/geotextiles-et-couches-de-separation\\\/#breadcrumb\"},\"inLanguage\":\"fr-FR\",\"potentialAction\":[{\"@type\":\"ReadAction\",\"target\":[\"https:\\\/\\\/impera.cat\\\/fr\\\/nouvelle-construction\\\/geotextiles-et-couches-de-separation\\\/\"]}]},{\"@type\":\"BreadcrumbList\",\"@id\":\"https:\\\/\\\/impera.cat\\\/fr\\\/nouvelle-construction\\\/geotextiles-et-couches-de-separation\\\/#breadcrumb\",\"itemListElement\":[{\"@type\":\"ListItem\",\"position\":1,\"name\":\"Inici\",\"item\":\"https:\\\/\\\/impera.cat\\\/fr\\\/\"},{\"@type\":\"ListItem\",\"position\":2,\"name\":\"Nouvelle construction\",\"item\":\"https:\\\/\\\/impera.cat\\\/fr\\\/obra-nova\\\/\"},{\"@type\":\"ListItem\",\"position\":3,\"name\":\"G\u00e9otextiles et couches de s\u00e9paration\"}]},{\"@type\":\"WebSite\",\"@id\":\"https:\\\/\\\/impera.cat\\\/fr\\\/#website\",\"url\":\"https:\\\/\\\/impera.cat\\\/fr\\\/\",\"name\":\"IMPERA - Impermeabilitzacions i a\u00efllaments d'obra nova, Rehabilitacions\",\"description\":\"Impermeabilitzacions i a\u00efllaments d&#039;obra nova, Rehabilitacions\",\"publisher\":{\"@id\":\"https:\\\/\\\/impera.cat\\\/fr\\\/#organization\"},\"potentialAction\":[{\"@type\":\"SearchAction\",\"target\":{\"@type\":\"EntryPoint\",\"urlTemplate\":\"https:\\\/\\\/impera.cat\\\/fr\\\/?s={search_term_string}\"},\"query-input\":{\"@type\":\"PropertyValueSpecification\",\"valueRequired\":true,\"valueName\":\"search_term_string\"}}],\"inLanguage\":\"fr-FR\"},{\"@type\":\"Organization\",\"@id\":\"https:\\\/\\\/impera.cat\\\/fr\\\/#organization\",\"name\":\"IMPERA - Impermeabilitzacions i a\u00efllaments d'obra nova, Rehabilitacions\",\"url\":\"https:\\\/\\\/impera.cat\\\/fr\\\/\",\"logo\":{\"@type\":\"ImageObject\",\"inLanguage\":\"fr-FR\",\"@id\":\"https:\\\/\\\/impera.cat\\\/fr\\\/#\\\/schema\\\/logo\\\/image\\\/\",\"url\":\"https:\\\/\\\/impera.cat\\\/wp-content\\\/uploads\\\/2021\\\/10\\\/cropped-IMPERA-LOGO1-260x108-1.png\",\"contentUrl\":\"https:\\\/\\\/impera.cat\\\/wp-content\\\/uploads\\\/2021\\\/10\\\/cropped-IMPERA-LOGO1-260x108-1.png\",\"width\":260,\"height\":108,\"caption\":\"IMPERA - Impermeabilitzacions i a\u00efllaments d'obra nova, Rehabilitacions\"},\"image\":{\"@id\":\"https:\\\/\\\/impera.cat\\\/fr\\\/#\\\/schema\\\/logo\\\/image\\\/\"},\"sameAs\":[\"https:\\\/\\\/www.facebook.com\\\/profile.php?id=100063922969722\",\"https:\\\/\\\/x.com\\\/impera_cat\",\"https:\\\/\\\/www.instagram.com\\\/impera.cat\\\/\",\"https:\\\/\\\/www.linkedin.com\\\/company\\\/impera-cat\\\/\"]}]}<\/script>\n<!-- \/ Yoast SEO plugin. -->","yoast_head_json":{"title":"G\u00e9otextiles et couches de s\u00e9paration - IMPERA - Impermeabilitzacions i a\u00efllaments d&#039;obra nova, Rehabilitacions","robots":{"index":"index","follow":"follow","max-snippet":"max-snippet:-1","max-image-preview":"max-image-preview:large","max-video-preview":"max-video-preview:-1"},"canonical":"https:\/\/impera.cat\/fr\/nouvelle-construction\/geotextiles-et-couches-de-separation\/","og_locale":"fr_FR","og_type":"article","og_title":"G\u00e9otextiles et couches de s\u00e9paration - IMPERA - Impermeabilitzacions i a\u00efllaments d&#039;obra nova, Rehabilitacions","og_description":"Formaci\u00f3 de pendents amb formig\u00f3 cel\u2022lular Impermeabilitzacions amb l\u00e0mina asf\u00e0ltica Impermeabilitzacions amb l\u00e0mina sint\u00e8tica Impermeabilitzacions continues Geot\u00e8xtils i capes separadores Acabats de coberta (graves, rajola, enjardinada) A\u00efllaments t\u00e8rmics Proves d\u2019estanque\u00eftat G\u00e9otextiles et couches de s\u00e9paration","og_url":"https:\/\/impera.cat\/fr\/nouvelle-construction\/geotextiles-et-couches-de-separation\/","og_site_name":"IMPERA - Impermeabilitzacions i a\u00efllaments d&#039;obra nova, Rehabilitacions","article_publisher":"https:\/\/www.facebook.com\/profile.php?id=100063922969722","twitter_card":"summary_large_image","twitter_site":"@impera_cat","schema":{"@context":"https:\/\/schema.org","@graph":[{"@type":"WebPage","@id":"https:\/\/impera.cat\/fr\/nouvelle-construction\/geotextiles-et-couches-de-separation\/","url":"https:\/\/impera.cat\/fr\/nouvelle-construction\/geotextiles-et-couches-de-separation\/","name":"G\u00e9otextiles et couches de s\u00e9paration - IMPERA - Impermeabilitzacions i a\u00efllaments d&#039;obra nova, Rehabilitacions","isPartOf":{"@id":"https:\/\/impera.cat\/fr\/#website"},"datePublished":"2025-05-16T13:31:05+00:00","breadcrumb":{"@id":"https:\/\/impera.cat\/fr\/nouvelle-construction\/geotextiles-et-couches-de-separation\/#breadcrumb"},"inLanguage":"fr-FR","potentialAction":[{"@type":"ReadAction","target":["https:\/\/impera.cat\/fr\/nouvelle-construction\/geotextiles-et-couches-de-separation\/"]}]},{"@type":"BreadcrumbList","@id":"https:\/\/impera.cat\/fr\/nouvelle-construction\/geotextiles-et-couches-de-separation\/#breadcrumb","itemListElement":[{"@type":"ListItem","position":1,"name":"Inici","item":"https:\/\/impera.cat\/fr\/"},{"@type":"ListItem","position":2,"name":"Nouvelle construction","item":"https:\/\/impera.cat\/fr\/obra-nova\/"},{"@type":"ListItem","position":3,"name":"G\u00e9otextiles et couches de s\u00e9paration"}]},{"@type":"WebSite","@id":"https:\/\/impera.cat\/fr\/#website","url":"https:\/\/impera.cat\/fr\/","name":"IMPERA - Impermeabilitzacions i a\u00efllaments d'obra nova, Rehabilitacions","description":"Impermeabilitzacions i a\u00efllaments d&#039;obra nova, Rehabilitacions","publisher":{"@id":"https:\/\/impera.cat\/fr\/#organization"},"potentialAction":[{"@type":"SearchAction","target":{"@type":"EntryPoint","urlTemplate":"https:\/\/impera.cat\/fr\/?s={search_term_string}"},"query-input":{"@type":"PropertyValueSpecification","valueRequired":true,"valueName":"search_term_string"}}],"inLanguage":"fr-FR"},{"@type":"Organization","@id":"https:\/\/impera.cat\/fr\/#organization","name":"IMPERA - Impermeabilitzacions i a\u00efllaments d'obra nova, Rehabilitacions","url":"https:\/\/impera.cat\/fr\/","logo":{"@type":"ImageObject","inLanguage":"fr-FR","@id":"https:\/\/impera.cat\/fr\/#\/schema\/logo\/image\/","url":"https:\/\/impera.cat\/wp-content\/uploads\/2021\/10\/cropped-IMPERA-LOGO1-260x108-1.png","contentUrl":"https:\/\/impera.cat\/wp-content\/uploads\/2021\/10\/cropped-IMPERA-LOGO1-260x108-1.png","width":260,"height":108,"caption":"IMPERA - Impermeabilitzacions i a\u00efllaments d'obra nova, Rehabilitacions"},"image":{"@id":"https:\/\/impera.cat\/fr\/#\/schema\/logo\/image\/"},"sameAs":["https:\/\/www.facebook.com\/profile.php?id=100063922969722","https:\/\/x.com\/impera_cat","https:\/\/www.instagram.com\/impera.cat\/","https:\/\/www.linkedin.com\/company\/impera-cat\/"]}]}},"_links":{"self":[{"href":"https:\/\/impera.cat\/fr\/wp-json\/wp\/v2\/pages\/6000","targetHints":{"allow":["GET"]}}],"collection":[{"href":"https:\/\/impera.cat\/fr\/wp-json\/wp\/v2\/pages"}],"about":[{"href":"https:\/\/impera.cat\/fr\/wp-json\/wp\/v2\/types\/page"}],"author":[{"embeddable":true,"href":"https:\/\/impera.cat\/fr\/wp-json\/wp\/v2\/users\/1"}],"replies":[{"embeddable":true,"href":"https:\/\/impera.cat\/fr\/wp-json\/wp\/v2\/comments?post=6000"}],"version-history":[{"count":1,"href":"https:\/\/impera.cat\/fr\/wp-json\/wp\/v2\/pages\/6000\/revisions"}],"predecessor-version":[{"id":6001,"href":"https:\/\/impera.cat\/fr\/wp-json\/wp\/v2\/pages\/6000\/revisions\/6001"}],"up":[{"embeddable":true,"href":"https:\/\/impera.cat\/fr\/wp-json\/wp\/v2\/pages\/5936"}],"wp:attachment":[{"href":"https:\/\/impera.cat\/fr\/wp-json\/wp\/v2\/media?parent=6000"}],"curies":[{"name":"wp","href":"https:\/\/api.w.org\/{rel}","templated":true}]}}