{"id":5955,"date":"2025-05-27T15:04:13","date_gmt":"2025-05-27T13:04:13","guid":{"rendered":"https:\/\/www.impera.cat\/nouvelle-construction\/impermeabilisation-de-la-feuille-dasphalte\/"},"modified":"2023-07-14T16:25:12","modified_gmt":"2023-07-14T14:25:12","slug":"impermeabilisation-de-la-feuille-dasphalte","status":"publish","type":"page","link":"https:\/\/impera.cat\/fr\/nouvelle-construction\/impermeabilisation-de-la-feuille-dasphalte\/","title":{"rendered":"Imperm\u00e9abilisation de la feuille d&rsquo;asphalte"},"content":{"rendered":"\t\t<div data-elementor-type=\"wp-page\" data-elementor-id=\"5955\" class=\"elementor elementor-5955 elementor-3904\">\n\t\t\t\t\t\t<section class=\" elementor-section elementor-top-section elementor-element elementor-element-f973e73 elementor-section-boxed elementor-section-height-default elementor-section-height-default\" data-id=\"f973e73\" data-element_type=\"section\" data-e-type=\"section\">\r\n\t\t\t\t\t\t\t\t<div class=\"elementor-container elementor-column-gap-default\">\r\n\t\t\t\t\r\n\t\t\t\t\t\t\t\t<div class=\" elementor-column elementor-col-33 elementor-top-column elementor-element elementor-element-bd1a190 \" data-id=\"bd1a190\" data-element_type=\"column\" data-e-type=\"column\">\r\n\r\n\t\t\t\t\r\n\t\t\t\t<div class=\"elementor-widget-wrap elementor-element-populated\">\r\n\t\t\t\t\t\t\t\t\t\t\r\n\t\t\t\t\t\t<div class=\"elementor-element elementor-element-0092fa8 animated-slow elementor-invisible elementor-widget elementor-widget-udesign_widget_menu\" data-id=\"0092fa8\" data-element_type=\"widget\" data-e-type=\"widget\" data-settings=\"{&quot;_animation&quot;:&quot;fadeIn&quot;}\" data-widget_type=\"udesign_widget_menu.default\">\n\t\t\t\t<div class=\"elementor-widget-container\">\n\t\t\t\t\t<nav class=\" obra-nova-menu\"><ul id=\"menu-obra-nova-menu-french\" class=\"menu  vertical-menu lazy-menu menu-active-underline\"><li id=\"menu-item-6420\" class=\"menu-item menu-item-type-post_type menu-item-object-page menu-item-6420\"><a rel=\"nofollow\" href=\"https:\/\/impera.cat\/fr\/nouvelle-construction\/formation-de-pentes-avec-du-beton-cellulaire\/\">Formation de pentes avec du b\u00e9ton cellulaire<\/a><\/li>\n<li id=\"menu-item-6421\" class=\"menu-item menu-item-type-post_type menu-item-object-page menu-item-6421\"><a rel=\"nofollow\" href=\"https:\/\/impera.cat\/fr\/nouvelle-construction\/impermeabilisation-de-la-feuille-dasphalte\/\">Imperm\u00e9abilisation de la feuille d\u2019asphalte<\/a><\/li>\n<li id=\"menu-item-6422\" class=\"menu-item menu-item-type-post_type menu-item-object-page menu-item-6422\"><a rel=\"nofollow\" href=\"https:\/\/impera.cat\/fr\/nouvelle-construction\/impermeabilisation-en-feuille-synthetique\/\">Imperm\u00e9abilisation en feuille synth\u00e9tique<\/a><\/li>\n<li id=\"menu-item-6426\" class=\"menu-item menu-item-type-post_type menu-item-object-page menu-item-6426\"><a rel=\"nofollow\" href=\"https:\/\/impera.cat\/fr\/nouvelle-construction\/impermeabilisation-continue\/\">Imperm\u00e9abilisation continue<\/a><\/li>\n<li id=\"menu-item-6427\" class=\"menu-item menu-item-type-post_type menu-item-object-page menu-item-6427\"><a rel=\"nofollow\" href=\"https:\/\/impera.cat\/fr\/nouvelle-construction\/geotextiles-et-couches-de-separation\/\">G\u00e9otextiles et couches de s\u00e9paration<\/a><\/li>\n<li id=\"menu-item-6428\" class=\"menu-item menu-item-type-post_type menu-item-object-page menu-item-6428\"><a rel=\"nofollow\" href=\"https:\/\/impera.cat\/fr\/nouvelle-construction\/finitions-de-toiture-gravures-tuiles-paysager\/\">Finitions de toiture (gravures, tuiles, paysager)<\/a><\/li>\n<li id=\"menu-item-6429\" class=\"menu-item menu-item-type-post_type menu-item-object-page menu-item-6429\"><a rel=\"nofollow\" href=\"https:\/\/impera.cat\/fr\/nouvelle-construction\/isolation-thermique\/\">Isolation thermique<\/a><\/li>\n<li id=\"menu-item-6430\" class=\"menu-item menu-item-type-post_type menu-item-object-page menu-item-6430\"><a rel=\"nofollow\" href=\"https:\/\/impera.cat\/fr\/nouvelle-construction\/tests-detancheite\/\">Tests d\u2019\u00e9tanch\u00e9it\u00e9<\/a><\/li>\n<\/ul><\/nav>\t\t\t\t<\/div>\n\t\t\t\t<\/div>\n\t\t\t\t\t\t<\/div>\r\n\t\t\t\t<\/div>\r\n\t\t\t\t\t\t\t\t\t<div class=\" elementor-column elementor-col-66 elementor-top-column elementor-element elementor-element-5419a9d \" data-id=\"5419a9d\" data-element_type=\"column\" data-e-type=\"column\">\r\n\r\n\t\t\t\t\r\n\t\t\t\t<div class=\"elementor-widget-wrap elementor-element-populated\">\r\n\t\t\t\t\t\t\t\t\t\t\r\n\t\t\t\t\t\t<div class=\"elementor-element elementor-element-1ea8bc9 elementor-widget elementor-widget-heading\" data-id=\"1ea8bc9\" data-element_type=\"widget\" data-e-type=\"widget\" data-widget_type=\"heading.default\">\n\t\t\t\t<div class=\"elementor-widget-container\">\n\t\t\t\t\t<h2 class=\"elementor-heading-title elementor-size-default\">Imperm\u00e9abilisation de la feuille d'asphalte<\/h2>\t\t\t\t<\/div>\n\t\t\t\t<\/div>\n\t\t\t\t<div class=\"elementor-element elementor-element-0686b09 elementor-widget elementor-widget-text-editor\" data-id=\"0686b09\" data-element_type=\"widget\" data-e-type=\"widget\" data-widget_type=\"text-editor.default\">\n\t\t\t\t<div class=\"elementor-widget-container\">\n\t\t\t\t\t\t\t\t\t<p>De nos jours, les feuilles d\u2019asphalte traditionnellement appel\u00e9es n\u2019ont rien \u00e0 voir avec les anciennes d\u2019oxiasfalt, la seule chose qu\u2019elles ressemblent est dans le nom. Ces feuilles sont actuellement fabriqu\u00e9es avec du bitume et modifi\u00e9es avec des \u00e9lastom\u00e8res, r\u00e9sultant en un produit avec de nombreux avantages et de grande qualit\u00e9 et polyvalence, dans la plupart des cas, il se sent le mat\u00e9riau le plus appropri\u00e9 et comp\u00e9titif pour son rapport qualit\u00e9 \/ prix.<\/p>\n\t\t\t\t\t\t\t\t<\/div>\n\t\t\t\t<\/div>\n\t\t\t\t\t\t<\/div>\r\n\t\t\t\t<\/div>\r\n\t\t\t\t\t\t\t\t<\/div>\r\n\t\t\t<\/section>\r\n\t\t\t\t\t<\/div>\n\t\t","protected":false},"excerpt":{"rendered":"<p>Formaci\u00f3 de pendents amb formig\u00f3 cel\u2022lular Impermeabilitzacions amb l\u00e0mina asf\u00e0ltica Impermeabilitzacions amb l\u00e0mina sint\u00e8tica Impermeabilitzacions continues Geot\u00e8xtils i capes separadores Acabats de coberta (graves, rajola, enjardinada) A\u00efllaments t\u00e8rmics Proves d\u2019estanque\u00eftat Imperm\u00e9abilisation de la feuille d&rsquo;asphalte De nos jours, les feuilles d\u2019asphalte traditionnellement appel\u00e9es n\u2019ont rien \u00e0 voir avec les anciennes d\u2019oxiasfalt, la seule chose qu\u2019elles [&hellip;]<\/p>\n","protected":false},"author":1,"featured_media":0,"parent":5936,"menu_order":20,"comment_status":"closed","ping_status":"closed","template":"","meta":{"_acf_changed":false,"footnotes":""},"class_list":["post-5955","page","type-page","status-publish","hentry"],"acf":[],"yoast_head":"<!-- This site is optimized with the Yoast SEO plugin v27.3 - https:\/\/yoast.com\/product\/yoast-seo-wordpress\/ -->\n<title>Imperm\u00e9abilisation de la feuille d&#039;asphalte - IMPERA - Impermeabilitzacions i a\u00efllaments d&#039;obra nova, Rehabilitacions<\/title>\n<meta name=\"robots\" content=\"index, follow, max-snippet:-1, max-image-preview:large, max-video-preview:-1\" \/>\n<link rel=\"canonical\" href=\"https:\/\/impera.cat\/fr\/nouvelle-construction\/impermeabilisation-de-la-feuille-dasphalte\/\" \/>\n<meta property=\"og:locale\" content=\"fr_FR\" \/>\n<meta property=\"og:type\" content=\"article\" \/>\n<meta property=\"og:title\" content=\"Imperm\u00e9abilisation de la feuille d&#039;asphalte - IMPERA - Impermeabilitzacions i a\u00efllaments d&#039;obra nova, Rehabilitacions\" \/>\n<meta property=\"og:description\" content=\"Formaci\u00f3 de pendents amb formig\u00f3 cel\u2022lular Impermeabilitzacions amb l\u00e0mina asf\u00e0ltica Impermeabilitzacions amb l\u00e0mina sint\u00e8tica Impermeabilitzacions continues Geot\u00e8xtils i capes separadores Acabats de coberta (graves, rajola, enjardinada) A\u00efllaments t\u00e8rmics Proves d\u2019estanque\u00eftat Imperm\u00e9abilisation de la feuille d&rsquo;asphalte De nos jours, les feuilles d\u2019asphalte traditionnellement appel\u00e9es n\u2019ont rien \u00e0 voir avec les anciennes d\u2019oxiasfalt, la seule chose qu\u2019elles [&hellip;]\" \/>\n<meta property=\"og:url\" content=\"https:\/\/impera.cat\/fr\/nouvelle-construction\/impermeabilisation-de-la-feuille-dasphalte\/\" \/>\n<meta property=\"og:site_name\" content=\"IMPERA - Impermeabilitzacions i a\u00efllaments d&#039;obra nova, Rehabilitacions\" \/>\n<meta property=\"article:publisher\" content=\"https:\/\/www.facebook.com\/profile.php?id=100063922969722\" \/>\n<meta name=\"twitter:card\" content=\"summary_large_image\" \/>\n<meta name=\"twitter:site\" content=\"@impera_cat\" \/>\n<meta name=\"twitter:label1\" content=\"Dur\u00e9e de lecture estim\u00e9e\" \/>\n\t<meta name=\"twitter:data1\" content=\"1 minute\" \/>\n<script type=\"application\/ld+json\" class=\"yoast-schema-graph\">{\"@context\":\"https:\\\/\\\/schema.org\",\"@graph\":[{\"@type\":\"WebPage\",\"@id\":\"https:\\\/\\\/impera.cat\\\/fr\\\/nouvelle-construction\\\/impermeabilisation-de-la-feuille-dasphalte\\\/\",\"url\":\"https:\\\/\\\/impera.cat\\\/fr\\\/nouvelle-construction\\\/impermeabilisation-de-la-feuille-dasphalte\\\/\",\"name\":\"Imperm\u00e9abilisation de la feuille d'asphalte - IMPERA - Impermeabilitzacions i a\u00efllaments d&#039;obra nova, Rehabilitacions\",\"isPartOf\":{\"@id\":\"https:\\\/\\\/impera.cat\\\/fr\\\/#website\"},\"datePublished\":\"2025-05-27T13:04:13+00:00\",\"breadcrumb\":{\"@id\":\"https:\\\/\\\/impera.cat\\\/fr\\\/nouvelle-construction\\\/impermeabilisation-de-la-feuille-dasphalte\\\/#breadcrumb\"},\"inLanguage\":\"fr-FR\",\"potentialAction\":[{\"@type\":\"ReadAction\",\"target\":[\"https:\\\/\\\/impera.cat\\\/fr\\\/nouvelle-construction\\\/impermeabilisation-de-la-feuille-dasphalte\\\/\"]}]},{\"@type\":\"BreadcrumbList\",\"@id\":\"https:\\\/\\\/impera.cat\\\/fr\\\/nouvelle-construction\\\/impermeabilisation-de-la-feuille-dasphalte\\\/#breadcrumb\",\"itemListElement\":[{\"@type\":\"ListItem\",\"position\":1,\"name\":\"Inici\",\"item\":\"https:\\\/\\\/impera.cat\\\/fr\\\/\"},{\"@type\":\"ListItem\",\"position\":2,\"name\":\"Nouvelle construction\",\"item\":\"https:\\\/\\\/impera.cat\\\/fr\\\/obra-nova\\\/\"},{\"@type\":\"ListItem\",\"position\":3,\"name\":\"Imperm\u00e9abilisation de la feuille d&#8217;asphalte\"}]},{\"@type\":\"WebSite\",\"@id\":\"https:\\\/\\\/impera.cat\\\/fr\\\/#website\",\"url\":\"https:\\\/\\\/impera.cat\\\/fr\\\/\",\"name\":\"IMPERA - Impermeabilitzacions i a\u00efllaments d'obra nova, Rehabilitacions\",\"description\":\"Impermeabilitzacions i a\u00efllaments d&#039;obra nova, Rehabilitacions\",\"publisher\":{\"@id\":\"https:\\\/\\\/impera.cat\\\/fr\\\/#organization\"},\"potentialAction\":[{\"@type\":\"SearchAction\",\"target\":{\"@type\":\"EntryPoint\",\"urlTemplate\":\"https:\\\/\\\/impera.cat\\\/fr\\\/?s={search_term_string}\"},\"query-input\":{\"@type\":\"PropertyValueSpecification\",\"valueRequired\":true,\"valueName\":\"search_term_string\"}}],\"inLanguage\":\"fr-FR\"},{\"@type\":\"Organization\",\"@id\":\"https:\\\/\\\/impera.cat\\\/fr\\\/#organization\",\"name\":\"IMPERA - Impermeabilitzacions i a\u00efllaments d'obra nova, Rehabilitacions\",\"url\":\"https:\\\/\\\/impera.cat\\\/fr\\\/\",\"logo\":{\"@type\":\"ImageObject\",\"inLanguage\":\"fr-FR\",\"@id\":\"https:\\\/\\\/impera.cat\\\/fr\\\/#\\\/schema\\\/logo\\\/image\\\/\",\"url\":\"https:\\\/\\\/impera.cat\\\/wp-content\\\/uploads\\\/2021\\\/10\\\/cropped-IMPERA-LOGO1-260x108-1.png\",\"contentUrl\":\"https:\\\/\\\/impera.cat\\\/wp-content\\\/uploads\\\/2021\\\/10\\\/cropped-IMPERA-LOGO1-260x108-1.png\",\"width\":260,\"height\":108,\"caption\":\"IMPERA - Impermeabilitzacions i a\u00efllaments d'obra nova, Rehabilitacions\"},\"image\":{\"@id\":\"https:\\\/\\\/impera.cat\\\/fr\\\/#\\\/schema\\\/logo\\\/image\\\/\"},\"sameAs\":[\"https:\\\/\\\/www.facebook.com\\\/profile.php?id=100063922969722\",\"https:\\\/\\\/x.com\\\/impera_cat\",\"https:\\\/\\\/www.instagram.com\\\/impera.cat\\\/\",\"https:\\\/\\\/www.linkedin.com\\\/company\\\/impera-cat\\\/\"]}]}<\/script>\n<!-- \/ Yoast SEO plugin. -->","yoast_head_json":{"title":"Imperm\u00e9abilisation de la feuille d'asphalte - IMPERA - Impermeabilitzacions i a\u00efllaments d&#039;obra nova, Rehabilitacions","robots":{"index":"index","follow":"follow","max-snippet":"max-snippet:-1","max-image-preview":"max-image-preview:large","max-video-preview":"max-video-preview:-1"},"canonical":"https:\/\/impera.cat\/fr\/nouvelle-construction\/impermeabilisation-de-la-feuille-dasphalte\/","og_locale":"fr_FR","og_type":"article","og_title":"Imperm\u00e9abilisation de la feuille d'asphalte - IMPERA - Impermeabilitzacions i a\u00efllaments d&#039;obra nova, Rehabilitacions","og_description":"Formaci\u00f3 de pendents amb formig\u00f3 cel\u2022lular Impermeabilitzacions amb l\u00e0mina asf\u00e0ltica Impermeabilitzacions amb l\u00e0mina sint\u00e8tica Impermeabilitzacions continues Geot\u00e8xtils i capes separadores Acabats de coberta (graves, rajola, enjardinada) A\u00efllaments t\u00e8rmics Proves d\u2019estanque\u00eftat Imperm\u00e9abilisation de la feuille d&rsquo;asphalte De nos jours, les feuilles d\u2019asphalte traditionnellement appel\u00e9es n\u2019ont rien \u00e0 voir avec les anciennes d\u2019oxiasfalt, la seule chose qu\u2019elles [&hellip;]","og_url":"https:\/\/impera.cat\/fr\/nouvelle-construction\/impermeabilisation-de-la-feuille-dasphalte\/","og_site_name":"IMPERA - Impermeabilitzacions i a\u00efllaments d&#039;obra nova, Rehabilitacions","article_publisher":"https:\/\/www.facebook.com\/profile.php?id=100063922969722","twitter_card":"summary_large_image","twitter_site":"@impera_cat","twitter_misc":{"Dur\u00e9e de lecture estim\u00e9e":"1 minute"},"schema":{"@context":"https:\/\/schema.org","@graph":[{"@type":"WebPage","@id":"https:\/\/impera.cat\/fr\/nouvelle-construction\/impermeabilisation-de-la-feuille-dasphalte\/","url":"https:\/\/impera.cat\/fr\/nouvelle-construction\/impermeabilisation-de-la-feuille-dasphalte\/","name":"Imperm\u00e9abilisation de la feuille d'asphalte - IMPERA - Impermeabilitzacions i a\u00efllaments d&#039;obra nova, Rehabilitacions","isPartOf":{"@id":"https:\/\/impera.cat\/fr\/#website"},"datePublished":"2025-05-27T13:04:13+00:00","breadcrumb":{"@id":"https:\/\/impera.cat\/fr\/nouvelle-construction\/impermeabilisation-de-la-feuille-dasphalte\/#breadcrumb"},"inLanguage":"fr-FR","potentialAction":[{"@type":"ReadAction","target":["https:\/\/impera.cat\/fr\/nouvelle-construction\/impermeabilisation-de-la-feuille-dasphalte\/"]}]},{"@type":"BreadcrumbList","@id":"https:\/\/impera.cat\/fr\/nouvelle-construction\/impermeabilisation-de-la-feuille-dasphalte\/#breadcrumb","itemListElement":[{"@type":"ListItem","position":1,"name":"Inici","item":"https:\/\/impera.cat\/fr\/"},{"@type":"ListItem","position":2,"name":"Nouvelle construction","item":"https:\/\/impera.cat\/fr\/obra-nova\/"},{"@type":"ListItem","position":3,"name":"Imperm\u00e9abilisation de la feuille d&#8217;asphalte"}]},{"@type":"WebSite","@id":"https:\/\/impera.cat\/fr\/#website","url":"https:\/\/impera.cat\/fr\/","name":"IMPERA - Impermeabilitzacions i a\u00efllaments d'obra nova, Rehabilitacions","description":"Impermeabilitzacions i a\u00efllaments d&#039;obra nova, Rehabilitacions","publisher":{"@id":"https:\/\/impera.cat\/fr\/#organization"},"potentialAction":[{"@type":"SearchAction","target":{"@type":"EntryPoint","urlTemplate":"https:\/\/impera.cat\/fr\/?s={search_term_string}"},"query-input":{"@type":"PropertyValueSpecification","valueRequired":true,"valueName":"search_term_string"}}],"inLanguage":"fr-FR"},{"@type":"Organization","@id":"https:\/\/impera.cat\/fr\/#organization","name":"IMPERA - Impermeabilitzacions i a\u00efllaments d'obra nova, Rehabilitacions","url":"https:\/\/impera.cat\/fr\/","logo":{"@type":"ImageObject","inLanguage":"fr-FR","@id":"https:\/\/impera.cat\/fr\/#\/schema\/logo\/image\/","url":"https:\/\/impera.cat\/wp-content\/uploads\/2021\/10\/cropped-IMPERA-LOGO1-260x108-1.png","contentUrl":"https:\/\/impera.cat\/wp-content\/uploads\/2021\/10\/cropped-IMPERA-LOGO1-260x108-1.png","width":260,"height":108,"caption":"IMPERA - Impermeabilitzacions i a\u00efllaments d'obra nova, Rehabilitacions"},"image":{"@id":"https:\/\/impera.cat\/fr\/#\/schema\/logo\/image\/"},"sameAs":["https:\/\/www.facebook.com\/profile.php?id=100063922969722","https:\/\/x.com\/impera_cat","https:\/\/www.instagram.com\/impera.cat\/","https:\/\/www.linkedin.com\/company\/impera-cat\/"]}]}},"_links":{"self":[{"href":"https:\/\/impera.cat\/fr\/wp-json\/wp\/v2\/pages\/5955","targetHints":{"allow":["GET"]}}],"collection":[{"href":"https:\/\/impera.cat\/fr\/wp-json\/wp\/v2\/pages"}],"about":[{"href":"https:\/\/impera.cat\/fr\/wp-json\/wp\/v2\/types\/page"}],"author":[{"embeddable":true,"href":"https:\/\/impera.cat\/fr\/wp-json\/wp\/v2\/users\/1"}],"replies":[{"embeddable":true,"href":"https:\/\/impera.cat\/fr\/wp-json\/wp\/v2\/comments?post=5955"}],"version-history":[{"count":1,"href":"https:\/\/impera.cat\/fr\/wp-json\/wp\/v2\/pages\/5955\/revisions"}],"predecessor-version":[{"id":5956,"href":"https:\/\/impera.cat\/fr\/wp-json\/wp\/v2\/pages\/5955\/revisions\/5956"}],"up":[{"embeddable":true,"href":"https:\/\/impera.cat\/fr\/wp-json\/wp\/v2\/pages\/5936"}],"wp:attachment":[{"href":"https:\/\/impera.cat\/fr\/wp-json\/wp\/v2\/media?parent=5955"}],"curies":[{"name":"wp","href":"https:\/\/api.w.org\/{rel}","templated":true}]}}