{"id":5900,"date":"2025-04-15T09:35:38","date_gmt":"2025-04-15T07:35:38","guid":{"rendered":"https:\/\/www.impera.cat\/?page_id=5900"},"modified":"2023-07-14T16:06:40","modified_gmt":"2023-07-14T14:06:40","slug":"gaz-radon","status":"publish","type":"page","link":"https:\/\/impera.cat\/fr\/gaz-radon\/","title":{"rendered":"Barri\u00e8re contre le radon"},"content":{"rendered":"<h1>Qu&rsquo;est-ce que le radon?<\/h1>\n<p>C&rsquo;est un <strong> gaz radioactif d&rsquo;origine naturelle <\/strong>, ind\u00e9tectable par l&rsquo;homme par ses propres moyens, qui provient de la d\u00e9sint\u00e9gration du radium; qui \u00e0 son tour provient de la d\u00e9sint\u00e9gration de l&rsquo;uranium contenu dans des roches telles que le granit.<\/p>\n<p>Le radon est la source la plus importante de rayonnement naturel. <strong> Il a la capacit\u00e9 d&rsquo;adh\u00e9rer aux particules de pouls qui gravitent dans l&rsquo;air <\/strong>, \u00e9tant capable d&rsquo;acc\u00e9der et de s&rsquo;accumuler dans les poumons. Contient des particules alpha radioactives; Ils sont responsables de provoquer des mutations dans les cellules du syst\u00e8me respiratoire en cas d&rsquo;inhalation, ce qui peut conduire au cancer. Selon une \u00e9tude de l&rsquo;Organisation mondiale de la sant\u00e9 <strong> (OMS), le radon est la deuxi\u00e8me cause de cancer du poumon <\/strong>, apr\u00e8s le tabac.<\/p>\n<p>Il est tr\u00e8s peu pr\u00e9sent dans l&rsquo;air que nous respirons, \u00e0 de faibles concentrations. Le radon est rapidement dilu\u00e9 \u00e0 l&rsquo;ext\u00e9rieur, ce n&rsquo;est donc pas un probl\u00e8me. En revanche, <strong> dans des espaces clos, des concentrations \u00e9lev\u00e9es peuvent \u00eatre enregistr\u00e9es <\/strong>, ce qui pr\u00e9sente un risque potentiel pour la sant\u00e9. \u00c9tant incolore, inodore et insipide, il peut s&rsquo;accumuler, sans que nous nous en rendions compte, <strong> \u00e0 l&rsquo;int\u00e9rieur des maisons b\u00e2ties <\/strong>. En cas de ventilation insuffisante, <strong> la concentration peut devenir tr\u00e8s \u00e9lev\u00e9e et dangereuse pour les habitants du b\u00e2timent <\/strong>.<\/p>\n<p><strong> Le radon peut p\u00e9n\u00e9trer par des fissures ou des fissures dans le b\u00e9ton des fondations d&rsquo;une maison <\/strong>. De plus, son entr\u00e9e peut \u00eatre am\u00e9lior\u00e9e gr\u00e2ce \u00e0 des \u00e9l\u00e9ments qui modifient la pression d&rsquo;air, tels que des po\u00eales, des extracteurs de cuisine, des ventilateurs, etc. La situation la plus courante est que les parties les plus touch\u00e9es sont les rez-de-chauss\u00e9e ou les sous-sols, se d\u00e9pla\u00e7ant vers le reste de la maison.<\/p>\n<p><strong> D&rsquo;IMPERA <\/strong> nous sommes \u00e0 la pointe des nouveaut\u00e9s et des changements c&rsquo;est pourquoi <strong> nous avons d\u00e9j\u00e0 une \u00e9quipe form\u00e9e pour placer et garantir tous les mat\u00e9riaux d&rsquo;\u00e9tanch\u00e9it\u00e9 contre le radon <\/strong> par la main de notre fabricant ASFALTOS CHOVA nous avons d\u00e9j\u00e0 <strong> deux types de plaques d&rsquo;asphalte approuv\u00e9es <\/strong> pour se prot\u00e9ger contre le radon.<\/p>\n<h2>FEUILLES ANTI-RADON CHOVA<\/h2>\n<ul>\n<li><a href=\"https:\/\/impera.cat\/wp-content\/uploads\/2021\/04\/CHOVAPLAST-ALUM-BV-30-E2-RADON.pdf\" target=\"_blank\" rel=\"noopener\">&gt; Information compl\u00e8te de la fiche CHOVAPLAST ALUMBRE BV 30 &#8211; E2<\/a><\/li>\n<li><a href=\"https:\/\/impera.cat\/wp-content\/uploads\/2021\/04\/FT_E_37450_POLITABER_COMBI_40_v09.pdf\" target=\"_blank\" rel=\"noopener\">&gt; Informations compl\u00e8tes de la fiche POLITABER COMBI 40<\/a><\/li>\n<li><a href=\"https:\/\/impera.cat\/wp-content\/uploads\/2021\/04\/Inf_RADON_ChovAPLAST-ALUM-BV-30_Chova_ESP_R.pdf\" target=\"_blank\" rel=\"noopener\">&gt; Rapport d&rsquo;essai: d\u00e9termination du coefficient de diffusion du radon<\/a><\/li>\n<\/ul>\n<p>Depuis IMPERA <strong> nous menons des travaux contre le radon <\/strong> depuis plus d&rsquo;un an dans diff\u00e9rents travaux.<\/p>\n<p><strong>TRAVAUX DE LOGEMENT LA GAVINA &#8211; S&rsquo;AGAR\u00d3 <\/strong> (400m2 de barri\u00e8re anti-radon avec feuille d&rsquo;aluminium)<\/p>\n<style>.elementor-image-gallery .gallery-item{display:inline-block;text-align:center;vertical-align:top;width:100%;max-width:100%;margin:0 auto}.elementor-image-gallery .gallery-item img{margin:0 auto}.elementor-image-gallery .gallery-item .gallery-caption{margin:0}.elementor-image-gallery figure img{display:block}.elementor-image-gallery figure figcaption{width:100%}.gallery-spacing-custom .elementor-image-gallery .gallery-icon{padding:0}@media (min-width:768px){.elementor-image-gallery .gallery-columns-2 .gallery-item{max-width:50%}.elementor-image-gallery .gallery-columns-3 .gallery-item{max-width:33.33%}.elementor-image-gallery .gallery-columns-4 .gallery-item{max-width:25%}.elementor-image-gallery .gallery-columns-5 .gallery-item{max-width:20%}.elementor-image-gallery .gallery-columns-6 .gallery-item{max-width:16.666%}.elementor-image-gallery .gallery-columns-7 .gallery-item{max-width:14.28%}.elementor-image-gallery .gallery-columns-8 .gallery-item{max-width:12.5%}.elementor-image-gallery .gallery-columns-9 .gallery-item{max-width:11.11%}.elementor-image-gallery .gallery-columns-10 .gallery-item{max-width:10%}}@media (min-width:480px) and (max-width:767px){.elementor-image-gallery .gallery.gallery-columns-2 .gallery-item,.elementor-image-gallery .gallery.gallery-columns-3 .gallery-item,.elementor-image-gallery .gallery.gallery-columns-4 .gallery-item,.elementor-image-gallery .gallery.gallery-columns-5 .gallery-item,.elementor-image-gallery .gallery.gallery-columns-6 .gallery-item,.elementor-image-gallery .gallery.gallery-columns-7 .gallery-item,.elementor-image-gallery .gallery.gallery-columns-8 .gallery-item,.elementor-image-gallery .gallery.gallery-columns-9 .gallery-item,.elementor-image-gallery .gallery.gallery-columns-10 .gallery-item{max-width:50%}}@media (max-width:479px){.elementor-image-gallery .gallery.gallery-columns-2 .gallery-item,.elementor-image-gallery .gallery.gallery-columns-3 .gallery-item,.elementor-image-gallery .gallery.gallery-columns-4 .gallery-item,.elementor-image-gallery .gallery.gallery-columns-5 .gallery-item,.elementor-image-gallery .gallery.gallery-columns-6 .gallery-item,.elementor-image-gallery .gallery.gallery-columns-7 .gallery-item,.elementor-image-gallery .gallery.gallery-columns-8 .gallery-item,.elementor-image-gallery .gallery.gallery-columns-9 .gallery-item,.elementor-image-gallery .gallery.gallery-columns-10 .gallery-item{max-width:100%}}<\/style>\n<figure class=\"gallery-item\">\n\t\t\t\t<a data-elementor-open-lightbox=\"yes\" data-elementor-lightbox-slideshow=\"de63115\" data-elementor-lightbox-title=\"LA_GAVINA_SAGARO_-_RADO_3\" e-action-hash=\"#elementor-action%3Aaction%3Dlightbox%26settings%3DeyJpZCI6Mzc2NiwidXJsIjoiaHR0cHM6XC9cL3d3dy5pbXBlcmEuY2F0XC93cC1jb250ZW50XC91cGxvYWRzXC8yMDIxXC8xMFwvTEFfR0FWSU5BX1NBR0FST18tX1JBRE9fMy5qcGVnIiwic2xpZGVzaG93IjoiZGU2MzExNSJ9\" href=\"https:\/\/impera.cat\/wp-content\/uploads\/2021\/10\/LA_GAVINA_SAGARO_-_RADO_3.jpeg\"><img width=\"150\" height=\"150\" src=\"https:\/\/impera.cat\/wp-content\/uploads\/2021\/10\/LA_GAVINA_SAGARO_-_RADO_3-150x150.jpeg\" alt=\"\" decoding=\"async\"><\/a><\/figure>\n<figure class=\"gallery-item\">\n\t\t\t\t<a data-elementor-open-lightbox=\"yes\" data-elementor-lightbox-slideshow=\"de63115\" data-elementor-lightbox-title=\"LA_GAVINA_SAGARO_-_RADO_2\" e-action-hash=\"#elementor-action%3Aaction%3Dlightbox%26settings%3DeyJpZCI6Mzc2MiwidXJsIjoiaHR0cHM6XC9cL3d3dy5pbXBlcmEuY2F0XC93cC1jb250ZW50XC91cGxvYWRzXC8yMDIxXC8xMFwvTEFfR0FWSU5BX1NBR0FST18tX1JBRE9fMi5qcGVnIiwic2xpZGVzaG93IjoiZGU2MzExNSJ9\" href=\"https:\/\/impera.cat\/wp-content\/uploads\/2021\/10\/LA_GAVINA_SAGARO_-_RADO_2.jpeg\"><img width=\"150\" height=\"150\" src=\"https:\/\/impera.cat\/wp-content\/uploads\/2021\/10\/LA_GAVINA_SAGARO_-_RADO_2-150x150.jpeg\" alt=\"\" decoding=\"async\"><\/a><\/figure>\n<figure class=\"gallery-item\">\n\t\t\t\t<a data-elementor-open-lightbox=\"yes\" data-elementor-lightbox-slideshow=\"de63115\" data-elementor-lightbox-title=\"LA_GAVINA_SAGARO_-_RADO\" e-action-hash=\"#elementor-action%3Aaction%3Dlightbox%26settings%3DeyJpZCI6Mzc1OCwidXJsIjoiaHR0cHM6XC9cL3d3dy5pbXBlcmEuY2F0XC93cC1jb250ZW50XC91cGxvYWRzXC8yMDIxXC8xMFwvTEFfR0FWSU5BX1NBR0FST18tX1JBRE8uanBlZyIsInNsaWRlc2hvdyI6ImRlNjMxMTUifQ%3D%3D\" href=\"https:\/\/impera.cat\/wp-content\/uploads\/2021\/10\/LA_GAVINA_SAGARO_-_RADO.jpeg\"><img width=\"150\" height=\"150\" src=\"https:\/\/impera.cat\/wp-content\/uploads\/2021\/10\/LA_GAVINA_SAGARO_-_RADO-150x150.jpeg\" alt=\"\" decoding=\"async\"><\/a><\/figure>\n<p><strong>LABORATOIRES TRAVAILLENT HIPRA AIGUAVIVA <\/strong> (600m2 de barri\u00e8re anti-radon avec feuille d&rsquo;asphalte)<\/p>\n<figure class=\"gallery-item\">\n\t\t\t\t<a data-elementor-open-lightbox=\"yes\" data-elementor-lightbox-slideshow=\"caf2315\" data-elementor-lightbox-title=\"HIPRA_AIGUAVIVA-RADO\" e-action-hash=\"#elementor-action%3Aaction%3Dlightbox%26settings%3DeyJpZCI6Mzc3NCwidXJsIjoiaHR0cHM6XC9cL3d3dy5pbXBlcmEuY2F0XC93cC1jb250ZW50XC91cGxvYWRzXC8yMDIxXC8xMFwvSElQUkFfQUlHVUFWSVZBLVJBRE8uanBlZyIsInNsaWRlc2hvdyI6ImNhZjIzMTUifQ%3D%3D\" href=\"https:\/\/impera.cat\/wp-content\/uploads\/2021\/10\/HIPRA_AIGUAVIVA-RADO.jpeg\"><img loading=\"lazy\" width=\"150\" height=\"150\" src=\"https:\/\/impera.cat\/wp-content\/uploads\/2021\/10\/HIPRA_AIGUAVIVA-RADO-150x150.jpeg\" alt=\"\" decoding=\"async\"><\/a><\/figure>\n<figure class=\"gallery-item\">\n\t\t\t\t<a data-elementor-open-lightbox=\"yes\" data-elementor-lightbox-slideshow=\"caf2315\" data-elementor-lightbox-title=\"HIPRA_AIGUAVIVA-RADO_2\" e-action-hash=\"#elementor-action%3Aaction%3Dlightbox%26settings%3DeyJpZCI6Mzc3OCwidXJsIjoiaHR0cHM6XC9cL3d3dy5pbXBlcmEuY2F0XC93cC1jb250ZW50XC91cGxvYWRzXC8yMDIxXC8xMFwvSElQUkFfQUlHVUFWSVZBLVJBRE9fMi5qcGVnIiwic2xpZGVzaG93IjoiY2FmMjMxNSJ9\" href=\"https:\/\/impera.cat\/wp-content\/uploads\/2021\/10\/HIPRA_AIGUAVIVA-RADO_2.jpeg\"><img loading=\"lazy\" width=\"150\" height=\"150\" src=\"https:\/\/impera.cat\/wp-content\/uploads\/2021\/10\/HIPRA_AIGUAVIVA-RADO_2-150x150.jpeg\" alt=\"\" decoding=\"async\"><\/a><\/figure>\n","protected":false},"excerpt":{"rendered":"<p>Qu&rsquo;est-ce que le radon? C&rsquo;est un gaz radioactif d&rsquo;origine naturelle , ind\u00e9tectable par l&rsquo;homme par ses propres moyens, qui provient de la d\u00e9sint\u00e9gration du radium; qui \u00e0 son tour provient de la d\u00e9sint\u00e9gration de l&rsquo;uranium contenu dans des roches telles que le granit. Le radon est la source la plus importante de rayonnement naturel. Il [&hellip;]<\/p>\n","protected":false},"author":1,"featured_media":0,"parent":0,"menu_order":0,"comment_status":"closed","ping_status":"closed","template":"","meta":{"_acf_changed":false,"footnotes":""},"class_list":["post-5900","page","type-page","status-publish","hentry"],"acf":[],"yoast_head":"<!-- This site is optimized with the Yoast SEO plugin v27.3 - https:\/\/yoast.com\/product\/yoast-seo-wordpress\/ -->\n<title>Barri\u00e8re contre le radon - IMPERA - Impermeabilitzacions i a\u00efllaments d&#039;obra nova, Rehabilitacions<\/title>\n<meta name=\"robots\" content=\"index, follow, max-snippet:-1, max-image-preview:large, max-video-preview:-1\" \/>\n<link rel=\"canonical\" href=\"https:\/\/impera.cat\/fr\/gaz-radon\/\" \/>\n<meta property=\"og:locale\" content=\"fr_FR\" \/>\n<meta property=\"og:type\" content=\"article\" \/>\n<meta property=\"og:title\" content=\"Barri\u00e8re contre le radon - IMPERA - Impermeabilitzacions i a\u00efllaments d&#039;obra nova, Rehabilitacions\" \/>\n<meta property=\"og:description\" content=\"Qu&rsquo;est-ce que le radon? C&rsquo;est un gaz radioactif d&rsquo;origine naturelle , ind\u00e9tectable par l&rsquo;homme par ses propres moyens, qui provient de la d\u00e9sint\u00e9gration du radium; qui \u00e0 son tour provient de la d\u00e9sint\u00e9gration de l&rsquo;uranium contenu dans des roches telles que le granit. Le radon est la source la plus importante de rayonnement naturel. Il [&hellip;]\" \/>\n<meta property=\"og:url\" content=\"https:\/\/impera.cat\/fr\/gaz-radon\/\" \/>\n<meta property=\"og:site_name\" content=\"IMPERA - Impermeabilitzacions i a\u00efllaments d&#039;obra nova, Rehabilitacions\" \/>\n<meta property=\"article:publisher\" content=\"https:\/\/www.facebook.com\/profile.php?id=100063922969722\" \/>\n<meta property=\"og:image\" content=\"https:\/\/impera.cat\/wp-content\/uploads\/2021\/10\/LA_GAVINA_SAGARO_-_RADO_3-150x150.jpeg\" \/>\n<meta name=\"twitter:card\" content=\"summary_large_image\" \/>\n<meta name=\"twitter:site\" content=\"@impera_cat\" \/>\n<meta name=\"twitter:label1\" content=\"Dur\u00e9e de lecture estim\u00e9e\" \/>\n\t<meta name=\"twitter:data1\" content=\"2 minutes\" \/>\n<script type=\"application\/ld+json\" class=\"yoast-schema-graph\">{\"@context\":\"https:\\\/\\\/schema.org\",\"@graph\":[{\"@type\":\"WebPage\",\"@id\":\"https:\\\/\\\/impera.cat\\\/fr\\\/gaz-radon\\\/\",\"url\":\"https:\\\/\\\/impera.cat\\\/fr\\\/gaz-radon\\\/\",\"name\":\"Barri\u00e8re contre le radon - IMPERA - Impermeabilitzacions i a\u00efllaments d&#039;obra nova, Rehabilitacions\",\"isPartOf\":{\"@id\":\"https:\\\/\\\/impera.cat\\\/fr\\\/#website\"},\"primaryImageOfPage\":{\"@id\":\"https:\\\/\\\/impera.cat\\\/fr\\\/gaz-radon\\\/#primaryimage\"},\"image\":{\"@id\":\"https:\\\/\\\/impera.cat\\\/fr\\\/gaz-radon\\\/#primaryimage\"},\"thumbnailUrl\":\"https:\\\/\\\/impera.cat\\\/wp-content\\\/uploads\\\/2021\\\/10\\\/LA_GAVINA_SAGARO_-_RADO_3-150x150.jpeg\",\"datePublished\":\"2025-04-15T07:35:38+00:00\",\"breadcrumb\":{\"@id\":\"https:\\\/\\\/impera.cat\\\/fr\\\/gaz-radon\\\/#breadcrumb\"},\"inLanguage\":\"fr-FR\",\"potentialAction\":[{\"@type\":\"ReadAction\",\"target\":[\"https:\\\/\\\/impera.cat\\\/fr\\\/gaz-radon\\\/\"]}]},{\"@type\":\"ImageObject\",\"inLanguage\":\"fr-FR\",\"@id\":\"https:\\\/\\\/impera.cat\\\/fr\\\/gaz-radon\\\/#primaryimage\",\"url\":\"https:\\\/\\\/impera.cat\\\/wp-content\\\/uploads\\\/2021\\\/10\\\/LA_GAVINA_SAGARO_-_RADO_3-150x150.jpeg\",\"contentUrl\":\"https:\\\/\\\/impera.cat\\\/wp-content\\\/uploads\\\/2021\\\/10\\\/LA_GAVINA_SAGARO_-_RADO_3-150x150.jpeg\"},{\"@type\":\"BreadcrumbList\",\"@id\":\"https:\\\/\\\/impera.cat\\\/fr\\\/gaz-radon\\\/#breadcrumb\",\"itemListElement\":[{\"@type\":\"ListItem\",\"position\":1,\"name\":\"Inici\",\"item\":\"https:\\\/\\\/impera.cat\\\/fr\\\/\"},{\"@type\":\"ListItem\",\"position\":2,\"name\":\"Barri\u00e8re contre le radon\"}]},{\"@type\":\"WebSite\",\"@id\":\"https:\\\/\\\/impera.cat\\\/fr\\\/#website\",\"url\":\"https:\\\/\\\/impera.cat\\\/fr\\\/\",\"name\":\"IMPERA - Impermeabilitzacions i a\u00efllaments d'obra nova, Rehabilitacions\",\"description\":\"Impermeabilitzacions i a\u00efllaments d&#039;obra nova, Rehabilitacions\",\"publisher\":{\"@id\":\"https:\\\/\\\/impera.cat\\\/fr\\\/#organization\"},\"potentialAction\":[{\"@type\":\"SearchAction\",\"target\":{\"@type\":\"EntryPoint\",\"urlTemplate\":\"https:\\\/\\\/impera.cat\\\/fr\\\/?s={search_term_string}\"},\"query-input\":{\"@type\":\"PropertyValueSpecification\",\"valueRequired\":true,\"valueName\":\"search_term_string\"}}],\"inLanguage\":\"fr-FR\"},{\"@type\":\"Organization\",\"@id\":\"https:\\\/\\\/impera.cat\\\/fr\\\/#organization\",\"name\":\"IMPERA - Impermeabilitzacions i a\u00efllaments d'obra nova, Rehabilitacions\",\"url\":\"https:\\\/\\\/impera.cat\\\/fr\\\/\",\"logo\":{\"@type\":\"ImageObject\",\"inLanguage\":\"fr-FR\",\"@id\":\"https:\\\/\\\/impera.cat\\\/fr\\\/#\\\/schema\\\/logo\\\/image\\\/\",\"url\":\"https:\\\/\\\/impera.cat\\\/wp-content\\\/uploads\\\/2021\\\/10\\\/cropped-IMPERA-LOGO1-260x108-1.png\",\"contentUrl\":\"https:\\\/\\\/impera.cat\\\/wp-content\\\/uploads\\\/2021\\\/10\\\/cropped-IMPERA-LOGO1-260x108-1.png\",\"width\":260,\"height\":108,\"caption\":\"IMPERA - Impermeabilitzacions i a\u00efllaments d'obra nova, Rehabilitacions\"},\"image\":{\"@id\":\"https:\\\/\\\/impera.cat\\\/fr\\\/#\\\/schema\\\/logo\\\/image\\\/\"},\"sameAs\":[\"https:\\\/\\\/www.facebook.com\\\/profile.php?id=100063922969722\",\"https:\\\/\\\/x.com\\\/impera_cat\",\"https:\\\/\\\/www.instagram.com\\\/impera.cat\\\/\",\"https:\\\/\\\/www.linkedin.com\\\/company\\\/impera-cat\\\/\"]}]}<\/script>\n<!-- \/ Yoast SEO plugin. -->","yoast_head_json":{"title":"Barri\u00e8re contre le radon - IMPERA - Impermeabilitzacions i a\u00efllaments d&#039;obra nova, Rehabilitacions","robots":{"index":"index","follow":"follow","max-snippet":"max-snippet:-1","max-image-preview":"max-image-preview:large","max-video-preview":"max-video-preview:-1"},"canonical":"https:\/\/impera.cat\/fr\/gaz-radon\/","og_locale":"fr_FR","og_type":"article","og_title":"Barri\u00e8re contre le radon - IMPERA - Impermeabilitzacions i a\u00efllaments d&#039;obra nova, Rehabilitacions","og_description":"Qu&rsquo;est-ce que le radon? C&rsquo;est un gaz radioactif d&rsquo;origine naturelle , ind\u00e9tectable par l&rsquo;homme par ses propres moyens, qui provient de la d\u00e9sint\u00e9gration du radium; qui \u00e0 son tour provient de la d\u00e9sint\u00e9gration de l&rsquo;uranium contenu dans des roches telles que le granit. Le radon est la source la plus importante de rayonnement naturel. Il [&hellip;]","og_url":"https:\/\/impera.cat\/fr\/gaz-radon\/","og_site_name":"IMPERA - Impermeabilitzacions i a\u00efllaments d&#039;obra nova, Rehabilitacions","article_publisher":"https:\/\/www.facebook.com\/profile.php?id=100063922969722","og_image":[{"url":"https:\/\/impera.cat\/wp-content\/uploads\/2021\/10\/LA_GAVINA_SAGARO_-_RADO_3-150x150.jpeg","type":"","width":"","height":""}],"twitter_card":"summary_large_image","twitter_site":"@impera_cat","twitter_misc":{"Dur\u00e9e de lecture estim\u00e9e":"2 minutes"},"schema":{"@context":"https:\/\/schema.org","@graph":[{"@type":"WebPage","@id":"https:\/\/impera.cat\/fr\/gaz-radon\/","url":"https:\/\/impera.cat\/fr\/gaz-radon\/","name":"Barri\u00e8re contre le radon - IMPERA - Impermeabilitzacions i a\u00efllaments d&#039;obra nova, Rehabilitacions","isPartOf":{"@id":"https:\/\/impera.cat\/fr\/#website"},"primaryImageOfPage":{"@id":"https:\/\/impera.cat\/fr\/gaz-radon\/#primaryimage"},"image":{"@id":"https:\/\/impera.cat\/fr\/gaz-radon\/#primaryimage"},"thumbnailUrl":"https:\/\/impera.cat\/wp-content\/uploads\/2021\/10\/LA_GAVINA_SAGARO_-_RADO_3-150x150.jpeg","datePublished":"2025-04-15T07:35:38+00:00","breadcrumb":{"@id":"https:\/\/impera.cat\/fr\/gaz-radon\/#breadcrumb"},"inLanguage":"fr-FR","potentialAction":[{"@type":"ReadAction","target":["https:\/\/impera.cat\/fr\/gaz-radon\/"]}]},{"@type":"ImageObject","inLanguage":"fr-FR","@id":"https:\/\/impera.cat\/fr\/gaz-radon\/#primaryimage","url":"https:\/\/impera.cat\/wp-content\/uploads\/2021\/10\/LA_GAVINA_SAGARO_-_RADO_3-150x150.jpeg","contentUrl":"https:\/\/impera.cat\/wp-content\/uploads\/2021\/10\/LA_GAVINA_SAGARO_-_RADO_3-150x150.jpeg"},{"@type":"BreadcrumbList","@id":"https:\/\/impera.cat\/fr\/gaz-radon\/#breadcrumb","itemListElement":[{"@type":"ListItem","position":1,"name":"Inici","item":"https:\/\/impera.cat\/fr\/"},{"@type":"ListItem","position":2,"name":"Barri\u00e8re contre le radon"}]},{"@type":"WebSite","@id":"https:\/\/impera.cat\/fr\/#website","url":"https:\/\/impera.cat\/fr\/","name":"IMPERA - Impermeabilitzacions i a\u00efllaments d'obra nova, Rehabilitacions","description":"Impermeabilitzacions i a\u00efllaments d&#039;obra nova, Rehabilitacions","publisher":{"@id":"https:\/\/impera.cat\/fr\/#organization"},"potentialAction":[{"@type":"SearchAction","target":{"@type":"EntryPoint","urlTemplate":"https:\/\/impera.cat\/fr\/?s={search_term_string}"},"query-input":{"@type":"PropertyValueSpecification","valueRequired":true,"valueName":"search_term_string"}}],"inLanguage":"fr-FR"},{"@type":"Organization","@id":"https:\/\/impera.cat\/fr\/#organization","name":"IMPERA - Impermeabilitzacions i a\u00efllaments d'obra nova, Rehabilitacions","url":"https:\/\/impera.cat\/fr\/","logo":{"@type":"ImageObject","inLanguage":"fr-FR","@id":"https:\/\/impera.cat\/fr\/#\/schema\/logo\/image\/","url":"https:\/\/impera.cat\/wp-content\/uploads\/2021\/10\/cropped-IMPERA-LOGO1-260x108-1.png","contentUrl":"https:\/\/impera.cat\/wp-content\/uploads\/2021\/10\/cropped-IMPERA-LOGO1-260x108-1.png","width":260,"height":108,"caption":"IMPERA - Impermeabilitzacions i a\u00efllaments d'obra nova, Rehabilitacions"},"image":{"@id":"https:\/\/impera.cat\/fr\/#\/schema\/logo\/image\/"},"sameAs":["https:\/\/www.facebook.com\/profile.php?id=100063922969722","https:\/\/x.com\/impera_cat","https:\/\/www.instagram.com\/impera.cat\/","https:\/\/www.linkedin.com\/company\/impera-cat\/"]}]}},"_links":{"self":[{"href":"https:\/\/impera.cat\/fr\/wp-json\/wp\/v2\/pages\/5900","targetHints":{"allow":["GET"]}}],"collection":[{"href":"https:\/\/impera.cat\/fr\/wp-json\/wp\/v2\/pages"}],"about":[{"href":"https:\/\/impera.cat\/fr\/wp-json\/wp\/v2\/types\/page"}],"author":[{"embeddable":true,"href":"https:\/\/impera.cat\/fr\/wp-json\/wp\/v2\/users\/1"}],"replies":[{"embeddable":true,"href":"https:\/\/impera.cat\/fr\/wp-json\/wp\/v2\/comments?post=5900"}],"version-history":[{"count":5,"href":"https:\/\/impera.cat\/fr\/wp-json\/wp\/v2\/pages\/5900\/revisions"}],"predecessor-version":[{"id":5923,"href":"https:\/\/impera.cat\/fr\/wp-json\/wp\/v2\/pages\/5900\/revisions\/5923"}],"wp:attachment":[{"href":"https:\/\/impera.cat\/fr\/wp-json\/wp\/v2\/media?parent=5900"}],"curies":[{"name":"wp","href":"https:\/\/api.w.org\/{rel}","templated":true}]}}