{"id":9028,"date":"2026-04-29T14:40:33","date_gmt":"2026-04-29T12:40:33","guid":{"rendered":"https:\/\/impera.cat\/cubiertas-inclinadas\/"},"modified":"2026-04-29T17:10:45","modified_gmt":"2026-04-29T15:10:45","slug":"cubiertas-inclinadas","status":"publish","type":"page","link":"https:\/\/impera.cat\/es\/cubiertas-inclinadas\/","title":{"rendered":"Cubiertas inclinadas"},"content":{"rendered":"\t\t<div data-elementor-type=\"wp-page\" data-elementor-id=\"9028\" class=\"elementor elementor-9028 elementor-8993\">\n\t\t\t\t\t\t<section class=\" elementor-section elementor-top-section elementor-element elementor-element-6d5d38a elementor-section-boxed elementor-section-height-default elementor-section-height-default\" data-id=\"6d5d38a\" data-element_type=\"section\" data-e-type=\"section\">\r\n\t\t\t\t\t\t\t\t<div class=\"elementor-container elementor-column-gap-default\">\r\n\t\t\t\t\r\n\t\t\t\t\t\t\t\t<div class=\" elementor-column elementor-col-100 elementor-top-column elementor-element elementor-element-b235d36 \" data-id=\"b235d36\" data-element_type=\"column\" data-e-type=\"column\">\r\n\r\n\t\t\t\t\r\n\t\t\t\t<div class=\"elementor-widget-wrap elementor-element-populated\">\r\n\t\t\t\t\t\t\t\t\t\t\r\n\t\t\t\t\t\t<div class=\"elementor-element elementor-element-41191f7 elementor-widget elementor-widget-text-editor\" data-id=\"41191f7\" data-element_type=\"widget\" data-e-type=\"widget\" data-widget_type=\"text-editor.default\">\n\t\t\t\t<div class=\"elementor-widget-container\">\n\t\t\t\t\t\t\t\t\t<p class=\"p1\">Las cubiertas inclinadas son una soluci\u00f3n pr\u00e1ctica y eficaz para proteger cualquier edificio de la lluvia y la humedad. Gracias a su inclinaci\u00f3n, permiten evacuar el agua de forma natural, reduciendo el riesgo de filtraciones.<\/p><p class=\"p1\">En IMPERA, ofrecemos soluciones adaptadas a cada proyecto, tanto en obra nueva como en rehabilitaci\u00f3n, con el objetivo de garantizar una cubierta segura, duradera y bien ejecutada.<\/p><h3><span class=\"s1\"><b>Una soluci\u00f3n segura y duradera<\/b><\/span><\/h3><p class=\"p1\">Cada cubierta es diferente, por eso analizamos las caracter\u00edsticas del edificio y proponemos la mejor opci\u00f3n seg\u00fan las necesidades.<\/p><p class=\"p3\">Trabajamos con sistemas que garantizan:<\/p><ul><li>Una correcta evacuaci\u00f3n del agua<\/li><li>Protecci\u00f3n frente a filtraciones y humedades<\/li><li>Materiales duraderos y de calidad<\/li><li>Un buen comportamiento frente a los cambios clim\u00e1ticos<\/li><\/ul><h3><span class=\"s1\"><b>Adaptado a cada proyecto<\/b><\/span><\/h3><p class=\"p1\">Ya sea para una vivienda unifamiliar, una comunidad o un edificio industrial, en IMPERA nos adaptamos a cada situaci\u00f3n para ofrecer una soluci\u00f3n fiable y eficiente.<\/p><p class=\"p1\">Nuestro objetivo es que la cubierta funcione correctamente desde el primer momento y evite problemas futuros.<\/p><h3><span class=\"s1\"><b>Asesoramiento profesional<\/b><\/span><\/h3><p class=\"p1\">Nuestro equipo te acompa\u00f1a durante todo el proceso, desde el estudio inicial hasta la ejecuci\u00f3n de los trabajos, para garantizar un resultado \u00f3ptimo.<\/p><p class=\"p4\">Si est\u00e1s valorando una cubierta inclinada, te asesoraremos de forma clara y personalizada.<\/p>\t\t\t\t\t\t\t\t<\/div>\n\t\t\t\t<\/div>\n\t\t\t\t\t\t<\/div>\r\n\t\t\t\t<\/div>\r\n\t\t\t\t\t\t\t\t<\/div>\r\n\t\t\t<\/section>\r\n\t\t\t\t\t<section class=\" elementor-section elementor-top-section elementor-element elementor-element-1c9d8c6 elementor-section-boxed elementor-section-height-default elementor-section-height-default\" data-id=\"1c9d8c6\" data-element_type=\"section\" data-e-type=\"section\">\r\n\t\t\t\t\t\t\t\t<div class=\"elementor-container elementor-column-gap-default\">\r\n\t\t\t\t\r\n\t\t\t\t\t\t\t\t<div class=\" elementor-column elementor-col-100 elementor-top-column elementor-element elementor-element-0af3eee \" data-id=\"0af3eee\" data-element_type=\"column\" data-e-type=\"column\">\r\n\r\n\t\t\t\t\r\n\t\t\t\t<div class=\"elementor-widget-wrap elementor-element-populated\">\r\n\t\t\t\t\t\t\t\t\t\t\r\n\t\t\t\t\t\t<div class=\"elementor-element elementor-element-e14ab8f elementor-widget elementor-widget-udesign_widget_button\" data-id=\"e14ab8f\" data-element_type=\"widget\" data-e-type=\"widget\" data-widget_type=\"udesign_widget_button.default\">\n\t\t\t\t<div class=\"elementor-widget-container\">\n\t\t\t\t\t<a class=\"btn btn-lg btn-primary\" href=\"https:\/\/impera.cat\/wp-content\/uploads\/2026\/04\/010_Cuadriptico_cubierta_inclinada_ES-1.pdf\" ><span >Descargar cuadr\u00edptico<\/span><\/a>\t\t\t\t<\/div>\n\t\t\t\t<\/div>\n\t\t\t\t<div class=\"elementor-element elementor-element-4b39a95 elementor-widget elementor-widget-spacer\" data-id=\"4b39a95\" data-element_type=\"widget\" data-e-type=\"widget\" data-widget_type=\"spacer.default\">\n\t\t\t\t<div class=\"elementor-widget-container\">\n\t\t\t\t\t\t\t<div class=\"elementor-spacer\">\n\t\t\t<div class=\"elementor-spacer-inner\"><\/div>\n\t\t<\/div>\n\t\t\t\t\t\t<\/div>\n\t\t\t\t<\/div>\n\t\t\t\t<div class=\"elementor-element elementor-element-c546bbc elementor-widget elementor-widget-udesign_widget_button\" data-id=\"c546bbc\" data-element_type=\"widget\" data-e-type=\"widget\" data-widget_type=\"udesign_widget_button.default\">\n\t\t\t\t<div class=\"elementor-widget-container\">\n\t\t\t\t\t<a class=\"btn btn-lg btn-primary\" href=\"https:\/\/impera.cat\/wp-content\/uploads\/2026\/04\/Triptico_Sistemas_tecnicos_Tectum-1.pdf\" ><span >Descargar ficha t\u00e9cnica<\/span><\/a>\t\t\t\t<\/div>\n\t\t\t\t<\/div>\n\t\t\t\t\t\t<\/div>\r\n\t\t\t\t<\/div>\r\n\t\t\t\t\t\t\t\t<\/div>\r\n\t\t\t<\/section>\r\n\t\t\t\t\t<section class=\" elementor-section elementor-top-section elementor-element elementor-element-5dbf0ac elementor-section-boxed elementor-section-height-default elementor-section-height-default\" data-id=\"5dbf0ac\" data-element_type=\"section\" data-e-type=\"section\">\r\n\t\t\t\t\t\t\t\t<div class=\"elementor-container elementor-column-gap-default\">\r\n\t\t\t\t\r\n\t\t\t\t\t\t\t\t<div class=\" elementor-column elementor-col-100 elementor-top-column elementor-element elementor-element-417078b \" data-id=\"417078b\" data-element_type=\"column\" data-e-type=\"column\">\r\n\r\n\t\t\t\t\r\n\t\t\t\t<div class=\"elementor-widget-wrap\">\r\n\t\t\t\t\t\t\t\t\t\t\r\n\t\t\t\t\t\t\t\t<\/div>\r\n\t\t\t\t<\/div>\r\n\t\t\t\t\t\t\t\t<\/div>\r\n\t\t\t<\/section>\r\n\t\t\t\t\t<section class=\" elementor-section elementor-top-section elementor-element elementor-element-51a5bcb elementor-section-boxed elementor-section-height-default elementor-section-height-default\" data-id=\"51a5bcb\" data-element_type=\"section\" data-e-type=\"section\">\r\n\t\t\t\t\t\t\t\t<div class=\"elementor-container elementor-column-gap-default\">\r\n\t\t\t\t\r\n\t\t\t\t\t\t\t\t<div class=\" elementor-column elementor-col-100 elementor-top-column elementor-element elementor-element-427f525 \" data-id=\"427f525\" data-element_type=\"column\" data-e-type=\"column\">\r\n\r\n\t\t\t\t\r\n\t\t\t\t<div class=\"elementor-widget-wrap elementor-element-populated\">\r\n\t\t\t\t\t\t\t\t\t\t\r\n\t\t\t\t\t\t<div class=\"elementor-element elementor-element-033f4cf elementor-widget elementor-widget-spacer\" data-id=\"033f4cf\" data-element_type=\"widget\" data-e-type=\"widget\" data-widget_type=\"spacer.default\">\n\t\t\t\t<div class=\"elementor-widget-container\">\n\t\t\t\t\t\t\t<div class=\"elementor-spacer\">\n\t\t\t<div class=\"elementor-spacer-inner\"><\/div>\n\t\t<\/div>\n\t\t\t\t\t\t<\/div>\n\t\t\t\t<\/div>\n\t\t\t\t\t\t<\/div>\r\n\t\t\t\t<\/div>\r\n\t\t\t\t\t\t\t\t<\/div>\r\n\t\t\t<\/section>\r\n\t\t\t\t\t<section class=\" elementor-section elementor-top-section elementor-element elementor-element-aabe213 elementor-section-boxed elementor-section-height-default elementor-section-height-default\" data-id=\"aabe213\" data-element_type=\"section\" data-e-type=\"section\">\r\n\t\t\t\t\t\t\t\t<div class=\"elementor-container elementor-column-gap-default\">\r\n\t\t\t\t\r\n\t\t\t\t\t\t\t\t<div class=\" elementor-column elementor-col-100 elementor-top-column elementor-element elementor-element-2312b7b \" data-id=\"2312b7b\" data-element_type=\"column\" data-e-type=\"column\">\r\n\r\n\t\t\t\t\r\n\t\t\t\t<div class=\"elementor-widget-wrap\">\r\n\t\t\t\t\t\t\t\t\t\t\r\n\t\t\t\t\t\t\t\t<\/div>\r\n\t\t\t\t<\/div>\r\n\t\t\t\t\t\t\t\t<\/div>\r\n\t\t\t<\/section>\r\n\t\t\t\t\t<section class=\" elementor-section elementor-top-section elementor-element elementor-element-01e3547 elementor-section-boxed elementor-section-height-default elementor-section-height-default\" data-id=\"01e3547\" data-element_type=\"section\" data-e-type=\"section\">\r\n\t\t\t\t\t\t\t\t<div class=\"elementor-container elementor-column-gap-default\">\r\n\t\t\t\t\r\n\t\t\t\t\t\t\t\t<div class=\" elementor-column elementor-col-100 elementor-top-column elementor-element elementor-element-861c76e \" data-id=\"861c76e\" data-element_type=\"column\" data-e-type=\"column\">\r\n\r\n\t\t\t\t\r\n\t\t\t\t<div class=\"elementor-widget-wrap elementor-element-populated\">\r\n\t\t\t\t\t\t\t\t\t\t\r\n\t\t\t\t\t\t<div class=\"elementor-element elementor-element-48e0ed3 elementor-widget elementor-widget-spacer\" data-id=\"48e0ed3\" data-element_type=\"widget\" data-e-type=\"widget\" data-widget_type=\"spacer.default\">\n\t\t\t\t<div class=\"elementor-widget-container\">\n\t\t\t\t\t\t\t<div class=\"elementor-spacer\">\n\t\t\t<div class=\"elementor-spacer-inner\"><\/div>\n\t\t<\/div>\n\t\t\t\t\t\t<\/div>\n\t\t\t\t<\/div>\n\t\t\t\t\t\t<\/div>\r\n\t\t\t\t<\/div>\r\n\t\t\t\t\t\t\t\t<\/div>\r\n\t\t\t<\/section>\r\n\t\t\t\t\t<\/div>\n\t\t","protected":false},"excerpt":{"rendered":"<p>Las cubiertas inclinadas son una soluci\u00f3n pr\u00e1ctica y eficaz para proteger cualquier edificio de la lluvia y la humedad. Gracias a su inclinaci\u00f3n, permiten evacuar el agua de forma natural, reduciendo el riesgo de filtraciones. En IMPERA, ofrecemos soluciones adaptadas a cada proyecto, tanto en obra nueva como en rehabilitaci\u00f3n, con el objetivo de garantizar [&hellip;]<\/p>\n","protected":false},"author":1,"featured_media":0,"parent":0,"menu_order":0,"comment_status":"closed","ping_status":"closed","template":"","meta":{"_acf_changed":false,"footnotes":""},"class_list":["post-9028","page","type-page","status-publish","hentry"],"acf":[],"yoast_head":"<!-- This site is optimized with the Yoast SEO plugin v27.3 - https:\/\/yoast.com\/product\/yoast-seo-wordpress\/ -->\n<title>Cubiertas inclinadas - IMPERA - Impermeabilitzacions i a\u00efllaments d&#039;obra nova, Rehabilitacions<\/title>\n<meta name=\"robots\" content=\"index, follow, max-snippet:-1, max-image-preview:large, max-video-preview:-1\" \/>\n<link rel=\"canonical\" href=\"https:\/\/impera.cat\/es\/cubiertas-inclinadas\/\" \/>\n<meta property=\"og:locale\" content=\"es_ES\" \/>\n<meta property=\"og:type\" content=\"article\" \/>\n<meta property=\"og:title\" content=\"Cubiertas inclinadas - IMPERA - Impermeabilitzacions i a\u00efllaments d&#039;obra nova, Rehabilitacions\" \/>\n<meta property=\"og:description\" content=\"Las cubiertas inclinadas son una soluci\u00f3n pr\u00e1ctica y eficaz para proteger cualquier edificio de la lluvia y la humedad. Gracias a su inclinaci\u00f3n, permiten evacuar el agua de forma natural, reduciendo el riesgo de filtraciones. En IMPERA, ofrecemos soluciones adaptadas a cada proyecto, tanto en obra nueva como en rehabilitaci\u00f3n, con el objetivo de garantizar [&hellip;]\" \/>\n<meta property=\"og:url\" content=\"https:\/\/impera.cat\/es\/cubiertas-inclinadas\/\" \/>\n<meta property=\"og:site_name\" content=\"IMPERA - Impermeabilitzacions i a\u00efllaments d&#039;obra nova, Rehabilitacions\" \/>\n<meta property=\"article:publisher\" content=\"https:\/\/www.facebook.com\/profile.php?id=100063922969722\" \/>\n<meta property=\"article:modified_time\" content=\"2026-04-29T15:10:45+00:00\" \/>\n<meta name=\"twitter:card\" content=\"summary_large_image\" \/>\n<meta name=\"twitter:site\" content=\"@impera_cat\" \/>\n<meta name=\"twitter:label1\" content=\"Tiempo de lectura\" \/>\n\t<meta name=\"twitter:data1\" content=\"1 minuto\" \/>\n<script type=\"application\/ld+json\" class=\"yoast-schema-graph\">{\"@context\":\"https:\\\/\\\/schema.org\",\"@graph\":[{\"@type\":\"WebPage\",\"@id\":\"https:\\\/\\\/impera.cat\\\/es\\\/cubiertas-inclinadas\\\/\",\"url\":\"https:\\\/\\\/impera.cat\\\/es\\\/cubiertas-inclinadas\\\/\",\"name\":\"Cubiertas inclinadas - IMPERA - Impermeabilitzacions i a\u00efllaments d&#039;obra nova, Rehabilitacions\",\"isPartOf\":{\"@id\":\"https:\\\/\\\/impera.cat\\\/es\\\/#website\"},\"datePublished\":\"2026-04-29T12:40:33+00:00\",\"dateModified\":\"2026-04-29T15:10:45+00:00\",\"breadcrumb\":{\"@id\":\"https:\\\/\\\/impera.cat\\\/es\\\/cubiertas-inclinadas\\\/#breadcrumb\"},\"inLanguage\":\"es\",\"potentialAction\":[{\"@type\":\"ReadAction\",\"target\":[\"https:\\\/\\\/impera.cat\\\/es\\\/cubiertas-inclinadas\\\/\"]}]},{\"@type\":\"BreadcrumbList\",\"@id\":\"https:\\\/\\\/impera.cat\\\/es\\\/cubiertas-inclinadas\\\/#breadcrumb\",\"itemListElement\":[{\"@type\":\"ListItem\",\"position\":1,\"name\":\"Inici\",\"item\":\"https:\\\/\\\/impera.cat\\\/es\\\/\"},{\"@type\":\"ListItem\",\"position\":2,\"name\":\"Cubiertas inclinadas\"}]},{\"@type\":\"WebSite\",\"@id\":\"https:\\\/\\\/impera.cat\\\/es\\\/#website\",\"url\":\"https:\\\/\\\/impera.cat\\\/es\\\/\",\"name\":\"IMPERA - Impermeabilitzacions i a\u00efllaments d'obra nova, Rehabilitacions\",\"description\":\"Impermeabilitzacions i a\u00efllaments d&#039;obra nova, Rehabilitacions\",\"publisher\":{\"@id\":\"https:\\\/\\\/impera.cat\\\/es\\\/#organization\"},\"potentialAction\":[{\"@type\":\"SearchAction\",\"target\":{\"@type\":\"EntryPoint\",\"urlTemplate\":\"https:\\\/\\\/impera.cat\\\/es\\\/?s={search_term_string}\"},\"query-input\":{\"@type\":\"PropertyValueSpecification\",\"valueRequired\":true,\"valueName\":\"search_term_string\"}}],\"inLanguage\":\"es\"},{\"@type\":\"Organization\",\"@id\":\"https:\\\/\\\/impera.cat\\\/es\\\/#organization\",\"name\":\"IMPERA - Impermeabilitzacions i a\u00efllaments d'obra nova, Rehabilitacions\",\"url\":\"https:\\\/\\\/impera.cat\\\/es\\\/\",\"logo\":{\"@type\":\"ImageObject\",\"inLanguage\":\"es\",\"@id\":\"https:\\\/\\\/impera.cat\\\/es\\\/#\\\/schema\\\/logo\\\/image\\\/\",\"url\":\"https:\\\/\\\/impera.cat\\\/wp-content\\\/uploads\\\/2021\\\/10\\\/cropped-IMPERA-LOGO1-260x108-1.png\",\"contentUrl\":\"https:\\\/\\\/impera.cat\\\/wp-content\\\/uploads\\\/2021\\\/10\\\/cropped-IMPERA-LOGO1-260x108-1.png\",\"width\":260,\"height\":108,\"caption\":\"IMPERA - Impermeabilitzacions i a\u00efllaments d'obra nova, Rehabilitacions\"},\"image\":{\"@id\":\"https:\\\/\\\/impera.cat\\\/es\\\/#\\\/schema\\\/logo\\\/image\\\/\"},\"sameAs\":[\"https:\\\/\\\/www.facebook.com\\\/profile.php?id=100063922969722\",\"https:\\\/\\\/x.com\\\/impera_cat\",\"https:\\\/\\\/www.instagram.com\\\/impera.cat\\\/\",\"https:\\\/\\\/www.linkedin.com\\\/company\\\/impera-cat\\\/\"]}]}<\/script>\n<!-- \/ Yoast SEO plugin. -->","yoast_head_json":{"title":"Cubiertas inclinadas - IMPERA - Impermeabilitzacions i a\u00efllaments d&#039;obra nova, Rehabilitacions","robots":{"index":"index","follow":"follow","max-snippet":"max-snippet:-1","max-image-preview":"max-image-preview:large","max-video-preview":"max-video-preview:-1"},"canonical":"https:\/\/impera.cat\/es\/cubiertas-inclinadas\/","og_locale":"es_ES","og_type":"article","og_title":"Cubiertas inclinadas - IMPERA - Impermeabilitzacions i a\u00efllaments d&#039;obra nova, Rehabilitacions","og_description":"Las cubiertas inclinadas son una soluci\u00f3n pr\u00e1ctica y eficaz para proteger cualquier edificio de la lluvia y la humedad. Gracias a su inclinaci\u00f3n, permiten evacuar el agua de forma natural, reduciendo el riesgo de filtraciones. En IMPERA, ofrecemos soluciones adaptadas a cada proyecto, tanto en obra nueva como en rehabilitaci\u00f3n, con el objetivo de garantizar [&hellip;]","og_url":"https:\/\/impera.cat\/es\/cubiertas-inclinadas\/","og_site_name":"IMPERA - Impermeabilitzacions i a\u00efllaments d&#039;obra nova, Rehabilitacions","article_publisher":"https:\/\/www.facebook.com\/profile.php?id=100063922969722","article_modified_time":"2026-04-29T15:10:45+00:00","twitter_card":"summary_large_image","twitter_site":"@impera_cat","twitter_misc":{"Tiempo de lectura":"1 minuto"},"schema":{"@context":"https:\/\/schema.org","@graph":[{"@type":"WebPage","@id":"https:\/\/impera.cat\/es\/cubiertas-inclinadas\/","url":"https:\/\/impera.cat\/es\/cubiertas-inclinadas\/","name":"Cubiertas inclinadas - IMPERA - Impermeabilitzacions i a\u00efllaments d&#039;obra nova, Rehabilitacions","isPartOf":{"@id":"https:\/\/impera.cat\/es\/#website"},"datePublished":"2026-04-29T12:40:33+00:00","dateModified":"2026-04-29T15:10:45+00:00","breadcrumb":{"@id":"https:\/\/impera.cat\/es\/cubiertas-inclinadas\/#breadcrumb"},"inLanguage":"es","potentialAction":[{"@type":"ReadAction","target":["https:\/\/impera.cat\/es\/cubiertas-inclinadas\/"]}]},{"@type":"BreadcrumbList","@id":"https:\/\/impera.cat\/es\/cubiertas-inclinadas\/#breadcrumb","itemListElement":[{"@type":"ListItem","position":1,"name":"Inici","item":"https:\/\/impera.cat\/es\/"},{"@type":"ListItem","position":2,"name":"Cubiertas inclinadas"}]},{"@type":"WebSite","@id":"https:\/\/impera.cat\/es\/#website","url":"https:\/\/impera.cat\/es\/","name":"IMPERA - Impermeabilitzacions i a\u00efllaments d'obra nova, Rehabilitacions","description":"Impermeabilitzacions i a\u00efllaments d&#039;obra nova, Rehabilitacions","publisher":{"@id":"https:\/\/impera.cat\/es\/#organization"},"potentialAction":[{"@type":"SearchAction","target":{"@type":"EntryPoint","urlTemplate":"https:\/\/impera.cat\/es\/?s={search_term_string}"},"query-input":{"@type":"PropertyValueSpecification","valueRequired":true,"valueName":"search_term_string"}}],"inLanguage":"es"},{"@type":"Organization","@id":"https:\/\/impera.cat\/es\/#organization","name":"IMPERA - Impermeabilitzacions i a\u00efllaments d'obra nova, Rehabilitacions","url":"https:\/\/impera.cat\/es\/","logo":{"@type":"ImageObject","inLanguage":"es","@id":"https:\/\/impera.cat\/es\/#\/schema\/logo\/image\/","url":"https:\/\/impera.cat\/wp-content\/uploads\/2021\/10\/cropped-IMPERA-LOGO1-260x108-1.png","contentUrl":"https:\/\/impera.cat\/wp-content\/uploads\/2021\/10\/cropped-IMPERA-LOGO1-260x108-1.png","width":260,"height":108,"caption":"IMPERA - Impermeabilitzacions i a\u00efllaments d'obra nova, Rehabilitacions"},"image":{"@id":"https:\/\/impera.cat\/es\/#\/schema\/logo\/image\/"},"sameAs":["https:\/\/www.facebook.com\/profile.php?id=100063922969722","https:\/\/x.com\/impera_cat","https:\/\/www.instagram.com\/impera.cat\/","https:\/\/www.linkedin.com\/company\/impera-cat\/"]}]}},"_links":{"self":[{"href":"https:\/\/impera.cat\/es\/wp-json\/wp\/v2\/pages\/9028","targetHints":{"allow":["GET"]}}],"collection":[{"href":"https:\/\/impera.cat\/es\/wp-json\/wp\/v2\/pages"}],"about":[{"href":"https:\/\/impera.cat\/es\/wp-json\/wp\/v2\/types\/page"}],"author":[{"embeddable":true,"href":"https:\/\/impera.cat\/es\/wp-json\/wp\/v2\/users\/1"}],"replies":[{"embeddable":true,"href":"https:\/\/impera.cat\/es\/wp-json\/wp\/v2\/comments?post=9028"}],"version-history":[{"count":5,"href":"https:\/\/impera.cat\/es\/wp-json\/wp\/v2\/pages\/9028\/revisions"}],"predecessor-version":[{"id":9041,"href":"https:\/\/impera.cat\/es\/wp-json\/wp\/v2\/pages\/9028\/revisions\/9041"}],"wp:attachment":[{"href":"https:\/\/impera.cat\/es\/wp-json\/wp\/v2\/media?parent=9028"}],"curies":[{"name":"wp","href":"https:\/\/api.w.org\/{rel}","templated":true}]}}