{"id":5175,"date":"2025-04-16T04:18:32","date_gmt":"2025-04-16T02:18:32","guid":{"rendered":"https:\/\/www.impera.cat\/contacte\/"},"modified":"2026-03-10T11:26:59","modified_gmt":"2026-03-10T10:26:59","slug":"contacto","status":"publish","type":"page","link":"https:\/\/impera.cat\/es\/contacto\/","title":{"rendered":"Contacto"},"content":{"rendered":"\t\t<div data-elementor-type=\"wp-page\" data-elementor-id=\"5175\" class=\"elementor elementor-5175 elementor-15\">\n\t\t\t\t\t\t<section class=\" elementor-section elementor-top-section elementor-element elementor-element-12f70b6 elementor-section-boxed elementor-section-height-default elementor-section-height-default\" data-id=\"12f70b6\" data-element_type=\"section\" data-e-type=\"section\">\r\n\t\t\t\t\t\t\t\t<div class=\"elementor-container elementor-column-gap-default\">\r\n\t\t\t\t\r\n\t\t\t\t\t\t\t\t<div class=\" elementor-column elementor-col-50 elementor-top-column elementor-element elementor-element-768d6c6 elementor-invisible \" data-id=\"768d6c6\" data-element_type=\"column\" data-e-type=\"column\" data-settings=\"{&quot;animation&quot;:&quot;fadeInLeftShorter&quot;}\">\r\n\r\n\t\t\t\t\r\n\t\t\t\t<div class=\"elementor-widget-wrap elementor-element-populated\">\r\n\t\t\t\t\t\t\t\t\t\t\r\n\t\t\t\t\t\t<div class=\"elementor-element elementor-element-136a52b mb-3 elementor-invisible elementor-widget elementor-widget-heading\" data-id=\"136a52b\" data-element_type=\"widget\" data-e-type=\"widget\" data-settings=\"{&quot;_animation&quot;:&quot;fadeIn&quot;}\" data-widget_type=\"heading.default\">\n\t\t\t\t<div class=\"elementor-widget-container\">\n\t\t\t\t\t<h2 class=\"elementor-heading-title elementor-size-default\">Informaci\u00f3n de contacto<\/h2>\t\t\t\t<\/div>\n\t\t\t\t<\/div>\n\t\t\t\t<div class=\"elementor-element elementor-element-2937872 mb-5 elementor-widget elementor-widget-heading\" data-id=\"2937872\" data-element_type=\"widget\" data-e-type=\"widget\" data-widget_type=\"heading.default\">\n\t\t\t\t<div class=\"elementor-widget-container\">\n\t\t\t\t\t<p class=\"elementor-heading-title elementor-size-default\">Si quieres enviarnos cualquier consulta, no dudes en ponerte en contacto con nuestro personal mediante el correo electr\u00f3nico info@impera.cat, o rellenando el formulario de contacto. Te contestaremos lo antes posible.<\/p>\t\t\t\t<\/div>\n\t\t\t\t<\/div>\n\t\t\t\t<div class=\"elementor-element elementor-element-782edfb elementor-widget elementor-widget-text-editor\" data-id=\"782edfb\" data-element_type=\"widget\" data-e-type=\"widget\" data-widget_type=\"text-editor.default\">\n\t\t\t\t<div class=\"elementor-widget-container\">\n\t\t\t\t\t\t\t\t\t<p class=\"mb-2\"><a href=\"tel:+34607761677\"><i class=\" u-icon-phone\" aria-hidden=\"true\"><\/i> (+34) 607.761.677<\/a><\/p>\n<p class=\"mb-2\"><a href=\"tel:+34622244237\"><i class=\" u-icon-phone\" aria-hidden=\"true\"><\/i> (+34) 622.244.237<\/a><\/p>\n<p class=\"mb-2\"><a class=\"d-block mb-2\" href=\"mailto:info@impera.cat\"><i class=\" u-icon-envelop\" aria-hidden=\"true\"><\/i> info@impera.cat<\/a><\/p>\n&nbsp;\n<p class=\"mb-0\"><strong>GIRONA<\/strong><\/p>\n<p class=\"elementor-heading-title elementor-size-default\">Av. Vinyers, 8, Nau 8\nCalonge, 17251<\/p>\n&nbsp;\n<p class=\"mb-0\"><strong>BARCELONA<\/strong><\/p>\n<p class=\"elementor-heading-title elementor-size-default\">C\/ Puig dels Tudons 1-3-7, Nave 10, 08130<\/br> Pol\u00edgono Industrial de Santiga<\/br>\n<a href=\"tel:+34662113315\">(+34) 662.113.315<\/a><\/p>\t\t\t\t\t\t\t\t<\/div>\n\t\t\t\t<\/div>\n\t\t\t\t<div class=\"elementor-element elementor-element-48f5778 elementor-widget elementor-widget-udesign_widget_share\" data-id=\"48f5778\" data-element_type=\"widget\" data-e-type=\"widget\" data-widget_type=\"udesign_widget_share.default\">\n\t\t\t\t<div class=\"elementor-widget-container\">\n\t\t\t\t\t\r\n<div class=\"social-icons\">\r\n\t<a href=\"https:\/\/www.facebook.com\/IMPERAcat-102588025202026\" class=\"social-icon boxed social-facebook\" target=\"_blank\" title=\"facebook\" rel=\"noopener noreferrer\" aria-label=\"Social Icon\"><i class=\"a-icon-facebook\"><\/i><\/a><a href=\"https:\/\/twitter.com\/IMPERA_cat\" class=\"social-icon boxed social-twitter\" target=\"_blank\" title=\"x\" rel=\"noopener noreferrer\" aria-label=\"Social Icon\"><i class=\"a-icon-twitter\"><\/i><\/a><a href=\"https:\/\/www.instagram.com\/impera.cat\/\" class=\"social-icon boxed social-instagram\" target=\"_blank\" title=\"instagram\" rel=\"noopener noreferrer\" aria-label=\"Social Icon\"><i class=\"a-icon-instagram\"><\/i><\/a><a href=\"https:\/\/www.linkedin.com\/company\/impera-cat\/\" class=\"social-icon boxed social-linkedin\" target=\"_blank\" title=\"linkedin\" rel=\"noopener noreferrer\" aria-label=\"Social Icon\"><i class=\"a-icon-linkedin-in\"><\/i><\/a><a href=\"mailto:info@impera.cat\" class=\"social-icon boxed social-email\" target=\"_blank\" title=\"email\" rel=\"noopener noreferrer\" aria-label=\"Social Icon\"><i class=\"a-icon-envelop5\"><\/i><\/a><\/div>\r\n\r\n\t\t\t\t<\/div>\n\t\t\t\t<\/div>\n\t\t\t\t\t\t<\/div>\r\n\t\t\t\t<\/div>\r\n\t\t\t\t\t\t\t\t\t<div class=\" elementor-column elementor-col-50 elementor-top-column elementor-element elementor-element-e0be8c5 elementor-invisible \" data-id=\"e0be8c5\" data-element_type=\"column\" data-e-type=\"column\" data-settings=\"{&quot;animation&quot;:&quot;fadeInRightShorter&quot;}\">\r\n\r\n\t\t\t\t\r\n\t\t\t\t<div class=\"elementor-widget-wrap elementor-element-populated\">\r\n\t\t\t\t\t\t\t\t\t\t\r\n\t\t\t\t\t\t<div class=\"elementor-element elementor-element-db04df8 mb-5 elementor-invisible elementor-widget elementor-widget-heading\" data-id=\"db04df8\" data-element_type=\"widget\" data-e-type=\"widget\" data-settings=\"{&quot;_animation&quot;:&quot;fadeIn&quot;}\" data-widget_type=\"heading.default\">\n\t\t\t\t<div class=\"elementor-widget-container\">\n\t\t\t\t\t<h3 class=\"elementor-heading-title elementor-size-default\">Env\u00edanos un mensaje<\/h3>\t\t\t\t<\/div>\n\t\t\t\t<\/div>\n\t\t\t\t<div class=\"elementor-element elementor-element-8ffad7a custom-form elementor-widget elementor-widget-wpforms\" data-id=\"8ffad7a\" data-element_type=\"widget\" data-e-type=\"widget\" data-widget_type=\"wpforms.default\">\n\t\t\t\t<div class=\"elementor-widget-container\">\n\t\t\t\t\t<div class=\"wpforms-container wpforms-container-full\" id=\"wpforms-1602\"><form id=\"wpforms-form-1602\" class=\"wpforms-validate wpforms-form\" data-formid=\"1602\" method=\"post\" enctype=\"multipart\/form-data\" action=\"\/es\/wp-json\/wp\/v2\/pages\/5175\" data-token=\"e9641208052199776c54ffcf038885be\" data-token-time=\"1775701422\"><noscript class=\"wpforms-error-noscript\">Por favor, activa JavaScript en tu navegador para completar este formulario.<\/noscript><div class=\"wpforms-field-container\"><div id=\"wpforms-1602-field_0-container\" class=\"wpforms-field wpforms-field-name\" data-field-id=\"0\"><label class=\"wpforms-field-label wpforms-label-hide\" for=\"wpforms-1602-field_0\">Nombre <span class=\"wpforms-required-label\">*<\/span><\/label><input type=\"text\" id=\"wpforms-1602-field_0\" class=\"wpforms-field-large wpforms-field-required\" name=\"wpforms[fields][0]\" placeholder=\"Tu nombre *\" required><\/div><div id=\"wpforms-1602-field_1-container\" class=\"wpforms-field wpforms-field-email\" data-field-id=\"1\"><label class=\"wpforms-field-label wpforms-label-hide\" for=\"wpforms-1602-field_1\">Email <span class=\"wpforms-required-label\">*<\/span><\/label><input type=\"email\" id=\"wpforms-1602-field_1\" class=\"wpforms-field-large wpforms-field-required\" name=\"wpforms[fields][1]\" placeholder=\"Tu email *\" spellcheck=\"false\" required><\/div><div id=\"wpforms-1602-field_6-container\" class=\"wpforms-field wpforms-field-number\" data-field-id=\"6\"><label class=\"wpforms-field-label wpforms-label-hide\" for=\"wpforms-1602-field_6\">Tel\u00e9fono <span class=\"wpforms-required-label\">*<\/span><\/label><input type=\"number\" id=\"wpforms-1602-field_6\" class=\"wpforms-field-medium wpforms-field-required\" name=\"wpforms[fields][6]\" placeholder=\"Tel\u00e9fono *\" step=\"any\" required><\/div><div id=\"wpforms-1602-field_7-container\" class=\"wpforms-field wpforms-field-select wpforms-field-select-style-classic\" data-field-id=\"7\"><label class=\"wpforms-field-label wpforms-label-hide\" for=\"wpforms-1602-field_7\">Tipo de consulta<\/label><select id=\"wpforms-1602-field_7\" class=\"wpforms-field-medium\" name=\"wpforms[fields][7]\"><option value=\"Pedir presupuesto\"  class=\"choice-1 depth-1\"  >Pedir presupuesto<\/option><option value=\"Consulta breve\"  class=\"choice-2 depth-1\"  >Consulta breve<\/option><option value=\"Otros\"  class=\"choice-3 depth-1\"  >Otros<\/option><\/select><\/div><div id=\"wpforms-1602-field_2-container\" class=\"wpforms-field wpforms-field-textarea\" data-field-id=\"2\"><label class=\"wpforms-field-label wpforms-label-hide\" for=\"wpforms-1602-field_2\">Comentario <span class=\"wpforms-required-label\">*<\/span><\/label><textarea id=\"wpforms-1602-field_2\" class=\"wpforms-field-medium wpforms-field-required\" name=\"wpforms[fields][2]\" placeholder=\"Mensaje *\" required><\/textarea><\/div><div id=\"wpforms-1602-field_3-container\" class=\"wpforms-field wpforms-field-checkbox\" data-field-id=\"3\"><label class=\"wpforms-field-label wpforms-label-hide\">Pol\u00edtica de privacidad <span class=\"wpforms-required-label\">*<\/span><\/label><ul id=\"wpforms-1602-field_3\" class=\"wpforms-field-required\"><li class=\"choice-1 depth-1\"><input type=\"checkbox\" id=\"wpforms-1602-field_3_1\" name=\"wpforms[fields][3][]\" value=\"Acepto facilitar mis datos con el fin de recibir respuesta en mi solicitud de informaci\u00f3n *\" required ><label class=\"wpforms-field-label-inline\" for=\"wpforms-1602-field_3_1\">Acepto facilitar mis datos con el fin de recibir respuesta en mi solicitud de informaci\u00f3n *<\/label><\/li><\/ul><\/div><\/div><!-- .wpforms-field-container --><div class=\"wpforms-recaptcha-container wpforms-is-recaptcha wpforms-is-recaptcha-type-v3\" ><input type=\"hidden\" name=\"wpforms[recaptcha]\" value=\"\"><\/div><div class=\"wpforms-submit-container\" ><input type=\"hidden\" name=\"wpforms[id]\" value=\"1602\"><input type=\"hidden\" name=\"page_title\" value=\"\"><input type=\"hidden\" name=\"page_url\" value=\"https:\/\/impera.cat\/es\/wp-json\/wp\/v2\/pages\/5175\"><input type=\"hidden\" name=\"url_referer\" value=\"\"><button type=\"submit\" name=\"wpforms[submit]\" class=\"wpforms-submit btn btn-icon btn-icon-right\" data-alt-text=\"Enviando ...\" data-submit-text=\"&lt;span &gt;Enviar&lt;\/span&gt;\" aria-live=\"assertive\" value=\"wpforms-submit\"><span >Enviar<\/span><\/button><button type=\"submit\" name=\"wpforms[submit]\" id=\"wpforms-submit-1602\" class=\"wpforms-submit btn\" data-alt-text=\"Enviando ...\" data-submit-text=\"Enviar\" aria-live=\"assertive\" value=\"wpforms-submit\">Enviar<\/button><\/div><\/form><\/div>  <!-- .wpforms-container -->\t\t\t\t<\/div>\n\t\t\t\t<\/div>\n\t\t\t\t<div class=\"elementor-element elementor-element-5ad04b8 elementor-widget elementor-widget-text-editor\" data-id=\"5ad04b8\" data-element_type=\"widget\" data-e-type=\"widget\" data-widget_type=\"text-editor.default\">\n\t\t\t\t<div class=\"elementor-widget-container\">\n\t\t\t\t\t\t\t\t\t<b>Responsable del tratamiento<\/b>: IMPERA IMPERMEABILIZACIONES S.L.<br>\n<b>Finalidad<\/b>: dar respuesta a las consultas y\/o gesti\u00f3n de citas.<br>\n<b>Legitimaci\u00f3n<\/b>: consentimiento del interesado.<br>\n<b>Destinatarios<\/b>: no se ceder\u00e1n datos a terceros, salvo obligaci\u00f3n legal.<br>\n<b>Derechos<\/b>: podr\u00e1 ejercitar los derechos de acceso, rectificaci\u00f3n, limitaci\u00f3n de tratamiento, supresi\u00f3n, portabilidad y oposici\u00f3n al tratamiento de sus datos de car\u00e1cter personal, as\u00ed como a la retirada del consentimiento prestado para su tratamiento.<br>\n<b>Informaci\u00f3n adicional<\/b>: puede consultar la informaci\u00f3n detallada sobre Protecci\u00f3n de Datos en nuestro <a href=\"https:\/\/impera.cat\/es\/aviso-legal\/\">aviso legal<\/a>.<br>\t\t\t\t\t\t\t\t<\/div>\n\t\t\t\t<\/div>\n\t\t\t\t\t\t<\/div>\r\n\t\t\t\t<\/div>\r\n\t\t\t\t\t\t\t\t<\/div>\r\n\t\t\t<\/section>\r\n\t\t\t\t\t<\/div>\n\t\t","protected":false},"excerpt":{"rendered":"<p>Informaci\u00f3n de contacto Si quieres enviarnos cualquier consulta, no dudes en ponerte en contacto con nuestro personal mediante el correo electr\u00f3nico info@impera.cat, o rellenando el formulario de contacto. Te contestaremos lo antes posible. (+34) 607.761.677 (+34) 622.244.237 info@impera.cat &nbsp; GIRONA Av. Vinyers, 8, Nau 8 Calonge, 17251 &nbsp; BARCELONA C\/ Puig dels Tudons 1-3-7, Nave [&hellip;]<\/p>\n","protected":false},"author":1,"featured_media":0,"parent":0,"menu_order":0,"comment_status":"closed","ping_status":"closed","template":"","meta":{"_acf_changed":false,"footnotes":""},"class_list":["post-5175","page","type-page","status-publish","hentry"],"acf":[],"yoast_head":"<!-- This site is optimized with the Yoast SEO plugin v27.3 - https:\/\/yoast.com\/product\/yoast-seo-wordpress\/ -->\n<title>Contacto | Empresa de impermeabilizaci\u00f3n IMPERA<\/title>\n<meta name=\"description\" content=\"Contacta con IMPERA para soluciones de impermeabilizaci\u00f3n, aislamiento o protecci\u00f3n contra rad\u00f3n. Te asesoramos en tu proyecto.\" \/>\n<meta name=\"robots\" content=\"index, follow, max-snippet:-1, max-image-preview:large, max-video-preview:-1\" \/>\n<link rel=\"canonical\" href=\"https:\/\/impera.cat\/es\/contacto\/\" \/>\n<meta property=\"og:locale\" content=\"es_ES\" \/>\n<meta property=\"og:type\" content=\"article\" \/>\n<meta property=\"og:title\" content=\"Contacto | Empresa de impermeabilizaci\u00f3n IMPERA\" \/>\n<meta property=\"og:description\" content=\"Contacta con IMPERA para soluciones de impermeabilizaci\u00f3n, aislamiento o protecci\u00f3n contra rad\u00f3n. Te asesoramos en tu proyecto.\" \/>\n<meta property=\"og:url\" content=\"https:\/\/impera.cat\/es\/contacto\/\" \/>\n<meta property=\"og:site_name\" content=\"IMPERA - Impermeabilitzacions i a\u00efllaments d&#039;obra nova, Rehabilitacions\" \/>\n<meta property=\"article:publisher\" content=\"https:\/\/www.facebook.com\/profile.php?id=100063922969722\" \/>\n<meta property=\"article:modified_time\" content=\"2026-03-10T10:26:59+00:00\" \/>\n<meta name=\"twitter:card\" content=\"summary_large_image\" \/>\n<meta name=\"twitter:site\" content=\"@impera_cat\" \/>\n<meta name=\"twitter:label1\" content=\"Tiempo de lectura\" \/>\n\t<meta name=\"twitter:data1\" content=\"1 minuto\" \/>\n<script type=\"application\/ld+json\" class=\"yoast-schema-graph\">{\"@context\":\"https:\\\/\\\/schema.org\",\"@graph\":[{\"@type\":\"WebPage\",\"@id\":\"https:\\\/\\\/impera.cat\\\/es\\\/contacto\\\/\",\"url\":\"https:\\\/\\\/impera.cat\\\/es\\\/contacto\\\/\",\"name\":\"Contacto | Empresa de impermeabilizaci\u00f3n IMPERA\",\"isPartOf\":{\"@id\":\"https:\\\/\\\/impera.cat\\\/es\\\/#website\"},\"datePublished\":\"2025-04-16T02:18:32+00:00\",\"dateModified\":\"2026-03-10T10:26:59+00:00\",\"description\":\"Contacta con IMPERA para soluciones de impermeabilizaci\u00f3n, aislamiento o protecci\u00f3n contra rad\u00f3n. Te asesoramos en tu proyecto.\",\"breadcrumb\":{\"@id\":\"https:\\\/\\\/impera.cat\\\/es\\\/contacto\\\/#breadcrumb\"},\"inLanguage\":\"es\",\"potentialAction\":[{\"@type\":\"ReadAction\",\"target\":[\"https:\\\/\\\/impera.cat\\\/es\\\/contacto\\\/\"]}]},{\"@type\":\"BreadcrumbList\",\"@id\":\"https:\\\/\\\/impera.cat\\\/es\\\/contacto\\\/#breadcrumb\",\"itemListElement\":[{\"@type\":\"ListItem\",\"position\":1,\"name\":\"Inici\",\"item\":\"https:\\\/\\\/impera.cat\\\/es\\\/\"},{\"@type\":\"ListItem\",\"position\":2,\"name\":\"Contacto\"}]},{\"@type\":\"WebSite\",\"@id\":\"https:\\\/\\\/impera.cat\\\/es\\\/#website\",\"url\":\"https:\\\/\\\/impera.cat\\\/es\\\/\",\"name\":\"IMPERA - Impermeabilitzacions i a\u00efllaments d'obra nova, Rehabilitacions\",\"description\":\"Impermeabilitzacions i a\u00efllaments d&#039;obra nova, Rehabilitacions\",\"publisher\":{\"@id\":\"https:\\\/\\\/impera.cat\\\/es\\\/#organization\"},\"potentialAction\":[{\"@type\":\"SearchAction\",\"target\":{\"@type\":\"EntryPoint\",\"urlTemplate\":\"https:\\\/\\\/impera.cat\\\/es\\\/?s={search_term_string}\"},\"query-input\":{\"@type\":\"PropertyValueSpecification\",\"valueRequired\":true,\"valueName\":\"search_term_string\"}}],\"inLanguage\":\"es\"},{\"@type\":\"Organization\",\"@id\":\"https:\\\/\\\/impera.cat\\\/es\\\/#organization\",\"name\":\"IMPERA - Impermeabilitzacions i a\u00efllaments d'obra nova, Rehabilitacions\",\"url\":\"https:\\\/\\\/impera.cat\\\/es\\\/\",\"logo\":{\"@type\":\"ImageObject\",\"inLanguage\":\"es\",\"@id\":\"https:\\\/\\\/impera.cat\\\/es\\\/#\\\/schema\\\/logo\\\/image\\\/\",\"url\":\"https:\\\/\\\/impera.cat\\\/wp-content\\\/uploads\\\/2021\\\/10\\\/cropped-IMPERA-LOGO1-260x108-1.png\",\"contentUrl\":\"https:\\\/\\\/impera.cat\\\/wp-content\\\/uploads\\\/2021\\\/10\\\/cropped-IMPERA-LOGO1-260x108-1.png\",\"width\":260,\"height\":108,\"caption\":\"IMPERA - Impermeabilitzacions i a\u00efllaments d'obra nova, Rehabilitacions\"},\"image\":{\"@id\":\"https:\\\/\\\/impera.cat\\\/es\\\/#\\\/schema\\\/logo\\\/image\\\/\"},\"sameAs\":[\"https:\\\/\\\/www.facebook.com\\\/profile.php?id=100063922969722\",\"https:\\\/\\\/x.com\\\/impera_cat\",\"https:\\\/\\\/www.instagram.com\\\/impera.cat\\\/\",\"https:\\\/\\\/www.linkedin.com\\\/company\\\/impera-cat\\\/\"]}]}<\/script>\n<!-- \/ Yoast SEO plugin. -->","yoast_head_json":{"title":"Contacto | Empresa de impermeabilizaci\u00f3n IMPERA","description":"Contacta con IMPERA para soluciones de impermeabilizaci\u00f3n, aislamiento o protecci\u00f3n contra rad\u00f3n. Te asesoramos en tu proyecto.","robots":{"index":"index","follow":"follow","max-snippet":"max-snippet:-1","max-image-preview":"max-image-preview:large","max-video-preview":"max-video-preview:-1"},"canonical":"https:\/\/impera.cat\/es\/contacto\/","og_locale":"es_ES","og_type":"article","og_title":"Contacto | Empresa de impermeabilizaci\u00f3n IMPERA","og_description":"Contacta con IMPERA para soluciones de impermeabilizaci\u00f3n, aislamiento o protecci\u00f3n contra rad\u00f3n. Te asesoramos en tu proyecto.","og_url":"https:\/\/impera.cat\/es\/contacto\/","og_site_name":"IMPERA - Impermeabilitzacions i a\u00efllaments d&#039;obra nova, Rehabilitacions","article_publisher":"https:\/\/www.facebook.com\/profile.php?id=100063922969722","article_modified_time":"2026-03-10T10:26:59+00:00","twitter_card":"summary_large_image","twitter_site":"@impera_cat","twitter_misc":{"Tiempo de lectura":"1 minuto"},"schema":{"@context":"https:\/\/schema.org","@graph":[{"@type":"WebPage","@id":"https:\/\/impera.cat\/es\/contacto\/","url":"https:\/\/impera.cat\/es\/contacto\/","name":"Contacto | Empresa de impermeabilizaci\u00f3n IMPERA","isPartOf":{"@id":"https:\/\/impera.cat\/es\/#website"},"datePublished":"2025-04-16T02:18:32+00:00","dateModified":"2026-03-10T10:26:59+00:00","description":"Contacta con IMPERA para soluciones de impermeabilizaci\u00f3n, aislamiento o protecci\u00f3n contra rad\u00f3n. Te asesoramos en tu proyecto.","breadcrumb":{"@id":"https:\/\/impera.cat\/es\/contacto\/#breadcrumb"},"inLanguage":"es","potentialAction":[{"@type":"ReadAction","target":["https:\/\/impera.cat\/es\/contacto\/"]}]},{"@type":"BreadcrumbList","@id":"https:\/\/impera.cat\/es\/contacto\/#breadcrumb","itemListElement":[{"@type":"ListItem","position":1,"name":"Inici","item":"https:\/\/impera.cat\/es\/"},{"@type":"ListItem","position":2,"name":"Contacto"}]},{"@type":"WebSite","@id":"https:\/\/impera.cat\/es\/#website","url":"https:\/\/impera.cat\/es\/","name":"IMPERA - Impermeabilitzacions i a\u00efllaments d'obra nova, Rehabilitacions","description":"Impermeabilitzacions i a\u00efllaments d&#039;obra nova, Rehabilitacions","publisher":{"@id":"https:\/\/impera.cat\/es\/#organization"},"potentialAction":[{"@type":"SearchAction","target":{"@type":"EntryPoint","urlTemplate":"https:\/\/impera.cat\/es\/?s={search_term_string}"},"query-input":{"@type":"PropertyValueSpecification","valueRequired":true,"valueName":"search_term_string"}}],"inLanguage":"es"},{"@type":"Organization","@id":"https:\/\/impera.cat\/es\/#organization","name":"IMPERA - Impermeabilitzacions i a\u00efllaments d'obra nova, Rehabilitacions","url":"https:\/\/impera.cat\/es\/","logo":{"@type":"ImageObject","inLanguage":"es","@id":"https:\/\/impera.cat\/es\/#\/schema\/logo\/image\/","url":"https:\/\/impera.cat\/wp-content\/uploads\/2021\/10\/cropped-IMPERA-LOGO1-260x108-1.png","contentUrl":"https:\/\/impera.cat\/wp-content\/uploads\/2021\/10\/cropped-IMPERA-LOGO1-260x108-1.png","width":260,"height":108,"caption":"IMPERA - Impermeabilitzacions i a\u00efllaments d'obra nova, Rehabilitacions"},"image":{"@id":"https:\/\/impera.cat\/es\/#\/schema\/logo\/image\/"},"sameAs":["https:\/\/www.facebook.com\/profile.php?id=100063922969722","https:\/\/x.com\/impera_cat","https:\/\/www.instagram.com\/impera.cat\/","https:\/\/www.linkedin.com\/company\/impera-cat\/"]}]}},"_links":{"self":[{"href":"https:\/\/impera.cat\/es\/wp-json\/wp\/v2\/pages\/5175","targetHints":{"allow":["GET"]}}],"collection":[{"href":"https:\/\/impera.cat\/es\/wp-json\/wp\/v2\/pages"}],"about":[{"href":"https:\/\/impera.cat\/es\/wp-json\/wp\/v2\/types\/page"}],"author":[{"embeddable":true,"href":"https:\/\/impera.cat\/es\/wp-json\/wp\/v2\/users\/1"}],"replies":[{"embeddable":true,"href":"https:\/\/impera.cat\/es\/wp-json\/wp\/v2\/comments?post=5175"}],"version-history":[{"count":9,"href":"https:\/\/impera.cat\/es\/wp-json\/wp\/v2\/pages\/5175\/revisions"}],"predecessor-version":[{"id":7458,"href":"https:\/\/impera.cat\/es\/wp-json\/wp\/v2\/pages\/5175\/revisions\/7458"}],"wp:attachment":[{"href":"https:\/\/impera.cat\/es\/wp-json\/wp\/v2\/media?parent=5175"}],"curies":[{"name":"wp","href":"https:\/\/api.w.org\/{rel}","templated":true}]}}