{"id":5173,"date":"2025-04-16T09:32:01","date_gmt":"2025-04-16T07:32:01","guid":{"rendered":"https:\/\/www.impera.cat\/qui-som\/"},"modified":"2026-03-10T11:26:42","modified_gmt":"2026-03-10T10:26:42","slug":"quienes-somos","status":"publish","type":"page","link":"https:\/\/impera.cat\/es\/quienes-somos\/","title":{"rendered":"Qui\u00e9nes somos"},"content":{"rendered":"\t\t<div data-elementor-type=\"wp-page\" data-elementor-id=\"5173\" class=\"elementor elementor-5173 elementor-3730\">\n\t\t\t\t\t\t<section class=\" elementor-section elementor-top-section elementor-element elementor-element-e2c38c9 elementor-section-boxed elementor-section-height-default elementor-section-height-default\" data-id=\"e2c38c9\" data-element_type=\"section\" data-e-type=\"section\">\r\n\t\t\t\t\t\t\t\t<div class=\"elementor-container elementor-column-gap-default\">\r\n\t\t\t\t\r\n\t\t\t\t\t\t\t\t<div class=\" elementor-column elementor-col-100 elementor-top-column elementor-element elementor-element-341be5e \" data-id=\"341be5e\" data-element_type=\"column\" data-e-type=\"column\">\r\n\r\n\t\t\t\t\r\n\t\t\t\t<div class=\"elementor-widget-wrap elementor-element-populated\">\r\n\t\t\t\t\t\t\t\t\t\t\r\n\t\t\t\t\t\t<div class=\"elementor-element elementor-element-6b571ee elementor-widget elementor-widget-heading\" data-id=\"6b571ee\" data-element_type=\"widget\" data-e-type=\"widget\" data-widget_type=\"heading.default\">\n\t\t\t\t<div class=\"elementor-widget-container\">\n\t\t\t\t\t<h1 class=\"elementor-heading-title elementor-size-default\">Impera impermeabilitzacions<\/h1>\t\t\t\t<\/div>\n\t\t\t\t<\/div>\n\t\t\t\t\t\t<\/div>\r\n\t\t\t\t<\/div>\r\n\t\t\t\t\t\t\t\t<\/div>\r\n\t\t\t<\/section>\r\n\t\t\t\t\t<section class=\" elementor-section elementor-top-section elementor-element elementor-element-81bb188 elementor-section-boxed elementor-section-height-default elementor-section-height-default\" data-id=\"81bb188\" data-element_type=\"section\" data-e-type=\"section\">\r\n\t\t\t\t\t\t\t\t<div class=\"elementor-container elementor-column-gap-default\">\r\n\t\t\t\t\r\n\t\t\t\t\t\t\t\t<div class=\" elementor-column elementor-col-50 elementor-top-column elementor-element elementor-element-180fcfd \" data-id=\"180fcfd\" data-element_type=\"column\" data-e-type=\"column\">\r\n\r\n\t\t\t\t\r\n\t\t\t\t<div class=\"elementor-widget-wrap elementor-element-populated\">\r\n\t\t\t\t\t\t\t\t\t\t\r\n\t\t\t\t\t\t<div class=\"elementor-element elementor-element-be3b222 elementor-widget elementor-widget-image-gallery\" data-id=\"be3b222\" data-element_type=\"widget\" data-e-type=\"widget\" data-widget_type=\"image-gallery.default\">\n\t\t\t\t<div class=\"elementor-widget-container\">\n\t\t\t\t\t\t\t<div class=\"elementor-image-gallery\">\n\t\t\t<div id='gallery-1' class='gallery galleryid-5173 gallery-columns-2 gallery-size-alpha-thumb-custom-1'><figure class='gallery-item'>\n\t\t\t<div class='gallery-icon landscape'>\n\t\t\t\t<a data-elementor-open-lightbox=\"yes\" data-elementor-lightbox-slideshow=\"be3b222\" data-elementor-lightbox-title=\"oficina-impera-1\" data-e-action-hash=\"#elementor-action%3Aaction%3Dlightbox%26settings%3DeyJpZCI6NDkzOCwidXJsIjoiaHR0cHM6XC9cL2ltcGVyYS5jYXRcL3dwLWNvbnRlbnRcL3VwbG9hZHNcLzIwMjJcLzA2XC9vZmljaW5hLWltcGVyYS0xLmpwZyIsInNsaWRlc2hvdyI6ImJlM2IyMjIifQ%3D%3D\" href='https:\/\/impera.cat\/wp-content\/uploads\/2022\/06\/oficina-impera-1.jpg'><img fetchpriority=\"high\" decoding=\"async\" width=\"780\" height=\"408\" src=\"https:\/\/impera.cat\/wp-content\/uploads\/2022\/06\/oficina-impera-1-780x408.jpg\" class=\"attachment-alpha-thumb-custom-1 size-alpha-thumb-custom-1\" alt=\"\" \/><\/a>\n\t\t\t<\/div><\/figure><figure class='gallery-item'>\n\t\t\t<div class='gallery-icon landscape'>\n\t\t\t\t<a data-elementor-open-lightbox=\"yes\" data-elementor-lightbox-slideshow=\"be3b222\" data-elementor-lightbox-title=\"oficina-impera-2\" data-e-action-hash=\"#elementor-action%3Aaction%3Dlightbox%26settings%3DeyJpZCI6NDk0MiwidXJsIjoiaHR0cHM6XC9cL2ltcGVyYS5jYXRcL3dwLWNvbnRlbnRcL3VwbG9hZHNcLzIwMjJcLzA2XC9vZmljaW5hLWltcGVyYS0yLmpwZyIsInNsaWRlc2hvdyI6ImJlM2IyMjIifQ%3D%3D\" href='https:\/\/impera.cat\/wp-content\/uploads\/2022\/06\/oficina-impera-2.jpg'><img decoding=\"async\" width=\"780\" height=\"408\" src=\"https:\/\/impera.cat\/wp-content\/uploads\/2022\/06\/oficina-impera-2-780x408.jpg\" class=\"attachment-alpha-thumb-custom-1 size-alpha-thumb-custom-1\" alt=\"\" \/><\/a>\n\t\t\t<\/div><\/figure>\n\t\t<\/div>\n\t\t<\/div>\n\t\t\t\t\t\t<\/div>\n\t\t\t\t<\/div>\n\t\t\t\t\t\t<\/div>\r\n\t\t\t\t<\/div>\r\n\t\t\t\t\t\t\t\t\t<div class=\" elementor-column elementor-col-50 elementor-top-column elementor-element elementor-element-042a8d3 \" data-id=\"042a8d3\" data-element_type=\"column\" data-e-type=\"column\">\r\n\r\n\t\t\t\t\r\n\t\t\t\t<div class=\"elementor-widget-wrap elementor-element-populated\">\r\n\t\t\t\t\t\t\t\t\t\t\r\n\t\t\t\t\t\t<div class=\"elementor-element elementor-element-461b2921 elementor-widget elementor-widget-text-editor\" data-id=\"461b2921\" data-element_type=\"widget\" data-e-type=\"widget\" data-widget_type=\"text-editor.default\">\n\t\t\t\t<div class=\"elementor-widget-container\">\n\t\t\t\t\t\t\t\t\t<p><strong>Impermeabilizaciones y aislamientos tanto t\u00e9rmicos como ac\u00fasticos<\/strong> desde 1997 con cobertura en toda Catalu\u00f1a, y espor\u00e1dicamente en Espa\u00f1a y Francia, realizando trabajos de obra nueva, obra p\u00fablica as\u00ed como rehabilitaciones de todo tipo, pues contamos con colaboradores y personal propio de plena confianza para realizar los trabajos de principio a fin (Paleter\u00eda, fontaner\u00eda, pintura\u2026.) para minimizar las molestias al cliente.<\/p>\n\t\t\t\t\t\t\t\t<\/div>\n\t\t\t\t<\/div>\n\t\t\t\t\t\t<\/div>\r\n\t\t\t\t<\/div>\r\n\t\t\t\t\t\t\t\t<\/div>\r\n\t\t\t<\/section>\r\n\t\t\t\t\t<\/div>\n\t\t","protected":false},"excerpt":{"rendered":"<p>Impera impermeabilitzacions Impermeabilizaciones y aislamientos tanto t\u00e9rmicos como ac\u00fasticos desde 1997 con cobertura en toda Catalu\u00f1a, y espor\u00e1dicamente en Espa\u00f1a y Francia, realizando trabajos de obra nueva, obra p\u00fablica as\u00ed como rehabilitaciones de todo tipo, pues contamos con colaboradores y personal propio de plena confianza para realizar los trabajos de principio a fin (Paleter\u00eda, fontaner\u00eda, [&hellip;]<\/p>\n","protected":false},"author":1,"featured_media":0,"parent":0,"menu_order":0,"comment_status":"closed","ping_status":"closed","template":"","meta":{"_acf_changed":false,"footnotes":""},"class_list":["post-5173","page","type-page","status-publish","hentry"],"acf":[],"yoast_head":"<!-- This site is optimized with the Yoast SEO plugin v27.3 - https:\/\/yoast.com\/product\/yoast-seo-wordpress\/ -->\n<title>IMPERA | Empresa especialista en impermeabilizaci\u00f3n<\/title>\n<meta name=\"description\" content=\"IMPERA es una empresa especializada en impermeabilizaci\u00f3n, aislamiento y soluciones constructivas para edificios en Catalu\u00f1a y Baleares.\" \/>\n<meta name=\"robots\" content=\"index, follow, max-snippet:-1, max-image-preview:large, max-video-preview:-1\" \/>\n<link rel=\"canonical\" href=\"https:\/\/impera.cat\/es\/quienes-somos\/\" \/>\n<meta property=\"og:locale\" content=\"es_ES\" \/>\n<meta property=\"og:type\" content=\"article\" \/>\n<meta property=\"og:title\" content=\"IMPERA | Empresa especialista en impermeabilizaci\u00f3n\" \/>\n<meta property=\"og:description\" content=\"IMPERA es una empresa especializada en impermeabilizaci\u00f3n, aislamiento y soluciones constructivas para edificios en Catalu\u00f1a y Baleares.\" \/>\n<meta property=\"og:url\" content=\"https:\/\/impera.cat\/es\/quienes-somos\/\" \/>\n<meta property=\"og:site_name\" content=\"IMPERA - Impermeabilitzacions i a\u00efllaments d&#039;obra nova, Rehabilitacions\" \/>\n<meta property=\"article:publisher\" content=\"https:\/\/www.facebook.com\/profile.php?id=100063922969722\" \/>\n<meta property=\"article:modified_time\" content=\"2026-03-10T10:26:42+00:00\" \/>\n<meta property=\"og:image\" content=\"https:\/\/impera.cat\/wp-content\/uploads\/2022\/06\/oficina-impera-1-780x408.jpg\" \/>\n<meta name=\"twitter:card\" content=\"summary_large_image\" \/>\n<meta name=\"twitter:site\" content=\"@impera_cat\" \/>\n<meta name=\"twitter:label1\" content=\"Tiempo de lectura\" \/>\n\t<meta name=\"twitter:data1\" content=\"1 minuto\" \/>\n<script type=\"application\/ld+json\" class=\"yoast-schema-graph\">{\"@context\":\"https:\\\/\\\/schema.org\",\"@graph\":[{\"@type\":\"WebPage\",\"@id\":\"https:\\\/\\\/impera.cat\\\/es\\\/quienes-somos\\\/\",\"url\":\"https:\\\/\\\/impera.cat\\\/es\\\/quienes-somos\\\/\",\"name\":\"IMPERA | Empresa especialista en impermeabilizaci\u00f3n\",\"isPartOf\":{\"@id\":\"https:\\\/\\\/impera.cat\\\/es\\\/#website\"},\"primaryImageOfPage\":{\"@id\":\"https:\\\/\\\/impera.cat\\\/es\\\/quienes-somos\\\/#primaryimage\"},\"image\":{\"@id\":\"https:\\\/\\\/impera.cat\\\/es\\\/quienes-somos\\\/#primaryimage\"},\"thumbnailUrl\":\"https:\\\/\\\/impera.cat\\\/wp-content\\\/uploads\\\/2022\\\/06\\\/oficina-impera-1-780x408.jpg\",\"datePublished\":\"2025-04-16T07:32:01+00:00\",\"dateModified\":\"2026-03-10T10:26:42+00:00\",\"description\":\"IMPERA es una empresa especializada en impermeabilizaci\u00f3n, aislamiento y soluciones constructivas para edificios en Catalu\u00f1a y Baleares.\",\"breadcrumb\":{\"@id\":\"https:\\\/\\\/impera.cat\\\/es\\\/quienes-somos\\\/#breadcrumb\"},\"inLanguage\":\"es\",\"potentialAction\":[{\"@type\":\"ReadAction\",\"target\":[\"https:\\\/\\\/impera.cat\\\/es\\\/quienes-somos\\\/\"]}]},{\"@type\":\"ImageObject\",\"inLanguage\":\"es\",\"@id\":\"https:\\\/\\\/impera.cat\\\/es\\\/quienes-somos\\\/#primaryimage\",\"url\":\"https:\\\/\\\/impera.cat\\\/wp-content\\\/uploads\\\/2022\\\/06\\\/oficina-impera-1-780x408.jpg\",\"contentUrl\":\"https:\\\/\\\/impera.cat\\\/wp-content\\\/uploads\\\/2022\\\/06\\\/oficina-impera-1-780x408.jpg\"},{\"@type\":\"BreadcrumbList\",\"@id\":\"https:\\\/\\\/impera.cat\\\/es\\\/quienes-somos\\\/#breadcrumb\",\"itemListElement\":[{\"@type\":\"ListItem\",\"position\":1,\"name\":\"Inici\",\"item\":\"https:\\\/\\\/impera.cat\\\/es\\\/\"},{\"@type\":\"ListItem\",\"position\":2,\"name\":\"Qui\u00e9nes somos\"}]},{\"@type\":\"WebSite\",\"@id\":\"https:\\\/\\\/impera.cat\\\/es\\\/#website\",\"url\":\"https:\\\/\\\/impera.cat\\\/es\\\/\",\"name\":\"IMPERA - Impermeabilitzacions i a\u00efllaments d'obra nova, Rehabilitacions\",\"description\":\"Impermeabilitzacions i a\u00efllaments d&#039;obra nova, Rehabilitacions\",\"publisher\":{\"@id\":\"https:\\\/\\\/impera.cat\\\/es\\\/#organization\"},\"potentialAction\":[{\"@type\":\"SearchAction\",\"target\":{\"@type\":\"EntryPoint\",\"urlTemplate\":\"https:\\\/\\\/impera.cat\\\/es\\\/?s={search_term_string}\"},\"query-input\":{\"@type\":\"PropertyValueSpecification\",\"valueRequired\":true,\"valueName\":\"search_term_string\"}}],\"inLanguage\":\"es\"},{\"@type\":\"Organization\",\"@id\":\"https:\\\/\\\/impera.cat\\\/es\\\/#organization\",\"name\":\"IMPERA - Impermeabilitzacions i a\u00efllaments d'obra nova, Rehabilitacions\",\"url\":\"https:\\\/\\\/impera.cat\\\/es\\\/\",\"logo\":{\"@type\":\"ImageObject\",\"inLanguage\":\"es\",\"@id\":\"https:\\\/\\\/impera.cat\\\/es\\\/#\\\/schema\\\/logo\\\/image\\\/\",\"url\":\"https:\\\/\\\/impera.cat\\\/wp-content\\\/uploads\\\/2021\\\/10\\\/cropped-IMPERA-LOGO1-260x108-1.png\",\"contentUrl\":\"https:\\\/\\\/impera.cat\\\/wp-content\\\/uploads\\\/2021\\\/10\\\/cropped-IMPERA-LOGO1-260x108-1.png\",\"width\":260,\"height\":108,\"caption\":\"IMPERA - Impermeabilitzacions i a\u00efllaments d'obra nova, Rehabilitacions\"},\"image\":{\"@id\":\"https:\\\/\\\/impera.cat\\\/es\\\/#\\\/schema\\\/logo\\\/image\\\/\"},\"sameAs\":[\"https:\\\/\\\/www.facebook.com\\\/profile.php?id=100063922969722\",\"https:\\\/\\\/x.com\\\/impera_cat\",\"https:\\\/\\\/www.instagram.com\\\/impera.cat\\\/\",\"https:\\\/\\\/www.linkedin.com\\\/company\\\/impera-cat\\\/\"]}]}<\/script>\n<!-- \/ Yoast SEO plugin. -->","yoast_head_json":{"title":"IMPERA | Empresa especialista en impermeabilizaci\u00f3n","description":"IMPERA es una empresa especializada en impermeabilizaci\u00f3n, aislamiento y soluciones constructivas para edificios en Catalu\u00f1a y Baleares.","robots":{"index":"index","follow":"follow","max-snippet":"max-snippet:-1","max-image-preview":"max-image-preview:large","max-video-preview":"max-video-preview:-1"},"canonical":"https:\/\/impera.cat\/es\/quienes-somos\/","og_locale":"es_ES","og_type":"article","og_title":"IMPERA | Empresa especialista en impermeabilizaci\u00f3n","og_description":"IMPERA es una empresa especializada en impermeabilizaci\u00f3n, aislamiento y soluciones constructivas para edificios en Catalu\u00f1a y Baleares.","og_url":"https:\/\/impera.cat\/es\/quienes-somos\/","og_site_name":"IMPERA - Impermeabilitzacions i a\u00efllaments d&#039;obra nova, Rehabilitacions","article_publisher":"https:\/\/www.facebook.com\/profile.php?id=100063922969722","article_modified_time":"2026-03-10T10:26:42+00:00","og_image":[{"url":"https:\/\/impera.cat\/wp-content\/uploads\/2022\/06\/oficina-impera-1-780x408.jpg","type":"","width":"","height":""}],"twitter_card":"summary_large_image","twitter_site":"@impera_cat","twitter_misc":{"Tiempo de lectura":"1 minuto"},"schema":{"@context":"https:\/\/schema.org","@graph":[{"@type":"WebPage","@id":"https:\/\/impera.cat\/es\/quienes-somos\/","url":"https:\/\/impera.cat\/es\/quienes-somos\/","name":"IMPERA | Empresa especialista en impermeabilizaci\u00f3n","isPartOf":{"@id":"https:\/\/impera.cat\/es\/#website"},"primaryImageOfPage":{"@id":"https:\/\/impera.cat\/es\/quienes-somos\/#primaryimage"},"image":{"@id":"https:\/\/impera.cat\/es\/quienes-somos\/#primaryimage"},"thumbnailUrl":"https:\/\/impera.cat\/wp-content\/uploads\/2022\/06\/oficina-impera-1-780x408.jpg","datePublished":"2025-04-16T07:32:01+00:00","dateModified":"2026-03-10T10:26:42+00:00","description":"IMPERA es una empresa especializada en impermeabilizaci\u00f3n, aislamiento y soluciones constructivas para edificios en Catalu\u00f1a y Baleares.","breadcrumb":{"@id":"https:\/\/impera.cat\/es\/quienes-somos\/#breadcrumb"},"inLanguage":"es","potentialAction":[{"@type":"ReadAction","target":["https:\/\/impera.cat\/es\/quienes-somos\/"]}]},{"@type":"ImageObject","inLanguage":"es","@id":"https:\/\/impera.cat\/es\/quienes-somos\/#primaryimage","url":"https:\/\/impera.cat\/wp-content\/uploads\/2022\/06\/oficina-impera-1-780x408.jpg","contentUrl":"https:\/\/impera.cat\/wp-content\/uploads\/2022\/06\/oficina-impera-1-780x408.jpg"},{"@type":"BreadcrumbList","@id":"https:\/\/impera.cat\/es\/quienes-somos\/#breadcrumb","itemListElement":[{"@type":"ListItem","position":1,"name":"Inici","item":"https:\/\/impera.cat\/es\/"},{"@type":"ListItem","position":2,"name":"Qui\u00e9nes somos"}]},{"@type":"WebSite","@id":"https:\/\/impera.cat\/es\/#website","url":"https:\/\/impera.cat\/es\/","name":"IMPERA - Impermeabilitzacions i a\u00efllaments d'obra nova, Rehabilitacions","description":"Impermeabilitzacions i a\u00efllaments d&#039;obra nova, Rehabilitacions","publisher":{"@id":"https:\/\/impera.cat\/es\/#organization"},"potentialAction":[{"@type":"SearchAction","target":{"@type":"EntryPoint","urlTemplate":"https:\/\/impera.cat\/es\/?s={search_term_string}"},"query-input":{"@type":"PropertyValueSpecification","valueRequired":true,"valueName":"search_term_string"}}],"inLanguage":"es"},{"@type":"Organization","@id":"https:\/\/impera.cat\/es\/#organization","name":"IMPERA - Impermeabilitzacions i a\u00efllaments d'obra nova, Rehabilitacions","url":"https:\/\/impera.cat\/es\/","logo":{"@type":"ImageObject","inLanguage":"es","@id":"https:\/\/impera.cat\/es\/#\/schema\/logo\/image\/","url":"https:\/\/impera.cat\/wp-content\/uploads\/2021\/10\/cropped-IMPERA-LOGO1-260x108-1.png","contentUrl":"https:\/\/impera.cat\/wp-content\/uploads\/2021\/10\/cropped-IMPERA-LOGO1-260x108-1.png","width":260,"height":108,"caption":"IMPERA - Impermeabilitzacions i a\u00efllaments d'obra nova, Rehabilitacions"},"image":{"@id":"https:\/\/impera.cat\/es\/#\/schema\/logo\/image\/"},"sameAs":["https:\/\/www.facebook.com\/profile.php?id=100063922969722","https:\/\/x.com\/impera_cat","https:\/\/www.instagram.com\/impera.cat\/","https:\/\/www.linkedin.com\/company\/impera-cat\/"]}]}},"_links":{"self":[{"href":"https:\/\/impera.cat\/es\/wp-json\/wp\/v2\/pages\/5173","targetHints":{"allow":["GET"]}}],"collection":[{"href":"https:\/\/impera.cat\/es\/wp-json\/wp\/v2\/pages"}],"about":[{"href":"https:\/\/impera.cat\/es\/wp-json\/wp\/v2\/types\/page"}],"author":[{"embeddable":true,"href":"https:\/\/impera.cat\/es\/wp-json\/wp\/v2\/users\/1"}],"replies":[{"embeddable":true,"href":"https:\/\/impera.cat\/es\/wp-json\/wp\/v2\/comments?post=5173"}],"version-history":[{"count":3,"href":"https:\/\/impera.cat\/es\/wp-json\/wp\/v2\/pages\/5173\/revisions"}],"predecessor-version":[{"id":5983,"href":"https:\/\/impera.cat\/es\/wp-json\/wp\/v2\/pages\/5173\/revisions\/5983"}],"wp:attachment":[{"href":"https:\/\/impera.cat\/es\/wp-json\/wp\/v2\/media?parent=5173"}],"curies":[{"name":"wp","href":"https:\/\/api.w.org\/{rel}","templated":true}]}}