{"id":5172,"date":"2025-04-15T09:35:38","date_gmt":"2025-04-15T07:35:38","guid":{"rendered":"https:\/\/www.impera.cat\/gas-rado\/"},"modified":"2026-03-10T11:25:09","modified_gmt":"2026-03-10T10:25:09","slug":"gas-rado","status":"publish","type":"page","link":"https:\/\/impera.cat\/es\/gas-rado\/","title":{"rendered":"Gas Rad\u00f3"},"content":{"rendered":"<h1>Qu\u00e8 \u00e9s el rad\u00f3?<\/h1>\n<p>\u00c9s un <strong>gas radioactiu d&#8217;origen natural<\/strong>, indetectable per l&#8217;\u00e9sser hum\u00e0 pels seus propis mitjans, que prov\u00e9 de la desintegraci\u00f3 del radi; que alhora procedeix de la desintegraci\u00f3 de l&#8217;urani contingut en roques com el granit.<\/p>\n<p>El rad\u00f3 \u00e9s la font m\u00e9s important de radiaci\u00f3 natural. <strong>T\u00e9 la capacitat d&#8217;adherir-se a les part\u00edcules de pols que graviten en l&#8217;aire<\/strong>, podent accedir i acumular-se en els pulmons. Cont\u00e9 part\u00edcules alfa radioactives; s\u00f3n les responsables de causar mutacions en les c\u00e8l\u00b7lules de l&#8217;aparell respiratori en cas d&#8217;inhalaci\u00f3, podent generar c\u00e0ncer. Segons un estudi de l&#8217;Organitzaci\u00f3 Mundial de la Salut <strong>(OMS), el gas rad\u00f3 se situa com la segona causa m\u00e9s comuna de c\u00e0ncer de pulm\u00f3<\/strong>, despr\u00e9s del tabac.<\/p>\n<p>\u00c9s present de forma molt escassa en l&#8217;aire que respirem, en baixes concentracions. A l&#8217;aire lliure, el rad\u00f3 es dilueix r\u00e0pidament, per la qual cosa no suposa cap problema. En canvi, <strong>en espais tancats, poden registrar-se concentracions elevades<\/strong>, suposant un risc potencial per a la salut. Al ser incolor, inodor i ins\u00edpid, pot acumular-se, sense que ens adonem, <strong>a l&#8217;interior dels habitatges edificats<\/strong>. Si no hi ha una ventilaci\u00f3 suficient, <strong>la concentraci\u00f3 pot arribar a ser molt alta i perillosa per als habitants de l&#8217;edifici<\/strong>.<\/p>\n<p><strong>El gas rad\u00f3 pot accedir a trav\u00e9s d&#8217;esquerdes o fissures en el formig\u00f3 dels fonaments d&#8217;una casa<\/strong>. A m\u00e9s, pot potenciar-se la seva entrada gr\u00e0cies a elements que modifiquen la pressi\u00f3 de l&#8217;aire, com a estufes, extractors de cuina, ventiladors, etc. La situaci\u00f3 m\u00e9s habitual \u00e9s que les parts m\u00e9s afectades siguin les plantes baixes o soterranis, despla\u00e7ant-se a la resta de l&#8217;habitatge.<\/p>\n<p><strong>Des de IMPERA<\/strong> estem a l&#8217;avantguarda de les novetats i els canvis per aix\u00f2<strong> ja disposem d&#8217;un equip format per col\u00b7locar i garantir tots el materials d&#8217;impermeabilitzaci\u00f3 contra el gas Rad\u00f3<\/strong> de la m\u00e0 del nostre fabricant ASFALTOS CHOVA ja tenim <strong>dos tipus de l\u00e0mina asf\u00e0ltica homologades<\/strong> per protegir del Rad\u00f3.<\/p>\n<h2>L\u00e0mines antirad\u00f3 de Chova<\/h2>\n<ul>\n<li><a href=\"https:\/\/impera.cat\/wp-content\/uploads\/2021\/04\/CHOVAPLAST-ALUM-BV-30-E2-RADON.pdf\" target=\"_blank\" rel=\"noopener\">&gt; Informaci\u00f3 completa de la l\u00e0mina CHOVAPLAST ALUM BV 30 \u2013 E2<\/a><\/li>\n<li><a href=\"https:\/\/impera.cat\/wp-content\/uploads\/2021\/04\/FT_E_37450_POLITABER_COMBI_40_v09.pdf\" target=\"_blank\" rel=\"noopener\">&gt; Informaci\u00f3 completa de la l\u00e0mina POLITABER COMBI 40<\/a><\/li>\n<li><a href=\"https:\/\/impera.cat\/wp-content\/uploads\/2021\/04\/Inf_RADON_ChovAPLAST-ALUM-BV-30_Chova_ESP_R.pdf\" target=\"_blank\" rel=\"noopener\">&gt; Informe d&#8217;assaig: Determinaci\u00f3 del coeficient de difusi\u00f3 al Rad\u00f3<\/a><\/li>\n<\/ul>\n<p>Des de IMPERA <strong>fa m\u00e9s d&#8217;un any que estem realitzant treballs contra el Rad\u00f3<\/strong> en diferents obres. &nbsp;<\/p>\n<p><strong>OBRA VIVENDA LA GAVINA &#8211; S&#8217;AGAR\u00d3<\/strong> (400m2 de barrera antirad\u00f3 amb l\u00e0mina d&#8217;alumini)<\/p>\n<style>.elementor-image-gallery .gallery-item{display:inline-block;text-align:center;vertical-align:top;width:100%;max-width:100%;margin:0 auto}.elementor-image-gallery .gallery-item img{margin:0 auto}.elementor-image-gallery .gallery-item .gallery-caption{margin:0}.elementor-image-gallery figure img{display:block}.elementor-image-gallery figure figcaption{width:100%}.gallery-spacing-custom .elementor-image-gallery .gallery-icon{padding:0}@media (min-width:768px){.elementor-image-gallery .gallery-columns-2 .gallery-item{max-width:50%}.elementor-image-gallery .gallery-columns-3 .gallery-item{max-width:33.33%}.elementor-image-gallery .gallery-columns-4 .gallery-item{max-width:25%}.elementor-image-gallery .gallery-columns-5 .gallery-item{max-width:20%}.elementor-image-gallery .gallery-columns-6 .gallery-item{max-width:16.666%}.elementor-image-gallery .gallery-columns-7 .gallery-item{max-width:14.28%}.elementor-image-gallery .gallery-columns-8 .gallery-item{max-width:12.5%}.elementor-image-gallery .gallery-columns-9 .gallery-item{max-width:11.11%}.elementor-image-gallery .gallery-columns-10 .gallery-item{max-width:10%}}@media (min-width:480px) and (max-width:767px){.elementor-image-gallery .gallery.gallery-columns-2 .gallery-item,.elementor-image-gallery .gallery.gallery-columns-3 .gallery-item,.elementor-image-gallery .gallery.gallery-columns-4 .gallery-item,.elementor-image-gallery .gallery.gallery-columns-5 .gallery-item,.elementor-image-gallery .gallery.gallery-columns-6 .gallery-item,.elementor-image-gallery .gallery.gallery-columns-7 .gallery-item,.elementor-image-gallery .gallery.gallery-columns-8 .gallery-item,.elementor-image-gallery .gallery.gallery-columns-9 .gallery-item,.elementor-image-gallery .gallery.gallery-columns-10 .gallery-item{max-width:50%}}@media (max-width:479px){.elementor-image-gallery .gallery.gallery-columns-2 .gallery-item,.elementor-image-gallery .gallery.gallery-columns-3 .gallery-item,.elementor-image-gallery .gallery.gallery-columns-4 .gallery-item,.elementor-image-gallery .gallery.gallery-columns-5 .gallery-item,.elementor-image-gallery .gallery.gallery-columns-6 .gallery-item,.elementor-image-gallery .gallery.gallery-columns-7 .gallery-item,.elementor-image-gallery .gallery.gallery-columns-8 .gallery-item,.elementor-image-gallery .gallery.gallery-columns-9 .gallery-item,.elementor-image-gallery .gallery.gallery-columns-10 .gallery-item{max-width:100%}}<\/style>\n<figure class=\"gallery-item\">\n\t\t\t\t<a data-elementor-open-lightbox=\"yes\" data-elementor-lightbox-slideshow=\"de63115\" data-elementor-lightbox-title=\"LA_GAVINA_SAGARO_-_RADO_3\" e-action-hash=\"#elementor-action%3Aaction%3Dlightbox%26settings%3DeyJpZCI6Mzc2NCwidXJsIjoiaHR0cHM6XC9cL3d3dy5pbXBlcmEuY2F0XC93cC1jb250ZW50XC91cGxvYWRzXC8yMDIxXC8xMFwvTEFfR0FWSU5BX1NBR0FST18tX1JBRE9fMy5qcGVnIiwic2xpZGVzaG93IjoiZGU2MzExNSJ9\" href=\"https:\/\/impera.cat\/wp-content\/uploads\/2021\/10\/LA_GAVINA_SAGARO_-_RADO_3.jpeg\"><img decoding=\"async\" width=\"150\" height=\"150\" src=\"https:\/\/impera.cat\/wp-content\/uploads\/2021\/10\/LA_GAVINA_SAGARO_-_RADO_3-150x150.jpeg\" alt=\"\"><\/a><\/figure>\n<figure class=\"gallery-item\">\n\t\t\t\t<a data-elementor-open-lightbox=\"yes\" data-elementor-lightbox-slideshow=\"de63115\" data-elementor-lightbox-title=\"LA_GAVINA_SAGARO_-_RADO_2\" e-action-hash=\"#elementor-action%3Aaction%3Dlightbox%26settings%3DeyJpZCI6Mzc2MCwidXJsIjoiaHR0cHM6XC9cL3d3dy5pbXBlcmEuY2F0XC93cC1jb250ZW50XC91cGxvYWRzXC8yMDIxXC8xMFwvTEFfR0FWSU5BX1NBR0FST18tX1JBRE9fMi5qcGVnIiwic2xpZGVzaG93IjoiZGU2MzExNSJ9\" href=\"https:\/\/impera.cat\/wp-content\/uploads\/2021\/10\/LA_GAVINA_SAGARO_-_RADO_2.jpeg\"><img decoding=\"async\" width=\"150\" height=\"150\" src=\"https:\/\/impera.cat\/wp-content\/uploads\/2021\/10\/LA_GAVINA_SAGARO_-_RADO_2-150x150.jpeg\" alt=\"\"><\/a><\/figure>\n<figure class=\"gallery-item\">\n\t\t\t\t<a data-elementor-open-lightbox=\"yes\" data-elementor-lightbox-slideshow=\"de63115\" data-elementor-lightbox-title=\"LA_GAVINA_SAGARO_-_RADO\" e-action-hash=\"#elementor-action%3Aaction%3Dlightbox%26settings%3DeyJpZCI6Mzc1NiwidXJsIjoiaHR0cHM6XC9cL3d3dy5pbXBlcmEuY2F0XC93cC1jb250ZW50XC91cGxvYWRzXC8yMDIxXC8xMFwvTEFfR0FWSU5BX1NBR0FST18tX1JBRE8uanBlZyIsInNsaWRlc2hvdyI6ImRlNjMxMTUifQ%3D%3D\" href=\"https:\/\/impera.cat\/wp-content\/uploads\/2021\/10\/LA_GAVINA_SAGARO_-_RADO.jpeg\"><img decoding=\"async\" width=\"150\" height=\"150\" src=\"https:\/\/impera.cat\/wp-content\/uploads\/2021\/10\/LA_GAVINA_SAGARO_-_RADO-150x150.jpeg\" alt=\"\"><\/a><\/figure>\n<p><strong>OBRA LABORATORIS HIPRA AIGUAVIVA<\/strong> (600m2 de barrera antirad\u00f3 amb l\u00e0mina asf\u00e0ltica)<\/p>\n<figure class=\"gallery-item\">\n\t\t\t\t<a data-elementor-open-lightbox=\"yes\" data-elementor-lightbox-slideshow=\"caf2315\" data-elementor-lightbox-title=\"HIPRA_AIGUAVIVA-RADO\" e-action-hash=\"#elementor-action%3Aaction%3Dlightbox%26settings%3DeyJpZCI6Mzc3MiwidXJsIjoiaHR0cHM6XC9cL3d3dy5pbXBlcmEuY2F0XC93cC1jb250ZW50XC91cGxvYWRzXC8yMDIxXC8xMFwvSElQUkFfQUlHVUFWSVZBLVJBRE8uanBlZyIsInNsaWRlc2hvdyI6ImNhZjIzMTUifQ%3D%3D\" href=\"https:\/\/impera.cat\/wp-content\/uploads\/2021\/10\/HIPRA_AIGUAVIVA-RADO.jpeg\"><img loading=\"lazy\" decoding=\"async\" width=\"150\" height=\"150\" src=\"https:\/\/impera.cat\/wp-content\/uploads\/2021\/10\/HIPRA_AIGUAVIVA-RADO-150x150.jpeg\" alt=\"\"><\/a><\/figure>\n<figure class=\"gallery-item\">\n\t\t\t\t<a data-elementor-open-lightbox=\"yes\" data-elementor-lightbox-slideshow=\"caf2315\" data-elementor-lightbox-title=\"HIPRA_AIGUAVIVA-RADO_2\" e-action-hash=\"#elementor-action%3Aaction%3Dlightbox%26settings%3DeyJpZCI6Mzc3NiwidXJsIjoiaHR0cHM6XC9cL3d3dy5pbXBlcmEuY2F0XC93cC1jb250ZW50XC91cGxvYWRzXC8yMDIxXC8xMFwvSElQUkFfQUlHVUFWSVZBLVJBRE9fMi5qcGVnIiwic2xpZGVzaG93IjoiY2FmMjMxNSJ9\" href=\"https:\/\/impera.cat\/wp-content\/uploads\/2021\/10\/HIPRA_AIGUAVIVA-RADO_2.jpeg\"><img loading=\"lazy\" decoding=\"async\" width=\"150\" height=\"150\" src=\"https:\/\/impera.cat\/wp-content\/uploads\/2021\/10\/HIPRA_AIGUAVIVA-RADO_2-150x150.jpeg\" alt=\"\"><\/a><\/figure>\n","protected":false},"excerpt":{"rendered":"<p>Qu\u00e8 \u00e9s el rad\u00f3? \u00c9s un gas radioactiu d&#8217;origen natural, indetectable per l&#8217;\u00e9sser hum\u00e0 pels seus propis mitjans, que prov\u00e9 de la desintegraci\u00f3 del radi; que alhora procedeix de la desintegraci\u00f3 de l&#8217;urani contingut en roques com el granit. El rad\u00f3 \u00e9s la font m\u00e9s important de radiaci\u00f3 natural. T\u00e9 la capacitat d&#8217;adherir-se a les [&hellip;]<\/p>\n","protected":false},"author":1,"featured_media":0,"parent":0,"menu_order":0,"comment_status":"closed","ping_status":"closed","template":"","meta":{"_acf_changed":false,"footnotes":""},"class_list":["post-5172","page","type-page","status-publish","hentry"],"acf":[],"yoast_head":"<!-- This site is optimized with the Yoast SEO plugin v27.3 - https:\/\/yoast.com\/product\/yoast-seo-wordpress\/ -->\n<title>Protecci\u00f3n contra gas rad\u00f3n | Sistemas anti rad\u00f3n | IMPERA<\/title>\n<meta name=\"description\" content=\"Soluciones profesionales para protecci\u00f3n contra gas rad\u00f3n en viviendas y edificios. Sistemas de prevenci\u00f3n y mitigaci\u00f3n seg\u00fan normativa.\" \/>\n<meta name=\"robots\" content=\"index, follow, max-snippet:-1, max-image-preview:large, max-video-preview:-1\" \/>\n<link rel=\"canonical\" href=\"https:\/\/impera.cat\/es\/gas-rado\/\" \/>\n<meta property=\"og:locale\" content=\"es_ES\" \/>\n<meta property=\"og:type\" content=\"article\" \/>\n<meta property=\"og:title\" content=\"Protecci\u00f3n contra gas rad\u00f3n | Sistemas anti rad\u00f3n | IMPERA\" \/>\n<meta property=\"og:description\" content=\"Soluciones profesionales para protecci\u00f3n contra gas rad\u00f3n en viviendas y edificios. Sistemas de prevenci\u00f3n y mitigaci\u00f3n seg\u00fan normativa.\" \/>\n<meta property=\"og:url\" content=\"https:\/\/impera.cat\/es\/gas-rado\/\" \/>\n<meta property=\"og:site_name\" content=\"IMPERA - Impermeabilitzacions i a\u00efllaments d&#039;obra nova, Rehabilitacions\" \/>\n<meta property=\"article:publisher\" content=\"https:\/\/www.facebook.com\/profile.php?id=100063922969722\" \/>\n<meta property=\"article:modified_time\" content=\"2026-03-10T10:25:09+00:00\" \/>\n<meta property=\"og:image\" content=\"https:\/\/impera.cat\/wp-content\/uploads\/2021\/10\/LA_GAVINA_SAGARO_-_RADO_3-150x150.jpeg\" \/>\n<meta name=\"twitter:card\" content=\"summary_large_image\" \/>\n<meta name=\"twitter:site\" content=\"@impera_cat\" \/>\n<meta name=\"twitter:label1\" content=\"Tiempo de lectura\" \/>\n\t<meta name=\"twitter:data1\" content=\"3 minutos\" \/>\n<script type=\"application\/ld+json\" class=\"yoast-schema-graph\">{\"@context\":\"https:\\\/\\\/schema.org\",\"@graph\":[{\"@type\":\"WebPage\",\"@id\":\"https:\\\/\\\/impera.cat\\\/es\\\/gas-rado\\\/\",\"url\":\"https:\\\/\\\/impera.cat\\\/es\\\/gas-rado\\\/\",\"name\":\"Protecci\u00f3n contra gas rad\u00f3n | Sistemas anti rad\u00f3n | IMPERA\",\"isPartOf\":{\"@id\":\"https:\\\/\\\/impera.cat\\\/es\\\/#website\"},\"primaryImageOfPage\":{\"@id\":\"https:\\\/\\\/impera.cat\\\/es\\\/gas-rado\\\/#primaryimage\"},\"image\":{\"@id\":\"https:\\\/\\\/impera.cat\\\/es\\\/gas-rado\\\/#primaryimage\"},\"thumbnailUrl\":\"https:\\\/\\\/impera.cat\\\/wp-content\\\/uploads\\\/2021\\\/10\\\/LA_GAVINA_SAGARO_-_RADO_3-150x150.jpeg\",\"datePublished\":\"2025-04-15T07:35:38+00:00\",\"dateModified\":\"2026-03-10T10:25:09+00:00\",\"description\":\"Soluciones profesionales para protecci\u00f3n contra gas rad\u00f3n en viviendas y edificios. Sistemas de prevenci\u00f3n y mitigaci\u00f3n seg\u00fan normativa.\",\"breadcrumb\":{\"@id\":\"https:\\\/\\\/impera.cat\\\/es\\\/gas-rado\\\/#breadcrumb\"},\"inLanguage\":\"es\",\"potentialAction\":[{\"@type\":\"ReadAction\",\"target\":[\"https:\\\/\\\/impera.cat\\\/es\\\/gas-rado\\\/\"]}]},{\"@type\":\"ImageObject\",\"inLanguage\":\"es\",\"@id\":\"https:\\\/\\\/impera.cat\\\/es\\\/gas-rado\\\/#primaryimage\",\"url\":\"https:\\\/\\\/impera.cat\\\/wp-content\\\/uploads\\\/2021\\\/10\\\/LA_GAVINA_SAGARO_-_RADO_3-150x150.jpeg\",\"contentUrl\":\"https:\\\/\\\/impera.cat\\\/wp-content\\\/uploads\\\/2021\\\/10\\\/LA_GAVINA_SAGARO_-_RADO_3-150x150.jpeg\"},{\"@type\":\"BreadcrumbList\",\"@id\":\"https:\\\/\\\/impera.cat\\\/es\\\/gas-rado\\\/#breadcrumb\",\"itemListElement\":[{\"@type\":\"ListItem\",\"position\":1,\"name\":\"Inici\",\"item\":\"https:\\\/\\\/impera.cat\\\/es\\\/\"},{\"@type\":\"ListItem\",\"position\":2,\"name\":\"Gas Rad\u00f3\"}]},{\"@type\":\"WebSite\",\"@id\":\"https:\\\/\\\/impera.cat\\\/es\\\/#website\",\"url\":\"https:\\\/\\\/impera.cat\\\/es\\\/\",\"name\":\"IMPERA - Impermeabilitzacions i a\u00efllaments d'obra nova, Rehabilitacions\",\"description\":\"Impermeabilitzacions i a\u00efllaments d&#039;obra nova, Rehabilitacions\",\"publisher\":{\"@id\":\"https:\\\/\\\/impera.cat\\\/es\\\/#organization\"},\"potentialAction\":[{\"@type\":\"SearchAction\",\"target\":{\"@type\":\"EntryPoint\",\"urlTemplate\":\"https:\\\/\\\/impera.cat\\\/es\\\/?s={search_term_string}\"},\"query-input\":{\"@type\":\"PropertyValueSpecification\",\"valueRequired\":true,\"valueName\":\"search_term_string\"}}],\"inLanguage\":\"es\"},{\"@type\":\"Organization\",\"@id\":\"https:\\\/\\\/impera.cat\\\/es\\\/#organization\",\"name\":\"IMPERA - Impermeabilitzacions i a\u00efllaments d'obra nova, Rehabilitacions\",\"url\":\"https:\\\/\\\/impera.cat\\\/es\\\/\",\"logo\":{\"@type\":\"ImageObject\",\"inLanguage\":\"es\",\"@id\":\"https:\\\/\\\/impera.cat\\\/es\\\/#\\\/schema\\\/logo\\\/image\\\/\",\"url\":\"https:\\\/\\\/impera.cat\\\/wp-content\\\/uploads\\\/2021\\\/10\\\/cropped-IMPERA-LOGO1-260x108-1.png\",\"contentUrl\":\"https:\\\/\\\/impera.cat\\\/wp-content\\\/uploads\\\/2021\\\/10\\\/cropped-IMPERA-LOGO1-260x108-1.png\",\"width\":260,\"height\":108,\"caption\":\"IMPERA - Impermeabilitzacions i a\u00efllaments d'obra nova, Rehabilitacions\"},\"image\":{\"@id\":\"https:\\\/\\\/impera.cat\\\/es\\\/#\\\/schema\\\/logo\\\/image\\\/\"},\"sameAs\":[\"https:\\\/\\\/www.facebook.com\\\/profile.php?id=100063922969722\",\"https:\\\/\\\/x.com\\\/impera_cat\",\"https:\\\/\\\/www.instagram.com\\\/impera.cat\\\/\",\"https:\\\/\\\/www.linkedin.com\\\/company\\\/impera-cat\\\/\"]}]}<\/script>\n<!-- \/ Yoast SEO plugin. -->","yoast_head_json":{"title":"Protecci\u00f3n contra gas rad\u00f3n | Sistemas anti rad\u00f3n | IMPERA","description":"Soluciones profesionales para protecci\u00f3n contra gas rad\u00f3n en viviendas y edificios. Sistemas de prevenci\u00f3n y mitigaci\u00f3n seg\u00fan normativa.","robots":{"index":"index","follow":"follow","max-snippet":"max-snippet:-1","max-image-preview":"max-image-preview:large","max-video-preview":"max-video-preview:-1"},"canonical":"https:\/\/impera.cat\/es\/gas-rado\/","og_locale":"es_ES","og_type":"article","og_title":"Protecci\u00f3n contra gas rad\u00f3n | Sistemas anti rad\u00f3n | IMPERA","og_description":"Soluciones profesionales para protecci\u00f3n contra gas rad\u00f3n en viviendas y edificios. Sistemas de prevenci\u00f3n y mitigaci\u00f3n seg\u00fan normativa.","og_url":"https:\/\/impera.cat\/es\/gas-rado\/","og_site_name":"IMPERA - Impermeabilitzacions i a\u00efllaments d&#039;obra nova, Rehabilitacions","article_publisher":"https:\/\/www.facebook.com\/profile.php?id=100063922969722","article_modified_time":"2026-03-10T10:25:09+00:00","og_image":[{"url":"https:\/\/impera.cat\/wp-content\/uploads\/2021\/10\/LA_GAVINA_SAGARO_-_RADO_3-150x150.jpeg","type":"","width":"","height":""}],"twitter_card":"summary_large_image","twitter_site":"@impera_cat","twitter_misc":{"Tiempo de lectura":"3 minutos"},"schema":{"@context":"https:\/\/schema.org","@graph":[{"@type":"WebPage","@id":"https:\/\/impera.cat\/es\/gas-rado\/","url":"https:\/\/impera.cat\/es\/gas-rado\/","name":"Protecci\u00f3n contra gas rad\u00f3n | Sistemas anti rad\u00f3n | IMPERA","isPartOf":{"@id":"https:\/\/impera.cat\/es\/#website"},"primaryImageOfPage":{"@id":"https:\/\/impera.cat\/es\/gas-rado\/#primaryimage"},"image":{"@id":"https:\/\/impera.cat\/es\/gas-rado\/#primaryimage"},"thumbnailUrl":"https:\/\/impera.cat\/wp-content\/uploads\/2021\/10\/LA_GAVINA_SAGARO_-_RADO_3-150x150.jpeg","datePublished":"2025-04-15T07:35:38+00:00","dateModified":"2026-03-10T10:25:09+00:00","description":"Soluciones profesionales para protecci\u00f3n contra gas rad\u00f3n en viviendas y edificios. Sistemas de prevenci\u00f3n y mitigaci\u00f3n seg\u00fan normativa.","breadcrumb":{"@id":"https:\/\/impera.cat\/es\/gas-rado\/#breadcrumb"},"inLanguage":"es","potentialAction":[{"@type":"ReadAction","target":["https:\/\/impera.cat\/es\/gas-rado\/"]}]},{"@type":"ImageObject","inLanguage":"es","@id":"https:\/\/impera.cat\/es\/gas-rado\/#primaryimage","url":"https:\/\/impera.cat\/wp-content\/uploads\/2021\/10\/LA_GAVINA_SAGARO_-_RADO_3-150x150.jpeg","contentUrl":"https:\/\/impera.cat\/wp-content\/uploads\/2021\/10\/LA_GAVINA_SAGARO_-_RADO_3-150x150.jpeg"},{"@type":"BreadcrumbList","@id":"https:\/\/impera.cat\/es\/gas-rado\/#breadcrumb","itemListElement":[{"@type":"ListItem","position":1,"name":"Inici","item":"https:\/\/impera.cat\/es\/"},{"@type":"ListItem","position":2,"name":"Gas Rad\u00f3"}]},{"@type":"WebSite","@id":"https:\/\/impera.cat\/es\/#website","url":"https:\/\/impera.cat\/es\/","name":"IMPERA - Impermeabilitzacions i a\u00efllaments d'obra nova, Rehabilitacions","description":"Impermeabilitzacions i a\u00efllaments d&#039;obra nova, Rehabilitacions","publisher":{"@id":"https:\/\/impera.cat\/es\/#organization"},"potentialAction":[{"@type":"SearchAction","target":{"@type":"EntryPoint","urlTemplate":"https:\/\/impera.cat\/es\/?s={search_term_string}"},"query-input":{"@type":"PropertyValueSpecification","valueRequired":true,"valueName":"search_term_string"}}],"inLanguage":"es"},{"@type":"Organization","@id":"https:\/\/impera.cat\/es\/#organization","name":"IMPERA - Impermeabilitzacions i a\u00efllaments d'obra nova, Rehabilitacions","url":"https:\/\/impera.cat\/es\/","logo":{"@type":"ImageObject","inLanguage":"es","@id":"https:\/\/impera.cat\/es\/#\/schema\/logo\/image\/","url":"https:\/\/impera.cat\/wp-content\/uploads\/2021\/10\/cropped-IMPERA-LOGO1-260x108-1.png","contentUrl":"https:\/\/impera.cat\/wp-content\/uploads\/2021\/10\/cropped-IMPERA-LOGO1-260x108-1.png","width":260,"height":108,"caption":"IMPERA - Impermeabilitzacions i a\u00efllaments d'obra nova, Rehabilitacions"},"image":{"@id":"https:\/\/impera.cat\/es\/#\/schema\/logo\/image\/"},"sameAs":["https:\/\/www.facebook.com\/profile.php?id=100063922969722","https:\/\/x.com\/impera_cat","https:\/\/www.instagram.com\/impera.cat\/","https:\/\/www.linkedin.com\/company\/impera-cat\/"]}]}},"_links":{"self":[{"href":"https:\/\/impera.cat\/es\/wp-json\/wp\/v2\/pages\/5172","targetHints":{"allow":["GET"]}}],"collection":[{"href":"https:\/\/impera.cat\/es\/wp-json\/wp\/v2\/pages"}],"about":[{"href":"https:\/\/impera.cat\/es\/wp-json\/wp\/v2\/types\/page"}],"author":[{"embeddable":true,"href":"https:\/\/impera.cat\/es\/wp-json\/wp\/v2\/users\/1"}],"replies":[{"embeddable":true,"href":"https:\/\/impera.cat\/es\/wp-json\/wp\/v2\/comments?post=5172"}],"version-history":[{"count":17,"href":"https:\/\/impera.cat\/es\/wp-json\/wp\/v2\/pages\/5172\/revisions"}],"predecessor-version":[{"id":8819,"href":"https:\/\/impera.cat\/es\/wp-json\/wp\/v2\/pages\/5172\/revisions\/8819"}],"wp:attachment":[{"href":"https:\/\/impera.cat\/es\/wp-json\/wp\/v2\/media?parent=5172"}],"curies":[{"name":"wp","href":"https:\/\/api.w.org\/{rel}","templated":true}]}}