{"id":5170,"date":"2025-04-14T14:27:03","date_gmt":"2025-04-14T12:27:03","guid":{"rendered":"https:\/\/www.impera.cat\/obra-nova\/"},"modified":"2026-03-10T11:25:36","modified_gmt":"2026-03-10T10:25:36","slug":"obra-nueva","status":"publish","type":"page","link":"https:\/\/impera.cat\/es\/obra-nueva\/","title":{"rendered":"Obra nueva"},"content":{"rendered":"\t\t<div data-elementor-type=\"wp-page\" data-elementor-id=\"5170\" class=\"elementor elementor-5170 elementor-3862\">\n\t\t\t\t\t\t<section class=\" elementor-section elementor-top-section elementor-element elementor-element-92bfba0 elementor-section-boxed elementor-section-height-default elementor-section-height-default\" data-id=\"92bfba0\" data-element_type=\"section\" data-e-type=\"section\">\r\n\t\t\t\t\t\t\t\t<div class=\"elementor-container elementor-column-gap-default\">\r\n\t\t\t\t\r\n\t\t\t\t\t\t\t\t<div class=\" elementor-column elementor-col-33 elementor-top-column elementor-element elementor-element-e29953e \" data-id=\"e29953e\" data-element_type=\"column\" data-e-type=\"column\">\r\n\r\n\t\t\t\t\r\n\t\t\t\t<div class=\"elementor-widget-wrap elementor-element-populated\">\r\n\t\t\t\t\t\t\t\t\t\t\r\n\t\t\t\t\t\t<div class=\"elementor-element elementor-element-d9a8475 animated-slow elementor-invisible elementor-widget elementor-widget-udesign_widget_menu\" data-id=\"d9a8475\" data-element_type=\"widget\" data-e-type=\"widget\" data-settings=\"{&quot;_animation&quot;:&quot;fadeIn&quot;}\" data-widget_type=\"udesign_widget_menu.default\">\n\t\t\t\t<div class=\"elementor-widget-container\">\n\t\t\t\t\t<nav class=\" obra-nova-menu\"><ul id=\"menu-obra-nova-menu-spanish\" class=\"menu  vertical-menu lazy-menu menu-active-underline\"><li id=\"menu-item-5314\" class=\"menu-item menu-item-type-post_type menu-item-object-page menu-item-5314\"><a rel=\"nofollow\" href=\"https:\/\/impera.cat\/es\/obra-nueva\/formacion-de-pendientes-con-hormigon-celular\/\">Formaci\u00f3n de pendientes con hormig\u00f3n celular<\/a><\/li>\n<li id=\"menu-item-5315\" class=\"menu-item menu-item-type-post_type menu-item-object-page menu-item-5315\"><a rel=\"nofollow\" href=\"https:\/\/impera.cat\/es\/obra-nueva\/impermeabilizaciones-con-lamina-asfaltica\/\">Impermeabilizaciones con l\u00e1mina asf\u00e1ltica<\/a><\/li>\n<li id=\"menu-item-5316\" class=\"menu-item menu-item-type-post_type menu-item-object-page menu-item-5316\"><a rel=\"nofollow\" href=\"https:\/\/impera.cat\/es\/obra-nueva\/impermeabilizaciones-con-lamina-sintetica\/\">Impermeabilizaciones con l\u00e1mina sint\u00e9tica<\/a><\/li>\n<li id=\"menu-item-5317\" class=\"menu-item menu-item-type-post_type menu-item-object-page menu-item-5317\"><a rel=\"nofollow\" href=\"https:\/\/impera.cat\/es\/obra-nueva\/impermeabilizaciones-continuas\/\">Impermeabilizaciones continuas<\/a><\/li>\n<li id=\"menu-item-5318\" class=\"menu-item menu-item-type-post_type menu-item-object-page menu-item-5318\"><a rel=\"nofollow\" href=\"https:\/\/impera.cat\/es\/obra-nueva\/geotextiles-y-capas-separadoras\/\">Geotextiles y capas separadoras<\/a><\/li>\n<li id=\"menu-item-5319\" class=\"menu-item menu-item-type-post_type menu-item-object-page menu-item-5319\"><a rel=\"nofollow\" href=\"https:\/\/impera.cat\/es\/obra-nueva\/acabados-de-cubierta-gravas-baldosa-ajardinada\/\">Acabados de cubierta (gravas, baldosa, ajardinada)<\/a><\/li>\n<li id=\"menu-item-5320\" class=\"menu-item menu-item-type-post_type menu-item-object-page menu-item-5320\"><a rel=\"nofollow\" href=\"https:\/\/impera.cat\/es\/obra-nueva\/aislamientos-termicos\/\">Aislamientos t\u00e9rmicos<\/a><\/li>\n<li id=\"menu-item-5321\" class=\"menu-item menu-item-type-post_type menu-item-object-page menu-item-5321\"><a rel=\"nofollow\" href=\"https:\/\/impera.cat\/es\/obra-nueva\/pruebas-de-estanqueidad\/\">Pruebas de estanqueidad<\/a><\/li>\n<\/ul><\/nav>\t\t\t\t<\/div>\n\t\t\t\t<\/div>\n\t\t\t\t\t\t<\/div>\r\n\t\t\t\t<\/div>\r\n\t\t\t\t\t\t\t\t\t<div class=\" elementor-column elementor-col-66 elementor-top-column elementor-element elementor-element-d6fad7d \" data-id=\"d6fad7d\" data-element_type=\"column\" data-e-type=\"column\">\r\n\r\n\t\t\t\t\r\n\t\t\t\t<div class=\"elementor-widget-wrap elementor-element-populated\">\r\n\t\t\t\t\t\t\t\t\t\t\r\n\t\t\t\t\t\t<div class=\"elementor-element elementor-element-5c1f00a elementor-widget elementor-widget-heading\" data-id=\"5c1f00a\" data-element_type=\"widget\" data-e-type=\"widget\" data-widget_type=\"heading.default\">\n\t\t\t\t<div class=\"elementor-widget-container\">\n\t\t\t\t\t<h2 class=\"elementor-heading-title elementor-size-default\">Obra nueva<\/h2>\t\t\t\t<\/div>\n\t\t\t\t<\/div>\n\t\t\t\t<div class=\"elementor-element elementor-element-2b37bd4 elementor-widget elementor-widget-text-editor\" data-id=\"2b37bd4\" data-element_type=\"widget\" data-e-type=\"widget\" data-widget_type=\"text-editor.default\">\n\t\t\t\t<div class=\"elementor-widget-container\">\n\t\t\t\t\t\t\t\t\t<p style=\"text-align: justify;\">La mayor\u00eda de las grandes constructoras espa\u00f1olas han depositado en alg\u00fan momento dado a lo largo de numerosos a\u00f1os su confianza en IMPERA Impermeabilizaciones para la realizaci\u00f3n de cubiertas o impermeabilizaciones de muchas de sus grandes obras.<\/p>\n<p style=\"text-align: justify;\">Despu\u00e9s de mucho tiempo realizando todo tipo de intervenciones en estos proyectos, nuestra empresa se ha posicionado como referencia pionera en el sector, por su experiencia, calidad y profesionalidad.<\/p>\n<p style=\"text-align: justify;\">Por tanto, y en caso de que lo necesiten, nos ponemos a su disposici\u00f3n, para valorar sus partidas de impermeabilizaci\u00f3n en cualquier proyecto de obra que est\u00e9n realizando. Proponerles opciones alternativas a las de proyecto con el fin de mejorar si cabe los sistemas finales, para adaptarlos a una buena ejecuci\u00f3n en obra y mejorar si es posible la relaci\u00f3n calidad\/precio de los mismos.<\/p>\n<p style=\"text-align: justify;\">En IMPERA Impermeabilitzacions conocemos todos los sistemas y soluciones que ofrece el mercado y por tanto podemos dar la propuesta m\u00e1s id\u00f3nea en cada momento.<\/p>\t\t\t\t\t\t\t\t<\/div>\n\t\t\t\t<\/div>\n\t\t\t\t\t\t<\/div>\r\n\t\t\t\t<\/div>\r\n\t\t\t\t\t\t\t\t<\/div>\r\n\t\t\t<\/section>\r\n\t\t\t\t\t<\/div>\n\t\t","protected":false},"excerpt":{"rendered":"<p>Formaci\u00f3 de pendents amb formig\u00f3 cel\u2022lular Impermeabilitzacions amb l\u00e0mina asf\u00e0ltica Impermeabilitzacions amb l\u00e0mina sint\u00e8tica Impermeabilitzacions continues Geot\u00e8xtils i capes separadores Acabats de coberta (graves, rajola, enjardinada) A\u00efllaments t\u00e8rmics Proves d\u2019estanque\u00eftat Obra nueva La mayor\u00eda de las grandes constructoras espa\u00f1olas han depositado en alg\u00fan momento dado a lo largo de numerosos a\u00f1os su confianza en IMPERA [&hellip;]<\/p>\n","protected":false},"author":1,"featured_media":0,"parent":0,"menu_order":0,"comment_status":"closed","ping_status":"closed","template":"","meta":{"_acf_changed":false,"footnotes":""},"class_list":["post-5170","page","type-page","status-publish","hentry"],"acf":[],"yoast_head":"<!-- This site is optimized with the Yoast SEO plugin v27.3 - https:\/\/yoast.com\/product\/yoast-seo-wordpress\/ -->\n<title>Impermeabilizaci\u00f3n en obra nueva | Sistemas constructivos | IMPERA<\/title>\n<meta name=\"description\" content=\"Servicios de impermeabilizaci\u00f3n para obra nueva: cubiertas, cimentaciones y estructuras. Soluciones t\u00e9cnicas para edificios seguros y duraderos.\" \/>\n<meta name=\"robots\" content=\"index, follow, max-snippet:-1, max-image-preview:large, max-video-preview:-1\" \/>\n<link rel=\"canonical\" href=\"https:\/\/impera.cat\/es\/obra-nueva\/\" \/>\n<meta property=\"og:locale\" content=\"es_ES\" \/>\n<meta property=\"og:type\" content=\"article\" \/>\n<meta property=\"og:title\" content=\"Impermeabilizaci\u00f3n en obra nueva | Sistemas constructivos | IMPERA\" \/>\n<meta property=\"og:description\" content=\"Servicios de impermeabilizaci\u00f3n para obra nueva: cubiertas, cimentaciones y estructuras. Soluciones t\u00e9cnicas para edificios seguros y duraderos.\" \/>\n<meta property=\"og:url\" content=\"https:\/\/impera.cat\/es\/obra-nueva\/\" \/>\n<meta property=\"og:site_name\" content=\"IMPERA - Impermeabilitzacions i a\u00efllaments d&#039;obra nova, Rehabilitacions\" \/>\n<meta property=\"article:publisher\" content=\"https:\/\/www.facebook.com\/profile.php?id=100063922969722\" \/>\n<meta property=\"article:modified_time\" content=\"2026-03-10T10:25:36+00:00\" \/>\n<meta name=\"twitter:card\" content=\"summary_large_image\" \/>\n<meta name=\"twitter:site\" content=\"@impera_cat\" \/>\n<meta name=\"twitter:label1\" content=\"Tiempo de lectura\" \/>\n\t<meta name=\"twitter:data1\" content=\"1 minuto\" \/>\n<script type=\"application\/ld+json\" class=\"yoast-schema-graph\">{\"@context\":\"https:\\\/\\\/schema.org\",\"@graph\":[{\"@type\":\"WebPage\",\"@id\":\"https:\\\/\\\/impera.cat\\\/es\\\/obra-nueva\\\/\",\"url\":\"https:\\\/\\\/impera.cat\\\/es\\\/obra-nueva\\\/\",\"name\":\"Impermeabilizaci\u00f3n en obra nueva | Sistemas constructivos | IMPERA\",\"isPartOf\":{\"@id\":\"https:\\\/\\\/impera.cat\\\/es\\\/#website\"},\"datePublished\":\"2025-04-14T12:27:03+00:00\",\"dateModified\":\"2026-03-10T10:25:36+00:00\",\"description\":\"Servicios de impermeabilizaci\u00f3n para obra nueva: cubiertas, cimentaciones y estructuras. Soluciones t\u00e9cnicas para edificios seguros y duraderos.\",\"breadcrumb\":{\"@id\":\"https:\\\/\\\/impera.cat\\\/es\\\/obra-nueva\\\/#breadcrumb\"},\"inLanguage\":\"es\",\"potentialAction\":[{\"@type\":\"ReadAction\",\"target\":[\"https:\\\/\\\/impera.cat\\\/es\\\/obra-nueva\\\/\"]}]},{\"@type\":\"BreadcrumbList\",\"@id\":\"https:\\\/\\\/impera.cat\\\/es\\\/obra-nueva\\\/#breadcrumb\",\"itemListElement\":[{\"@type\":\"ListItem\",\"position\":1,\"name\":\"Inici\",\"item\":\"https:\\\/\\\/impera.cat\\\/es\\\/\"},{\"@type\":\"ListItem\",\"position\":2,\"name\":\"Obra nueva\"}]},{\"@type\":\"WebSite\",\"@id\":\"https:\\\/\\\/impera.cat\\\/es\\\/#website\",\"url\":\"https:\\\/\\\/impera.cat\\\/es\\\/\",\"name\":\"IMPERA - Impermeabilitzacions i a\u00efllaments d'obra nova, Rehabilitacions\",\"description\":\"Impermeabilitzacions i a\u00efllaments d&#039;obra nova, Rehabilitacions\",\"publisher\":{\"@id\":\"https:\\\/\\\/impera.cat\\\/es\\\/#organization\"},\"potentialAction\":[{\"@type\":\"SearchAction\",\"target\":{\"@type\":\"EntryPoint\",\"urlTemplate\":\"https:\\\/\\\/impera.cat\\\/es\\\/?s={search_term_string}\"},\"query-input\":{\"@type\":\"PropertyValueSpecification\",\"valueRequired\":true,\"valueName\":\"search_term_string\"}}],\"inLanguage\":\"es\"},{\"@type\":\"Organization\",\"@id\":\"https:\\\/\\\/impera.cat\\\/es\\\/#organization\",\"name\":\"IMPERA - Impermeabilitzacions i a\u00efllaments d'obra nova, Rehabilitacions\",\"url\":\"https:\\\/\\\/impera.cat\\\/es\\\/\",\"logo\":{\"@type\":\"ImageObject\",\"inLanguage\":\"es\",\"@id\":\"https:\\\/\\\/impera.cat\\\/es\\\/#\\\/schema\\\/logo\\\/image\\\/\",\"url\":\"https:\\\/\\\/impera.cat\\\/wp-content\\\/uploads\\\/2021\\\/10\\\/cropped-IMPERA-LOGO1-260x108-1.png\",\"contentUrl\":\"https:\\\/\\\/impera.cat\\\/wp-content\\\/uploads\\\/2021\\\/10\\\/cropped-IMPERA-LOGO1-260x108-1.png\",\"width\":260,\"height\":108,\"caption\":\"IMPERA - Impermeabilitzacions i a\u00efllaments d'obra nova, Rehabilitacions\"},\"image\":{\"@id\":\"https:\\\/\\\/impera.cat\\\/es\\\/#\\\/schema\\\/logo\\\/image\\\/\"},\"sameAs\":[\"https:\\\/\\\/www.facebook.com\\\/profile.php?id=100063922969722\",\"https:\\\/\\\/x.com\\\/impera_cat\",\"https:\\\/\\\/www.instagram.com\\\/impera.cat\\\/\",\"https:\\\/\\\/www.linkedin.com\\\/company\\\/impera-cat\\\/\"]}]}<\/script>\n<!-- \/ Yoast SEO plugin. -->","yoast_head_json":{"title":"Impermeabilizaci\u00f3n en obra nueva | Sistemas constructivos | IMPERA","description":"Servicios de impermeabilizaci\u00f3n para obra nueva: cubiertas, cimentaciones y estructuras. Soluciones t\u00e9cnicas para edificios seguros y duraderos.","robots":{"index":"index","follow":"follow","max-snippet":"max-snippet:-1","max-image-preview":"max-image-preview:large","max-video-preview":"max-video-preview:-1"},"canonical":"https:\/\/impera.cat\/es\/obra-nueva\/","og_locale":"es_ES","og_type":"article","og_title":"Impermeabilizaci\u00f3n en obra nueva | Sistemas constructivos | IMPERA","og_description":"Servicios de impermeabilizaci\u00f3n para obra nueva: cubiertas, cimentaciones y estructuras. Soluciones t\u00e9cnicas para edificios seguros y duraderos.","og_url":"https:\/\/impera.cat\/es\/obra-nueva\/","og_site_name":"IMPERA - Impermeabilitzacions i a\u00efllaments d&#039;obra nova, Rehabilitacions","article_publisher":"https:\/\/www.facebook.com\/profile.php?id=100063922969722","article_modified_time":"2026-03-10T10:25:36+00:00","twitter_card":"summary_large_image","twitter_site":"@impera_cat","twitter_misc":{"Tiempo de lectura":"1 minuto"},"schema":{"@context":"https:\/\/schema.org","@graph":[{"@type":"WebPage","@id":"https:\/\/impera.cat\/es\/obra-nueva\/","url":"https:\/\/impera.cat\/es\/obra-nueva\/","name":"Impermeabilizaci\u00f3n en obra nueva | Sistemas constructivos | IMPERA","isPartOf":{"@id":"https:\/\/impera.cat\/es\/#website"},"datePublished":"2025-04-14T12:27:03+00:00","dateModified":"2026-03-10T10:25:36+00:00","description":"Servicios de impermeabilizaci\u00f3n para obra nueva: cubiertas, cimentaciones y estructuras. Soluciones t\u00e9cnicas para edificios seguros y duraderos.","breadcrumb":{"@id":"https:\/\/impera.cat\/es\/obra-nueva\/#breadcrumb"},"inLanguage":"es","potentialAction":[{"@type":"ReadAction","target":["https:\/\/impera.cat\/es\/obra-nueva\/"]}]},{"@type":"BreadcrumbList","@id":"https:\/\/impera.cat\/es\/obra-nueva\/#breadcrumb","itemListElement":[{"@type":"ListItem","position":1,"name":"Inici","item":"https:\/\/impera.cat\/es\/"},{"@type":"ListItem","position":2,"name":"Obra nueva"}]},{"@type":"WebSite","@id":"https:\/\/impera.cat\/es\/#website","url":"https:\/\/impera.cat\/es\/","name":"IMPERA - Impermeabilitzacions i a\u00efllaments d'obra nova, Rehabilitacions","description":"Impermeabilitzacions i a\u00efllaments d&#039;obra nova, Rehabilitacions","publisher":{"@id":"https:\/\/impera.cat\/es\/#organization"},"potentialAction":[{"@type":"SearchAction","target":{"@type":"EntryPoint","urlTemplate":"https:\/\/impera.cat\/es\/?s={search_term_string}"},"query-input":{"@type":"PropertyValueSpecification","valueRequired":true,"valueName":"search_term_string"}}],"inLanguage":"es"},{"@type":"Organization","@id":"https:\/\/impera.cat\/es\/#organization","name":"IMPERA - Impermeabilitzacions i a\u00efllaments d'obra nova, Rehabilitacions","url":"https:\/\/impera.cat\/es\/","logo":{"@type":"ImageObject","inLanguage":"es","@id":"https:\/\/impera.cat\/es\/#\/schema\/logo\/image\/","url":"https:\/\/impera.cat\/wp-content\/uploads\/2021\/10\/cropped-IMPERA-LOGO1-260x108-1.png","contentUrl":"https:\/\/impera.cat\/wp-content\/uploads\/2021\/10\/cropped-IMPERA-LOGO1-260x108-1.png","width":260,"height":108,"caption":"IMPERA - Impermeabilitzacions i a\u00efllaments d'obra nova, Rehabilitacions"},"image":{"@id":"https:\/\/impera.cat\/es\/#\/schema\/logo\/image\/"},"sameAs":["https:\/\/www.facebook.com\/profile.php?id=100063922969722","https:\/\/x.com\/impera_cat","https:\/\/www.instagram.com\/impera.cat\/","https:\/\/www.linkedin.com\/company\/impera-cat\/"]}]}},"_links":{"self":[{"href":"https:\/\/impera.cat\/es\/wp-json\/wp\/v2\/pages\/5170","targetHints":{"allow":["GET"]}}],"collection":[{"href":"https:\/\/impera.cat\/es\/wp-json\/wp\/v2\/pages"}],"about":[{"href":"https:\/\/impera.cat\/es\/wp-json\/wp\/v2\/types\/page"}],"author":[{"embeddable":true,"href":"https:\/\/impera.cat\/es\/wp-json\/wp\/v2\/users\/1"}],"replies":[{"embeddable":true,"href":"https:\/\/impera.cat\/es\/wp-json\/wp\/v2\/comments?post=5170"}],"version-history":[{"count":5,"href":"https:\/\/impera.cat\/es\/wp-json\/wp\/v2\/pages\/5170\/revisions"}],"predecessor-version":[{"id":8904,"href":"https:\/\/impera.cat\/es\/wp-json\/wp\/v2\/pages\/5170\/revisions\/8904"}],"wp:attachment":[{"href":"https:\/\/impera.cat\/es\/wp-json\/wp\/v2\/media?parent=5170"}],"curies":[{"name":"wp","href":"https:\/\/api.w.org\/{rel}","templated":true}]}}