{"id":5168,"date":"2025-05-27T15:04:13","date_gmt":"2025-05-27T13:04:13","guid":{"rendered":"https:\/\/www.impera.cat\/impermeabilitzacions-amb-lamina-asfaltica\/"},"modified":"2023-07-11T16:20:30","modified_gmt":"2023-07-11T14:20:30","slug":"impermeabilizaciones-con-lamina-asfaltica","status":"publish","type":"page","link":"https:\/\/impera.cat\/es\/obra-nueva\/impermeabilizaciones-con-lamina-asfaltica\/","title":{"rendered":"Impermeabilizaciones con l\u00e1mina asf\u00e1ltica"},"content":{"rendered":"\t\t<div data-elementor-type=\"wp-page\" data-elementor-id=\"5168\" class=\"elementor elementor-5168 elementor-3904\">\n\t\t\t\t\t\t<section class=\" elementor-section elementor-top-section elementor-element elementor-element-f973e73 elementor-section-boxed elementor-section-height-default elementor-section-height-default\" data-id=\"f973e73\" data-element_type=\"section\" data-e-type=\"section\">\r\n\t\t\t\t\t\t\t\t<div class=\"elementor-container elementor-column-gap-default\">\r\n\t\t\t\t\r\n\t\t\t\t\t\t\t\t<div class=\" elementor-column elementor-col-33 elementor-top-column elementor-element elementor-element-bd1a190 \" data-id=\"bd1a190\" data-element_type=\"column\" data-e-type=\"column\">\r\n\r\n\t\t\t\t\r\n\t\t\t\t<div class=\"elementor-widget-wrap elementor-element-populated\">\r\n\t\t\t\t\t\t\t\t\t\t\r\n\t\t\t\t\t\t<div class=\"elementor-element elementor-element-0092fa8 animated-slow elementor-invisible elementor-widget elementor-widget-udesign_widget_menu\" data-id=\"0092fa8\" data-element_type=\"widget\" data-e-type=\"widget\" data-settings=\"{&quot;_animation&quot;:&quot;fadeIn&quot;}\" data-widget_type=\"udesign_widget_menu.default\">\n\t\t\t\t<div class=\"elementor-widget-container\">\n\t\t\t\t\t<nav class=\" obra-nova-menu\"><ul id=\"menu-obra-nova-menu-spanish\" class=\"menu  vertical-menu lazy-menu menu-active-underline\"><li id=\"menu-item-5314\" class=\"menu-item menu-item-type-post_type menu-item-object-page menu-item-5314\"><a rel=\"nofollow\" href=\"https:\/\/impera.cat\/es\/obra-nueva\/formacion-de-pendientes-con-hormigon-celular\/\">Formaci\u00f3n de pendientes con hormig\u00f3n celular<\/a><\/li>\n<li id=\"menu-item-5315\" class=\"menu-item menu-item-type-post_type menu-item-object-page menu-item-5315\"><a rel=\"nofollow\" href=\"https:\/\/impera.cat\/es\/obra-nueva\/impermeabilizaciones-con-lamina-asfaltica\/\">Impermeabilizaciones con l\u00e1mina asf\u00e1ltica<\/a><\/li>\n<li id=\"menu-item-5316\" class=\"menu-item menu-item-type-post_type menu-item-object-page menu-item-5316\"><a rel=\"nofollow\" href=\"https:\/\/impera.cat\/es\/obra-nueva\/impermeabilizaciones-con-lamina-sintetica\/\">Impermeabilizaciones con l\u00e1mina sint\u00e9tica<\/a><\/li>\n<li id=\"menu-item-5317\" class=\"menu-item menu-item-type-post_type menu-item-object-page menu-item-5317\"><a rel=\"nofollow\" href=\"https:\/\/impera.cat\/es\/obra-nueva\/impermeabilizaciones-continuas\/\">Impermeabilizaciones continuas<\/a><\/li>\n<li id=\"menu-item-5318\" class=\"menu-item menu-item-type-post_type menu-item-object-page menu-item-5318\"><a rel=\"nofollow\" href=\"https:\/\/impera.cat\/es\/obra-nueva\/geotextiles-y-capas-separadoras\/\">Geotextiles y capas separadoras<\/a><\/li>\n<li id=\"menu-item-5319\" class=\"menu-item menu-item-type-post_type menu-item-object-page menu-item-5319\"><a rel=\"nofollow\" href=\"https:\/\/impera.cat\/es\/obra-nueva\/acabados-de-cubierta-gravas-baldosa-ajardinada\/\">Acabados de cubierta (gravas, baldosa, ajardinada)<\/a><\/li>\n<li id=\"menu-item-5320\" class=\"menu-item menu-item-type-post_type menu-item-object-page menu-item-5320\"><a rel=\"nofollow\" href=\"https:\/\/impera.cat\/es\/obra-nueva\/aislamientos-termicos\/\">Aislamientos t\u00e9rmicos<\/a><\/li>\n<li id=\"menu-item-5321\" class=\"menu-item menu-item-type-post_type menu-item-object-page menu-item-5321\"><a rel=\"nofollow\" href=\"https:\/\/impera.cat\/es\/obra-nueva\/pruebas-de-estanqueidad\/\">Pruebas de estanqueidad<\/a><\/li>\n<\/ul><\/nav>\t\t\t\t<\/div>\n\t\t\t\t<\/div>\n\t\t\t\t\t\t<\/div>\r\n\t\t\t\t<\/div>\r\n\t\t\t\t\t\t\t\t\t<div class=\" elementor-column elementor-col-66 elementor-top-column elementor-element elementor-element-5419a9d \" data-id=\"5419a9d\" data-element_type=\"column\" data-e-type=\"column\">\r\n\r\n\t\t\t\t\r\n\t\t\t\t<div class=\"elementor-widget-wrap elementor-element-populated\">\r\n\t\t\t\t\t\t\t\t\t\t\r\n\t\t\t\t\t\t<div class=\"elementor-element elementor-element-1ea8bc9 elementor-widget elementor-widget-heading\" data-id=\"1ea8bc9\" data-element_type=\"widget\" data-e-type=\"widget\" data-widget_type=\"heading.default\">\n\t\t\t\t<div class=\"elementor-widget-container\">\n\t\t\t\t\t<h2 class=\"elementor-heading-title elementor-size-default\">Impermeabilizaciones con l\u00e1mina asf\u00e1ltica<\/h2>\t\t\t\t<\/div>\n\t\t\t\t<\/div>\n\t\t\t\t<div class=\"elementor-element elementor-element-0686b09 elementor-widget elementor-widget-text-editor\" data-id=\"0686b09\" data-element_type=\"widget\" data-e-type=\"widget\" data-widget_type=\"text-editor.default\">\n\t\t\t\t<div class=\"elementor-widget-container\">\n\t\t\t\t\t\t\t\t\t<p>Hoy en d\u00eda las tradicionalmente llamadas l\u00e1minas asf\u00e1lticas nada tienen que ver con aquellas antiguas de oxiasfalto, realmente en lo \u00fanico que se parecen es en el nombre. Estas l\u00e1minas en la actualidad est\u00e1n fabricadas con bet\u00fan y modificadas con Elastomeros resultando un producto con muchas ventajas y de gran calidad y versatilidad, siendo en la mayor\u00eda de casos el material m\u00e1s adecuado y competitivo por su calidad\/precio.<\/p>\n\t\t\t\t\t\t\t\t<\/div>\n\t\t\t\t<\/div>\n\t\t\t\t\t\t<\/div>\r\n\t\t\t\t<\/div>\r\n\t\t\t\t\t\t\t\t<\/div>\r\n\t\t\t<\/section>\r\n\t\t\t\t\t<\/div>\n\t\t","protected":false},"excerpt":{"rendered":"<p>Formaci\u00f3 de pendents amb formig\u00f3 cel\u2022lular Impermeabilitzacions amb l\u00e0mina asf\u00e0ltica Impermeabilitzacions amb l\u00e0mina sint\u00e8tica Impermeabilitzacions continues Geot\u00e8xtils i capes separadores Acabats de coberta (graves, rajola, enjardinada) A\u00efllaments t\u00e8rmics Proves d\u2019estanque\u00eftat Impermeabilizaciones con l\u00e1mina asf\u00e1ltica Hoy en d\u00eda las tradicionalmente llamadas l\u00e1minas asf\u00e1lticas nada tienen que ver con aquellas antiguas de oxiasfalto, realmente en lo \u00fanico [&hellip;]<\/p>\n","protected":false},"author":1,"featured_media":0,"parent":5170,"menu_order":20,"comment_status":"closed","ping_status":"closed","template":"","meta":{"_acf_changed":false,"footnotes":""},"class_list":["post-5168","page","type-page","status-publish","hentry"],"acf":[],"yoast_head":"<!-- This site is optimized with the Yoast SEO plugin v27.3 - https:\/\/yoast.com\/product\/yoast-seo-wordpress\/ -->\n<title>Impermeabilizaciones con l\u00e1mina asf\u00e1ltica - IMPERA - Impermeabilitzacions i a\u00efllaments d&#039;obra nova, Rehabilitacions<\/title>\n<meta name=\"robots\" content=\"index, follow, max-snippet:-1, max-image-preview:large, max-video-preview:-1\" \/>\n<link rel=\"canonical\" href=\"https:\/\/impera.cat\/es\/obra-nueva\/impermeabilizaciones-con-lamina-asfaltica\/\" \/>\n<meta property=\"og:locale\" content=\"es_ES\" \/>\n<meta property=\"og:type\" content=\"article\" \/>\n<meta property=\"og:title\" content=\"Impermeabilizaciones con l\u00e1mina asf\u00e1ltica - IMPERA - Impermeabilitzacions i a\u00efllaments d&#039;obra nova, Rehabilitacions\" \/>\n<meta property=\"og:description\" content=\"Formaci\u00f3 de pendents amb formig\u00f3 cel\u2022lular Impermeabilitzacions amb l\u00e0mina asf\u00e0ltica Impermeabilitzacions amb l\u00e0mina sint\u00e8tica Impermeabilitzacions continues Geot\u00e8xtils i capes separadores Acabats de coberta (graves, rajola, enjardinada) A\u00efllaments t\u00e8rmics Proves d\u2019estanque\u00eftat Impermeabilizaciones con l\u00e1mina asf\u00e1ltica Hoy en d\u00eda las tradicionalmente llamadas l\u00e1minas asf\u00e1lticas nada tienen que ver con aquellas antiguas de oxiasfalto, realmente en lo \u00fanico [&hellip;]\" \/>\n<meta property=\"og:url\" content=\"https:\/\/impera.cat\/es\/obra-nueva\/impermeabilizaciones-con-lamina-asfaltica\/\" \/>\n<meta property=\"og:site_name\" content=\"IMPERA - Impermeabilitzacions i a\u00efllaments d&#039;obra nova, Rehabilitacions\" \/>\n<meta property=\"article:publisher\" content=\"https:\/\/www.facebook.com\/profile.php?id=100063922969722\" \/>\n<meta name=\"twitter:card\" content=\"summary_large_image\" \/>\n<meta name=\"twitter:site\" content=\"@impera_cat\" \/>\n<meta name=\"twitter:label1\" content=\"Tiempo de lectura\" \/>\n\t<meta name=\"twitter:data1\" content=\"1 minuto\" \/>\n<script type=\"application\/ld+json\" class=\"yoast-schema-graph\">{\"@context\":\"https:\\\/\\\/schema.org\",\"@graph\":[{\"@type\":\"WebPage\",\"@id\":\"https:\\\/\\\/impera.cat\\\/es\\\/obra-nueva\\\/impermeabilizaciones-con-lamina-asfaltica\\\/\",\"url\":\"https:\\\/\\\/impera.cat\\\/es\\\/obra-nueva\\\/impermeabilizaciones-con-lamina-asfaltica\\\/\",\"name\":\"Impermeabilizaciones con l\u00e1mina asf\u00e1ltica - IMPERA - Impermeabilitzacions i a\u00efllaments d&#039;obra nova, Rehabilitacions\",\"isPartOf\":{\"@id\":\"https:\\\/\\\/impera.cat\\\/es\\\/#website\"},\"datePublished\":\"2025-05-27T13:04:13+00:00\",\"breadcrumb\":{\"@id\":\"https:\\\/\\\/impera.cat\\\/es\\\/obra-nueva\\\/impermeabilizaciones-con-lamina-asfaltica\\\/#breadcrumb\"},\"inLanguage\":\"es\",\"potentialAction\":[{\"@type\":\"ReadAction\",\"target\":[\"https:\\\/\\\/impera.cat\\\/es\\\/obra-nueva\\\/impermeabilizaciones-con-lamina-asfaltica\\\/\"]}]},{\"@type\":\"BreadcrumbList\",\"@id\":\"https:\\\/\\\/impera.cat\\\/es\\\/obra-nueva\\\/impermeabilizaciones-con-lamina-asfaltica\\\/#breadcrumb\",\"itemListElement\":[{\"@type\":\"ListItem\",\"position\":1,\"name\":\"Inici\",\"item\":\"https:\\\/\\\/impera.cat\\\/es\\\/\"},{\"@type\":\"ListItem\",\"position\":2,\"name\":\"Obra nueva\",\"item\":\"https:\\\/\\\/impera.cat\\\/es\\\/obra-nueva\\\/\"},{\"@type\":\"ListItem\",\"position\":3,\"name\":\"Impermeabilizaciones con l\u00e1mina asf\u00e1ltica\"}]},{\"@type\":\"WebSite\",\"@id\":\"https:\\\/\\\/impera.cat\\\/es\\\/#website\",\"url\":\"https:\\\/\\\/impera.cat\\\/es\\\/\",\"name\":\"IMPERA - Impermeabilitzacions i a\u00efllaments d'obra nova, Rehabilitacions\",\"description\":\"Impermeabilitzacions i a\u00efllaments d&#039;obra nova, Rehabilitacions\",\"publisher\":{\"@id\":\"https:\\\/\\\/impera.cat\\\/es\\\/#organization\"},\"potentialAction\":[{\"@type\":\"SearchAction\",\"target\":{\"@type\":\"EntryPoint\",\"urlTemplate\":\"https:\\\/\\\/impera.cat\\\/es\\\/?s={search_term_string}\"},\"query-input\":{\"@type\":\"PropertyValueSpecification\",\"valueRequired\":true,\"valueName\":\"search_term_string\"}}],\"inLanguage\":\"es\"},{\"@type\":\"Organization\",\"@id\":\"https:\\\/\\\/impera.cat\\\/es\\\/#organization\",\"name\":\"IMPERA - Impermeabilitzacions i a\u00efllaments d'obra nova, Rehabilitacions\",\"url\":\"https:\\\/\\\/impera.cat\\\/es\\\/\",\"logo\":{\"@type\":\"ImageObject\",\"inLanguage\":\"es\",\"@id\":\"https:\\\/\\\/impera.cat\\\/es\\\/#\\\/schema\\\/logo\\\/image\\\/\",\"url\":\"https:\\\/\\\/impera.cat\\\/wp-content\\\/uploads\\\/2021\\\/10\\\/cropped-IMPERA-LOGO1-260x108-1.png\",\"contentUrl\":\"https:\\\/\\\/impera.cat\\\/wp-content\\\/uploads\\\/2021\\\/10\\\/cropped-IMPERA-LOGO1-260x108-1.png\",\"width\":260,\"height\":108,\"caption\":\"IMPERA - Impermeabilitzacions i a\u00efllaments d'obra nova, Rehabilitacions\"},\"image\":{\"@id\":\"https:\\\/\\\/impera.cat\\\/es\\\/#\\\/schema\\\/logo\\\/image\\\/\"},\"sameAs\":[\"https:\\\/\\\/www.facebook.com\\\/profile.php?id=100063922969722\",\"https:\\\/\\\/x.com\\\/impera_cat\",\"https:\\\/\\\/www.instagram.com\\\/impera.cat\\\/\",\"https:\\\/\\\/www.linkedin.com\\\/company\\\/impera-cat\\\/\"]}]}<\/script>\n<!-- \/ Yoast SEO plugin. -->","yoast_head_json":{"title":"Impermeabilizaciones con l\u00e1mina asf\u00e1ltica - IMPERA - Impermeabilitzacions i a\u00efllaments d&#039;obra nova, Rehabilitacions","robots":{"index":"index","follow":"follow","max-snippet":"max-snippet:-1","max-image-preview":"max-image-preview:large","max-video-preview":"max-video-preview:-1"},"canonical":"https:\/\/impera.cat\/es\/obra-nueva\/impermeabilizaciones-con-lamina-asfaltica\/","og_locale":"es_ES","og_type":"article","og_title":"Impermeabilizaciones con l\u00e1mina asf\u00e1ltica - IMPERA - Impermeabilitzacions i a\u00efllaments d&#039;obra nova, Rehabilitacions","og_description":"Formaci\u00f3 de pendents amb formig\u00f3 cel\u2022lular Impermeabilitzacions amb l\u00e0mina asf\u00e0ltica Impermeabilitzacions amb l\u00e0mina sint\u00e8tica Impermeabilitzacions continues Geot\u00e8xtils i capes separadores Acabats de coberta (graves, rajola, enjardinada) A\u00efllaments t\u00e8rmics Proves d\u2019estanque\u00eftat Impermeabilizaciones con l\u00e1mina asf\u00e1ltica Hoy en d\u00eda las tradicionalmente llamadas l\u00e1minas asf\u00e1lticas nada tienen que ver con aquellas antiguas de oxiasfalto, realmente en lo \u00fanico [&hellip;]","og_url":"https:\/\/impera.cat\/es\/obra-nueva\/impermeabilizaciones-con-lamina-asfaltica\/","og_site_name":"IMPERA - Impermeabilitzacions i a\u00efllaments d&#039;obra nova, Rehabilitacions","article_publisher":"https:\/\/www.facebook.com\/profile.php?id=100063922969722","twitter_card":"summary_large_image","twitter_site":"@impera_cat","twitter_misc":{"Tiempo de lectura":"1 minuto"},"schema":{"@context":"https:\/\/schema.org","@graph":[{"@type":"WebPage","@id":"https:\/\/impera.cat\/es\/obra-nueva\/impermeabilizaciones-con-lamina-asfaltica\/","url":"https:\/\/impera.cat\/es\/obra-nueva\/impermeabilizaciones-con-lamina-asfaltica\/","name":"Impermeabilizaciones con l\u00e1mina asf\u00e1ltica - IMPERA - Impermeabilitzacions i a\u00efllaments d&#039;obra nova, Rehabilitacions","isPartOf":{"@id":"https:\/\/impera.cat\/es\/#website"},"datePublished":"2025-05-27T13:04:13+00:00","breadcrumb":{"@id":"https:\/\/impera.cat\/es\/obra-nueva\/impermeabilizaciones-con-lamina-asfaltica\/#breadcrumb"},"inLanguage":"es","potentialAction":[{"@type":"ReadAction","target":["https:\/\/impera.cat\/es\/obra-nueva\/impermeabilizaciones-con-lamina-asfaltica\/"]}]},{"@type":"BreadcrumbList","@id":"https:\/\/impera.cat\/es\/obra-nueva\/impermeabilizaciones-con-lamina-asfaltica\/#breadcrumb","itemListElement":[{"@type":"ListItem","position":1,"name":"Inici","item":"https:\/\/impera.cat\/es\/"},{"@type":"ListItem","position":2,"name":"Obra nueva","item":"https:\/\/impera.cat\/es\/obra-nueva\/"},{"@type":"ListItem","position":3,"name":"Impermeabilizaciones con l\u00e1mina asf\u00e1ltica"}]},{"@type":"WebSite","@id":"https:\/\/impera.cat\/es\/#website","url":"https:\/\/impera.cat\/es\/","name":"IMPERA - Impermeabilitzacions i a\u00efllaments d'obra nova, Rehabilitacions","description":"Impermeabilitzacions i a\u00efllaments d&#039;obra nova, Rehabilitacions","publisher":{"@id":"https:\/\/impera.cat\/es\/#organization"},"potentialAction":[{"@type":"SearchAction","target":{"@type":"EntryPoint","urlTemplate":"https:\/\/impera.cat\/es\/?s={search_term_string}"},"query-input":{"@type":"PropertyValueSpecification","valueRequired":true,"valueName":"search_term_string"}}],"inLanguage":"es"},{"@type":"Organization","@id":"https:\/\/impera.cat\/es\/#organization","name":"IMPERA - Impermeabilitzacions i a\u00efllaments d'obra nova, Rehabilitacions","url":"https:\/\/impera.cat\/es\/","logo":{"@type":"ImageObject","inLanguage":"es","@id":"https:\/\/impera.cat\/es\/#\/schema\/logo\/image\/","url":"https:\/\/impera.cat\/wp-content\/uploads\/2021\/10\/cropped-IMPERA-LOGO1-260x108-1.png","contentUrl":"https:\/\/impera.cat\/wp-content\/uploads\/2021\/10\/cropped-IMPERA-LOGO1-260x108-1.png","width":260,"height":108,"caption":"IMPERA - Impermeabilitzacions i a\u00efllaments d'obra nova, Rehabilitacions"},"image":{"@id":"https:\/\/impera.cat\/es\/#\/schema\/logo\/image\/"},"sameAs":["https:\/\/www.facebook.com\/profile.php?id=100063922969722","https:\/\/x.com\/impera_cat","https:\/\/www.instagram.com\/impera.cat\/","https:\/\/www.linkedin.com\/company\/impera-cat\/"]}]}},"_links":{"self":[{"href":"https:\/\/impera.cat\/es\/wp-json\/wp\/v2\/pages\/5168","targetHints":{"allow":["GET"]}}],"collection":[{"href":"https:\/\/impera.cat\/es\/wp-json\/wp\/v2\/pages"}],"about":[{"href":"https:\/\/impera.cat\/es\/wp-json\/wp\/v2\/types\/page"}],"author":[{"embeddable":true,"href":"https:\/\/impera.cat\/es\/wp-json\/wp\/v2\/users\/1"}],"replies":[{"embeddable":true,"href":"https:\/\/impera.cat\/es\/wp-json\/wp\/v2\/comments?post=5168"}],"version-history":[{"count":3,"href":"https:\/\/impera.cat\/es\/wp-json\/wp\/v2\/pages\/5168\/revisions"}],"predecessor-version":[{"id":5371,"href":"https:\/\/impera.cat\/es\/wp-json\/wp\/v2\/pages\/5168\/revisions\/5371"}],"up":[{"embeddable":true,"href":"https:\/\/impera.cat\/es\/wp-json\/wp\/v2\/pages\/5170"}],"wp:attachment":[{"href":"https:\/\/impera.cat\/es\/wp-json\/wp\/v2\/media?parent=5168"}],"curies":[{"name":"wp","href":"https:\/\/api.w.org\/{rel}","templated":true}]}}