{"id":5161,"date":"2025-04-27T10:24:19","date_gmt":"2025-04-27T08:24:19","guid":{"rendered":"https:\/\/www.impera.cat\/sistemes-de-deteccio-de-goteres\/"},"modified":"2026-04-28T13:24:49","modified_gmt":"2026-04-28T11:24:49","slug":"sistemas-de-deteccion-de-goteras","status":"publish","type":"page","link":"https:\/\/impera.cat\/es\/rehabilitacion\/sistemas-de-deteccion-de-goteras\/","title":{"rendered":"Sistemas de detecci\u00f3n de goteras"},"content":{"rendered":"\t\t<div data-elementor-type=\"wp-page\" data-elementor-id=\"5161\" class=\"elementor elementor-5161 elementor-3994\">\n\t\t\t\t\t\t<section class=\" elementor-section elementor-top-section elementor-element elementor-element-8ebba3c elementor-section-boxed elementor-section-height-default elementor-section-height-default\" data-id=\"8ebba3c\" data-element_type=\"section\" data-e-type=\"section\">\r\n\t\t\t\t\t\t\t\t<div class=\"elementor-container elementor-column-gap-default\">\r\n\t\t\t\t\r\n\t\t\t\t\t\t\t\t<div class=\" elementor-column elementor-col-33 elementor-top-column elementor-element elementor-element-dd463d0 \" data-id=\"dd463d0\" data-element_type=\"column\" data-e-type=\"column\">\r\n\r\n\t\t\t\t\r\n\t\t\t\t<div class=\"elementor-widget-wrap elementor-element-populated\">\r\n\t\t\t\t\t\t\t\t\t\t\r\n\t\t\t\t\t\t<div class=\"elementor-element elementor-element-a5938be animated-slow elementor-invisible elementor-widget elementor-widget-udesign_widget_menu\" data-id=\"a5938be\" data-element_type=\"widget\" data-e-type=\"widget\" data-settings=\"{&quot;_animation&quot;:&quot;fadeIn&quot;}\" data-widget_type=\"udesign_widget_menu.default\">\n\t\t\t\t<div class=\"elementor-widget-container\">\n\t\t\t\t\t<nav class=\" rehabilitacio-menu\"><ul id=\"menu-rehabilitacio-menu-spanish\" class=\"menu  vertical-menu lazy-menu\"><li id=\"menu-item-5313\" class=\"menu-item menu-item-type-post_type menu-item-object-page menu-item-5313\"><a rel=\"nofollow\" href=\"https:\/\/impera.cat\/es\/rehabilitacion\/sistemas-de-deteccion-de-goteras\/\">Sistemas de detecci\u00f3n de goteras<\/a><\/li>\n<\/ul><\/nav>\t\t\t\t<\/div>\n\t\t\t\t<\/div>\n\t\t\t\t\t\t<\/div>\r\n\t\t\t\t<\/div>\r\n\t\t\t\t\t\t\t\t\t<div class=\" elementor-column elementor-col-66 elementor-top-column elementor-element elementor-element-4e844c6 \" data-id=\"4e844c6\" data-element_type=\"column\" data-e-type=\"column\">\r\n\r\n\t\t\t\t\r\n\t\t\t\t<div class=\"elementor-widget-wrap elementor-element-populated\">\r\n\t\t\t\t\t\t\t\t\t\t\r\n\t\t\t\t\t\t<div class=\"elementor-element elementor-element-30d5c7b elementor-widget elementor-widget-heading\" data-id=\"30d5c7b\" data-element_type=\"widget\" data-e-type=\"widget\" data-widget_type=\"heading.default\">\n\t\t\t\t<div class=\"elementor-widget-container\">\n\t\t\t\t\t<h2 class=\"elementor-heading-title elementor-size-default\">Sistemas de detecci\u00f3n de goteras<\/h2>\t\t\t\t<\/div>\n\t\t\t\t<\/div>\n\t\t\t\t<div class=\"elementor-element elementor-element-34a0009 elementor-widget elementor-widget-text-editor\" data-id=\"34a0009\" data-element_type=\"widget\" data-e-type=\"widget\" data-widget_type=\"text-editor.default\">\n\t\t\t\t<div class=\"elementor-widget-container\">\n\t\t\t\t\t\t\t\t\t<p class=\"p1\">Las goteras pueden aparecer por m\u00faltiples causas: desde una mala ejecucion de los trabajos de impermeabilizaci\u00f3n, hasta el envejecimiento de los materiales, el uso de sistemas inadecuados o defectos contructivos. Detectar su origen con precisi\u00f3n es clave para evitar intervenciones ineficaces y costes innecesarios.<\/p><p class=\"p1\">En IMPERA, apostamos por un an\u00e1lisis t\u00e9cnico riguroso mediante profesionales especializados en diagn\u00f3stico de filtraciones. Nuestro equipo realiza inspecciones detalladas sobre el terreno, estudiando tanto la cubierta como las zonas afectadas, con el objetivo de identificar el origen real del problema y proponer la soluci\u00f3n m\u00e1s adecuada en cada caso.<\/p><p class=\"p1\">Es importante tener en cuenta que este servicio no siempre se puede ofrecer en todas las ubicaciones ni en cualquier situaci\u00f3n. La disponibilidad de los sistemas de detecci\u00f3n de goteras puede variar en funci\u00f3n del volumen del proyecto, la localizaci\u00f3n geogr\u00e1fica y la complejidad t\u00e9cnica de la intervenci\u00f3n. Actualmente, este servicio se presta de forma habitual en la delegaci\u00f3n de Girona, donde disponemos de sistemas propios y equipos especializados<\/p><p class=\"p1\">En otras zonas, como Barcelona o Ibiza, IMPERA puede valorar cada caso de forma individual y, si es necesario, colaborar con empresas especializadas externas para garantizar un diagn\u00f3stico preciso y profesional. Esta flexibilidad nos permite seguir ofreciendo soluciones eficientes, manteniendo siempre los est\u00e1ndares de calidad que definen nuestra forma de trabajar.<\/p><p class=\"p2\">Si tienes un problema de filtraciones o humedades, te asesoraremos de forma clara y honesta seg\u00fan tu caso concreto.<\/p>\t\t\t\t\t\t\t\t<\/div>\n\t\t\t\t<\/div>\n\t\t\t\t\t\t<\/div>\r\n\t\t\t\t<\/div>\r\n\t\t\t\t\t\t\t\t<\/div>\r\n\t\t\t<\/section>\r\n\t\t\t\t\t<\/div>\n\t\t","protected":false},"excerpt":{"rendered":"<p>Sistemes de detecci\u00f3 de goteres Sistemas de detecci\u00f3n de goteras Las goteras pueden aparecer por m\u00faltiples causas: desde una mala ejecucion de los trabajos de impermeabilizaci\u00f3n, hasta el envejecimiento de los materiales, el uso de sistemas inadecuados o defectos contructivos. Detectar su origen con precisi\u00f3n es clave para evitar intervenciones ineficaces y costes innecesarios. En [&hellip;]<\/p>\n","protected":false},"author":1,"featured_media":0,"parent":5171,"menu_order":10,"comment_status":"closed","ping_status":"closed","template":"","meta":{"_acf_changed":false,"footnotes":""},"class_list":["post-5161","page","type-page","status-publish","hentry"],"acf":[],"yoast_head":"<!-- This site is optimized with the Yoast SEO plugin v27.3 - https:\/\/yoast.com\/product\/yoast-seo-wordpress\/ -->\n<title>Sistemas de detecci\u00f3n de goteras - IMPERA - Impermeabilitzacions i a\u00efllaments d&#039;obra nova, Rehabilitacions<\/title>\n<meta name=\"robots\" content=\"index, follow, max-snippet:-1, max-image-preview:large, max-video-preview:-1\" \/>\n<link rel=\"canonical\" href=\"https:\/\/impera.cat\/es\/rehabilitacion\/sistemas-de-deteccion-de-goteras\/\" \/>\n<meta property=\"og:locale\" content=\"es_ES\" \/>\n<meta property=\"og:type\" content=\"article\" \/>\n<meta property=\"og:title\" content=\"Sistemas de detecci\u00f3n de goteras - IMPERA - Impermeabilitzacions i a\u00efllaments d&#039;obra nova, Rehabilitacions\" \/>\n<meta property=\"og:description\" content=\"Sistemes de detecci\u00f3 de goteres Sistemas de detecci\u00f3n de goteras Las goteras pueden aparecer por m\u00faltiples causas: desde una mala ejecucion de los trabajos de impermeabilizaci\u00f3n, hasta el envejecimiento de los materiales, el uso de sistemas inadecuados o defectos contructivos. Detectar su origen con precisi\u00f3n es clave para evitar intervenciones ineficaces y costes innecesarios. En [&hellip;]\" \/>\n<meta property=\"og:url\" content=\"https:\/\/impera.cat\/es\/rehabilitacion\/sistemas-de-deteccion-de-goteras\/\" \/>\n<meta property=\"og:site_name\" content=\"IMPERA - Impermeabilitzacions i a\u00efllaments d&#039;obra nova, Rehabilitacions\" \/>\n<meta property=\"article:publisher\" content=\"https:\/\/www.facebook.com\/profile.php?id=100063922969722\" \/>\n<meta property=\"article:modified_time\" content=\"2026-04-28T11:24:49+00:00\" \/>\n<meta name=\"twitter:card\" content=\"summary_large_image\" \/>\n<meta name=\"twitter:site\" content=\"@impera_cat\" \/>\n<meta name=\"twitter:label1\" content=\"Tiempo de lectura\" \/>\n\t<meta name=\"twitter:data1\" content=\"1 minuto\" \/>\n<script type=\"application\/ld+json\" class=\"yoast-schema-graph\">{\"@context\":\"https:\\\/\\\/schema.org\",\"@graph\":[{\"@type\":\"WebPage\",\"@id\":\"https:\\\/\\\/impera.cat\\\/es\\\/rehabilitacion\\\/sistemas-de-deteccion-de-goteras\\\/\",\"url\":\"https:\\\/\\\/impera.cat\\\/es\\\/rehabilitacion\\\/sistemas-de-deteccion-de-goteras\\\/\",\"name\":\"Sistemas de detecci\u00f3n de goteras - IMPERA - Impermeabilitzacions i a\u00efllaments d&#039;obra nova, Rehabilitacions\",\"isPartOf\":{\"@id\":\"https:\\\/\\\/impera.cat\\\/es\\\/#website\"},\"datePublished\":\"2025-04-27T08:24:19+00:00\",\"dateModified\":\"2026-04-28T11:24:49+00:00\",\"breadcrumb\":{\"@id\":\"https:\\\/\\\/impera.cat\\\/es\\\/rehabilitacion\\\/sistemas-de-deteccion-de-goteras\\\/#breadcrumb\"},\"inLanguage\":\"es\",\"potentialAction\":[{\"@type\":\"ReadAction\",\"target\":[\"https:\\\/\\\/impera.cat\\\/es\\\/rehabilitacion\\\/sistemas-de-deteccion-de-goteras\\\/\"]}]},{\"@type\":\"BreadcrumbList\",\"@id\":\"https:\\\/\\\/impera.cat\\\/es\\\/rehabilitacion\\\/sistemas-de-deteccion-de-goteras\\\/#breadcrumb\",\"itemListElement\":[{\"@type\":\"ListItem\",\"position\":1,\"name\":\"Inici\",\"item\":\"https:\\\/\\\/impera.cat\\\/es\\\/\"},{\"@type\":\"ListItem\",\"position\":2,\"name\":\"Rehabilitaci\u00f3n\",\"item\":\"https:\\\/\\\/impera.cat\\\/es\\\/rehabilitacion\\\/\"},{\"@type\":\"ListItem\",\"position\":3,\"name\":\"Sistemas de detecci\u00f3n de goteras\"}]},{\"@type\":\"WebSite\",\"@id\":\"https:\\\/\\\/impera.cat\\\/es\\\/#website\",\"url\":\"https:\\\/\\\/impera.cat\\\/es\\\/\",\"name\":\"IMPERA - Impermeabilitzacions i a\u00efllaments d'obra nova, Rehabilitacions\",\"description\":\"Impermeabilitzacions i a\u00efllaments d&#039;obra nova, Rehabilitacions\",\"publisher\":{\"@id\":\"https:\\\/\\\/impera.cat\\\/es\\\/#organization\"},\"potentialAction\":[{\"@type\":\"SearchAction\",\"target\":{\"@type\":\"EntryPoint\",\"urlTemplate\":\"https:\\\/\\\/impera.cat\\\/es\\\/?s={search_term_string}\"},\"query-input\":{\"@type\":\"PropertyValueSpecification\",\"valueRequired\":true,\"valueName\":\"search_term_string\"}}],\"inLanguage\":\"es\"},{\"@type\":\"Organization\",\"@id\":\"https:\\\/\\\/impera.cat\\\/es\\\/#organization\",\"name\":\"IMPERA - Impermeabilitzacions i a\u00efllaments d'obra nova, Rehabilitacions\",\"url\":\"https:\\\/\\\/impera.cat\\\/es\\\/\",\"logo\":{\"@type\":\"ImageObject\",\"inLanguage\":\"es\",\"@id\":\"https:\\\/\\\/impera.cat\\\/es\\\/#\\\/schema\\\/logo\\\/image\\\/\",\"url\":\"https:\\\/\\\/impera.cat\\\/wp-content\\\/uploads\\\/2021\\\/10\\\/cropped-IMPERA-LOGO1-260x108-1.png\",\"contentUrl\":\"https:\\\/\\\/impera.cat\\\/wp-content\\\/uploads\\\/2021\\\/10\\\/cropped-IMPERA-LOGO1-260x108-1.png\",\"width\":260,\"height\":108,\"caption\":\"IMPERA - Impermeabilitzacions i a\u00efllaments d'obra nova, Rehabilitacions\"},\"image\":{\"@id\":\"https:\\\/\\\/impera.cat\\\/es\\\/#\\\/schema\\\/logo\\\/image\\\/\"},\"sameAs\":[\"https:\\\/\\\/www.facebook.com\\\/profile.php?id=100063922969722\",\"https:\\\/\\\/x.com\\\/impera_cat\",\"https:\\\/\\\/www.instagram.com\\\/impera.cat\\\/\",\"https:\\\/\\\/www.linkedin.com\\\/company\\\/impera-cat\\\/\"]}]}<\/script>\n<!-- \/ Yoast SEO plugin. -->","yoast_head_json":{"title":"Sistemas de detecci\u00f3n de goteras - IMPERA - Impermeabilitzacions i a\u00efllaments d&#039;obra nova, Rehabilitacions","robots":{"index":"index","follow":"follow","max-snippet":"max-snippet:-1","max-image-preview":"max-image-preview:large","max-video-preview":"max-video-preview:-1"},"canonical":"https:\/\/impera.cat\/es\/rehabilitacion\/sistemas-de-deteccion-de-goteras\/","og_locale":"es_ES","og_type":"article","og_title":"Sistemas de detecci\u00f3n de goteras - IMPERA - Impermeabilitzacions i a\u00efllaments d&#039;obra nova, Rehabilitacions","og_description":"Sistemes de detecci\u00f3 de goteres Sistemas de detecci\u00f3n de goteras Las goteras pueden aparecer por m\u00faltiples causas: desde una mala ejecucion de los trabajos de impermeabilizaci\u00f3n, hasta el envejecimiento de los materiales, el uso de sistemas inadecuados o defectos contructivos. Detectar su origen con precisi\u00f3n es clave para evitar intervenciones ineficaces y costes innecesarios. En [&hellip;]","og_url":"https:\/\/impera.cat\/es\/rehabilitacion\/sistemas-de-deteccion-de-goteras\/","og_site_name":"IMPERA - Impermeabilitzacions i a\u00efllaments d&#039;obra nova, Rehabilitacions","article_publisher":"https:\/\/www.facebook.com\/profile.php?id=100063922969722","article_modified_time":"2026-04-28T11:24:49+00:00","twitter_card":"summary_large_image","twitter_site":"@impera_cat","twitter_misc":{"Tiempo de lectura":"1 minuto"},"schema":{"@context":"https:\/\/schema.org","@graph":[{"@type":"WebPage","@id":"https:\/\/impera.cat\/es\/rehabilitacion\/sistemas-de-deteccion-de-goteras\/","url":"https:\/\/impera.cat\/es\/rehabilitacion\/sistemas-de-deteccion-de-goteras\/","name":"Sistemas de detecci\u00f3n de goteras - IMPERA - Impermeabilitzacions i a\u00efllaments d&#039;obra nova, Rehabilitacions","isPartOf":{"@id":"https:\/\/impera.cat\/es\/#website"},"datePublished":"2025-04-27T08:24:19+00:00","dateModified":"2026-04-28T11:24:49+00:00","breadcrumb":{"@id":"https:\/\/impera.cat\/es\/rehabilitacion\/sistemas-de-deteccion-de-goteras\/#breadcrumb"},"inLanguage":"es","potentialAction":[{"@type":"ReadAction","target":["https:\/\/impera.cat\/es\/rehabilitacion\/sistemas-de-deteccion-de-goteras\/"]}]},{"@type":"BreadcrumbList","@id":"https:\/\/impera.cat\/es\/rehabilitacion\/sistemas-de-deteccion-de-goteras\/#breadcrumb","itemListElement":[{"@type":"ListItem","position":1,"name":"Inici","item":"https:\/\/impera.cat\/es\/"},{"@type":"ListItem","position":2,"name":"Rehabilitaci\u00f3n","item":"https:\/\/impera.cat\/es\/rehabilitacion\/"},{"@type":"ListItem","position":3,"name":"Sistemas de detecci\u00f3n de goteras"}]},{"@type":"WebSite","@id":"https:\/\/impera.cat\/es\/#website","url":"https:\/\/impera.cat\/es\/","name":"IMPERA - Impermeabilitzacions i a\u00efllaments d'obra nova, Rehabilitacions","description":"Impermeabilitzacions i a\u00efllaments d&#039;obra nova, Rehabilitacions","publisher":{"@id":"https:\/\/impera.cat\/es\/#organization"},"potentialAction":[{"@type":"SearchAction","target":{"@type":"EntryPoint","urlTemplate":"https:\/\/impera.cat\/es\/?s={search_term_string}"},"query-input":{"@type":"PropertyValueSpecification","valueRequired":true,"valueName":"search_term_string"}}],"inLanguage":"es"},{"@type":"Organization","@id":"https:\/\/impera.cat\/es\/#organization","name":"IMPERA - Impermeabilitzacions i a\u00efllaments d'obra nova, Rehabilitacions","url":"https:\/\/impera.cat\/es\/","logo":{"@type":"ImageObject","inLanguage":"es","@id":"https:\/\/impera.cat\/es\/#\/schema\/logo\/image\/","url":"https:\/\/impera.cat\/wp-content\/uploads\/2021\/10\/cropped-IMPERA-LOGO1-260x108-1.png","contentUrl":"https:\/\/impera.cat\/wp-content\/uploads\/2021\/10\/cropped-IMPERA-LOGO1-260x108-1.png","width":260,"height":108,"caption":"IMPERA - Impermeabilitzacions i a\u00efllaments d'obra nova, Rehabilitacions"},"image":{"@id":"https:\/\/impera.cat\/es\/#\/schema\/logo\/image\/"},"sameAs":["https:\/\/www.facebook.com\/profile.php?id=100063922969722","https:\/\/x.com\/impera_cat","https:\/\/www.instagram.com\/impera.cat\/","https:\/\/www.linkedin.com\/company\/impera-cat\/"]}]}},"_links":{"self":[{"href":"https:\/\/impera.cat\/es\/wp-json\/wp\/v2\/pages\/5161","targetHints":{"allow":["GET"]}}],"collection":[{"href":"https:\/\/impera.cat\/es\/wp-json\/wp\/v2\/pages"}],"about":[{"href":"https:\/\/impera.cat\/es\/wp-json\/wp\/v2\/types\/page"}],"author":[{"embeddable":true,"href":"https:\/\/impera.cat\/es\/wp-json\/wp\/v2\/users\/1"}],"replies":[{"embeddable":true,"href":"https:\/\/impera.cat\/es\/wp-json\/wp\/v2\/comments?post=5161"}],"version-history":[{"count":6,"href":"https:\/\/impera.cat\/es\/wp-json\/wp\/v2\/pages\/5161\/revisions"}],"predecessor-version":[{"id":8980,"href":"https:\/\/impera.cat\/es\/wp-json\/wp\/v2\/pages\/5161\/revisions\/8980"}],"up":[{"embeddable":true,"href":"https:\/\/impera.cat\/es\/wp-json\/wp\/v2\/pages\/5171"}],"wp:attachment":[{"href":"https:\/\/impera.cat\/es\/wp-json\/wp\/v2\/media?parent=5161"}],"curies":[{"name":"wp","href":"https:\/\/api.w.org\/{rel}","templated":true}]}}