{"id":5159,"date":"2025-04-14T11:09:45","date_gmt":"2025-04-14T09:09:45","guid":{"rendered":"https:\/\/www.impera.cat\/avis-legal\/"},"modified":"2026-03-10T11:27:17","modified_gmt":"2026-03-10T10:27:17","slug":"avis-legal","status":"publish","type":"page","link":"https:\/\/impera.cat\/es\/avis-legal\/","title":{"rendered":"Av\u00eds legal"},"content":{"rendered":"\t\t<div data-elementor-type=\"wp-page\" data-elementor-id=\"5159\" class=\"elementor elementor-5159 elementor-4858\">\n\t\t\t\t\t\t<section class=\" elementor-section elementor-top-section elementor-element elementor-element-99b86af elementor-section-boxed elementor-section-height-default elementor-section-height-default\" data-id=\"99b86af\" data-element_type=\"section\" data-e-type=\"section\">\r\n\t\t\t\t\t\t\t\t<div class=\"elementor-container elementor-column-gap-default\">\r\n\t\t\t\t\r\n\t\t\t\t\t\t\t\t<div class=\" elementor-column elementor-col-100 elementor-top-column elementor-element elementor-element-fdb8e0d \" data-id=\"fdb8e0d\" data-element_type=\"column\" data-e-type=\"column\">\r\n\r\n\t\t\t\t\r\n\t\t\t\t<div class=\"elementor-widget-wrap elementor-element-populated\">\r\n\t\t\t\t\t\t\t\t\t\t\r\n\t\t\t\t\t\t<div class=\"elementor-element elementor-element-62dc2a0 elementor-widget elementor-widget-text-editor\" data-id=\"62dc2a0\" data-element_type=\"widget\" data-e-type=\"widget\" data-widget_type=\"text-editor.default\">\n\t\t\t\t<div class=\"elementor-widget-container\">\n\t\t\t\t\t\t\t\t\t<p><b>1. OBJECTE<\/b><\/p><p>El present av\u00eds legal regula l\u2019\u00fas i utilitzaci\u00f3 del lloc web www.impera.cat, del qual \u00e9s titular IMPERA IMPERMEABILITZACIONS SL (d\u2019ara endavant, EL PROPIETARI DE LA WEB).<\/p><p>La navegaci\u00f3 pel lloc web del PROPIETARI DE LA WEB li atribueix la condici\u00f3 d\u2019USUARI del mateix i comporta la seva acceptaci\u00f3 plena i sense reserves de totes i cadascuna de les condicions publicades en aquest av\u00eds legal, advertint que aquestes condicions podran ser modificades sense notificaci\u00f3 pr\u00e8via per part del PROPIETARI DE LA WEB, i en aquest cas es procedir\u00e0 a la seva publicaci\u00f3 i av\u00eds amb la m\u00e0xima antelaci\u00f3 possible.<\/p><p>Per aix\u00f2 \u00e9s recomanable llegir atentament el seu contingut en cas de desitjar accedir i fer \u00fas de la informaci\u00f3 i dels serveis oferts des d\u2019aquest lloc web.<\/p><p>L\u2019usuari, a m\u00e9s, s\u2019obliga a fer un \u00fas correcte del lloc web de conformitat amb les lleis, la bona fe, l\u2019ordre p\u00fablic, els usos del tr\u00e0nsit i el present Av\u00eds Legal, i respondr\u00e0 enfront del PROPIETARI DE LA WEB o enfront de tercers, de qualssevol danys i perjudicis que poguessin causar-se a conseq\u00fc\u00e8ncia de l\u2019incompliment d\u2019aquesta obligaci\u00f3.<\/p><p>Qualsevol utilitzaci\u00f3 diferent a l\u2019autoritzada est\u00e0 expressament prohibida, podent EL PROPIETARI DE LA WEB denegar o retirar l\u2019acc\u00e9s i el seu \u00fas en qualsevol moment.<\/p><p><b>2. IDENTIFICACI\u00d3<\/b><\/p><p>EL PROPIETARI DE LA WEB, en compliment de la Llei 34\/2002, d\u201911 de juliol, de Serveis de la Societat de la Informaci\u00f3 i de Comer\u00e7 Electr\u00f2nic, l\u2019informa que:<\/p><p><span style=\"background-color: var(--alpha-page-wrapper-bg-color); color: var(--alpha-body-color); font-family: var(--alpha-body-font-family),sans-serif; font-weight: var(--alpha-body-font-weight); letter-spacing: var(--alpha-body-letter-spacing); text-transform: var(--alpha-body-text-transform);\">La seva denominaci\u00f3 social \u00e9s: Impera 2010 S.L. El seu CIF \u00e9s: B55068233<\/span><\/p><p>El seu domicili social est\u00e0 en: Av. Vinyers, 8, Nau 8 Calonge, 17251<\/p><p>Societat inscrita en el Registre Mercantil de Girona, Tomo: 2775, Folio: 207, Secci\u00f3n: 8, Hoja Registral: 49883, Inscripci\u00f3n: 3<\/p><p><strong>3. COMUNICACIONS<\/strong><\/p><p>Per a comunicar-se amb nosaltres, posem a la seva disposici\u00f3 diferents mitjans de contacte que detallem a continuaci\u00f3:<\/p><p>Tel.: (+34) 607.761.677<\/p><p>Email: info@impera.cat<\/p><p>Totes les notificacions i comunicacions entre els usuaris i PROPIETARI DE LA WEB es consideraran eficaces, amb car\u00e0cter general, quan es realitzin a trav\u00e9s de qualsevol mitj\u00e0 dels detallats anteriorment.<\/p><p><strong>4. CONDICIONS D\u2019ACC\u00c9S I UTILIZACI\u00d3<\/strong><\/p><p>El lloc web i els seus serveis s\u00f3n d\u2019acc\u00e9s lliure i gratu\u00eft. No obstant aix\u00f2, PROPIETARI DE LA WEB pot condicionar la utilitzaci\u00f3 d\u2019alguns dels serveis oferts en el seu web al previ emplenament del corresponent formulari.<\/p><p>L\u2019usuari garanteix l\u2019autenticitat i actualitat de totes aquelles dades que comuniqui a PROPIETARI DE LA WEB i ser\u00e0 l\u2019\u00fanic responsable de les manifestacions falses o inexactes que realitzi.<\/p><p>L\u2019usuari es compromet expressament a fer un \u00fas adequat dels continguts i serveis de PROPIETARI DE LA WEB i a no emprar-los per a, entre altres:<\/p><p>a) Difondre continguts delictius, violents, pornogr\u00e0fics, racistes, xen\u00f2fobs, ofensius, d\u2019apologia del terrorisme o, en general, contraris a la llei o a l\u2019ordre p\u00fablic.<br \/>b) Introduir en la xarxa virus inform\u00e0tics o realitzar actuacions susceptibles d\u2019alterar, espatllar, interrompre o generar errors o danys en els documents electr\u00f2nics, dades o sistemes f\u00edsics i l\u00f2gics de PROPIETARI DE LA WEB o de terceres persones; aix\u00ed com obstaculitzar l\u2019acc\u00e9s d\u2019altres usuaris al lloc web i als seus serveis mitjan\u00e7ant el consum massiu dels recursos inform\u00e0tics a trav\u00e9s dels quals PROPIETARI DE LA WEB presta els seus serveis.<br \/>c) Intentar accedir als comptes de correu electr\u00f2nic d\u2019altres usuaris o a \u00e0rees restringides dels sistemes inform\u00e0tics de PROPIETARI DE LA WEB o de tercers i, en el seu cas, extreure informaci\u00f3.<br \/>d) Vulnerar els drets de propietat intel\u00b7lectual o industrial, aix\u00ed com violar la confidencialitat de la informaci\u00f3 de PROPIETARI DE LA WEB o de tercers.<br \/>e) Suplantar la identitat de qualsevol altre usuari.<br \/>f) Reproduir, copiar, distribuir, posar a la disposici\u00f3 de, o qualsevol altra forma de comunicaci\u00f3 p\u00fablica, transformar o modificar els continguts, tret que es compti amb l\u2019autoritzaci\u00f3 del titular dels corresponents drets o aix\u00f2 resulti legalment perm\u00e8s.<br \/>g) Recaptar dades amb finalitat publicit\u00e0ria i de remetre publicitat de qualsevol classe i comunicacions amb finalitats de venda o altres de naturalesa comercial sense que medi\u00ef la seva pr\u00e8via sol\u00b7licitud o consentiment.<br \/>Tots els continguts del lloc web, com a textos, fotografies, gr\u00e0fics, imatges, icones, tecnologia, programari, aix\u00ed com el seu disseny gr\u00e0fic i codis font, constitueixen una obra la propietat de la qual pertany a PROPIETARI DE LA WEB, sense que puguin entendre\u2019s cedits a l\u2019usuari cap dels drets d\u2019explotaci\u00f3 sobre els mateixos m\u00e9s enll\u00e0 de l\u2019estrictament necessari per al correcte \u00fas de la web.<\/p><p>En definitiva, els usuaris que accedeixin a aquest lloc web poden visualitzar els continguts i efectuar, en el seu cas, c\u00f2pies privades autoritzades sempre que els elements reprodu\u00efts no siguin cedits posteriorment a tercers, ni s\u2019instal\u00b7lin a servidors connectats a xarxes, ni siguin objecte de cap mena d\u2019explotaci\u00f3.<\/p><p>Aix\u00ed mateix, totes les marques, noms comercials o signes distintius de qualsevol classe que apareixen en el lloc web s\u00f3n propietat de PROPIETARI DE LA WEB, sense\u00a0<span style=\"background-color: var(--alpha-page-wrapper-bg-color); color: var(--alpha-body-color); font-family: var(--alpha-body-font-family),sans-serif; font-weight: var(--alpha-body-font-weight); letter-spacing: var(--alpha-body-letter-spacing); text-transform: var(--alpha-body-text-transform);\">que pugui entendre\u2019s que l\u2019\u00fas o acc\u00e9s al mateix atribueixi a l\u2019usuari dret algun sobre aquests.<\/span><\/p><p>La distribuci\u00f3, modificaci\u00f3, cessi\u00f3 o comunicaci\u00f3 p\u00fablica dels continguts i qualsevol altre acte que no hagi estat expressament autoritzat pel titular dels drets d\u2019explotaci\u00f3 queden prohibits.<\/p><p>L\u2019establiment d\u2019un enlla\u00e7 no implica en cap cas l\u2019exist\u00e8ncia de relacions entre PROPIETARI DE LA WEB i el propietari del lloc web en la qual s\u2019estableixi, ni l\u2019acceptaci\u00f3 i aprovaci\u00f3 per part de PROPIETARI DE LA WEB dels seus continguts o serveis.<\/p><p>PROPIETARI DE LA WEB no es responsabilitza de l\u2019\u00fas que cada usuari els doni als materials posats a disposici\u00f3 en aquest lloc web ni de les actuacions que realitzi sobre la base d\u2019aquests.<\/p><p><b>4.1.EXCLUSI\u00d3 DE GARANTIES I DE RESPONSABILITAT EN L\u2019ACC\u00c9S I LA UTILITZACI\u00d3<\/b><\/p><p>El contingut del present lloc web \u00e9s de car\u00e0cter general i t\u00e9 una finalitat merament informativa, sense que es garanteixi plenament l\u2019acc\u00e9s a tots els continguts, ni la seva exhaustivitat, correcci\u00f3, vig\u00e8ncia o actualitat, ni la seva idone\u00eftat o utilitat per a un objectiu espec\u00edfic.<\/p><p>PROPIETARI DE LA WEB exclou, fins on permet l\u2019ordenament jur\u00eddic, qualsevol responsabilitat pels danys i perjudicis de tota naturalesa derivats de:<\/p><p>a) La impossibilitat d\u2019acc\u00e9s al lloc web o la falta de veracitat, exactitud, exhaustivitat i\/o actualitat dels continguts, aix\u00ed com l\u2019exist\u00e8ncia de vicis i defectes de tota classe dels continguts transmesos, difosos, emmagatzemats, posats a disposici\u00f3, als quals s\u2019hagi accedit a trav\u00e9s del lloc web o dels serveis que s\u2019ofereixen.<br \/>b) La pres\u00e8ncia de virus o d\u2019altres elements en els continguts que puguin produir alteracions en els sistemes inform\u00e0tics, documents electr\u00f2nics o dades dels usuaris.<br \/>c) L\u2019incompliment de les lleis, la bona fe, l\u2019ordre p\u00fablic, els usos del tr\u00e0nsit i el present av\u00eds legal a conseq\u00fc\u00e8ncia de l\u2019\u00fas incorrecte del lloc web. En particular, i a manera exemplar, PROPIETARI DE LA WEB no es fa responsable de les actuacions de tercers que vulnerin drets de propietat intel\u00b7lectual i industrial, secrets empresarials, drets a l\u2019honor, a la intimitat personal i familiar i a la pr\u00f2pia imatge, aix\u00ed com la normativa en mat\u00e8ria de compet\u00e8ncia deslleial i publicitat il\u00b7l\u00edcita.<\/p><p>Aix\u00ed mateix, PROPIETARI DE LA WEB declina qualsevol responsabilitat respecte a la informaci\u00f3 que es trobi fora d\u2019aquesta web i no sigui gestionada directament pel nostre webmaster. La funci\u00f3 dels links que apareixen en aquesta web \u00e9s exclusivament la d\u2019informar l\u2019usuari sobre l\u2019exist\u00e8ncia d\u2019altres fonts susceptibles d\u2019ampliar els continguts que ofereix aquest lloc web. PROPIETARI DE LA WEB no garanteix ni es responsabilitza del funcionament o accessibilitat dels llocs enlla\u00e7ats; ni suggereix, convida o recomana la visita a aquests, per la qual cosa tampoc ser\u00e0 responsable del resultat obtingut. PROPIETARI DE LA WEB no es responsabilitza de l\u2019establiment d\u2019enlla\u00e7os per part de tercers.<\/p><p><b>4.2.PROCEDIMENT EN CAS DE REALITZACI\u00d3 D\u2019ACTIVITATS DE CAR\u00c0CTER IL\u00b7L\u00cdCIT<\/b><\/p><p>En el cas que qualsevol usuari o un tercer consideri que existeixen fets o circumst\u00e0ncies que revelin el car\u00e0cter il\u00b7l\u00edcit de la utilitzaci\u00f3 de qualsevol contingut i\/o de la realitzaci\u00f3 de qualsevol activitat en les p\u00e0gines web incloses o accessibles a trav\u00e9s del lloc web, haur\u00e0 d\u2019enviar una notificaci\u00f3 a PROPIETARI DE LA WEB identificant-se degudament i especificant les suposades infraccions.<\/p><p><b>4.3.PUBLICACIONS<\/b><\/p><p>La informaci\u00f3 administrativa facilitada a trav\u00e9s del lloc web no substitueix la publicitat legal de les lleis, normatives, plans, disposicions generals i actes que hagin de ser publicats formalment als diaris oficials de les administracions p\u00fabliques, que constitueixen l\u2019\u00fanic instrument que dona fe de la seva autenticitat i contingut. La informaci\u00f3 disponible en aquest lloc web ha d\u2019entendre\u2019s com una guia sense prop\u00f2sit<\/p><p>de validesa legal.<\/p><p><b>5. LEGISLACI\u00d3 APLICABLE<\/b><br \/>Les condicions presents es regiran per la legislaci\u00f3 espanyola vigent. La llengua utilitzada ser\u00e0 el Catal\u00e0.<\/p>\t\t\t\t\t\t\t\t<\/div>\n\t\t\t\t<\/div>\n\t\t\t\t\t\t<\/div>\r\n\t\t\t\t<\/div>\r\n\t\t\t\t\t\t\t\t<\/div>\r\n\t\t\t<\/section>\r\n\t\t\t\t\t<\/div>\n\t\t","protected":false},"excerpt":{"rendered":"<p>1. OBJECTE El present av\u00eds legal regula l\u2019\u00fas i utilitzaci\u00f3 del lloc web www.impera.cat, del qual \u00e9s titular IMPERA IMPERMEABILITZACIONS SL (d\u2019ara endavant, EL PROPIETARI DE LA WEB). La navegaci\u00f3 pel lloc web del PROPIETARI DE LA WEB li atribueix la condici\u00f3 d\u2019USUARI del mateix i comporta la seva acceptaci\u00f3 plena i sense reserves de [&hellip;]<\/p>\n","protected":false},"author":1,"featured_media":0,"parent":0,"menu_order":0,"comment_status":"closed","ping_status":"closed","template":"","meta":{"_acf_changed":false,"footnotes":""},"class_list":["post-5159","page","type-page","status-publish","hentry"],"acf":[],"yoast_head":"<!-- This site is optimized with the Yoast SEO plugin v27.5 - https:\/\/yoast.com\/product\/yoast-seo-wordpress\/ -->\n<title>Aviso legal | IMPERA<\/title>\n<meta name=\"description\" content=\"Consulta el aviso legal del sitio web de IMPERA con informaci\u00f3n sobre titularidad, condiciones de uso y normativa aplicable.\" \/>\n<meta name=\"robots\" content=\"index, follow, max-snippet:-1, max-image-preview:large, max-video-preview:-1\" \/>\n<link rel=\"canonical\" href=\"https:\/\/impera.cat\/es\/avis-legal\/\" \/>\n<meta property=\"og:locale\" content=\"es_ES\" \/>\n<meta property=\"og:type\" content=\"article\" \/>\n<meta property=\"og:title\" content=\"Aviso legal | IMPERA\" \/>\n<meta property=\"og:description\" content=\"Consulta el aviso legal del sitio web de IMPERA con informaci\u00f3n sobre titularidad, condiciones de uso y normativa aplicable.\" \/>\n<meta property=\"og:url\" content=\"https:\/\/impera.cat\/es\/avis-legal\/\" \/>\n<meta property=\"og:site_name\" content=\"IMPERA - Impermeabilitzacions i a\u00efllaments d&#039;obra nova, Rehabilitacions\" \/>\n<meta property=\"article:publisher\" content=\"https:\/\/www.facebook.com\/profile.php?id=100063922969722\" \/>\n<meta property=\"article:modified_time\" content=\"2026-03-10T10:27:17+00:00\" \/>\n<meta name=\"twitter:card\" content=\"summary_large_image\" \/>\n<meta name=\"twitter:site\" content=\"@impera_cat\" \/>\n<meta name=\"twitter:label1\" content=\"Tiempo de lectura\" \/>\n\t<meta name=\"twitter:data1\" content=\"7 minutos\" \/>\n<script type=\"application\/ld+json\" class=\"yoast-schema-graph\">{\"@context\":\"https:\\\/\\\/schema.org\",\"@graph\":[{\"@type\":\"WebPage\",\"@id\":\"https:\\\/\\\/impera.cat\\\/es\\\/avis-legal\\\/\",\"url\":\"https:\\\/\\\/impera.cat\\\/es\\\/avis-legal\\\/\",\"name\":\"Aviso legal | IMPERA\",\"isPartOf\":{\"@id\":\"https:\\\/\\\/impera.cat\\\/es\\\/#website\"},\"datePublished\":\"2025-04-14T09:09:45+00:00\",\"dateModified\":\"2026-03-10T10:27:17+00:00\",\"description\":\"Consulta el aviso legal del sitio web de IMPERA con informaci\u00f3n sobre titularidad, condiciones de uso y normativa aplicable.\",\"breadcrumb\":{\"@id\":\"https:\\\/\\\/impera.cat\\\/es\\\/avis-legal\\\/#breadcrumb\"},\"inLanguage\":\"es\",\"potentialAction\":[{\"@type\":\"ReadAction\",\"target\":[\"https:\\\/\\\/impera.cat\\\/es\\\/avis-legal\\\/\"]}]},{\"@type\":\"BreadcrumbList\",\"@id\":\"https:\\\/\\\/impera.cat\\\/es\\\/avis-legal\\\/#breadcrumb\",\"itemListElement\":[{\"@type\":\"ListItem\",\"position\":1,\"name\":\"Inici\",\"item\":\"https:\\\/\\\/impera.cat\\\/es\\\/\"},{\"@type\":\"ListItem\",\"position\":2,\"name\":\"Av\u00eds legal\"}]},{\"@type\":\"WebSite\",\"@id\":\"https:\\\/\\\/impera.cat\\\/es\\\/#website\",\"url\":\"https:\\\/\\\/impera.cat\\\/es\\\/\",\"name\":\"IMPERA - Impermeabilitzacions i a\u00efllaments d'obra nova, Rehabilitacions\",\"description\":\"Impermeabilitzacions i a\u00efllaments d&#039;obra nova, Rehabilitacions\",\"publisher\":{\"@id\":\"https:\\\/\\\/impera.cat\\\/es\\\/#organization\"},\"potentialAction\":[{\"@type\":\"SearchAction\",\"target\":{\"@type\":\"EntryPoint\",\"urlTemplate\":\"https:\\\/\\\/impera.cat\\\/es\\\/?s={search_term_string}\"},\"query-input\":{\"@type\":\"PropertyValueSpecification\",\"valueRequired\":true,\"valueName\":\"search_term_string\"}}],\"inLanguage\":\"es\"},{\"@type\":\"Organization\",\"@id\":\"https:\\\/\\\/impera.cat\\\/es\\\/#organization\",\"name\":\"IMPERA - Impermeabilitzacions i a\u00efllaments d'obra nova, Rehabilitacions\",\"url\":\"https:\\\/\\\/impera.cat\\\/es\\\/\",\"logo\":{\"@type\":\"ImageObject\",\"inLanguage\":\"es\",\"@id\":\"https:\\\/\\\/impera.cat\\\/es\\\/#\\\/schema\\\/logo\\\/image\\\/\",\"url\":\"https:\\\/\\\/impera.cat\\\/wp-content\\\/uploads\\\/2021\\\/10\\\/cropped-IMPERA-LOGO1-260x108-1.png\",\"contentUrl\":\"https:\\\/\\\/impera.cat\\\/wp-content\\\/uploads\\\/2021\\\/10\\\/cropped-IMPERA-LOGO1-260x108-1.png\",\"width\":260,\"height\":108,\"caption\":\"IMPERA - Impermeabilitzacions i a\u00efllaments d'obra nova, Rehabilitacions\"},\"image\":{\"@id\":\"https:\\\/\\\/impera.cat\\\/es\\\/#\\\/schema\\\/logo\\\/image\\\/\"},\"sameAs\":[\"https:\\\/\\\/www.facebook.com\\\/profile.php?id=100063922969722\",\"https:\\\/\\\/x.com\\\/impera_cat\",\"https:\\\/\\\/www.instagram.com\\\/impera.cat\\\/\",\"https:\\\/\\\/www.linkedin.com\\\/company\\\/impera-cat\\\/\"]}]}<\/script>\n<!-- \/ Yoast SEO plugin. -->","yoast_head_json":{"title":"Aviso legal | IMPERA","description":"Consulta el aviso legal del sitio web de IMPERA con informaci\u00f3n sobre titularidad, condiciones de uso y normativa aplicable.","robots":{"index":"index","follow":"follow","max-snippet":"max-snippet:-1","max-image-preview":"max-image-preview:large","max-video-preview":"max-video-preview:-1"},"canonical":"https:\/\/impera.cat\/es\/avis-legal\/","og_locale":"es_ES","og_type":"article","og_title":"Aviso legal | IMPERA","og_description":"Consulta el aviso legal del sitio web de IMPERA con informaci\u00f3n sobre titularidad, condiciones de uso y normativa aplicable.","og_url":"https:\/\/impera.cat\/es\/avis-legal\/","og_site_name":"IMPERA - Impermeabilitzacions i a\u00efllaments d&#039;obra nova, Rehabilitacions","article_publisher":"https:\/\/www.facebook.com\/profile.php?id=100063922969722","article_modified_time":"2026-03-10T10:27:17+00:00","twitter_card":"summary_large_image","twitter_site":"@impera_cat","twitter_misc":{"Tiempo de lectura":"7 minutos"},"schema":{"@context":"https:\/\/schema.org","@graph":[{"@type":"WebPage","@id":"https:\/\/impera.cat\/es\/avis-legal\/","url":"https:\/\/impera.cat\/es\/avis-legal\/","name":"Aviso legal | IMPERA","isPartOf":{"@id":"https:\/\/impera.cat\/es\/#website"},"datePublished":"2025-04-14T09:09:45+00:00","dateModified":"2026-03-10T10:27:17+00:00","description":"Consulta el aviso legal del sitio web de IMPERA con informaci\u00f3n sobre titularidad, condiciones de uso y normativa aplicable.","breadcrumb":{"@id":"https:\/\/impera.cat\/es\/avis-legal\/#breadcrumb"},"inLanguage":"es","potentialAction":[{"@type":"ReadAction","target":["https:\/\/impera.cat\/es\/avis-legal\/"]}]},{"@type":"BreadcrumbList","@id":"https:\/\/impera.cat\/es\/avis-legal\/#breadcrumb","itemListElement":[{"@type":"ListItem","position":1,"name":"Inici","item":"https:\/\/impera.cat\/es\/"},{"@type":"ListItem","position":2,"name":"Av\u00eds legal"}]},{"@type":"WebSite","@id":"https:\/\/impera.cat\/es\/#website","url":"https:\/\/impera.cat\/es\/","name":"IMPERA - Impermeabilitzacions i a\u00efllaments d'obra nova, Rehabilitacions","description":"Impermeabilitzacions i a\u00efllaments d&#039;obra nova, Rehabilitacions","publisher":{"@id":"https:\/\/impera.cat\/es\/#organization"},"potentialAction":[{"@type":"SearchAction","target":{"@type":"EntryPoint","urlTemplate":"https:\/\/impera.cat\/es\/?s={search_term_string}"},"query-input":{"@type":"PropertyValueSpecification","valueRequired":true,"valueName":"search_term_string"}}],"inLanguage":"es"},{"@type":"Organization","@id":"https:\/\/impera.cat\/es\/#organization","name":"IMPERA - Impermeabilitzacions i a\u00efllaments d'obra nova, Rehabilitacions","url":"https:\/\/impera.cat\/es\/","logo":{"@type":"ImageObject","inLanguage":"es","@id":"https:\/\/impera.cat\/es\/#\/schema\/logo\/image\/","url":"https:\/\/impera.cat\/wp-content\/uploads\/2021\/10\/cropped-IMPERA-LOGO1-260x108-1.png","contentUrl":"https:\/\/impera.cat\/wp-content\/uploads\/2021\/10\/cropped-IMPERA-LOGO1-260x108-1.png","width":260,"height":108,"caption":"IMPERA - Impermeabilitzacions i a\u00efllaments d'obra nova, Rehabilitacions"},"image":{"@id":"https:\/\/impera.cat\/es\/#\/schema\/logo\/image\/"},"sameAs":["https:\/\/www.facebook.com\/profile.php?id=100063922969722","https:\/\/x.com\/impera_cat","https:\/\/www.instagram.com\/impera.cat\/","https:\/\/www.linkedin.com\/company\/impera-cat\/"]}]}},"_links":{"self":[{"href":"https:\/\/impera.cat\/es\/wp-json\/wp\/v2\/pages\/5159","targetHints":{"allow":["GET"]}}],"collection":[{"href":"https:\/\/impera.cat\/es\/wp-json\/wp\/v2\/pages"}],"about":[{"href":"https:\/\/impera.cat\/es\/wp-json\/wp\/v2\/types\/page"}],"author":[{"embeddable":true,"href":"https:\/\/impera.cat\/es\/wp-json\/wp\/v2\/users\/1"}],"replies":[{"embeddable":true,"href":"https:\/\/impera.cat\/es\/wp-json\/wp\/v2\/comments?post=5159"}],"version-history":[{"count":4,"href":"https:\/\/impera.cat\/es\/wp-json\/wp\/v2\/pages\/5159\/revisions"}],"predecessor-version":[{"id":8818,"href":"https:\/\/impera.cat\/es\/wp-json\/wp\/v2\/pages\/5159\/revisions\/8818"}],"wp:attachment":[{"href":"https:\/\/impera.cat\/es\/wp-json\/wp\/v2\/media?parent=5159"}],"curies":[{"name":"wp","href":"https:\/\/api.w.org\/{rel}","templated":true}]}}