{"id":5158,"date":"2025-04-14T10:26:57","date_gmt":"2025-04-14T08:26:57","guid":{"rendered":"https:\/\/www.impera.cat\/politica-de-cookies\/"},"modified":"2026-03-10T11:27:36","modified_gmt":"2026-03-10T10:27:36","slug":"politica-de-cookies","status":"publish","type":"page","link":"https:\/\/impera.cat\/es\/politica-de-cookies\/","title":{"rendered":"Pol\u00edtica de cookies"},"content":{"rendered":"\t\t<div data-elementor-type=\"wp-page\" data-elementor-id=\"5158\" class=\"elementor elementor-5158 elementor-4870\">\n\t\t\t\t\t\t<section class=\" elementor-section elementor-top-section elementor-element elementor-element-0b5ae41 elementor-section-boxed elementor-section-height-default elementor-section-height-default\" data-id=\"0b5ae41\" data-element_type=\"section\" data-e-type=\"section\">\r\n\t\t\t\t\t\t\t\t<div class=\"elementor-container elementor-column-gap-default\">\r\n\t\t\t\t\r\n\t\t\t\t\t\t\t\t<div class=\" elementor-column elementor-col-100 elementor-top-column elementor-element elementor-element-458b3da \" data-id=\"458b3da\" data-element_type=\"column\" data-e-type=\"column\">\r\n\r\n\t\t\t\t\r\n\t\t\t\t<div class=\"elementor-widget-wrap elementor-element-populated\">\r\n\t\t\t\t\t\t\t\t\t\t\r\n\t\t\t\t\t\t<div class=\"elementor-element elementor-element-0f5eac8 elementor-widget elementor-widget-text-editor\" data-id=\"0f5eac8\" data-element_type=\"widget\" data-e-type=\"widget\" data-widget_type=\"text-editor.default\">\n\t\t\t\t<div class=\"elementor-widget-container\">\n\t\t\t\t\t\t\t\t\t<p>Utilitzem cookies per a facilitar l&#8217;\u00fas de la nostra p\u00e0gina web. Les cookies s\u00f3n petits fitxers d&#8217;informaci\u00f3 que ens permeten comparar i entendre com els nostres usuaris naveguen a trav\u00e9s de la nostra p\u00e0gina web, i d&#8217;aquesta manera poder millorar conseq\u00fcentment el proc\u00e9s de navegaci\u00f3.<br>Les cookies que utilitzem no emmagatzemen cap dada personal, ni cap mena d&#8217;informaci\u00f3 que pugui identificar-li. En cas de no voler rebre cookies, si us plau configuri el seu navegador d&#8217;Internet perqu\u00e8 les esborri del disc dur del seu ordinador, les bloquegi o li avisi en cas d&#8217;instal\u00b7laci\u00f3 d&#8217;aquestes. Per a continuar sense canvis en la configuraci\u00f3 de les cookies, simplement continu\u00ef en la p\u00e0gina web.<\/p>\n<p>Pots obtenir m\u00e9s informaci\u00f3 sobre les cookies i el seu \u00fas en www.aboutcookies.org.<\/p>\n<p>Els tipus de cookies que utilitzem:<\/p>\n<p><b>Cookies estrictament necess\u00e0ries:<\/b><\/p>\n<p>Aquestes cookies s\u00f3n necess\u00e0ries per al correcte \u00fas de la p\u00e0gina web, permetent l&#8217;acc\u00e9s a seccions que compten amb filtres de seguretat. Sense aquestes cookies, molts dels serveis disponibles no estarien operatius.<\/p>\n<p><b>Cookies de Navegaci\u00f3:<\/b><\/p>\n<p>Aquestes cookies recullen informaci\u00f3 sobre l&#8217;\u00fas que les visites fan de la web, per exemple p\u00e0gines vistes, errors de c\u00e0rrega\u2026 \u00c9s informaci\u00f3 gen\u00e8rica i an\u00f2nima, on no s&#8217;inclouen dades<br>personals, ni es recull informaci\u00f3 que identifiqui als visitants; sent l&#8217;objectiu \u00faltim millorar el funcionament de la web.<br>En visitar la nostra p\u00e0gina web, accepta la instal\u00b7laci\u00f3 d&#8217;aquestes cookies en el seu dispositiu.<\/p>\n<p><b>Cookies Funcionals:<\/b><\/p>\n<p>Aquestes cookies permeten recordar informaci\u00f3 (com el seu nom d&#8217;usuari, idioma o la regi\u00f3 en la qual es troba) i caracter\u00edstiques m\u00e9s personals. Per exemple, la possibilitat d&#8217;oferir contingut personalitzat basat en la informaci\u00f3 i criteris que hagis proporcionat volunt\u00e0riament. Aquestes cookies tamb\u00e9 poden utilitzar-se per a recordar els canvis realitzats en la grand\u00e0ria del text, fonts i altres parts personalitzables de la p\u00e0gina web. Tamb\u00e9 s&#8217;utilitzen per a oferir alguns serveis sol\u00b7licitats, com veure un v\u00eddeo o comentar en un blog. La informaci\u00f3 que recopilen aquestes cookies pot ser an\u00f2nima i no podr\u00e0 ser seguida la seva activitat en altres p\u00e0gines web.<br>En visitar la nostra p\u00e0gina web, acceptes la instal\u00b7laci\u00f3 d&#8217;aquestes cookies en el teu dispositiu.<\/p>\t\t\t\t\t\t\t\t<\/div>\n\t\t\t\t<\/div>\n\t\t\t\t\t\t<\/div>\r\n\t\t\t\t<\/div>\r\n\t\t\t\t\t\t\t\t<\/div>\r\n\t\t\t<\/section>\r\n\t\t\t\t\t<\/div>\n\t\t","protected":false},"excerpt":{"rendered":"<p>Utilitzem cookies per a facilitar l&#8217;\u00fas de la nostra p\u00e0gina web. Les cookies s\u00f3n petits fitxers d&#8217;informaci\u00f3 que ens permeten comparar i entendre com els nostres usuaris naveguen a trav\u00e9s de la nostra p\u00e0gina web, i d&#8217;aquesta manera poder millorar conseq\u00fcentment el proc\u00e9s de navegaci\u00f3.Les cookies que utilitzem no emmagatzemen cap dada personal, ni cap [&hellip;]<\/p>\n","protected":false},"author":1,"featured_media":0,"parent":0,"menu_order":0,"comment_status":"closed","ping_status":"closed","template":"","meta":{"_acf_changed":false,"footnotes":""},"class_list":["post-5158","page","type-page","status-publish","hentry"],"acf":[],"yoast_head":"<!-- This site is optimized with the Yoast SEO plugin v27.3 - https:\/\/yoast.com\/product\/yoast-seo-wordpress\/ -->\n<title>Pol\u00edtica de cookies | IMPERA<\/title>\n<meta name=\"description\" content=\"Informaci\u00f3n sobre el uso de cookies en la web de IMPERA, tipos de cookies utilizadas y c\u00f3mo configurarlas o desactivarlas.\" \/>\n<meta name=\"robots\" content=\"index, follow, max-snippet:-1, max-image-preview:large, max-video-preview:-1\" \/>\n<link rel=\"canonical\" href=\"https:\/\/impera.cat\/es\/politica-de-cookies\/\" \/>\n<meta property=\"og:locale\" content=\"es_ES\" \/>\n<meta property=\"og:type\" content=\"article\" \/>\n<meta property=\"og:title\" content=\"Pol\u00edtica de cookies | IMPERA\" \/>\n<meta property=\"og:description\" content=\"Informaci\u00f3n sobre el uso de cookies en la web de IMPERA, tipos de cookies utilizadas y c\u00f3mo configurarlas o desactivarlas.\" \/>\n<meta property=\"og:url\" content=\"https:\/\/impera.cat\/es\/politica-de-cookies\/\" \/>\n<meta property=\"og:site_name\" content=\"IMPERA - Impermeabilitzacions i a\u00efllaments d&#039;obra nova, Rehabilitacions\" \/>\n<meta property=\"article:publisher\" content=\"https:\/\/www.facebook.com\/profile.php?id=100063922969722\" \/>\n<meta property=\"article:modified_time\" content=\"2026-03-10T10:27:36+00:00\" \/>\n<meta name=\"twitter:card\" content=\"summary_large_image\" \/>\n<meta name=\"twitter:site\" content=\"@impera_cat\" \/>\n<meta name=\"twitter:label1\" content=\"Tiempo de lectura\" \/>\n\t<meta name=\"twitter:data1\" content=\"2 minutos\" \/>\n<script type=\"application\/ld+json\" class=\"yoast-schema-graph\">{\"@context\":\"https:\\\/\\\/schema.org\",\"@graph\":[{\"@type\":\"WebPage\",\"@id\":\"https:\\\/\\\/impera.cat\\\/es\\\/politica-de-cookies\\\/\",\"url\":\"https:\\\/\\\/impera.cat\\\/es\\\/politica-de-cookies\\\/\",\"name\":\"Pol\u00edtica de cookies | IMPERA\",\"isPartOf\":{\"@id\":\"https:\\\/\\\/impera.cat\\\/es\\\/#website\"},\"datePublished\":\"2025-04-14T08:26:57+00:00\",\"dateModified\":\"2026-03-10T10:27:36+00:00\",\"description\":\"Informaci\u00f3n sobre el uso de cookies en la web de IMPERA, tipos de cookies utilizadas y c\u00f3mo configurarlas o desactivarlas.\",\"breadcrumb\":{\"@id\":\"https:\\\/\\\/impera.cat\\\/es\\\/politica-de-cookies\\\/#breadcrumb\"},\"inLanguage\":\"es\",\"potentialAction\":[{\"@type\":\"ReadAction\",\"target\":[\"https:\\\/\\\/impera.cat\\\/es\\\/politica-de-cookies\\\/\"]}]},{\"@type\":\"BreadcrumbList\",\"@id\":\"https:\\\/\\\/impera.cat\\\/es\\\/politica-de-cookies\\\/#breadcrumb\",\"itemListElement\":[{\"@type\":\"ListItem\",\"position\":1,\"name\":\"Inici\",\"item\":\"https:\\\/\\\/impera.cat\\\/es\\\/\"},{\"@type\":\"ListItem\",\"position\":2,\"name\":\"Pol\u00edtica de cookies\"}]},{\"@type\":\"WebSite\",\"@id\":\"https:\\\/\\\/impera.cat\\\/es\\\/#website\",\"url\":\"https:\\\/\\\/impera.cat\\\/es\\\/\",\"name\":\"IMPERA - Impermeabilitzacions i a\u00efllaments d'obra nova, Rehabilitacions\",\"description\":\"Impermeabilitzacions i a\u00efllaments d&#039;obra nova, Rehabilitacions\",\"publisher\":{\"@id\":\"https:\\\/\\\/impera.cat\\\/es\\\/#organization\"},\"potentialAction\":[{\"@type\":\"SearchAction\",\"target\":{\"@type\":\"EntryPoint\",\"urlTemplate\":\"https:\\\/\\\/impera.cat\\\/es\\\/?s={search_term_string}\"},\"query-input\":{\"@type\":\"PropertyValueSpecification\",\"valueRequired\":true,\"valueName\":\"search_term_string\"}}],\"inLanguage\":\"es\"},{\"@type\":\"Organization\",\"@id\":\"https:\\\/\\\/impera.cat\\\/es\\\/#organization\",\"name\":\"IMPERA - Impermeabilitzacions i a\u00efllaments d'obra nova, Rehabilitacions\",\"url\":\"https:\\\/\\\/impera.cat\\\/es\\\/\",\"logo\":{\"@type\":\"ImageObject\",\"inLanguage\":\"es\",\"@id\":\"https:\\\/\\\/impera.cat\\\/es\\\/#\\\/schema\\\/logo\\\/image\\\/\",\"url\":\"https:\\\/\\\/impera.cat\\\/wp-content\\\/uploads\\\/2021\\\/10\\\/cropped-IMPERA-LOGO1-260x108-1.png\",\"contentUrl\":\"https:\\\/\\\/impera.cat\\\/wp-content\\\/uploads\\\/2021\\\/10\\\/cropped-IMPERA-LOGO1-260x108-1.png\",\"width\":260,\"height\":108,\"caption\":\"IMPERA - Impermeabilitzacions i a\u00efllaments d'obra nova, Rehabilitacions\"},\"image\":{\"@id\":\"https:\\\/\\\/impera.cat\\\/es\\\/#\\\/schema\\\/logo\\\/image\\\/\"},\"sameAs\":[\"https:\\\/\\\/www.facebook.com\\\/profile.php?id=100063922969722\",\"https:\\\/\\\/x.com\\\/impera_cat\",\"https:\\\/\\\/www.instagram.com\\\/impera.cat\\\/\",\"https:\\\/\\\/www.linkedin.com\\\/company\\\/impera-cat\\\/\"]}]}<\/script>\n<!-- \/ Yoast SEO plugin. -->","yoast_head_json":{"title":"Pol\u00edtica de cookies | IMPERA","description":"Informaci\u00f3n sobre el uso de cookies en la web de IMPERA, tipos de cookies utilizadas y c\u00f3mo configurarlas o desactivarlas.","robots":{"index":"index","follow":"follow","max-snippet":"max-snippet:-1","max-image-preview":"max-image-preview:large","max-video-preview":"max-video-preview:-1"},"canonical":"https:\/\/impera.cat\/es\/politica-de-cookies\/","og_locale":"es_ES","og_type":"article","og_title":"Pol\u00edtica de cookies | IMPERA","og_description":"Informaci\u00f3n sobre el uso de cookies en la web de IMPERA, tipos de cookies utilizadas y c\u00f3mo configurarlas o desactivarlas.","og_url":"https:\/\/impera.cat\/es\/politica-de-cookies\/","og_site_name":"IMPERA - Impermeabilitzacions i a\u00efllaments d&#039;obra nova, Rehabilitacions","article_publisher":"https:\/\/www.facebook.com\/profile.php?id=100063922969722","article_modified_time":"2026-03-10T10:27:36+00:00","twitter_card":"summary_large_image","twitter_site":"@impera_cat","twitter_misc":{"Tiempo de lectura":"2 minutos"},"schema":{"@context":"https:\/\/schema.org","@graph":[{"@type":"WebPage","@id":"https:\/\/impera.cat\/es\/politica-de-cookies\/","url":"https:\/\/impera.cat\/es\/politica-de-cookies\/","name":"Pol\u00edtica de cookies | IMPERA","isPartOf":{"@id":"https:\/\/impera.cat\/es\/#website"},"datePublished":"2025-04-14T08:26:57+00:00","dateModified":"2026-03-10T10:27:36+00:00","description":"Informaci\u00f3n sobre el uso de cookies en la web de IMPERA, tipos de cookies utilizadas y c\u00f3mo configurarlas o desactivarlas.","breadcrumb":{"@id":"https:\/\/impera.cat\/es\/politica-de-cookies\/#breadcrumb"},"inLanguage":"es","potentialAction":[{"@type":"ReadAction","target":["https:\/\/impera.cat\/es\/politica-de-cookies\/"]}]},{"@type":"BreadcrumbList","@id":"https:\/\/impera.cat\/es\/politica-de-cookies\/#breadcrumb","itemListElement":[{"@type":"ListItem","position":1,"name":"Inici","item":"https:\/\/impera.cat\/es\/"},{"@type":"ListItem","position":2,"name":"Pol\u00edtica de cookies"}]},{"@type":"WebSite","@id":"https:\/\/impera.cat\/es\/#website","url":"https:\/\/impera.cat\/es\/","name":"IMPERA - Impermeabilitzacions i a\u00efllaments d'obra nova, Rehabilitacions","description":"Impermeabilitzacions i a\u00efllaments d&#039;obra nova, Rehabilitacions","publisher":{"@id":"https:\/\/impera.cat\/es\/#organization"},"potentialAction":[{"@type":"SearchAction","target":{"@type":"EntryPoint","urlTemplate":"https:\/\/impera.cat\/es\/?s={search_term_string}"},"query-input":{"@type":"PropertyValueSpecification","valueRequired":true,"valueName":"search_term_string"}}],"inLanguage":"es"},{"@type":"Organization","@id":"https:\/\/impera.cat\/es\/#organization","name":"IMPERA - Impermeabilitzacions i a\u00efllaments d'obra nova, Rehabilitacions","url":"https:\/\/impera.cat\/es\/","logo":{"@type":"ImageObject","inLanguage":"es","@id":"https:\/\/impera.cat\/es\/#\/schema\/logo\/image\/","url":"https:\/\/impera.cat\/wp-content\/uploads\/2021\/10\/cropped-IMPERA-LOGO1-260x108-1.png","contentUrl":"https:\/\/impera.cat\/wp-content\/uploads\/2021\/10\/cropped-IMPERA-LOGO1-260x108-1.png","width":260,"height":108,"caption":"IMPERA - Impermeabilitzacions i a\u00efllaments d'obra nova, Rehabilitacions"},"image":{"@id":"https:\/\/impera.cat\/es\/#\/schema\/logo\/image\/"},"sameAs":["https:\/\/www.facebook.com\/profile.php?id=100063922969722","https:\/\/x.com\/impera_cat","https:\/\/www.instagram.com\/impera.cat\/","https:\/\/www.linkedin.com\/company\/impera-cat\/"]}]}},"_links":{"self":[{"href":"https:\/\/impera.cat\/es\/wp-json\/wp\/v2\/pages\/5158","targetHints":{"allow":["GET"]}}],"collection":[{"href":"https:\/\/impera.cat\/es\/wp-json\/wp\/v2\/pages"}],"about":[{"href":"https:\/\/impera.cat\/es\/wp-json\/wp\/v2\/types\/page"}],"author":[{"embeddable":true,"href":"https:\/\/impera.cat\/es\/wp-json\/wp\/v2\/users\/1"}],"replies":[{"embeddable":true,"href":"https:\/\/impera.cat\/es\/wp-json\/wp\/v2\/comments?post=5158"}],"version-history":[{"count":4,"href":"https:\/\/impera.cat\/es\/wp-json\/wp\/v2\/pages\/5158\/revisions"}],"predecessor-version":[{"id":8817,"href":"https:\/\/impera.cat\/es\/wp-json\/wp\/v2\/pages\/5158\/revisions\/8817"}],"wp:attachment":[{"href":"https:\/\/impera.cat\/es\/wp-json\/wp\/v2\/media?parent=5158"}],"curies":[{"name":"wp","href":"https:\/\/api.w.org\/{rel}","templated":true}]}}