{"id":6008,"date":"2025-06-16T15:32:35","date_gmt":"2025-06-16T13:32:35","guid":{"rendered":"https:\/\/www.impera.cat\/new-build\/roof-finishes-engravings-tile-landscaped\/"},"modified":"2023-07-14T16:39:15","modified_gmt":"2023-07-14T14:39:15","slug":"roof-finishes-engravings-tile-landscaped","status":"publish","type":"page","link":"https:\/\/impera.cat\/en\/new-build\/roof-finishes-engravings-tile-landscaped\/","title":{"rendered":"Roof finishes (engravings, tile, landscaped)"},"content":{"rendered":"\t\t<div data-elementor-type=\"wp-page\" data-elementor-id=\"6008\" class=\"elementor elementor-6008 elementor-3944\">\n\t\t\t\t\t\t<section class=\" elementor-section elementor-top-section elementor-element elementor-element-3a862f6 elementor-section-boxed elementor-section-height-default elementor-section-height-default\" data-id=\"3a862f6\" data-element_type=\"section\" data-e-type=\"section\">\r\n\t\t\t\t\t\t\t\t<div class=\"elementor-container elementor-column-gap-default\">\r\n\t\t\t\t\r\n\t\t\t\t\t\t\t\t<div class=\" elementor-column elementor-col-33 elementor-top-column elementor-element elementor-element-be8877e \" data-id=\"be8877e\" data-element_type=\"column\" data-e-type=\"column\">\r\n\r\n\t\t\t\t\r\n\t\t\t\t<div class=\"elementor-widget-wrap elementor-element-populated\">\r\n\t\t\t\t\t\t\t\t\t\t\r\n\t\t\t\t\t\t<div class=\"elementor-element elementor-element-cabeda9 animated-slow elementor-invisible elementor-widget elementor-widget-udesign_widget_menu\" data-id=\"cabeda9\" data-element_type=\"widget\" data-e-type=\"widget\" data-settings=\"{&quot;_animation&quot;:&quot;fadeIn&quot;}\" data-widget_type=\"udesign_widget_menu.default\">\n\t\t\t\t<div class=\"elementor-widget-container\">\n\t\t\t\t\t<nav class=\" obra-nova-menu\"><ul id=\"menu-obra-nova-menu-english\" class=\"menu  vertical-menu lazy-menu menu-active-underline\"><li id=\"menu-item-6416\" class=\"menu-item menu-item-type-post_type menu-item-object-page menu-item-6416\"><a rel=\"nofollow\" href=\"https:\/\/impera.cat\/en\/new-build\/formation-of-slopes-with-aerated-concrete\/\">Formation of slopes with aerated concrete<\/a><\/li>\n<li id=\"menu-item-6417\" class=\"menu-item menu-item-type-post_type menu-item-object-page menu-item-6417\"><a rel=\"nofollow\" href=\"https:\/\/impera.cat\/en\/new-build\/asphalt-sheet-waterproofing\/\">Asphalt sheet waterproofing<\/a><\/li>\n<li id=\"menu-item-6418\" class=\"menu-item menu-item-type-post_type menu-item-object-page menu-item-6418\"><a rel=\"nofollow\" href=\"https:\/\/impera.cat\/en\/new-build\/synthetic-sheet-waterproofing\/\">Synthetic sheet waterproofing<\/a><\/li>\n<li id=\"menu-item-6419\" class=\"menu-item menu-item-type-post_type menu-item-object-page menu-item-6419\"><a rel=\"nofollow\" href=\"https:\/\/impera.cat\/en\/new-build\/continuous-waterproofing\/\">Continuous waterproofing<\/a><\/li>\n<li id=\"menu-item-6436\" class=\"menu-item menu-item-type-post_type menu-item-object-page menu-item-6436\"><a rel=\"nofollow\" href=\"https:\/\/impera.cat\/en\/new-build\/geotextiles-and-separating-layers\/\">Geotextiles and separating layers<\/a><\/li>\n<li id=\"menu-item-6437\" class=\"menu-item menu-item-type-post_type menu-item-object-page menu-item-6437\"><a rel=\"nofollow\" href=\"https:\/\/impera.cat\/en\/new-build\/roof-finishes-engravings-tile-landscaped\/\">Roof finishes (engravings, tile, landscaped)<\/a><\/li>\n<li id=\"menu-item-6438\" class=\"menu-item menu-item-type-post_type menu-item-object-page menu-item-6438\"><a rel=\"nofollow\" href=\"https:\/\/impera.cat\/en\/new-build\/thermal-insulation\/\">Thermal insulation<\/a><\/li>\n<li id=\"menu-item-6439\" class=\"menu-item menu-item-type-post_type menu-item-object-page menu-item-6439\"><a rel=\"nofollow\" href=\"https:\/\/impera.cat\/en\/new-build\/tightness-tests\/\">Tightness tests<\/a><\/li>\n<\/ul><\/nav>\t\t\t\t<\/div>\n\t\t\t\t<\/div>\n\t\t\t\t\t\t<\/div>\r\n\t\t\t\t<\/div>\r\n\t\t\t\t\t\t\t\t\t<div class=\" elementor-column elementor-col-66 elementor-top-column elementor-element elementor-element-ec8a713 \" data-id=\"ec8a713\" data-element_type=\"column\" data-e-type=\"column\">\r\n\r\n\t\t\t\t\r\n\t\t\t\t<div class=\"elementor-widget-wrap elementor-element-populated\">\r\n\t\t\t\t\t\t\t\t\t\t\r\n\t\t\t\t\t\t<div class=\"elementor-element elementor-element-f56b73a elementor-widget elementor-widget-heading\" data-id=\"f56b73a\" data-element_type=\"widget\" data-e-type=\"widget\" data-widget_type=\"heading.default\">\n\t\t\t\t<div class=\"elementor-widget-container\">\n\t\t\t\t\t<h2 class=\"elementor-heading-title elementor-size-default\">Roof finishes (engravings, tile, landscaped)<\/h2>\t\t\t\t<\/div>\n\t\t\t\t<\/div>\n\t\t\t\t<div class=\"elementor-element elementor-element-ef1b9be elementor-widget elementor-widget-text-editor\" data-id=\"ef1b9be\" data-element_type=\"widget\" data-e-type=\"widget\" data-widget_type=\"text-editor.default\">\n\t\t\t\t<div class=\"elementor-widget-container\">\n\t\t\t\t\t\t\t\t\t<p style=\"text-align: justify;\">If a waterproofing system is visible, it must have some kind of self-protection against the sun and the vast majority will be considered impassable \/ visitable. he rest of the systems have to be protected or ballasted, as is the case with inverted roofs. For protection and finishing, various types of construction materials are normally used, ceramic tiles, stoneware, slabs, concrete, etc., to ballast the inverted roofs, the rolling edge engraving is the most common, although there are also other materials, like volcanic rock.<\/p>\n<p style=\"text-align: justify;\">The garden roof, also called an ecological roof or simply a planter, is a waterproofing that permanently retains water is especially delicate. To avoid problems, you will have to take into account and respect several points and issues, both in its approach and in its execution and finish, always contact us.<\/p>\n<p style=\"text-align: justify;\">As specialists in the realization of this type of Roofing, at IMPERA Waterproofing, we direct all our technical and human resources to provide a personalized service to our\nclients, maintaining an open and constructive relationship at all times based on trust and constant communication, to define the best solutions and apply the most appropriate systems for each case.<\/p>\n<p style=\"text-align: justify;\">Each project is different and we provide them and inform them of the most suitable solution both in the choice of the different products offered by the sector, and in the coordination and execution of the work , so that you can make a good decision on this issue.<\/p>\t\t\t\t\t\t\t\t<\/div>\n\t\t\t\t<\/div>\n\t\t\t\t\t\t<\/div>\r\n\t\t\t\t<\/div>\r\n\t\t\t\t\t\t\t\t<\/div>\r\n\t\t\t<\/section>\r\n\t\t\t\t\t<\/div>\n\t\t","protected":false},"excerpt":{"rendered":"<p>Formaci\u00f3 de pendents amb formig\u00f3 cel\u2022lular Impermeabilitzacions amb l\u00e0mina asf\u00e0ltica Impermeabilitzacions amb l\u00e0mina sint\u00e8tica Impermeabilitzacions continues Geot\u00e8xtils i capes separadores Acabats de coberta (graves, rajola, enjardinada) A\u00efllaments t\u00e8rmics Proves d\u2019estanque\u00eftat Roof finishes (engravings, tile, landscaped) If a waterproofing system is visible, it must have some kind of self-protection against the sun and the vast majority [&hellip;]<\/p>\n","protected":false},"author":1,"featured_media":0,"parent":5940,"menu_order":60,"comment_status":"closed","ping_status":"closed","template":"","meta":{"_acf_changed":false,"footnotes":""},"class_list":["post-6008","page","type-page","status-publish","hentry"],"acf":[],"yoast_head":"<!-- This site is optimized with the Yoast SEO plugin v27.3 - https:\/\/yoast.com\/product\/yoast-seo-wordpress\/ -->\n<title>Roof finishes (engravings, tile, landscaped) - IMPERA - Impermeabilitzacions i a\u00efllaments d&#039;obra nova, Rehabilitacions<\/title>\n<meta name=\"robots\" content=\"index, follow, max-snippet:-1, max-image-preview:large, max-video-preview:-1\" \/>\n<link rel=\"canonical\" href=\"https:\/\/impera.cat\/en\/new-build\/roof-finishes-engravings-tile-landscaped\/\" \/>\n<meta property=\"og:locale\" content=\"en_US\" \/>\n<meta property=\"og:type\" content=\"article\" \/>\n<meta property=\"og:title\" content=\"Roof finishes (engravings, tile, landscaped) - IMPERA - Impermeabilitzacions i a\u00efllaments d&#039;obra nova, Rehabilitacions\" \/>\n<meta property=\"og:description\" content=\"Formaci\u00f3 de pendents amb formig\u00f3 cel\u2022lular Impermeabilitzacions amb l\u00e0mina asf\u00e0ltica Impermeabilitzacions amb l\u00e0mina sint\u00e8tica Impermeabilitzacions continues Geot\u00e8xtils i capes separadores Acabats de coberta (graves, rajola, enjardinada) A\u00efllaments t\u00e8rmics Proves d\u2019estanque\u00eftat Roof finishes (engravings, tile, landscaped) If a waterproofing system is visible, it must have some kind of self-protection against the sun and the vast majority [&hellip;]\" \/>\n<meta property=\"og:url\" content=\"https:\/\/impera.cat\/en\/new-build\/roof-finishes-engravings-tile-landscaped\/\" \/>\n<meta property=\"og:site_name\" content=\"IMPERA - Impermeabilitzacions i a\u00efllaments d&#039;obra nova, Rehabilitacions\" \/>\n<meta property=\"article:publisher\" content=\"https:\/\/www.facebook.com\/profile.php?id=100063922969722\" \/>\n<meta name=\"twitter:card\" content=\"summary_large_image\" \/>\n<meta name=\"twitter:site\" content=\"@impera_cat\" \/>\n<meta name=\"twitter:label1\" content=\"Est. reading time\" \/>\n\t<meta name=\"twitter:data1\" content=\"1 minute\" \/>\n<script type=\"application\/ld+json\" class=\"yoast-schema-graph\">{\"@context\":\"https:\\\/\\\/schema.org\",\"@graph\":[{\"@type\":\"WebPage\",\"@id\":\"https:\\\/\\\/impera.cat\\\/en\\\/new-build\\\/roof-finishes-engravings-tile-landscaped\\\/\",\"url\":\"https:\\\/\\\/impera.cat\\\/en\\\/new-build\\\/roof-finishes-engravings-tile-landscaped\\\/\",\"name\":\"Roof finishes (engravings, tile, landscaped) - IMPERA - Impermeabilitzacions i a\u00efllaments d&#039;obra nova, Rehabilitacions\",\"isPartOf\":{\"@id\":\"https:\\\/\\\/impera.cat\\\/en\\\/#website\"},\"datePublished\":\"2025-06-16T13:32:35+00:00\",\"breadcrumb\":{\"@id\":\"https:\\\/\\\/impera.cat\\\/en\\\/new-build\\\/roof-finishes-engravings-tile-landscaped\\\/#breadcrumb\"},\"inLanguage\":\"en-US\",\"potentialAction\":[{\"@type\":\"ReadAction\",\"target\":[\"https:\\\/\\\/impera.cat\\\/en\\\/new-build\\\/roof-finishes-engravings-tile-landscaped\\\/\"]}]},{\"@type\":\"BreadcrumbList\",\"@id\":\"https:\\\/\\\/impera.cat\\\/en\\\/new-build\\\/roof-finishes-engravings-tile-landscaped\\\/#breadcrumb\",\"itemListElement\":[{\"@type\":\"ListItem\",\"position\":1,\"name\":\"Inici\",\"item\":\"https:\\\/\\\/impera.cat\\\/en\\\/\"},{\"@type\":\"ListItem\",\"position\":2,\"name\":\"New build\",\"item\":\"https:\\\/\\\/impera.cat\\\/en\\\/obra-nova\\\/\"},{\"@type\":\"ListItem\",\"position\":3,\"name\":\"Roof finishes (engravings, tile, landscaped)\"}]},{\"@type\":\"WebSite\",\"@id\":\"https:\\\/\\\/impera.cat\\\/en\\\/#website\",\"url\":\"https:\\\/\\\/impera.cat\\\/en\\\/\",\"name\":\"IMPERA - Impermeabilitzacions i a\u00efllaments d'obra nova, Rehabilitacions\",\"description\":\"Impermeabilitzacions i a\u00efllaments d&#039;obra nova, Rehabilitacions\",\"publisher\":{\"@id\":\"https:\\\/\\\/impera.cat\\\/en\\\/#organization\"},\"potentialAction\":[{\"@type\":\"SearchAction\",\"target\":{\"@type\":\"EntryPoint\",\"urlTemplate\":\"https:\\\/\\\/impera.cat\\\/en\\\/?s={search_term_string}\"},\"query-input\":{\"@type\":\"PropertyValueSpecification\",\"valueRequired\":true,\"valueName\":\"search_term_string\"}}],\"inLanguage\":\"en-US\"},{\"@type\":\"Organization\",\"@id\":\"https:\\\/\\\/impera.cat\\\/en\\\/#organization\",\"name\":\"IMPERA - Impermeabilitzacions i a\u00efllaments d'obra nova, Rehabilitacions\",\"url\":\"https:\\\/\\\/impera.cat\\\/en\\\/\",\"logo\":{\"@type\":\"ImageObject\",\"inLanguage\":\"en-US\",\"@id\":\"https:\\\/\\\/impera.cat\\\/en\\\/#\\\/schema\\\/logo\\\/image\\\/\",\"url\":\"https:\\\/\\\/impera.cat\\\/wp-content\\\/uploads\\\/2021\\\/10\\\/cropped-IMPERA-LOGO1-260x108-1.png\",\"contentUrl\":\"https:\\\/\\\/impera.cat\\\/wp-content\\\/uploads\\\/2021\\\/10\\\/cropped-IMPERA-LOGO1-260x108-1.png\",\"width\":260,\"height\":108,\"caption\":\"IMPERA - Impermeabilitzacions i a\u00efllaments d'obra nova, Rehabilitacions\"},\"image\":{\"@id\":\"https:\\\/\\\/impera.cat\\\/en\\\/#\\\/schema\\\/logo\\\/image\\\/\"},\"sameAs\":[\"https:\\\/\\\/www.facebook.com\\\/profile.php?id=100063922969722\",\"https:\\\/\\\/x.com\\\/impera_cat\",\"https:\\\/\\\/www.instagram.com\\\/impera.cat\\\/\",\"https:\\\/\\\/www.linkedin.com\\\/company\\\/impera-cat\\\/\"]}]}<\/script>\n<!-- \/ Yoast SEO plugin. -->","yoast_head_json":{"title":"Roof finishes (engravings, tile, landscaped) - IMPERA - Impermeabilitzacions i a\u00efllaments d&#039;obra nova, Rehabilitacions","robots":{"index":"index","follow":"follow","max-snippet":"max-snippet:-1","max-image-preview":"max-image-preview:large","max-video-preview":"max-video-preview:-1"},"canonical":"https:\/\/impera.cat\/en\/new-build\/roof-finishes-engravings-tile-landscaped\/","og_locale":"en_US","og_type":"article","og_title":"Roof finishes (engravings, tile, landscaped) - IMPERA - Impermeabilitzacions i a\u00efllaments d&#039;obra nova, Rehabilitacions","og_description":"Formaci\u00f3 de pendents amb formig\u00f3 cel\u2022lular Impermeabilitzacions amb l\u00e0mina asf\u00e0ltica Impermeabilitzacions amb l\u00e0mina sint\u00e8tica Impermeabilitzacions continues Geot\u00e8xtils i capes separadores Acabats de coberta (graves, rajola, enjardinada) A\u00efllaments t\u00e8rmics Proves d\u2019estanque\u00eftat Roof finishes (engravings, tile, landscaped) If a waterproofing system is visible, it must have some kind of self-protection against the sun and the vast majority [&hellip;]","og_url":"https:\/\/impera.cat\/en\/new-build\/roof-finishes-engravings-tile-landscaped\/","og_site_name":"IMPERA - Impermeabilitzacions i a\u00efllaments d&#039;obra nova, Rehabilitacions","article_publisher":"https:\/\/www.facebook.com\/profile.php?id=100063922969722","twitter_card":"summary_large_image","twitter_site":"@impera_cat","twitter_misc":{"Est. reading time":"1 minute"},"schema":{"@context":"https:\/\/schema.org","@graph":[{"@type":"WebPage","@id":"https:\/\/impera.cat\/en\/new-build\/roof-finishes-engravings-tile-landscaped\/","url":"https:\/\/impera.cat\/en\/new-build\/roof-finishes-engravings-tile-landscaped\/","name":"Roof finishes (engravings, tile, landscaped) - IMPERA - Impermeabilitzacions i a\u00efllaments d&#039;obra nova, Rehabilitacions","isPartOf":{"@id":"https:\/\/impera.cat\/en\/#website"},"datePublished":"2025-06-16T13:32:35+00:00","breadcrumb":{"@id":"https:\/\/impera.cat\/en\/new-build\/roof-finishes-engravings-tile-landscaped\/#breadcrumb"},"inLanguage":"en-US","potentialAction":[{"@type":"ReadAction","target":["https:\/\/impera.cat\/en\/new-build\/roof-finishes-engravings-tile-landscaped\/"]}]},{"@type":"BreadcrumbList","@id":"https:\/\/impera.cat\/en\/new-build\/roof-finishes-engravings-tile-landscaped\/#breadcrumb","itemListElement":[{"@type":"ListItem","position":1,"name":"Inici","item":"https:\/\/impera.cat\/en\/"},{"@type":"ListItem","position":2,"name":"New build","item":"https:\/\/impera.cat\/en\/obra-nova\/"},{"@type":"ListItem","position":3,"name":"Roof finishes (engravings, tile, landscaped)"}]},{"@type":"WebSite","@id":"https:\/\/impera.cat\/en\/#website","url":"https:\/\/impera.cat\/en\/","name":"IMPERA - Impermeabilitzacions i a\u00efllaments d'obra nova, Rehabilitacions","description":"Impermeabilitzacions i a\u00efllaments d&#039;obra nova, Rehabilitacions","publisher":{"@id":"https:\/\/impera.cat\/en\/#organization"},"potentialAction":[{"@type":"SearchAction","target":{"@type":"EntryPoint","urlTemplate":"https:\/\/impera.cat\/en\/?s={search_term_string}"},"query-input":{"@type":"PropertyValueSpecification","valueRequired":true,"valueName":"search_term_string"}}],"inLanguage":"en-US"},{"@type":"Organization","@id":"https:\/\/impera.cat\/en\/#organization","name":"IMPERA - Impermeabilitzacions i a\u00efllaments d'obra nova, Rehabilitacions","url":"https:\/\/impera.cat\/en\/","logo":{"@type":"ImageObject","inLanguage":"en-US","@id":"https:\/\/impera.cat\/en\/#\/schema\/logo\/image\/","url":"https:\/\/impera.cat\/wp-content\/uploads\/2021\/10\/cropped-IMPERA-LOGO1-260x108-1.png","contentUrl":"https:\/\/impera.cat\/wp-content\/uploads\/2021\/10\/cropped-IMPERA-LOGO1-260x108-1.png","width":260,"height":108,"caption":"IMPERA - Impermeabilitzacions i a\u00efllaments d'obra nova, Rehabilitacions"},"image":{"@id":"https:\/\/impera.cat\/en\/#\/schema\/logo\/image\/"},"sameAs":["https:\/\/www.facebook.com\/profile.php?id=100063922969722","https:\/\/x.com\/impera_cat","https:\/\/www.instagram.com\/impera.cat\/","https:\/\/www.linkedin.com\/company\/impera-cat\/"]}]}},"_links":{"self":[{"href":"https:\/\/impera.cat\/en\/wp-json\/wp\/v2\/pages\/6008","targetHints":{"allow":["GET"]}}],"collection":[{"href":"https:\/\/impera.cat\/en\/wp-json\/wp\/v2\/pages"}],"about":[{"href":"https:\/\/impera.cat\/en\/wp-json\/wp\/v2\/types\/page"}],"author":[{"embeddable":true,"href":"https:\/\/impera.cat\/en\/wp-json\/wp\/v2\/users\/1"}],"replies":[{"embeddable":true,"href":"https:\/\/impera.cat\/en\/wp-json\/wp\/v2\/comments?post=6008"}],"version-history":[{"count":1,"href":"https:\/\/impera.cat\/en\/wp-json\/wp\/v2\/pages\/6008\/revisions"}],"predecessor-version":[{"id":6009,"href":"https:\/\/impera.cat\/en\/wp-json\/wp\/v2\/pages\/6008\/revisions\/6009"}],"up":[{"embeddable":true,"href":"https:\/\/impera.cat\/en\/wp-json\/wp\/v2\/pages\/5940"}],"wp:attachment":[{"href":"https:\/\/impera.cat\/en\/wp-json\/wp\/v2\/media?parent=6008"}],"curies":[{"name":"wp","href":"https:\/\/api.w.org\/{rel}","templated":true}]}}