{"id":5998,"date":"2025-05-16T15:31:05","date_gmt":"2025-05-16T13:31:05","guid":{"rendered":"https:\/\/www.impera.cat\/new-build\/geotextiles-and-separating-layers\/"},"modified":"2023-07-14T16:32:19","modified_gmt":"2023-07-14T14:32:19","slug":"geotextiles-and-separating-layers","status":"publish","type":"page","link":"https:\/\/impera.cat\/en\/new-build\/geotextiles-and-separating-layers\/","title":{"rendered":"Geotextiles and separating layers"},"content":{"rendered":"\t\t<div data-elementor-type=\"wp-page\" data-elementor-id=\"5998\" class=\"elementor elementor-5998 elementor-3936\">\n\t\t\t\t\t\t<section class=\" elementor-section elementor-top-section elementor-element elementor-element-8e71838 elementor-section-boxed elementor-section-height-default elementor-section-height-default\" data-id=\"8e71838\" data-element_type=\"section\" data-e-type=\"section\">\r\n\t\t\t\t\t\t\t\t<div class=\"elementor-container elementor-column-gap-default\">\r\n\t\t\t\t\r\n\t\t\t\t\t\t\t\t<div class=\" elementor-column elementor-col-33 elementor-top-column elementor-element elementor-element-cc8c5e8 \" data-id=\"cc8c5e8\" data-element_type=\"column\" data-e-type=\"column\">\r\n\r\n\t\t\t\t\r\n\t\t\t\t<div class=\"elementor-widget-wrap elementor-element-populated\">\r\n\t\t\t\t\t\t\t\t\t\t\r\n\t\t\t\t\t\t<div class=\"elementor-element elementor-element-7520146 animated-slow elementor-invisible elementor-widget elementor-widget-udesign_widget_menu\" data-id=\"7520146\" data-element_type=\"widget\" data-e-type=\"widget\" data-settings=\"{&quot;_animation&quot;:&quot;fadeIn&quot;}\" data-widget_type=\"udesign_widget_menu.default\">\n\t\t\t\t<div class=\"elementor-widget-container\">\n\t\t\t\t\t<nav class=\" obra-nova-menu\"><ul id=\"menu-obra-nova-menu-english\" class=\"menu  vertical-menu lazy-menu menu-active-underline\"><li id=\"menu-item-6416\" class=\"menu-item menu-item-type-post_type menu-item-object-page menu-item-6416\"><a rel=\"nofollow\" href=\"https:\/\/impera.cat\/en\/new-build\/formation-of-slopes-with-aerated-concrete\/\">Formation of slopes with aerated concrete<\/a><\/li>\n<li id=\"menu-item-6417\" class=\"menu-item menu-item-type-post_type menu-item-object-page menu-item-6417\"><a rel=\"nofollow\" href=\"https:\/\/impera.cat\/en\/new-build\/asphalt-sheet-waterproofing\/\">Asphalt sheet waterproofing<\/a><\/li>\n<li id=\"menu-item-6418\" class=\"menu-item menu-item-type-post_type menu-item-object-page menu-item-6418\"><a rel=\"nofollow\" href=\"https:\/\/impera.cat\/en\/new-build\/synthetic-sheet-waterproofing\/\">Synthetic sheet waterproofing<\/a><\/li>\n<li id=\"menu-item-6419\" class=\"menu-item menu-item-type-post_type menu-item-object-page menu-item-6419\"><a rel=\"nofollow\" href=\"https:\/\/impera.cat\/en\/new-build\/continuous-waterproofing\/\">Continuous waterproofing<\/a><\/li>\n<li id=\"menu-item-6436\" class=\"menu-item menu-item-type-post_type menu-item-object-page menu-item-6436\"><a rel=\"nofollow\" href=\"https:\/\/impera.cat\/en\/new-build\/geotextiles-and-separating-layers\/\">Geotextiles and separating layers<\/a><\/li>\n<li id=\"menu-item-6437\" class=\"menu-item menu-item-type-post_type menu-item-object-page menu-item-6437\"><a rel=\"nofollow\" href=\"https:\/\/impera.cat\/en\/new-build\/roof-finishes-engravings-tile-landscaped\/\">Roof finishes (engravings, tile, landscaped)<\/a><\/li>\n<li id=\"menu-item-6438\" class=\"menu-item menu-item-type-post_type menu-item-object-page menu-item-6438\"><a rel=\"nofollow\" href=\"https:\/\/impera.cat\/en\/new-build\/thermal-insulation\/\">Thermal insulation<\/a><\/li>\n<li id=\"menu-item-6439\" class=\"menu-item menu-item-type-post_type menu-item-object-page menu-item-6439\"><a rel=\"nofollow\" href=\"https:\/\/impera.cat\/en\/new-build\/tightness-tests\/\">Tightness tests<\/a><\/li>\n<\/ul><\/nav>\t\t\t\t<\/div>\n\t\t\t\t<\/div>\n\t\t\t\t\t\t<\/div>\r\n\t\t\t\t<\/div>\r\n\t\t\t\t\t\t\t\t\t<div class=\" elementor-column elementor-col-66 elementor-top-column elementor-element elementor-element-b39eec1 \" data-id=\"b39eec1\" data-element_type=\"column\" data-e-type=\"column\">\r\n\r\n\t\t\t\t\r\n\t\t\t\t<div class=\"elementor-widget-wrap elementor-element-populated\">\r\n\t\t\t\t\t\t\t\t\t\t\r\n\t\t\t\t\t\t<div class=\"elementor-element elementor-element-86b2568 elementor-widget elementor-widget-heading\" data-id=\"86b2568\" data-element_type=\"widget\" data-e-type=\"widget\" data-widget_type=\"heading.default\">\n\t\t\t\t<div class=\"elementor-widget-container\">\n\t\t\t\t\t<h2 class=\"elementor-heading-title elementor-size-default\">Geotextiles and separating layers\n<\/h2>\t\t\t\t<\/div>\n\t\t\t\t<\/div>\n\t\t\t\t\t\t<\/div>\r\n\t\t\t\t<\/div>\r\n\t\t\t\t\t\t\t\t<\/div>\r\n\t\t\t<\/section>\r\n\t\t\t\t\t<\/div>\n\t\t","protected":false},"excerpt":{"rendered":"<p>Formaci\u00f3 de pendents amb formig\u00f3 cel\u2022lular Impermeabilitzacions amb l\u00e0mina asf\u00e0ltica Impermeabilitzacions amb l\u00e0mina sint\u00e8tica Impermeabilitzacions continues Geot\u00e8xtils i capes separadores Acabats de coberta (graves, rajola, enjardinada) A\u00efllaments t\u00e8rmics Proves d\u2019estanque\u00eftat Geotextiles and separating layers<\/p>\n","protected":false},"author":1,"featured_media":0,"parent":5940,"menu_order":50,"comment_status":"closed","ping_status":"closed","template":"","meta":{"_acf_changed":false,"footnotes":""},"class_list":["post-5998","page","type-page","status-publish","hentry"],"acf":[],"yoast_head":"<!-- This site is optimized with the Yoast SEO plugin v27.3 - https:\/\/yoast.com\/product\/yoast-seo-wordpress\/ -->\n<title>Geotextiles and separating layers - IMPERA - Impermeabilitzacions i a\u00efllaments d&#039;obra nova, Rehabilitacions<\/title>\n<meta name=\"robots\" content=\"index, follow, max-snippet:-1, max-image-preview:large, max-video-preview:-1\" \/>\n<link rel=\"canonical\" href=\"https:\/\/impera.cat\/en\/new-build\/geotextiles-and-separating-layers\/\" \/>\n<meta property=\"og:locale\" content=\"en_US\" \/>\n<meta property=\"og:type\" content=\"article\" \/>\n<meta property=\"og:title\" content=\"Geotextiles and separating layers - IMPERA - Impermeabilitzacions i a\u00efllaments d&#039;obra nova, Rehabilitacions\" \/>\n<meta property=\"og:description\" content=\"Formaci\u00f3 de pendents amb formig\u00f3 cel\u2022lular Impermeabilitzacions amb l\u00e0mina asf\u00e0ltica Impermeabilitzacions amb l\u00e0mina sint\u00e8tica Impermeabilitzacions continues Geot\u00e8xtils i capes separadores Acabats de coberta (graves, rajola, enjardinada) A\u00efllaments t\u00e8rmics Proves d\u2019estanque\u00eftat Geotextiles and separating layers\" \/>\n<meta property=\"og:url\" content=\"https:\/\/impera.cat\/en\/new-build\/geotextiles-and-separating-layers\/\" \/>\n<meta property=\"og:site_name\" content=\"IMPERA - Impermeabilitzacions i a\u00efllaments d&#039;obra nova, Rehabilitacions\" \/>\n<meta property=\"article:publisher\" content=\"https:\/\/www.facebook.com\/profile.php?id=100063922969722\" \/>\n<meta name=\"twitter:card\" content=\"summary_large_image\" \/>\n<meta name=\"twitter:site\" content=\"@impera_cat\" \/>\n<script type=\"application\/ld+json\" class=\"yoast-schema-graph\">{\"@context\":\"https:\\\/\\\/schema.org\",\"@graph\":[{\"@type\":\"WebPage\",\"@id\":\"https:\\\/\\\/impera.cat\\\/en\\\/new-build\\\/geotextiles-and-separating-layers\\\/\",\"url\":\"https:\\\/\\\/impera.cat\\\/en\\\/new-build\\\/geotextiles-and-separating-layers\\\/\",\"name\":\"Geotextiles and separating layers - IMPERA - Impermeabilitzacions i a\u00efllaments d&#039;obra nova, Rehabilitacions\",\"isPartOf\":{\"@id\":\"https:\\\/\\\/impera.cat\\\/en\\\/#website\"},\"datePublished\":\"2025-05-16T13:31:05+00:00\",\"breadcrumb\":{\"@id\":\"https:\\\/\\\/impera.cat\\\/en\\\/new-build\\\/geotextiles-and-separating-layers\\\/#breadcrumb\"},\"inLanguage\":\"en-US\",\"potentialAction\":[{\"@type\":\"ReadAction\",\"target\":[\"https:\\\/\\\/impera.cat\\\/en\\\/new-build\\\/geotextiles-and-separating-layers\\\/\"]}]},{\"@type\":\"BreadcrumbList\",\"@id\":\"https:\\\/\\\/impera.cat\\\/en\\\/new-build\\\/geotextiles-and-separating-layers\\\/#breadcrumb\",\"itemListElement\":[{\"@type\":\"ListItem\",\"position\":1,\"name\":\"Inici\",\"item\":\"https:\\\/\\\/impera.cat\\\/en\\\/\"},{\"@type\":\"ListItem\",\"position\":2,\"name\":\"New build\",\"item\":\"https:\\\/\\\/impera.cat\\\/en\\\/obra-nova\\\/\"},{\"@type\":\"ListItem\",\"position\":3,\"name\":\"Geotextiles and separating layers\"}]},{\"@type\":\"WebSite\",\"@id\":\"https:\\\/\\\/impera.cat\\\/en\\\/#website\",\"url\":\"https:\\\/\\\/impera.cat\\\/en\\\/\",\"name\":\"IMPERA - Impermeabilitzacions i a\u00efllaments d'obra nova, Rehabilitacions\",\"description\":\"Impermeabilitzacions i a\u00efllaments d&#039;obra nova, Rehabilitacions\",\"publisher\":{\"@id\":\"https:\\\/\\\/impera.cat\\\/en\\\/#organization\"},\"potentialAction\":[{\"@type\":\"SearchAction\",\"target\":{\"@type\":\"EntryPoint\",\"urlTemplate\":\"https:\\\/\\\/impera.cat\\\/en\\\/?s={search_term_string}\"},\"query-input\":{\"@type\":\"PropertyValueSpecification\",\"valueRequired\":true,\"valueName\":\"search_term_string\"}}],\"inLanguage\":\"en-US\"},{\"@type\":\"Organization\",\"@id\":\"https:\\\/\\\/impera.cat\\\/en\\\/#organization\",\"name\":\"IMPERA - Impermeabilitzacions i a\u00efllaments d'obra nova, Rehabilitacions\",\"url\":\"https:\\\/\\\/impera.cat\\\/en\\\/\",\"logo\":{\"@type\":\"ImageObject\",\"inLanguage\":\"en-US\",\"@id\":\"https:\\\/\\\/impera.cat\\\/en\\\/#\\\/schema\\\/logo\\\/image\\\/\",\"url\":\"https:\\\/\\\/impera.cat\\\/wp-content\\\/uploads\\\/2021\\\/10\\\/cropped-IMPERA-LOGO1-260x108-1.png\",\"contentUrl\":\"https:\\\/\\\/impera.cat\\\/wp-content\\\/uploads\\\/2021\\\/10\\\/cropped-IMPERA-LOGO1-260x108-1.png\",\"width\":260,\"height\":108,\"caption\":\"IMPERA - Impermeabilitzacions i a\u00efllaments d'obra nova, Rehabilitacions\"},\"image\":{\"@id\":\"https:\\\/\\\/impera.cat\\\/en\\\/#\\\/schema\\\/logo\\\/image\\\/\"},\"sameAs\":[\"https:\\\/\\\/www.facebook.com\\\/profile.php?id=100063922969722\",\"https:\\\/\\\/x.com\\\/impera_cat\",\"https:\\\/\\\/www.instagram.com\\\/impera.cat\\\/\",\"https:\\\/\\\/www.linkedin.com\\\/company\\\/impera-cat\\\/\"]}]}<\/script>\n<!-- \/ Yoast SEO plugin. -->","yoast_head_json":{"title":"Geotextiles and separating layers - IMPERA - Impermeabilitzacions i a\u00efllaments d&#039;obra nova, Rehabilitacions","robots":{"index":"index","follow":"follow","max-snippet":"max-snippet:-1","max-image-preview":"max-image-preview:large","max-video-preview":"max-video-preview:-1"},"canonical":"https:\/\/impera.cat\/en\/new-build\/geotextiles-and-separating-layers\/","og_locale":"en_US","og_type":"article","og_title":"Geotextiles and separating layers - IMPERA - Impermeabilitzacions i a\u00efllaments d&#039;obra nova, Rehabilitacions","og_description":"Formaci\u00f3 de pendents amb formig\u00f3 cel\u2022lular Impermeabilitzacions amb l\u00e0mina asf\u00e0ltica Impermeabilitzacions amb l\u00e0mina sint\u00e8tica Impermeabilitzacions continues Geot\u00e8xtils i capes separadores Acabats de coberta (graves, rajola, enjardinada) A\u00efllaments t\u00e8rmics Proves d\u2019estanque\u00eftat Geotextiles and separating layers","og_url":"https:\/\/impera.cat\/en\/new-build\/geotextiles-and-separating-layers\/","og_site_name":"IMPERA - Impermeabilitzacions i a\u00efllaments d&#039;obra nova, Rehabilitacions","article_publisher":"https:\/\/www.facebook.com\/profile.php?id=100063922969722","twitter_card":"summary_large_image","twitter_site":"@impera_cat","schema":{"@context":"https:\/\/schema.org","@graph":[{"@type":"WebPage","@id":"https:\/\/impera.cat\/en\/new-build\/geotextiles-and-separating-layers\/","url":"https:\/\/impera.cat\/en\/new-build\/geotextiles-and-separating-layers\/","name":"Geotextiles and separating layers - IMPERA - Impermeabilitzacions i a\u00efllaments d&#039;obra nova, Rehabilitacions","isPartOf":{"@id":"https:\/\/impera.cat\/en\/#website"},"datePublished":"2025-05-16T13:31:05+00:00","breadcrumb":{"@id":"https:\/\/impera.cat\/en\/new-build\/geotextiles-and-separating-layers\/#breadcrumb"},"inLanguage":"en-US","potentialAction":[{"@type":"ReadAction","target":["https:\/\/impera.cat\/en\/new-build\/geotextiles-and-separating-layers\/"]}]},{"@type":"BreadcrumbList","@id":"https:\/\/impera.cat\/en\/new-build\/geotextiles-and-separating-layers\/#breadcrumb","itemListElement":[{"@type":"ListItem","position":1,"name":"Inici","item":"https:\/\/impera.cat\/en\/"},{"@type":"ListItem","position":2,"name":"New build","item":"https:\/\/impera.cat\/en\/obra-nova\/"},{"@type":"ListItem","position":3,"name":"Geotextiles and separating layers"}]},{"@type":"WebSite","@id":"https:\/\/impera.cat\/en\/#website","url":"https:\/\/impera.cat\/en\/","name":"IMPERA - Impermeabilitzacions i a\u00efllaments d'obra nova, Rehabilitacions","description":"Impermeabilitzacions i a\u00efllaments d&#039;obra nova, Rehabilitacions","publisher":{"@id":"https:\/\/impera.cat\/en\/#organization"},"potentialAction":[{"@type":"SearchAction","target":{"@type":"EntryPoint","urlTemplate":"https:\/\/impera.cat\/en\/?s={search_term_string}"},"query-input":{"@type":"PropertyValueSpecification","valueRequired":true,"valueName":"search_term_string"}}],"inLanguage":"en-US"},{"@type":"Organization","@id":"https:\/\/impera.cat\/en\/#organization","name":"IMPERA - Impermeabilitzacions i a\u00efllaments d'obra nova, Rehabilitacions","url":"https:\/\/impera.cat\/en\/","logo":{"@type":"ImageObject","inLanguage":"en-US","@id":"https:\/\/impera.cat\/en\/#\/schema\/logo\/image\/","url":"https:\/\/impera.cat\/wp-content\/uploads\/2021\/10\/cropped-IMPERA-LOGO1-260x108-1.png","contentUrl":"https:\/\/impera.cat\/wp-content\/uploads\/2021\/10\/cropped-IMPERA-LOGO1-260x108-1.png","width":260,"height":108,"caption":"IMPERA - Impermeabilitzacions i a\u00efllaments d'obra nova, Rehabilitacions"},"image":{"@id":"https:\/\/impera.cat\/en\/#\/schema\/logo\/image\/"},"sameAs":["https:\/\/www.facebook.com\/profile.php?id=100063922969722","https:\/\/x.com\/impera_cat","https:\/\/www.instagram.com\/impera.cat\/","https:\/\/www.linkedin.com\/company\/impera-cat\/"]}]}},"_links":{"self":[{"href":"https:\/\/impera.cat\/en\/wp-json\/wp\/v2\/pages\/5998","targetHints":{"allow":["GET"]}}],"collection":[{"href":"https:\/\/impera.cat\/en\/wp-json\/wp\/v2\/pages"}],"about":[{"href":"https:\/\/impera.cat\/en\/wp-json\/wp\/v2\/types\/page"}],"author":[{"embeddable":true,"href":"https:\/\/impera.cat\/en\/wp-json\/wp\/v2\/users\/1"}],"replies":[{"embeddable":true,"href":"https:\/\/impera.cat\/en\/wp-json\/wp\/v2\/comments?post=5998"}],"version-history":[{"count":1,"href":"https:\/\/impera.cat\/en\/wp-json\/wp\/v2\/pages\/5998\/revisions"}],"predecessor-version":[{"id":5999,"href":"https:\/\/impera.cat\/en\/wp-json\/wp\/v2\/pages\/5998\/revisions\/5999"}],"up":[{"embeddable":true,"href":"https:\/\/impera.cat\/en\/wp-json\/wp\/v2\/pages\/5940"}],"wp:attachment":[{"href":"https:\/\/impera.cat\/en\/wp-json\/wp\/v2\/media?parent=5998"}],"curies":[{"name":"wp","href":"https:\/\/api.w.org\/{rel}","templated":true}]}}